{"id":5894,"date":"2022-02-23T11:43:25","date_gmt":"2022-02-23T11:43:25","guid":{"rendered":"https:\/\/mundo.seashell.pt\/?post_type=product&#038;p=5894"},"modified":"2022-02-23T11:43:29","modified_gmt":"2022-02-23T11:43:29","slug":"wash-plus-ecolabel-5kg-loica-manual","status":"publish","type":"product","link":"https:\/\/mundo.seashell.pt\/?product=wash-plus-ecolabel-5kg-loica-manual","title":{"rendered":"Detergente Wash Plus Ecolabel 5Kg &#8211; Loi\u00e7a Manual"},"content":{"rendered":"<h2>Detergente natural para a limpeza manual de loi\u00e7a<\/h2>\n<ul>\n<li>Efic\u00e1cia vs l\u00edderes de mercado testada em laborat\u00f3rio certificado ISO 17025<\/li>\n<li>Produto com mat\u00e9rias-primas de origem vegetal e completamente biodegrad\u00e1vel*<\/li>\n<li>Eficaz contra a gordura<\/li>\n<\/ul>\n<h4><\/h4>\n<h4>Descri\u00e7\u00e3o<\/h4>\n<p>Detergente natural para a lavagem manual de loi\u00e7a. Indicado para desengordurar. Gra\u00e7as \u00e0 sua formula\u00e7\u00e3o, o produto atua com baixa espuma. Cont\u00e9m mat\u00e9rias- primas de origem vegetal (ex. tensioativos) derivados do processamento de milho, batatas e \u00f3leo de coco. Incolor e sem perfume. Sem fosfatos, sem n\u00edquel (inferior a 0,01 ppm).<\/p>\n<h4><\/h4>\n<h4>Dilui\u00e7\u00e3o<\/h4>\n<p>Em 5 L de \u00e1gua em fun\u00e7\u00e3o da sujidade: 7 &#8211; 9 ml \u00c1guas brandas (0-15\u00b0 F); 9 &#8211; 11 ml \u00c1guas dureza m\u00e9dia (15-25\u00b0 F); 11 &#8211; 13 ml \u00c1guas duras (&gt; 25\u00b0 F).<\/p>\n<h4><\/h4>\n<h4>Como usar<\/h4>\n<p>Para lavar a loi\u00e7a da maneira mais eficiente, poupando \u00e1gua e energia e para proteger o ambiente, aconselha-se n\u00e3o usar \u00e1gua corrente; mergulhar a loi\u00e7a em \u00e1gua e usar o produto de acordo com a dose recomendada.<\/p>\n","protected":false},"excerpt":{"rendered":"<p>Detergente natural para a lavagem manual de loi\u00e7a.<\/p>\n","protected":false},"featured_media":5895,"template":"","meta":{"spay_email":""},"product_cat":[15],"product_tag":[],"class_list":{"0":"post-5894","1":"product","2":"type-product","3":"status-publish","4":"has-post-thumbnail","6":"product_cat-sem-categoria","8":"first","9":"instock","10":"taxable","11":"shipping-taxable","12":"purchasable","13":"product-type-simple"},"acf":[],"jetpack-related-posts":[{"id":6093,"url":"https:\/\/mundo.seashell.pt\/?product=descaler-plus-1lt-loica-automatica","url_meta":{"origin":5894,"position":0},"title":"Detergente Desincrustante Descaler Plus 1Lt","date":"Fevereiro 23, 2022","format":false,"excerpt":"Detergente desincrustante \u00e0 base de \u00e1cidos org\u00e2nicos de origem natural","rel":"","context":"Similar post","img":{"alt_text":"","src":"https:\/\/i0.wp.com\/mundo.seashell.pt\/wp-content\/uploads\/2022\/02\/descaler_plus.jpg?resize=350%2C200&ssl=1","width":350,"height":200},"classes":[]},{"id":5892,"url":"https:\/\/mundo.seashell.pt\/?product=wash-plus-san-5kg-loica-manual","url_meta":{"origin":5894,"position":1},"title":"Detergente Wash Plus San 5Kg &#8211; Loi\u00e7a Manual","date":"Fevereiro 23, 2022","format":false,"excerpt":"Detergente concentrado higienizante de espuma elevada formulado com mat\u00e9rias-primas selecionadas para uma a\u00e7\u00e3o desengordurante eficaz.","rel":"","context":"Similar post","img":{"alt_text":"","src":"https:\/\/i0.wp.com\/mundo.seashell.pt\/wp-content\/uploads\/2022\/02\/wash_plus_san.jpg?resize=350%2C200&ssl=1","width":350,"height":200},"classes":[]},{"id":5890,"url":"https:\/\/mundo.seashell.pt\/?product=wash-1lt-loica-manual","url_meta":{"origin":5894,"position":2},"title":"Detergente Wash &#8211; Loi\u00e7a Manual","date":"Fevereiro 23, 2022","format":false,"excerpt":"Detergente neutro para a lavagem manual da loi\u00e7a com elevado poder de limpeza, com perfume c\u00edtrico para um efeito anti-cheiro.","rel":"","context":"Similar post","img":{"alt_text":"","src":"https:\/\/i0.wp.com\/mundo.seashell.pt\/wp-content\/uploads\/2022\/02\/cristal_wash.jpg?resize=350%2C200&ssl=1","width":350,"height":200},"classes":[]},{"id":5886,"url":"https:\/\/mundo.seashell.pt\/?product=cristal-bar-750ml-loica-automatica","url_meta":{"origin":5894,"position":3},"title":"Detergente Cristal Bar &#8211; Loi\u00e7a Autom\u00e1tica","date":"Fevereiro 23, 2022","format":false,"excerpt":"Detergente alcalino de elevada concentra\u00e7\u00e3o para pequenas m\u00e1quinas de lavar loi\u00e7a, com MGDA para um melhor desempenho e menor impacto ambiental. Concebido para a lavagem autom\u00e1tica da loi\u00e7a.","rel":"","context":"Similar post","img":{"alt_text":"","src":"https:\/\/i0.wp.com\/mundo.seashell.pt\/wp-content\/uploads\/2022\/02\/cristal_bar.jpg?resize=350%2C200&ssl=1","width":350,"height":200},"classes":[]},{"id":5888,"url":"https:\/\/mundo.seashell.pt\/?product=bar-hygiene-5kg-loica-automatica","url_meta":{"origin":5894,"position":4},"title":"Detergente Bar Hygiene &#8211; Loi\u00e7a Autom\u00e1tica","date":"Fevereiro 23, 2022","format":false,"excerpt":"Detergente alcalino com cloro activo, espec\u00edfico para a lavagem mec\u00e2nica da loi\u00e7a.","rel":"","context":"Similar post","img":{"alt_text":"","src":"https:\/\/i0.wp.com\/mundo.seashell.pt\/wp-content\/uploads\/2022\/02\/bar_hygiene.jpg?resize=350%2C200&ssl=1","width":350,"height":200},"classes":[]},{"id":5880,"url":"https:\/\/mundo.seashell.pt\/?product=super-plus-6kg-loica-automatica","url_meta":{"origin":5894,"position":5},"title":"Detergente Super Plus &#8211; Loi\u00e7a Autom\u00e1tica","date":"Fevereiro 23, 2022","format":false,"excerpt":"Detergente alcalino de elevada concentra\u00e7\u00e3o e poder sequestrante com MGDA para um melhor desempenho e menor impacto ambiental. Concebido para a lavagem autom\u00e1tica da loi\u00e7a.","rel":"","context":"Similar post","img":{"alt_text":"","src":"https:\/\/i0.wp.com\/mundo.seashell.pt\/wp-content\/uploads\/2022\/02\/super_plus.jpg?resize=350%2C200&ssl=1","width":350,"height":200},"classes":[]}],"_links":{"self":[{"href":"https:\/\/mundo.seashell.pt\/index.php?rest_route=\/wp\/v2\/product\/5894","targetHints":{"allow":["GET"]}}],"collection":[{"href":"https:\/\/mundo.seashell.pt\/index.php?rest_route=\/wp\/v2\/product"}],"about":[{"href":"https:\/\/mundo.seashell.pt\/index.php?rest_route=\/wp\/v2\/types\/product"}],"wp:featuredmedia":[{"embeddable":true,"href":"https:\/\/mundo.seashell.pt\/index.php?rest_route=\/wp\/v2\/media\/5895"}],"wp:attachment":[{"href":"https:\/\/mundo.seashell.pt\/index.php?rest_route=%2Fwp%2Fv2%2Fmedia&parent=5894"}],"wp:term":[{"taxonomy":"product_cat","embeddable":true,"href":"https:\/\/mundo.seashell.pt\/index.php?rest_route=%2Fwp%2Fv2%2Fproduct_cat&post=5894"},{"taxonomy":"product_tag","embeddable":true,"href":"https:\/\/mundo.seashell.pt\/index.php?rest_route=%2Fwp%2Fv2%2Fproduct_tag&post=5894"}],"curies":[{"name":"wp","href":"https:\/\/api.w.org\/{rel}","templated":true}]}}