{"id":5892,"date":"2022-02-23T11:43:18","date_gmt":"2022-02-23T11:43:18","guid":{"rendered":"https:\/\/mundo.seashell.pt\/?post_type=product&#038;p=5892"},"modified":"2022-02-23T11:43:20","modified_gmt":"2022-02-23T11:43:20","slug":"wash-plus-san-5kg-loica-manual","status":"publish","type":"product","link":"https:\/\/mundo.seashell.pt\/?product=wash-plus-san-5kg-loica-manual","title":{"rendered":"Detergente Wash Plus San 5Kg &#8211; Loi\u00e7a Manual"},"content":{"rendered":"<h2>Detergente concentrado higienizante para a lavagem manual de loi\u00e7a<\/h2>\n<ul>\n<li>A\u00e7\u00e3o desengordurante e higienizante<\/li>\n<li>Com mol\u00e9cula anti-odor<\/li>\n<li>Delicado perfume c\u00edtrico<\/li>\n<\/ul>\n<h4><\/h4>\n<h4>Descri\u00e7\u00e3o<\/h4>\n<p>Detergente concentrado higienizante de espuma elevada formulado com mat\u00e9rias-primas selecionadas para uma a\u00e7\u00e3o desengordurante eficaz. Sua f\u00f3rmula inovadora cont\u00e9m \u00e1cido l\u00e1tico para garantir uma a\u00e7\u00e3o higienizante e uma mol\u00e9cula anti-odor capaz de neutralizar odores desagrad\u00e1veis. Especialmente adequado para a lavagem de loi\u00e7a, copos, talheres, tachos, utensilios, bancadas de trabalho nas cozinhas, cantinas e ind\u00fastria alimentar.<\/p>\n<h4><\/h4>\n<h4>Dilui\u00e7\u00e3o<\/h4>\n<p>Dose aconselhada para 10 litros de \u00e1gua:<\/p>\n<ul>\n<li>\u00c1guas macias (0-15\u00b0 F): 20g.<\/li>\n<li>\u00c1guas m\u00e9dias (15-25\u00b0 F): 30g.<\/li>\n<li>\u00c1guas duras (&gt; 25\u00b0 F): 40g.<\/li>\n<\/ul>\n<h4><\/h4>\n<h4>Como usar<\/h4>\n<p>Dilua o produto na \u00e1gua de lavagem. Em caso de sujidade persistente, deixe a loi\u00e7a na solu\u00e7\u00e3o e esfregue se necess\u00e1rio. Enxag\u00fae com \u00e1gua corrente.<\/p>\n","protected":false},"excerpt":{"rendered":"<p>Detergente concentrado higienizante de espuma elevada formulado com mat\u00e9rias-primas selecionadas para uma a\u00e7\u00e3o desengordurante eficaz.<\/p>\n","protected":false},"featured_media":5893,"template":"","meta":{"spay_email":""},"product_cat":[15],"product_tag":[],"class_list":{"0":"post-5892","1":"product","2":"type-product","3":"status-publish","4":"has-post-thumbnail","6":"product_cat-sem-categoria","8":"first","9":"instock","10":"taxable","11":"shipping-taxable","12":"purchasable","13":"product-type-simple"},"acf":[],"jetpack-related-posts":[{"id":5890,"url":"https:\/\/mundo.seashell.pt\/?product=wash-1lt-loica-manual","url_meta":{"origin":5892,"position":0},"title":"Detergente Wash &#8211; Loi\u00e7a Manual","date":"Fevereiro 23, 2022","format":false,"excerpt":"Detergente neutro para a lavagem manual da loi\u00e7a com elevado poder de limpeza, com perfume c\u00edtrico para um efeito anti-cheiro.","rel":"","context":"Similar post","img":{"alt_text":"","src":"https:\/\/i0.wp.com\/mundo.seashell.pt\/wp-content\/uploads\/2022\/02\/cristal_wash.jpg?resize=350%2C200&ssl=1","width":350,"height":200},"classes":[]},{"id":5888,"url":"https:\/\/mundo.seashell.pt\/?product=bar-hygiene-5kg-loica-automatica","url_meta":{"origin":5892,"position":1},"title":"Detergente Bar Hygiene &#8211; Loi\u00e7a Autom\u00e1tica","date":"Fevereiro 23, 2022","format":false,"excerpt":"Detergente alcalino com cloro activo, espec\u00edfico para a lavagem mec\u00e2nica da loi\u00e7a.","rel":"","context":"Similar post","img":{"alt_text":"","src":"https:\/\/i0.wp.com\/mundo.seashell.pt\/wp-content\/uploads\/2022\/02\/bar_hygiene.jpg?resize=350%2C200&ssl=1","width":350,"height":200},"classes":[]},{"id":5864,"url":"https:\/\/mundo.seashell.pt\/?product=solim-loica-higiene-5l-loica-manual","url_meta":{"origin":5892,"position":2},"title":"Solim Loi\u00e7a Higiene 5L &#8211; Loi\u00e7a Manual","date":"Fevereiro 23, 2022","format":false,"excerpt":"Detergente l\u00edquido higienizante para lavagem manual de loi\u00e7a.","rel":"","context":"Similar post","img":{"alt_text":"","src":"https:\/\/i0.wp.com\/mundo.seashell.pt\/wp-content\/uploads\/2022\/02\/SOLIM_LOIC_A_HIGIENIZANTE_PhotoRoom_20210402_103557.jpg?resize=350%2C200&ssl=1","width":350,"height":200},"classes":[]},{"id":5882,"url":"https:\/\/mundo.seashell.pt\/?product=universal-plus-6kg-loica-automatica","url_meta":{"origin":5892,"position":3},"title":"Detergente Universal Plus &#8211; Loi\u00e7a Autom\u00e1tica","date":"Fevereiro 23, 2022","format":false,"excerpt":"Detergente alcalino em concentra\u00e7\u00e3o elevada exclusivamente concebido para a lavagem autom\u00e1tica da lou\u00e7a. Todos os tipos de \u00e1gua.","rel":"","context":"Similar post","img":{"alt_text":"","src":"https:\/\/i0.wp.com\/mundo.seashell.pt\/wp-content\/uploads\/2022\/02\/universal_plus.jpg?resize=350%2C200&ssl=1","width":350,"height":200},"classes":[]},{"id":5880,"url":"https:\/\/mundo.seashell.pt\/?product=super-plus-6kg-loica-automatica","url_meta":{"origin":5892,"position":4},"title":"Detergente Super Plus &#8211; Loi\u00e7a Autom\u00e1tica","date":"Fevereiro 23, 2022","format":false,"excerpt":"Detergente alcalino de elevada concentra\u00e7\u00e3o e poder sequestrante com MGDA para um melhor desempenho e menor impacto ambiental. Concebido para a lavagem autom\u00e1tica da loi\u00e7a.","rel":"","context":"Similar post","img":{"alt_text":"","src":"https:\/\/i0.wp.com\/mundo.seashell.pt\/wp-content\/uploads\/2022\/02\/super_plus.jpg?resize=350%2C200&ssl=1","width":350,"height":200},"classes":[]},{"id":5894,"url":"https:\/\/mundo.seashell.pt\/?product=wash-plus-ecolabel-5kg-loica-manual","url_meta":{"origin":5892,"position":5},"title":"Detergente Wash Plus Ecolabel 5Kg &#8211; Loi\u00e7a Manual","date":"Fevereiro 23, 2022","format":false,"excerpt":"Detergente natural para a lavagem manual de loi\u00e7a.","rel":"","context":"Similar post","img":{"alt_text":"","src":"https:\/\/i0.wp.com\/mundo.seashell.pt\/wp-content\/uploads\/2022\/02\/wash_plus.jpg?resize=350%2C200&ssl=1","width":350,"height":200},"classes":[]}],"_links":{"self":[{"href":"https:\/\/mundo.seashell.pt\/index.php?rest_route=\/wp\/v2\/product\/5892","targetHints":{"allow":["GET"]}}],"collection":[{"href":"https:\/\/mundo.seashell.pt\/index.php?rest_route=\/wp\/v2\/product"}],"about":[{"href":"https:\/\/mundo.seashell.pt\/index.php?rest_route=\/wp\/v2\/types\/product"}],"wp:featuredmedia":[{"embeddable":true,"href":"https:\/\/mundo.seashell.pt\/index.php?rest_route=\/wp\/v2\/media\/5893"}],"wp:attachment":[{"href":"https:\/\/mundo.seashell.pt\/index.php?rest_route=%2Fwp%2Fv2%2Fmedia&parent=5892"}],"wp:term":[{"taxonomy":"product_cat","embeddable":true,"href":"https:\/\/mundo.seashell.pt\/index.php?rest_route=%2Fwp%2Fv2%2Fproduct_cat&post=5892"},{"taxonomy":"product_tag","embeddable":true,"href":"https:\/\/mundo.seashell.pt\/index.php?rest_route=%2Fwp%2Fv2%2Fproduct_tag&post=5892"}],"curies":[{"name":"wp","href":"https:\/\/api.w.org\/{rel}","templated":true}]}}