{"id":5886,"date":"2022-02-23T11:43:05","date_gmt":"2022-02-23T11:43:05","guid":{"rendered":"https:\/\/mundo.seashell.pt\/?post_type=product&#038;p=5886"},"modified":"2022-02-23T11:43:10","modified_gmt":"2022-02-23T11:43:10","slug":"cristal-bar-750ml-loica-automatica","status":"publish","type":"product","link":"https:\/\/mundo.seashell.pt\/?product=cristal-bar-750ml-loica-automatica","title":{"rendered":"Detergente Cristal Bar &#8211; Loi\u00e7a Autom\u00e1tica"},"content":{"rendered":"<h2>Detergente Abrilhantador para Lavagem Mec\u00e2nica de Loi\u00e7a<\/h2>\n<ul>\n<li>N\u00e3o c\u00e1ustico e n\u00e3o produz espuma<\/li>\n<li>Efeito abrilhantador.&nbsp;<\/li>\n<li>\u00d3timo para copos e ch\u00e1venas<\/li>\n<li>Ideal para fornos com auto-limpeza<\/li>\n<\/ul>\n<h4><\/h4>\n<h4>Descri\u00e7\u00e3o<\/h4>\n<p>Detergente alcalino de elevada concentra\u00e7\u00e3o para pequenas m\u00e1quinas de lavar loi\u00e7a, com MGDA para um melhor desempenho e menor impacto ambiental. Exclusivamente concebido para a lavagem autom\u00e1tica da loi\u00e7a. \u00c9 particularmente eficaz contra qualquer tipo de manchas com um \u00f3timo efeito abrilhantador. N\u00e3o cont\u00e9m subst\u00e2ncias c\u00e1usticas.<\/p>\n<h4><\/h4>\n<h4>Dilui\u00e7\u00e3o<\/h4>\n<p>Formato 750 ml: um medidor de produto (30 ml para 10 L de \u00e1gua) para cada 3 &#8211; 4 lavagens.<br \/>Formato 5 Kg: \u00c1guas macias (0-15\u00b0 F): 3 g\/L. \u00c1guas m\u00e9dias (15-25\u00b0 F): 6 g\/L. \u00c1guas duras (&gt; 25\u00b0 F): 9 g\/L.<\/p>\n<h4><\/h4>\n<h4>Como usar<\/h4>\n<p>Formato 750 ml: gra\u00e7as ao frasco doseador, \u00e9 poss\u00edvel diluir o produto diretamente no banho de lavagem.&nbsp;<\/p>\n<p>Formato 5 kg: para uma limpeza mais eficaz \u00e9 recomendado o uso de sistemas de dosagem autom\u00e1ticos Sutter Tech.<\/p>\n","protected":false},"excerpt":{"rendered":"<p>Detergente alcalino de elevada concentra\u00e7\u00e3o para pequenas m\u00e1quinas de lavar loi\u00e7a, com MGDA para um melhor desempenho e menor impacto ambiental. Concebido para a lavagem autom\u00e1tica da loi\u00e7a.<\/p>\n","protected":false},"featured_media":5887,"template":"","meta":{"spay_email":""},"product_cat":[15],"product_tag":[],"class_list":{"0":"post-5886","1":"product","2":"type-product","3":"status-publish","4":"has-post-thumbnail","6":"product_cat-sem-categoria","8":"first","9":"instock","10":"taxable","11":"shipping-taxable","12":"purchasable","13":"product-type-simple"},"acf":[],"jetpack-related-posts":[{"id":5888,"url":"https:\/\/mundo.seashell.pt\/?product=bar-hygiene-5kg-loica-automatica","url_meta":{"origin":5886,"position":0},"title":"Detergente Bar Hygiene &#8211; Loi\u00e7a Autom\u00e1tica","date":"Fevereiro 23, 2022","format":false,"excerpt":"Detergente alcalino com cloro activo, espec\u00edfico para a lavagem mec\u00e2nica da loi\u00e7a.","rel":"","context":"Similar post","img":{"alt_text":"","src":"https:\/\/i0.wp.com\/mundo.seashell.pt\/wp-content\/uploads\/2022\/02\/bar_hygiene.jpg?resize=350%2C200&ssl=1","width":350,"height":200},"classes":[]},{"id":5876,"url":"https:\/\/mundo.seashell.pt\/?product=det-10lt-loica-automatica","url_meta":{"origin":5886,"position":1},"title":"Detergente Det 1 &#8211; 10Lt &#8211; Loi\u00e7a Autom\u00e1tica","date":"Fevereiro 23, 2022","format":false,"excerpt":"Detergente alcalino em concentra\u00e7\u00e3o elevada exclusivamente concebido para a lavagem autom\u00e1tica da lou\u00e7a.","rel":"","context":"Similar post","img":{"alt_text":"","src":"https:\/\/i0.wp.com\/mundo.seashell.pt\/wp-content\/uploads\/2022\/02\/det_1.jpg?resize=350%2C200&ssl=1","width":350,"height":200},"classes":[]},{"id":5882,"url":"https:\/\/mundo.seashell.pt\/?product=universal-plus-6kg-loica-automatica","url_meta":{"origin":5886,"position":2},"title":"Detergente Universal Plus &#8211; Loi\u00e7a Autom\u00e1tica","date":"Fevereiro 23, 2022","format":false,"excerpt":"Detergente alcalino em concentra\u00e7\u00e3o elevada exclusivamente concebido para a lavagem autom\u00e1tica da lou\u00e7a. Todos os tipos de \u00e1gua.","rel":"","context":"Similar post","img":{"alt_text":"","src":"https:\/\/i0.wp.com\/mundo.seashell.pt\/wp-content\/uploads\/2022\/02\/universal_plus.jpg?resize=350%2C200&ssl=1","width":350,"height":200},"classes":[]},{"id":5880,"url":"https:\/\/mundo.seashell.pt\/?product=super-plus-6kg-loica-automatica","url_meta":{"origin":5886,"position":3},"title":"Detergente Super Plus &#8211; Loi\u00e7a Autom\u00e1tica","date":"Fevereiro 23, 2022","format":false,"excerpt":"Detergente alcalino de elevada concentra\u00e7\u00e3o e poder sequestrante com MGDA para um melhor desempenho e menor impacto ambiental. Concebido para a lavagem autom\u00e1tica da loi\u00e7a.","rel":"","context":"Similar post","img":{"alt_text":"","src":"https:\/\/i0.wp.com\/mundo.seashell.pt\/wp-content\/uploads\/2022\/02\/super_plus.jpg?resize=350%2C200&ssl=1","width":350,"height":200},"classes":[]},{"id":5878,"url":"https:\/\/mundo.seashell.pt\/?product=super-6kg-loica-automatica","url_meta":{"origin":5886,"position":4},"title":"Detergente Super &#8211; Loi\u00e7a Autom\u00e1tica","date":"Fevereiro 23, 2022","format":false,"excerpt":"Detergente alcalino de elevada concentra\u00e7\u00e3o e poder sequestrante com MGDA para um melhor desempenho e menor impacto ambiental. Concebido para a lavagem autom\u00e1tica da loi\u00e7a.","rel":"","context":"Similar post","img":{"alt_text":"","src":"https:\/\/i0.wp.com\/mundo.seashell.pt\/wp-content\/uploads\/2022\/02\/cristal_super.jpg?resize=350%2C200&ssl=1","width":350,"height":200},"classes":[]},{"id":5902,"url":"https:\/\/mundo.seashell.pt\/?product=seq-2-10lt-loica-automatica","url_meta":{"origin":5886,"position":5},"title":"Sequestrante Seq 2 10Lt &#8211; Loi\u00e7a Autom\u00e1tica","date":"Fevereiro 23, 2022","format":false,"excerpt":"Sequestrante em concentra\u00e7\u00e3o elevada exclusivamente concebido para a lavagem autom\u00e1tica da lou\u00e7a. Ideal por todo tipo de \u00e1gua.","rel":"","context":"Similar post","img":{"alt_text":"","src":"https:\/\/i0.wp.com\/mundo.seashell.pt\/wp-content\/uploads\/2022\/02\/seq_2.jpg?resize=350%2C200&ssl=1","width":350,"height":200},"classes":[]}],"_links":{"self":[{"href":"https:\/\/mundo.seashell.pt\/index.php?rest_route=\/wp\/v2\/product\/5886","targetHints":{"allow":["GET"]}}],"collection":[{"href":"https:\/\/mundo.seashell.pt\/index.php?rest_route=\/wp\/v2\/product"}],"about":[{"href":"https:\/\/mundo.seashell.pt\/index.php?rest_route=\/wp\/v2\/types\/product"}],"wp:featuredmedia":[{"embeddable":true,"href":"https:\/\/mundo.seashell.pt\/index.php?rest_route=\/wp\/v2\/media\/5887"}],"wp:attachment":[{"href":"https:\/\/mundo.seashell.pt\/index.php?rest_route=%2Fwp%2Fv2%2Fmedia&parent=5886"}],"wp:term":[{"taxonomy":"product_cat","embeddable":true,"href":"https:\/\/mundo.seashell.pt\/index.php?rest_route=%2Fwp%2Fv2%2Fproduct_cat&post=5886"},{"taxonomy":"product_tag","embeddable":true,"href":"https:\/\/mundo.seashell.pt\/index.php?rest_route=%2Fwp%2Fv2%2Fproduct_tag&post=5886"}],"curies":[{"name":"wp","href":"https:\/\/api.w.org\/{rel}","templated":true}]}}