{"id":5850,"date":"2022-02-23T11:41:32","date_gmt":"2022-02-23T11:41:32","guid":{"rendered":"https:\/\/mundo.seashell.pt\/?post_type=product&#038;p=5850"},"modified":"2022-02-23T11:41:38","modified_gmt":"2022-02-23T11:41:38","slug":"stark-loica-sensitiv-5l-loica-manual","status":"publish","type":"product","link":"https:\/\/mundo.seashell.pt\/?product=stark-loica-sensitiv-5l-loica-manual","title":{"rendered":"Stark Loi\u00e7a Sensitiv 5L &#8211; Loi\u00e7a Manual"},"content":{"rendered":"<p><strong>APLICA\u00c7\u00c3O<\/strong><\/p>\n<p>Detergente l\u00edquido concentrado para lavagem manual de loi\u00e7a<\/p>\n<p><strong><br \/><\/strong><\/p>\n<p><strong>PROPRIEDADES<\/strong><\/p>\n<p>Detergente l\u00edquido viscoso de cor verde, completamente sol\u00favel.<\/p>\n<p>Rico em tensioativos, praticamente neutro, produz espuma abundante&nbsp;e persistente, conferindo-lhe um bom poder desengordurante.<\/p>\n<p>Deixa na loi\u00e7a um brilho intenso.<\/p>\n<p><strong><br \/><\/strong><\/p>\n<p><strong>CONDI\u00c7\u00d5ES DE UTILIZA\u00c7\u00c3O<\/strong><\/p>\n<p>Usar uma concentra\u00e7\u00e3o de 5 a 10 g\/L de \u00e1gua t\u00e9pida. Mergulhar&nbsp;os utens\u00edlios e lavar com um pano, escova ou esfreg\u00e3o.&nbsp;<\/p>\n<p>Enxaguar&nbsp;abundantemente e deixar secar ao ar.<\/p>\n<p><strong><br \/><\/strong><\/p>\n<p><strong>CARACTERISTICAS FISICO QU\u00cdMICAS<\/strong><\/p>\n<p>Aspecto: L\u00edquido viscoso<\/p>\n<p>Cor: Verde<\/p>\n<p>pH 8<\/p>\n<p>Perfumado<\/p>\n<p>Biodegrad\u00e1vel, conforme regulamento (CE) No 648\/2004 Anexo II e III<\/p>\n","protected":false},"excerpt":{"rendered":"<p>Detergente l\u00edquido concentrado para lavagem manual de loi\u00e7a<\/p>\n","protected":false},"featured_media":5851,"template":"","meta":{"spay_email":""},"product_cat":[15],"product_tag":[],"class_list":{"0":"post-5850","1":"product","2":"type-product","3":"status-publish","4":"has-post-thumbnail","6":"product_cat-sem-categoria","8":"first","9":"instock","10":"taxable","11":"shipping-taxable","12":"purchasable","13":"product-type-simple"},"acf":[],"jetpack-related-posts":[{"id":5848,"url":"https:\/\/mundo.seashell.pt\/?product=solim-loica-verde-5l-loica-manual","url_meta":{"origin":5850,"position":0},"title":"Solim Loi\u00e7a Verde 5L &#8211; Loi\u00e7a Manual","date":"Fevereiro 23, 2022","format":false,"excerpt":"Detergente l\u00edquido concentrado de elevada viscosidade, com cor verde, completamente sol\u00favel.","rel":"","context":"Similar post","img":{"alt_text":"","src":"https:\/\/i0.wp.com\/mundo.seashell.pt\/wp-content\/uploads\/2022\/02\/SOLIM_LOIC_A_VERDE_PhotoRoom_20210402_103325.jpg?resize=350%2C200&ssl=1","width":350,"height":200},"classes":[]},{"id":5860,"url":"https:\/\/mundo.seashell.pt\/?product=fun-loica-concentrado-500ml-verde","url_meta":{"origin":5850,"position":1},"title":"Fun Loi\u00e7a Ultra Concentrado 500ML Verde","date":"Fevereiro 23, 2022","format":false,"excerpt":"Detergente l\u00edquido ultra concentrado para lavagem manual de loi\u00e7a.","rel":"","context":"Similar post","img":{"alt_text":"","src":"https:\/\/i0.wp.com\/mundo.seashell.pt\/wp-content\/uploads\/2022\/02\/Fun_Loic_a_Ultra_500mL_PhotoRoom_20210402_103029.jpg?resize=350%2C200&ssl=1","width":350,"height":200},"classes":[]},{"id":5874,"url":"https:\/\/mundo.seashell.pt\/?product=fun-lava-loica-5l","url_meta":{"origin":5850,"position":2},"title":"Fun Lava Loi\u00e7a 5L &#8211; Lavagem Manual","date":"Fevereiro 23, 2022","format":false,"excerpt":"Detergente l\u00edquido concentrado para lavagem manual de loi\u00e7a","rel":"","context":"Similar post","img":{"alt_text":"","src":"https:\/\/i0.wp.com\/mundo.seashell.pt\/wp-content\/uploads\/2022\/02\/Fun_Lava_Loic_a_5L_PhotoRoom_20210402_103224.jpg?resize=350%2C200&ssl=1","width":350,"height":200},"classes":[]},{"id":5852,"url":"https:\/\/mundo.seashell.pt\/?product=stark-loica-ultra-5l-loica-manual","url_meta":{"origin":5850,"position":3},"title":"Stark Loi\u00e7a Ultra 5L &#8211; Loi\u00e7a Manual","date":"Fevereiro 23, 2022","format":false,"excerpt":"Detergente l\u00edquido ultra concentrado para lavagem manual de loi\u00e7a","rel":"","context":"Similar post","img":{"alt_text":"","src":"https:\/\/i0.wp.com\/mundo.seashell.pt\/wp-content\/uploads\/2022\/02\/Stark_Loic_a_Ultra_PhotoRoom_20210402_103136.jpg?resize=350%2C200&ssl=1","width":350,"height":200},"classes":[]},{"id":5854,"url":"https:\/\/mundo.seashell.pt\/?product=fun-loica-concentrado-1l-verde","url_meta":{"origin":5850,"position":4},"title":"Fun Loi\u00e7a Concentrado 1L &#8211; Loi\u00e7a Manual","date":"Fevereiro 23, 2022","format":false,"excerpt":"Detergente l\u00edquido concentrado para lavagem manual de loi\u00e7a","rel":"","context":"Similar post","img":{"alt_text":"","src":"https:\/\/i0.wp.com\/mundo.seashell.pt\/wp-content\/uploads\/2022\/02\/fun_lava_loic_a_1l.jpg?resize=350%2C200&ssl=1","width":350,"height":200},"classes":[]},{"id":5846,"url":"https:\/\/mundo.seashell.pt\/?product=solim-loica-amarelo-5l-loica-manual","url_meta":{"origin":5850,"position":5},"title":"Solim Loi\u00e7a Amarelo &#8211; Loi\u00e7a Manual","date":"Fevereiro 23, 2022","format":false,"excerpt":"Detergente l\u00edquido concentrado para lavagem manual de loi\u00e7a","rel":"","context":"Similar post","img":{"alt_text":"","src":"https:\/\/i0.wp.com\/mundo.seashell.pt\/wp-content\/uploads\/2022\/02\/SOLIM_LOIC_A_PhotoRoom_20210402_103629.jpg?resize=350%2C200&ssl=1","width":350,"height":200},"classes":[]}],"_links":{"self":[{"href":"https:\/\/mundo.seashell.pt\/index.php?rest_route=\/wp\/v2\/product\/5850","targetHints":{"allow":["GET"]}}],"collection":[{"href":"https:\/\/mundo.seashell.pt\/index.php?rest_route=\/wp\/v2\/product"}],"about":[{"href":"https:\/\/mundo.seashell.pt\/index.php?rest_route=\/wp\/v2\/types\/product"}],"wp:featuredmedia":[{"embeddable":true,"href":"https:\/\/mundo.seashell.pt\/index.php?rest_route=\/wp\/v2\/media\/5851"}],"wp:attachment":[{"href":"https:\/\/mundo.seashell.pt\/index.php?rest_route=%2Fwp%2Fv2%2Fmedia&parent=5850"}],"wp:term":[{"taxonomy":"product_cat","embeddable":true,"href":"https:\/\/mundo.seashell.pt\/index.php?rest_route=%2Fwp%2Fv2%2Fproduct_cat&post=5850"},{"taxonomy":"product_tag","embeddable":true,"href":"https:\/\/mundo.seashell.pt\/index.php?rest_route=%2Fwp%2Fv2%2Fproduct_tag&post=5850"}],"curies":[{"name":"wp","href":"https:\/\/api.w.org\/{rel}","templated":true}]}}