{"id":5846,"date":"2022-02-23T11:41:20","date_gmt":"2022-02-23T11:41:20","guid":{"rendered":"https:\/\/mundo.seashell.pt\/?post_type=product&#038;p=5846"},"modified":"2022-02-23T11:41:25","modified_gmt":"2022-02-23T11:41:25","slug":"solim-loica-amarelo-5l-loica-manual","status":"publish","type":"product","link":"https:\/\/mundo.seashell.pt\/?product=solim-loica-amarelo-5l-loica-manual","title":{"rendered":"Solim Loi\u00e7a Amarelo &#8211; Loi\u00e7a Manual"},"content":{"rendered":"<p>Detergente l\u00edquido concentrado para lavagem manual de loi\u00e7a<\/p>\n<p><strong><br \/><\/strong><\/p>\n<p><strong>PROPRIEDADES<\/strong><\/p>\n<p>Detergente l\u00edquido concentrado de elevada viscosidade, com cor&nbsp;amarela, completamente sol\u00favel.<\/p>\n<p>Rico em tensioativos, praticamente neutro, produz espuma abundante&nbsp;e persistente, conferindo-lhe um bom poder desengordurante.<\/p>\n<p>Devido \u00e0s suas caracter\u00edsticas f\u00edsico-qu\u00edmicas, \u00e9 muito bem tolerado&nbsp;pela pele.<\/p>\n<p>Deixa na loi\u00e7a um brilho intenso.<\/p>\n<p><strong><br \/><\/strong><\/p>\n<p><strong>CONDI\u00c7\u00d5ES DE UTILIZA\u00c7\u00c3O<\/strong><\/p>\n<p>Usar uma concentra\u00e7\u00e3o de 5 a 10 g\/L de produto em \u00e1gua t\u00e9pida.<\/p>\n<p>Mergulhar os utens\u00edlios e lavar com um pano, escova ou esfreg\u00e3o.<\/p>\n<p>Enxaguar abundantemente e deixar secar ao ar.<\/p>\n<p><strong><br \/><\/strong><\/p>\n<p><strong>CARACTERISTICAS FISICO QU\u00cdMICAS<\/strong><\/p>\n<p>Aspecto: L\u00edquido viscoso<br \/>Cor: amarelo<br \/>pH 6.5<br \/>Biodegrad\u00e1vel, conforme regulamento (CE) No 648\/2004 Anexo II e III<\/p>\n","protected":false},"excerpt":{"rendered":"<p>Detergente l\u00edquido concentrado para lavagem manual de loi\u00e7a<\/p>\n","protected":false},"featured_media":5847,"template":"","meta":{"spay_email":""},"product_cat":[15],"product_tag":[],"class_list":{"0":"post-5846","1":"product","2":"type-product","3":"status-publish","4":"has-post-thumbnail","6":"product_cat-sem-categoria","8":"first","9":"instock","10":"taxable","11":"shipping-taxable","12":"purchasable","13":"product-type-simple"},"acf":[],"jetpack-related-posts":[{"id":5852,"url":"https:\/\/mundo.seashell.pt\/?product=stark-loica-ultra-5l-loica-manual","url_meta":{"origin":5846,"position":0},"title":"Stark Loi\u00e7a Ultra 5L &#8211; Loi\u00e7a Manual","date":"Fevereiro 23, 2022","format":false,"excerpt":"Detergente l\u00edquido ultra concentrado para lavagem manual de loi\u00e7a","rel":"","context":"Similar post","img":{"alt_text":"","src":"https:\/\/i0.wp.com\/mundo.seashell.pt\/wp-content\/uploads\/2022\/02\/Stark_Loic_a_Ultra_PhotoRoom_20210402_103136.jpg?resize=350%2C200&ssl=1","width":350,"height":200},"classes":[]},{"id":5854,"url":"https:\/\/mundo.seashell.pt\/?product=fun-loica-concentrado-1l-verde","url_meta":{"origin":5846,"position":1},"title":"Fun Loi\u00e7a Concentrado 1L &#8211; Loi\u00e7a Manual","date":"Fevereiro 23, 2022","format":false,"excerpt":"Detergente l\u00edquido concentrado para lavagem manual de loi\u00e7a","rel":"","context":"Similar post","img":{"alt_text":"","src":"https:\/\/i0.wp.com\/mundo.seashell.pt\/wp-content\/uploads\/2022\/02\/fun_lava_loic_a_1l.jpg?resize=350%2C200&ssl=1","width":350,"height":200},"classes":[]},{"id":5858,"url":"https:\/\/mundo.seashell.pt\/?product=fun-loica-concentrado-500ml-amarelo","url_meta":{"origin":5846,"position":2},"title":"Fun Loi\u00e7a Concentrado 500ML Amarelo","date":"Fevereiro 23, 2022","format":false,"excerpt":"Detergente l\u00edquido concentrado para lavagem manual de loi\u00e7a","rel":"","context":"Similar post","img":{"alt_text":"","src":"https:\/\/i0.wp.com\/mundo.seashell.pt\/wp-content\/uploads\/2022\/02\/Fun_Loic_a_Concentrado_Amarelo_1L_PhotoRoom_20210402_102935.jpg?resize=350%2C200&ssl=1","width":350,"height":200},"classes":[]},{"id":5860,"url":"https:\/\/mundo.seashell.pt\/?product=fun-loica-concentrado-500ml-verde","url_meta":{"origin":5846,"position":3},"title":"Fun Loi\u00e7a Ultra Concentrado 500ML Verde","date":"Fevereiro 23, 2022","format":false,"excerpt":"Detergente l\u00edquido ultra concentrado para lavagem manual de loi\u00e7a.","rel":"","context":"Similar post","img":{"alt_text":"","src":"https:\/\/i0.wp.com\/mundo.seashell.pt\/wp-content\/uploads\/2022\/02\/Fun_Loic_a_Ultra_500mL_PhotoRoom_20210402_103029.jpg?resize=350%2C200&ssl=1","width":350,"height":200},"classes":[]},{"id":5856,"url":"https:\/\/mundo.seashell.pt\/?product=fun-loica-concentrado-15l-amarelo","url_meta":{"origin":5846,"position":4},"title":"Fun Loi\u00e7a 1.5L Amarelo","date":"Fevereiro 23, 2022","format":false,"excerpt":"Detergente l\u00edquido para lavagem manual de loi\u00e7a.","rel":"","context":"Similar post","img":{"alt_text":"","src":"https:\/\/i0.wp.com\/mundo.seashell.pt\/wp-content\/uploads\/2022\/02\/Fun_loic_a_1.5L_PhotoRoom_20210402_103341.jpg?resize=350%2C200&ssl=1","width":350,"height":200},"classes":[]},{"id":5850,"url":"https:\/\/mundo.seashell.pt\/?product=stark-loica-sensitiv-5l-loica-manual","url_meta":{"origin":5846,"position":5},"title":"Stark Loi\u00e7a Sensitiv 5L &#8211; Loi\u00e7a Manual","date":"Fevereiro 23, 2022","format":false,"excerpt":"Detergente l\u00edquido concentrado para lavagem manual de loi\u00e7a","rel":"","context":"Similar post","img":{"alt_text":"","src":"https:\/\/i0.wp.com\/mundo.seashell.pt\/wp-content\/uploads\/2022\/02\/Stark_Loic_a_Sensitive_PhotoRoom_20210402_103522.jpg?resize=350%2C200&ssl=1","width":350,"height":200},"classes":[]}],"_links":{"self":[{"href":"https:\/\/mundo.seashell.pt\/index.php?rest_route=\/wp\/v2\/product\/5846","targetHints":{"allow":["GET"]}}],"collection":[{"href":"https:\/\/mundo.seashell.pt\/index.php?rest_route=\/wp\/v2\/product"}],"about":[{"href":"https:\/\/mundo.seashell.pt\/index.php?rest_route=\/wp\/v2\/types\/product"}],"wp:featuredmedia":[{"embeddable":true,"href":"https:\/\/mundo.seashell.pt\/index.php?rest_route=\/wp\/v2\/media\/5847"}],"wp:attachment":[{"href":"https:\/\/mundo.seashell.pt\/index.php?rest_route=%2Fwp%2Fv2%2Fmedia&parent=5846"}],"wp:term":[{"taxonomy":"product_cat","embeddable":true,"href":"https:\/\/mundo.seashell.pt\/index.php?rest_route=%2Fwp%2Fv2%2Fproduct_cat&post=5846"},{"taxonomy":"product_tag","embeddable":true,"href":"https:\/\/mundo.seashell.pt\/index.php?rest_route=%2Fwp%2Fv2%2Fproduct_tag&post=5846"}],"curies":[{"name":"wp","href":"https:\/\/api.w.org\/{rel}","templated":true}]}}