{"id":5844,"date":"2022-02-23T11:41:16","date_gmt":"2022-02-23T11:41:16","guid":{"rendered":"https:\/\/mundo.seashell.pt\/?post_type=product&#038;p=5844"},"modified":"2022-02-23T11:41:19","modified_gmt":"2022-02-23T11:41:19","slug":"acid-rinse-5kg-loica-automatica","status":"publish","type":"product","link":"https:\/\/mundo.seashell.pt\/?product=acid-rinse-5kg-loica-automatica","title":{"rendered":"Abrilhantador Acid Rinse &#8211; Loi\u00e7a Autom\u00e1tica"},"content":{"rendered":"<h2>Abrilhantador \u00e1cido espec\u00edfico para \u00e1guas duras<\/h2>\n<ul>\n<li>Evita a forma\u00e7\u00e3o de manchas e aur\u00e9olas conservando o brilho original da lou\u00e7a<\/li>\n<li>Ideal para \u00e1guas duras<\/li>\n<li>Sem fosfatos<\/li>\n<\/ul>\n<h4><\/h4>\n<h4>Descri\u00e7\u00e3o<\/h4>\n<p>Abrilhantador \u00e1cido para a lavagem mec\u00e2nica da lou\u00e7a, mesmo na presen\u00e7a de \u00e1guas duras. Permite uma secagem r\u00e1pida da lou\u00e7a, evitando a forma\u00e7\u00e3o de manchas calc\u00e1rias.<\/p>\n<h4><\/h4>\n<h4>Dilui\u00e7\u00e3o<\/h4>\n<p>0,1 &#8211; 0,8 g\/L.<\/p>\n<h4><\/h4>\n<h4>Como usar<\/h4>\n<p>Para uma limpeza mais eficaz \u00e9 recomendado o uso do doseadores autom\u00e1ticos e abrilhantador.<\/p>\n","protected":false},"excerpt":{"rendered":"<p>Abrilhantador \u00e1cido para a lavagem mec\u00e2nica da lou\u00e7a, mesmo na presen\u00e7a de \u00e1guas duras.<\/p>\n","protected":false},"featured_media":5845,"template":"","meta":{"spay_email":""},"product_cat":[15],"product_tag":[],"class_list":{"0":"post-5844","1":"product","2":"type-product","3":"status-publish","4":"has-post-thumbnail","6":"product_cat-sem-categoria","8":"first","9":"instock","10":"taxable","11":"shipping-taxable","12":"purchasable","13":"product-type-simple"},"acf":[],"jetpack-related-posts":[{"id":5838,"url":"https:\/\/mundo.seashell.pt\/?product=rinse-3-10lt-loica-automatica","url_meta":{"origin":5844,"position":0},"title":"Abrilhantador Rinse 3 10Lt &#8211; Loi\u00e7a Autom\u00e1tica","date":"Fevereiro 23, 2022","format":false,"excerpt":"Abrilhantador \u00e1cido, \u00e0 base de \u00e1cido l\u00e1tico, em concentra\u00e7\u00e3o elevada para a lavagem mec\u00e2nica da lou\u00e7a.","rel":"","context":"Similar post","img":{"alt_text":"","src":"https:\/\/i0.wp.com\/mundo.seashell.pt\/wp-content\/uploads\/2022\/02\/rinse_3.jpg?resize=350%2C200&ssl=1","width":350,"height":200},"classes":[]},{"id":5840,"url":"https:\/\/mundo.seashell.pt\/?product=eco-rinse-5kg-loica-automatica","url_meta":{"origin":5844,"position":1},"title":"Abrilhantador Eco Rinse &#8211; Loi\u00e7a Autom\u00e1tica","date":"Fevereiro 23, 2022","format":false,"excerpt":"Abrilhantador neutro para lavagem mec\u00e2nica de lou\u00e7a para todos os tipos de \u00e1gua.","rel":"","context":"Similar post","img":{"alt_text":"","src":"https:\/\/i0.wp.com\/mundo.seashell.pt\/wp-content\/uploads\/2022\/02\/eco_rinse.jpg?resize=350%2C200&ssl=1","width":350,"height":200},"classes":[]},{"id":5898,"url":"https:\/\/mundo.seashell.pt\/?product=solim-secante-5l-loica-automatica","url_meta":{"origin":5844,"position":2},"title":"Solim Secante &#8211; Loi\u00e7a Autom\u00e1tica","date":"Fevereiro 23, 2022","format":false,"excerpt":"Secante com fun\u00e7\u00e3o de abrilhantador da loi\u00e7a na lavagem autom\u00e1tica e \ufeffpara a aplica\u00e7\u00e3o em fornos com programas de limpeza autom\u00e1tica","rel":"","context":"Similar post","img":{"alt_text":"","src":"https:\/\/i0.wp.com\/mundo.seashell.pt\/wp-content\/uploads\/2022\/02\/Solim_secante_5L.jpg?resize=350%2C200&ssl=1","width":350,"height":200},"classes":[]},{"id":5886,"url":"https:\/\/mundo.seashell.pt\/?product=cristal-bar-750ml-loica-automatica","url_meta":{"origin":5844,"position":3},"title":"Detergente Cristal Bar &#8211; Loi\u00e7a Autom\u00e1tica","date":"Fevereiro 23, 2022","format":false,"excerpt":"Detergente alcalino de elevada concentra\u00e7\u00e3o para pequenas m\u00e1quinas de lavar loi\u00e7a, com MGDA para um melhor desempenho e menor impacto ambiental. Concebido para a lavagem autom\u00e1tica da loi\u00e7a.","rel":"","context":"Similar post","img":{"alt_text":"","src":"https:\/\/i0.wp.com\/mundo.seashell.pt\/wp-content\/uploads\/2022\/02\/cristal_bar.jpg?resize=350%2C200&ssl=1","width":350,"height":200},"classes":[]},{"id":5842,"url":"https:\/\/mundo.seashell.pt\/?product=neutral-rinse-hp-20kg-loica-automatica","url_meta":{"origin":5844,"position":4},"title":"Abrilhantador Neutral Rinse HP 20Kg &#8211; Loi\u00e7a Autom\u00e1tica","date":"Fevereiro 23, 2022","format":false,"excerpt":"Abrilhantador neutro para facilitar o enxaguamento nas m\u00e1quinas de lavar loi\u00e7a, para \u00e1guas brandas ou de dureza m\u00e9dia.","rel":"","context":"Similar post","img":{"alt_text":"","src":"https:\/\/i0.wp.com\/mundo.seashell.pt\/wp-content\/uploads\/2022\/02\/neutral_rinse_hp.jpg?resize=350%2C200&ssl=1","width":350,"height":200},"classes":[]},{"id":5900,"url":"https:\/\/mundo.seashell.pt\/?product=stark-sec-d-200-secante-loica-automatica","url_meta":{"origin":5844,"position":5},"title":"Stark Sec D-200 &#8211; Loi\u00e7a Autom\u00e1tica","date":"Fevereiro 23, 2022","format":false,"excerpt":"Produto de cor azul indicado para o enxaguamento e abrilhantamento da loi\u00e7a, talheres e vidros em m\u00e1quinas autom\u00e1ticas e tuneis de lavagem. Evita o dep\u00f3sito de res\u00edduos calc\u00e1rios, tanto na loi\u00e7a como na m\u00e1quina. Ideal para \u00e1guas duras e extremamente duras.","rel":"","context":"Similar post","img":{"alt_text":"","src":"https:\/\/i0.wp.com\/mundo.seashell.pt\/wp-content\/uploads\/2022\/02\/stark_sec_d_200.jpg?resize=350%2C200&ssl=1","width":350,"height":200},"classes":[]}],"_links":{"self":[{"href":"https:\/\/mundo.seashell.pt\/index.php?rest_route=\/wp\/v2\/product\/5844","targetHints":{"allow":["GET"]}}],"collection":[{"href":"https:\/\/mundo.seashell.pt\/index.php?rest_route=\/wp\/v2\/product"}],"about":[{"href":"https:\/\/mundo.seashell.pt\/index.php?rest_route=\/wp\/v2\/types\/product"}],"wp:featuredmedia":[{"embeddable":true,"href":"https:\/\/mundo.seashell.pt\/index.php?rest_route=\/wp\/v2\/media\/5845"}],"wp:attachment":[{"href":"https:\/\/mundo.seashell.pt\/index.php?rest_route=%2Fwp%2Fv2%2Fmedia&parent=5844"}],"wp:term":[{"taxonomy":"product_cat","embeddable":true,"href":"https:\/\/mundo.seashell.pt\/index.php?rest_route=%2Fwp%2Fv2%2Fproduct_cat&post=5844"},{"taxonomy":"product_tag","embeddable":true,"href":"https:\/\/mundo.seashell.pt\/index.php?rest_route=%2Fwp%2Fv2%2Fproduct_tag&post=5844"}],"curies":[{"name":"wp","href":"https:\/\/api.w.org\/{rel}","templated":true}]}}