{"id":5836,"date":"2022-02-23T11:40:54","date_gmt":"2022-02-23T11:40:54","guid":{"rendered":"https:\/\/mundo.seashell.pt\/?post_type=product&#038;p=5836"},"modified":"2022-02-23T11:41:00","modified_gmt":"2022-02-23T11:41:00","slug":"fun-madeiras-1l","status":"publish","type":"product","link":"https:\/\/mundo.seashell.pt\/?product=fun-madeiras-1l","title":{"rendered":"Fun Madeiras 1L"},"content":{"rendered":"<p>Limpeza de parquets e outras superf\u00edcies delicadas.<\/p>\n<p><strong>PROPRIEDADES<\/strong><\/p>\n<p>Detergente l\u00edquido, completamente sol\u00favel, perfumado, de rea\u00e7\u00e3o neutra, logo pode ser manuseado.<br \/>Com uma \u00f3tima mistura de tensioativos n\u00e3o i\u00f3nicos \u00e9 indicado na limpeza manual de parquets e outras superf\u00edcies delicadas.<\/p>\n<p><strong><br \/><\/strong><\/p>\n<p><strong>CONDI\u00c7\u00d5ES DE UTILIZA\u00c7\u00c3O<\/strong><\/p>\n<p>Diluir duas tampas de produto por cada balde (5L) de \u00e1gua. No caso de sujidade mais persistente aplicar diretamente o produto e enxaguar de seguida. N\u00e3o deve ser utilizado em superf\u00edcies n\u00e3o lav\u00e1veis, nomeadamente madeira n\u00e3o tratada ou encerada. Em caso de d\u00favida, testar o produto numa \u00e1rea do pavimento n\u00e3o vis\u00edvel.<\/p>\n<p>Quando usado em \u00e1guas duras aumentar ligeiramente a concentra\u00e7\u00e3o.<\/p>\n<p><strong><br \/><\/strong><\/p>\n<p><strong>CARACTERISTICAS FISICO QU\u00cdMICAS<\/strong><\/p>\n<p>Aspecto: Produto L\u00edquido<br \/>Cor: ambar<br \/>pH 7<br \/>Perfumado<br \/>Biodegrad\u00e1vel, conforme regulamento (CE) No 648\/2004 Anexo II e III<\/p>\n","protected":false},"excerpt":{"rendered":"<p>Limpeza de parquets e outras superf\u00edcies delicadas<\/p>\n","protected":false},"featured_media":5837,"template":"","meta":{"spay_email":""},"product_cat":[15],"product_tag":[],"class_list":{"0":"post-5836","1":"product","2":"type-product","3":"status-publish","4":"has-post-thumbnail","6":"product_cat-sem-categoria","8":"first","9":"instock","10":"taxable","11":"shipping-taxable","12":"purchasable","13":"product-type-simple"},"acf":[],"jetpack-related-posts":[{"id":6265,"url":"https:\/\/mundo.seashell.pt\/?product=sonasol-lava-tudo-desinfetante-11l","url_meta":{"origin":5836,"position":0},"title":"Sonasol Lava-Tudo Desinfetante 1,1l","date":"Fevereiro 23, 2022","format":false,"excerpt":"Sonasol desinfetante \u00e9 um lava tudo desinfetante multiuso, que garante m\u00e1xima limpeza e desinfe\u00e7\u00e3o sem lix\u00edvia nem amon\u00edaco. Pode ser utilizado em todas as superf\u00edcies, mesmo as mais delicadas.Benef\u00edcios: - Elimina 99,9% das bat\u00e9rias das superf\u00edcies. Conselhos de utiliza\u00e7\u00e3o: Dilua 2 tampas de produto num balde ...","rel":"","context":"Similar post","img":{"alt_text":"","src":"https:\/\/i0.wp.com\/mundo.seashell.pt\/wp-content\/uploads\/2022\/02\/SONASOL_DESINFETANTE_1L10_8410436343527.jpeg?resize=350%2C200&ssl=1","width":350,"height":200},"classes":[]},{"id":5994,"url":"https:\/\/mundo.seashell.pt\/?product=ondaklor-5kg","url_meta":{"origin":5836,"position":1},"title":"Detergente Ondaklor 5kg","date":"Fevereiro 23, 2022","format":false,"excerpt":"ONDAKLOR \u00e9 um biocida cloroxidante de ac\u00e7\u00e3o detergente para a limpeza e a desinfec\u00e7\u00e3o de pavimentos e superf\u00edcies lav\u00e1veis.","rel":"","context":"Similar post","img":{"alt_text":"","src":"https:\/\/i0.wp.com\/mundo.seashell.pt\/wp-content\/uploads\/2022\/02\/ondaklor.jpg?resize=350%2C200&ssl=1","width":350,"height":200},"classes":[]},{"id":6052,"url":"https:\/\/mundo.seashell.pt\/?product=solim-lg-higienizante-5l","url_meta":{"origin":5836,"position":2},"title":"Solim LG Higienizante 5L","date":"Fevereiro 23, 2022","format":false,"excerpt":"Higienizante. Limpezas gerais de aplica\u00e7\u00e3o universal.","rel":"","context":"Similar post","img":{"alt_text":"","src":"https:\/\/i0.wp.com\/mundo.seashell.pt\/wp-content\/uploads\/2022\/02\/Solim_LG_Higienizante.jpg?resize=350%2C200&ssl=1","width":350,"height":200},"classes":[]},{"id":6046,"url":"https:\/\/mundo.seashell.pt\/?product=cologne-5kg","url_meta":{"origin":5836,"position":3},"title":"Detergente Natural Cologne 5Kg","date":"Fevereiro 23, 2022","format":false,"excerpt":"Detergente universal multiusos para a limpeza di\u00e1ria de superf\u00edcies duras","rel":"","context":"Similar post","img":{"alt_text":"","src":"https:\/\/i0.wp.com\/mundo.seashell.pt\/wp-content\/uploads\/2022\/02\/cologne.jpg?resize=350%2C200&ssl=1","width":350,"height":200},"classes":[]},{"id":5834,"url":"https:\/\/mundo.seashell.pt\/?product=solim-limpa-madeiras-5l","url_meta":{"origin":5836,"position":4},"title":"Solim Limpa Madeiras 5L","date":"Fevereiro 23, 2022","format":false,"excerpt":"O SOLIM\u00ae LIMPA MADEIRAS \u00e9 um detergente l\u00edquido com sab\u00e3o, completamente sol\u00favel, perfumado, de rea\u00e7\u00e3o neutra, indicado para a limpeza e prote\u00e7\u00e3o de madeira.","rel":"","context":"Similar post","img":{"alt_text":"","src":"https:\/\/i0.wp.com\/mundo.seashell.pt\/wp-content\/uploads\/2022\/02\/SOLIM_LIMPA_MADEIRAS_PhotoRoom_20210402_103552.jpg?resize=350%2C200&ssl=1","width":350,"height":200},"classes":[]},{"id":5704,"url":"https:\/\/mundo.seashell.pt\/?product=flash-500ml","url_meta":{"origin":5836,"position":5},"title":"Limpador Natural Superactivo Flash","date":"Fevereiro 23, 2022","format":false,"excerpt":"Produto de limpeza r\u00e1pido e altamente eficaz em manchas de tinta, canetas de feltro e n\u00f3doas de gordura vegetal ou mineral.","rel":"","context":"Similar post","img":{"alt_text":"","src":"https:\/\/i0.wp.com\/mundo.seashell.pt\/wp-content\/uploads\/2022\/02\/flash.jpg?resize=350%2C200&ssl=1","width":350,"height":200},"classes":[]}],"_links":{"self":[{"href":"https:\/\/mundo.seashell.pt\/index.php?rest_route=\/wp\/v2\/product\/5836","targetHints":{"allow":["GET"]}}],"collection":[{"href":"https:\/\/mundo.seashell.pt\/index.php?rest_route=\/wp\/v2\/product"}],"about":[{"href":"https:\/\/mundo.seashell.pt\/index.php?rest_route=\/wp\/v2\/types\/product"}],"wp:featuredmedia":[{"embeddable":true,"href":"https:\/\/mundo.seashell.pt\/index.php?rest_route=\/wp\/v2\/media\/5837"}],"wp:attachment":[{"href":"https:\/\/mundo.seashell.pt\/index.php?rest_route=%2Fwp%2Fv2%2Fmedia&parent=5836"}],"wp:term":[{"taxonomy":"product_cat","embeddable":true,"href":"https:\/\/mundo.seashell.pt\/index.php?rest_route=%2Fwp%2Fv2%2Fproduct_cat&post=5836"},{"taxonomy":"product_tag","embeddable":true,"href":"https:\/\/mundo.seashell.pt\/index.php?rest_route=%2Fwp%2Fv2%2Fproduct_tag&post=5836"}],"curies":[{"name":"wp","href":"https:\/\/api.w.org\/{rel}","templated":true}]}}