{"id":5834,"date":"2022-02-23T11:40:51","date_gmt":"2022-02-23T11:40:51","guid":{"rendered":"https:\/\/mundo.seashell.pt\/?post_type=product&#038;p=5834"},"modified":"2022-02-23T11:40:53","modified_gmt":"2022-02-23T11:40:53","slug":"solim-limpa-madeiras-5l","status":"publish","type":"product","link":"https:\/\/mundo.seashell.pt\/?product=solim-limpa-madeiras-5l","title":{"rendered":"Solim Limpa Madeiras 5L"},"content":{"rendered":"<p>Detergente neutro para madeiras<\/p>\n<p><strong><br \/><\/strong><\/p>\n<p><strong>PROPRIEDADES<\/strong><\/p>\n<p>O SOLIM\u00ae LIMPA MADEIRAS \u00e9 um detergente l\u00edquido com sab\u00e3o,&nbsp;completamente sol\u00favel, perfumado, de rea\u00e7\u00e3o neutra, indicado para a&nbsp;limpeza e prote\u00e7\u00e3o de madeira.<\/p>\n<p>Pode ser utilizado em pavimentos e m\u00f3veis em madeira, sem danificar,&nbsp;deixando um agrad\u00e1vel aroma.<\/p>\n<p><strong><br \/><\/strong><\/p>\n<p><strong>CONDI\u00c7\u00d5ES DE UTILIZA\u00c7\u00c3O<\/strong><\/p>\n<p>Dever\u00e1 usar uma concentra\u00e7\u00e3o de 1 a 2% (10 a 20 g de produto) por&nbsp;litro de \u00e1gua morna. Aplicar com uma esponja, pano ou mopa em&nbsp;superf\u00edcies imperme\u00e1veis. N\u00e3o \u00e9 necess\u00e1rio enxaguar o produto. N\u00e3o&nbsp;recomendado para madeiras nobres ou desgastadas.<\/p>\n<p><strong><br \/><\/strong><\/p>\n<p><strong>CARACTERISTICAS FISICO QU\u00cdMICAS<\/strong><\/p>\n<p>Aspecto: Produto L\u00edquido<\/p>\n<p>Cor: acastanhado<\/p>\n<p>pH 7<\/p>\n<p>Aroma a sab\u00e3o<\/p>\n<p>Biodegrad\u00e1vel, conforme regulamento (CE) No 648\/2004 Anexo II e III<\/p>\n","protected":false},"excerpt":{"rendered":"<p>O SOLIM\u00ae LIMPA MADEIRAS \u00e9 um detergente l\u00edquido com sab\u00e3o, completamente sol\u00favel, perfumado, de rea\u00e7\u00e3o neutra, indicado para a limpeza e prote\u00e7\u00e3o de madeira.<\/p>\n","protected":false},"featured_media":5835,"template":"","meta":{"spay_email":""},"product_cat":[15],"product_tag":[],"class_list":{"0":"post-5834","1":"product","2":"type-product","3":"status-publish","4":"has-post-thumbnail","6":"product_cat-sem-categoria","8":"first","9":"instock","10":"taxable","11":"shipping-taxable","12":"purchasable","13":"product-type-simple"},"acf":[],"jetpack-related-posts":[{"id":5836,"url":"https:\/\/mundo.seashell.pt\/?product=fun-madeiras-1l","url_meta":{"origin":5834,"position":0},"title":"Fun Madeiras 1L","date":"Fevereiro 23, 2022","format":false,"excerpt":"Limpeza de parquets e outras superf\u00edcies delicadas","rel":"","context":"Similar post","img":{"alt_text":"","src":"https:\/\/i0.wp.com\/mundo.seashell.pt\/wp-content\/uploads\/2022\/02\/Fun_Madeiras_PhotoRoom_20210402_103002.jpg?resize=350%2C200&ssl=1","width":350,"height":200},"classes":[]},{"id":6028,"url":"https:\/\/mundo.seashell.pt\/?product=solim-lg-montanha-5l","url_meta":{"origin":5834,"position":1},"title":"Solim LG 5L","date":"Fevereiro 23, 2022","format":false,"excerpt":"Detergente l\u00edquido, completamente sol\u00favel, perfumado. Tensioactivos n\u00e3o i\u00f3nicos \u00e9 indicado na \ufefflimpeza manual","rel":"","context":"Similar post","img":{"alt_text":"","src":"https:\/\/i0.wp.com\/mundo.seashell.pt\/wp-content\/uploads\/2022\/02\/solim_lg.jpg?resize=350%2C200&ssl=1","width":350,"height":200},"classes":[]},{"id":5862,"url":"https:\/\/mundo.seashell.pt\/?product=solim-loica-neutro-5l-loica-manual","url_meta":{"origin":5834,"position":2},"title":"Solim Loi\u00e7a Neutro 5L &#8211; Loi\u00e7a Manual","date":"Fevereiro 23, 2022","format":false,"excerpt":"Detergente l\u00edquido para lavagem manual de loi\u00e7a","rel":"","context":"Similar post","img":{"alt_text":"","src":"https:\/\/i0.wp.com\/mundo.seashell.pt\/wp-content\/uploads\/2022\/02\/SOLIM_LOIC_A_NEUTRO_PhotoRoom_20210402_103243.jpg?resize=350%2C200&ssl=1","width":350,"height":200},"classes":[]},{"id":5848,"url":"https:\/\/mundo.seashell.pt\/?product=solim-loica-verde-5l-loica-manual","url_meta":{"origin":5834,"position":3},"title":"Solim Loi\u00e7a Verde 5L &#8211; Loi\u00e7a Manual","date":"Fevereiro 23, 2022","format":false,"excerpt":"Detergente l\u00edquido concentrado de elevada viscosidade, com cor verde, completamente sol\u00favel.","rel":"","context":"Similar post","img":{"alt_text":"","src":"https:\/\/i0.wp.com\/mundo.seashell.pt\/wp-content\/uploads\/2022\/02\/SOLIM_LOIC_A_VERDE_PhotoRoom_20210402_103325.jpg?resize=350%2C200&ssl=1","width":350,"height":200},"classes":[]},{"id":5868,"url":"https:\/\/mundo.seashell.pt\/?product=solim-am-55kg-loica-automatica","url_meta":{"origin":5834,"position":4},"title":"Solim AM &#8211; Loi\u00e7a Autom\u00e1tica","date":"Fevereiro 23, 2022","format":false,"excerpt":"Detergente l\u00edquido para lavagem autom\u00e1tica de loi\u00e7a \u2013 \u00e1guas macias","rel":"","context":"Similar post","img":{"alt_text":"","src":"https:\/\/i0.wp.com\/mundo.seashell.pt\/wp-content\/uploads\/2022\/02\/Solim_AM_25kg_PhotoRoom_20210402_103223.jpg?resize=350%2C200&ssl=1","width":350,"height":200},"classes":[]},{"id":5846,"url":"https:\/\/mundo.seashell.pt\/?product=solim-loica-amarelo-5l-loica-manual","url_meta":{"origin":5834,"position":5},"title":"Solim Loi\u00e7a Amarelo &#8211; Loi\u00e7a Manual","date":"Fevereiro 23, 2022","format":false,"excerpt":"Detergente l\u00edquido concentrado para lavagem manual de loi\u00e7a","rel":"","context":"Similar post","img":{"alt_text":"","src":"https:\/\/i0.wp.com\/mundo.seashell.pt\/wp-content\/uploads\/2022\/02\/SOLIM_LOIC_A_PhotoRoom_20210402_103629.jpg?resize=350%2C200&ssl=1","width":350,"height":200},"classes":[]}],"_links":{"self":[{"href":"https:\/\/mundo.seashell.pt\/index.php?rest_route=\/wp\/v2\/product\/5834","targetHints":{"allow":["GET"]}}],"collection":[{"href":"https:\/\/mundo.seashell.pt\/index.php?rest_route=\/wp\/v2\/product"}],"about":[{"href":"https:\/\/mundo.seashell.pt\/index.php?rest_route=\/wp\/v2\/types\/product"}],"wp:featuredmedia":[{"embeddable":true,"href":"https:\/\/mundo.seashell.pt\/index.php?rest_route=\/wp\/v2\/media\/5835"}],"wp:attachment":[{"href":"https:\/\/mundo.seashell.pt\/index.php?rest_route=%2Fwp%2Fv2%2Fmedia&parent=5834"}],"wp:term":[{"taxonomy":"product_cat","embeddable":true,"href":"https:\/\/mundo.seashell.pt\/index.php?rest_route=%2Fwp%2Fv2%2Fproduct_cat&post=5834"},{"taxonomy":"product_tag","embeddable":true,"href":"https:\/\/mundo.seashell.pt\/index.php?rest_route=%2Fwp%2Fv2%2Fproduct_tag&post=5834"}],"curies":[{"name":"wp","href":"https:\/\/api.w.org\/{rel}","templated":true}]}}