{"id":5832,"date":"2022-02-23T11:40:48","date_gmt":"2022-02-23T11:40:48","guid":{"rendered":"https:\/\/mundo.seashell.pt\/?post_type=product&#038;p=5832"},"modified":"2022-02-23T11:40:50","modified_gmt":"2022-02-23T11:40:50","slug":"kit-oxipur-action-4x500ml","status":"publish","type":"product","link":"https:\/\/mundo.seashell.pt\/?product=kit-oxipur-action-4x500ml","title":{"rendered":"Kit Oxipur Action 4x500Ml &#8211; Tira N\u00f3doas"},"content":{"rendered":"<h2>KIT DE TIRA-N\u00d3DOAS E DE AGENTES DE PR\u00c9-TRATAMENTO<\/h2>\n<ul>\n<li>Adequados para uso na fase de pr\u00e9 e p\u00f3s-remo\u00e7\u00e3o de n\u00f3doas<\/li>\n<li>Adequados para utiliza\u00e7\u00e3o em lavandarias profissionais e industriais<\/li>\n<li>Otimizado para uso com produtos do sistema Oxipur para a redu\u00e7\u00e3o da percentagem de res\u00edduos<\/li>\n<\/ul>\n<h4><\/h4>\n<h4>Descri\u00e7\u00e3o<\/h4>\n<p>Kit completo de tira-n\u00f3doas e agentes de pr\u00e9-tratamento espec\u00edfico para todos os tipos de n\u00f3doas, composto por:<\/p>\n<ul>\n<li>n.1 DEG ACTION: para a remo\u00e7\u00e3o de n\u00f3doas de gordura e prote\u00edna<\/li>\n<li>n.2 MULTI ACTION: para a remo\u00e7\u00e3o de manchas de cor dif\u00edcil tal como maquilhagem, adesivos, tinta ou batom<\/li>\n<li>n.2 RUST ACTION: para a remo\u00e7\u00e3o de manchas de ferrugem, verdete e \u00f3xidos met\u00e1licos<\/li>\n<li>n.1 STAIN ACTION: para a remo\u00e7\u00e3o de manchas de cor branque\u00e1veis<\/li>\n<li>n. 1 Escova<\/li>\n<li>n. 2 Fichas Manchas\/Produto<\/li>\n<\/ul>\n<figure><img decoding=\"async\" src=\"http:\/\/cms.sutterprofessional.it\/images\/Products\/Scheda-Macchia-Prodotto.jpg?1560950652\" width=\"850\" height=\"auto\" data-image=\"vjj9lpggaz4r\"><\/figure>\n<h4><\/h4>\n<h4>Dilui\u00e7\u00e3o<\/h4>\n<p>Pronto para o uso.<\/p>\n<h4><\/h4>\n<h4>Como usar<\/h4>\n<p>Produtos utiliz\u00e1veis na maioria dos tecidos de algod\u00e3o, poli\u00e9ster, algod\u00e3o\/poli\u00e9ster, l\u00e3, seda e viscose. Ideais para a remo\u00e7\u00e3o de manchas que normalmente n\u00e3o podem ser removidas por lavagem mec\u00e2nica, permitindo uma redu\u00e7\u00e3o na percentagem de res\u00edduos.<br \/>Aplicar o produto diretamente sobre a n\u00f3doa. Deixar atuar (*) e depois proceder \u00e0 lavagem indicada para o tipo de tecido. No caso de n\u00f3doas particularmente dif\u00edceis, repetir a opera\u00e7\u00e3o e esfregar com uma escova.<br \/>(*)<br \/>&#8211; DEG ACTION: 5-10 minutos;<br \/>&#8211; MULTI ACTION: *5-10 minutos;<br \/>&#8211; RUST ACTION: pelo menos 15 minutos;<br \/>&#8211; STAIN ACTION: pelo menos 15 minutos.<\/p>\n","protected":false},"excerpt":{"rendered":"<p>Kit completo de tira-n\u00f3doas e agentes de pr\u00e9-tratamento espec\u00edfico para todos os tipos de n\u00f3doas.<\/p>\n","protected":false},"featured_media":5833,"template":"","meta":{"spay_email":""},"product_cat":[15],"product_tag":[],"class_list":{"0":"post-5832","1":"product","2":"type-product","3":"status-publish","4":"has-post-thumbnail","6":"product_cat-sem-categoria","8":"first","9":"instock","10":"taxable","11":"shipping-taxable","12":"purchasable","13":"product-type-simple"},"acf":[],"jetpack-related-posts":[{"id":5830,"url":"https:\/\/mundo.seashell.pt\/?product=stain-action-500ml-tira-nodoas","url_meta":{"origin":5832,"position":0},"title":"Stain Action 500ML &#8211; Tira-N\u00f3doas","date":"Fevereiro 23, 2022","format":false,"excerpt":"Tira-n\u00f3doas e agente de pr\u00e9-tratamento de tecidos para a remo\u00e7\u00e3o de manchas de cor branque\u00e1veis como caf\u00e9, fruta, erva e cola.","rel":"","context":"Similar post","img":{"alt_text":"","src":"https:\/\/i0.wp.com\/mundo.seashell.pt\/wp-content\/uploads\/2022\/02\/stain_action_.jpg?resize=350%2C200&ssl=1","width":350,"height":200},"classes":[]},{"id":5826,"url":"https:\/\/mundo.seashell.pt\/?product=multi-action-500ml-tira-nodoas","url_meta":{"origin":5832,"position":1},"title":"Multi Action 500ML &#8211; Tira-N\u00f3doas","date":"Fevereiro 23, 2022","format":false,"excerpt":"Tira-n\u00f3doas e agente de pr\u00e9-tratamento de n\u00f3doas para a remo\u00e7\u00e3o de manchas de cor dif\u00edcil tal como maquilhagem, tinta ou batom.","rel":"","context":"Similar post","img":{"alt_text":"","src":"https:\/\/i0.wp.com\/mundo.seashell.pt\/wp-content\/uploads\/2022\/02\/multi_action.jpg?resize=350%2C200&ssl=1","width":350,"height":200},"classes":[]},{"id":5828,"url":"https:\/\/mundo.seashell.pt\/?product=rust-action-500ml-tira-nodoas","url_meta":{"origin":5832,"position":2},"title":"Rust Action 500ML &#8211; Tira-N\u00f3doas","date":"Fevereiro 23, 2022","format":false,"excerpt":"Tira-n\u00f3doas e agente de pr\u00e9-tratamento de tecidos para a remo\u00e7\u00e3o de manchas de ferrugem","rel":"","context":"Similar post","img":{"alt_text":"","src":"https:\/\/i0.wp.com\/mundo.seashell.pt\/wp-content\/uploads\/2022\/02\/rust_action.jpg?resize=350%2C200&ssl=1","width":350,"height":200},"classes":[]},{"id":5824,"url":"https:\/\/mundo.seashell.pt\/?product=deg-action-500ml-tira-nodoas","url_meta":{"origin":5832,"position":3},"title":"Deg Action 500ML &#8211; Tira-N\u00f3doas","date":"Fevereiro 23, 2022","format":false,"excerpt":"Tira-n\u00f3doas e agente de pr\u00e9-tratamento de tecidos para a remo\u00e7\u00e3o de n\u00f3doas de gordura.","rel":"","context":"Similar post","img":{"alt_text":"","src":"https:\/\/i0.wp.com\/mundo.seashell.pt\/wp-content\/uploads\/2022\/02\/deg_action.jpg?resize=350%2C200&ssl=1","width":350,"height":200},"classes":[]},{"id":6621,"url":"https:\/\/mundo.seashell.pt\/?product=neoblanc-gerntil-tira-nodoas-07l","url_meta":{"origin":5832,"position":4},"title":"Neoblanc Gerntil Tira N\u00f3doas 700ml","date":"Fevereiro 23, 2022","format":false,"excerpt":"Um \u00fanico spray para roupa, cozinha e quarto de banho. Gra\u00e7as \u00e0 sua f\u00f3rmula especial, combinando desengordurante e Neoblanc Gentil, Neoblanc Spray multiusos higieniza limpando a fundo as superf\u00edcies da casa. Desengordura a sujidade mais incrustada e \u00e9 eficaz na remo\u00e7\u00e3o do calc\u00e1rio. Para al\u00e9m disso, tamb\u00e9m remove as manchas\u2026","rel":"","context":"Similar post","img":{"alt_text":"","src":"https:\/\/i0.wp.com\/mundo.seashell.pt\/wp-content\/uploads\/2022\/02\/NEOBLANC_GENTIL_SPRAY_TIRA-NODOAS_700ML_8001480703001.png?resize=350%2C200&ssl=1","width":350,"height":200},"classes":[]},{"id":6311,"url":"https:\/\/mundo.seashell.pt\/?product=neoblanc-gentil-lixivia-delicada","url_meta":{"origin":5832,"position":5},"title":"Neoblanc Gentil Lix\u00edvia Delicada 1L","date":"Fevereiro 23, 2022","format":false,"excerpt":"Neoblanc Gentil \u00e9 uma lix\u00edvia delicada, segura sobre todas as cores e tecidos, sint\u00e9ticos ou delicados, como l\u00e3 e seda. Adicionada em cada lavagem, tira-n\u00f3doas, higieniza e elimina os cheiros. Tipo de produto: Lix\u00edvia DelicadaBenef\u00edcios: - Remo\u00e7\u00e3o de manchas de toda a roupa;- Elimina\u00e7\u00e3o do mau cheiro;- ...","rel":"","context":"Similar post","img":{"alt_text":"","src":"https:\/\/i0.wp.com\/mundo.seashell.pt\/wp-content\/uploads\/2022\/02\/NEOBLANC_GENTIL_1L_8001480020740.png?resize=350%2C200&ssl=1","width":350,"height":200},"classes":[]}],"_links":{"self":[{"href":"https:\/\/mundo.seashell.pt\/index.php?rest_route=\/wp\/v2\/product\/5832","targetHints":{"allow":["GET"]}}],"collection":[{"href":"https:\/\/mundo.seashell.pt\/index.php?rest_route=\/wp\/v2\/product"}],"about":[{"href":"https:\/\/mundo.seashell.pt\/index.php?rest_route=\/wp\/v2\/types\/product"}],"wp:featuredmedia":[{"embeddable":true,"href":"https:\/\/mundo.seashell.pt\/index.php?rest_route=\/wp\/v2\/media\/5833"}],"wp:attachment":[{"href":"https:\/\/mundo.seashell.pt\/index.php?rest_route=%2Fwp%2Fv2%2Fmedia&parent=5832"}],"wp:term":[{"taxonomy":"product_cat","embeddable":true,"href":"https:\/\/mundo.seashell.pt\/index.php?rest_route=%2Fwp%2Fv2%2Fproduct_cat&post=5832"},{"taxonomy":"product_tag","embeddable":true,"href":"https:\/\/mundo.seashell.pt\/index.php?rest_route=%2Fwp%2Fv2%2Fproduct_tag&post=5832"}],"curies":[{"name":"wp","href":"https:\/\/api.w.org\/{rel}","templated":true}]}}