{"id":5828,"date":"2022-02-23T11:40:39","date_gmt":"2022-02-23T11:40:39","guid":{"rendered":"https:\/\/mundo.seashell.pt\/?post_type=product&#038;p=5828"},"modified":"2022-02-23T11:40:43","modified_gmt":"2022-02-23T11:40:43","slug":"rust-action-500ml-tira-nodoas","status":"publish","type":"product","link":"https:\/\/mundo.seashell.pt\/?product=rust-action-500ml-tira-nodoas","title":{"rendered":"Rust Action 500ML &#8211; Tira-N\u00f3doas"},"content":{"rendered":"<h2>TIRA-N\u00d3DOAS E AGENTE DE PR\u00c9-TRATAMENTO DE TECIDOS PARA A REMO\u00c7\u00c3O DE MANCHAS DE FERRUGEM<\/h2>\n<ul>\n<li>Adequado para uso na fase de pr\u00e9 e p\u00f3s-remo\u00e7\u00e3o de n\u00f3doas<\/li>\n<li>Adequado para utiliza\u00e7\u00e3o em lavandarias profissionais e industriais<\/li>\n<li>Otimizado para uso com produtos do sistema Oxipur para a redu\u00e7\u00e3o da percentagem de res\u00edduos<\/li>\n<\/ul>\n<h4>Descri\u00e7\u00e3o<\/h4>\n<p>Tira-n\u00f3doas e agente de pr\u00e9-tratamento de tecidos para a remo\u00e7\u00e3o de manchas de ferrugem pode ser usado na maioria dos tecidos de algod\u00e3o, poli\u00e9ster, algod\u00e3o\/poli\u00e9ster, l\u00e3, seda e viscose. Ideal para a remo\u00e7\u00e3o de manchas que normalmente n\u00e3o podem ser removidas por lavagem mec\u00e2nica, permitindo uma redu\u00e7\u00e3o na percentagem de res\u00edduos.<\/p>\n<figure><img loading=\"lazy\" decoding=\"async\" src=\"http:\/\/cms.sutterprofessional.it\/images\/Products\/RUST_ACTION_1560868376.png?1560868376\" width=\"800\" height=\"390\" data-image=\"dbeve2i8tgf8\"><\/figure>\n<p>Dilui\u00e7\u00e3o<\/p>\n<p>Pronto para o uso.<\/p>\n<h4>Como usar<\/h4>\n<p>Aplicar o produto diretamente sobre a n\u00f3doa. Deixar atuar durante pelo menos 15 minutos e depois proceder \u00e0 lavagem indicada para o tipo de tecido. No caso de n\u00f3doas particularmente dif\u00edceis, repetir a opera\u00e7\u00e3o e esfregar com uma escova.<\/p>\n","protected":false},"excerpt":{"rendered":"<p>Tira-n\u00f3doas e agente de pr\u00e9-tratamento de tecidos para a remo\u00e7\u00e3o de manchas de ferrugem<\/p>\n","protected":false},"featured_media":5829,"template":"","meta":{"spay_email":""},"product_cat":[15],"product_tag":[],"class_list":{"0":"post-5828","1":"product","2":"type-product","3":"status-publish","4":"has-post-thumbnail","6":"product_cat-sem-categoria","8":"first","9":"instock","10":"taxable","11":"shipping-taxable","12":"purchasable","13":"product-type-simple"},"acf":[],"jetpack-related-posts":[{"id":5832,"url":"https:\/\/mundo.seashell.pt\/?product=kit-oxipur-action-4x500ml","url_meta":{"origin":5828,"position":0},"title":"Kit Oxipur Action 4x500Ml &#8211; Tira N\u00f3doas","date":"Fevereiro 23, 2022","format":false,"excerpt":"Kit completo de tira-n\u00f3doas e agentes de pr\u00e9-tratamento espec\u00edfico para todos os tipos de n\u00f3doas.","rel":"","context":"Similar post","img":{"alt_text":"","src":"https:\/\/i0.wp.com\/mundo.seashell.pt\/wp-content\/uploads\/2022\/02\/oxipur_kit.jpg?resize=350%2C200&ssl=1","width":350,"height":200},"classes":[]},{"id":5830,"url":"https:\/\/mundo.seashell.pt\/?product=stain-action-500ml-tira-nodoas","url_meta":{"origin":5828,"position":1},"title":"Stain Action 500ML &#8211; Tira-N\u00f3doas","date":"Fevereiro 23, 2022","format":false,"excerpt":"Tira-n\u00f3doas e agente de pr\u00e9-tratamento de tecidos para a remo\u00e7\u00e3o de manchas de cor branque\u00e1veis como caf\u00e9, fruta, erva e cola.","rel":"","context":"Similar post","img":{"alt_text":"","src":"https:\/\/i0.wp.com\/mundo.seashell.pt\/wp-content\/uploads\/2022\/02\/stain_action_.jpg?resize=350%2C200&ssl=1","width":350,"height":200},"classes":[]},{"id":5826,"url":"https:\/\/mundo.seashell.pt\/?product=multi-action-500ml-tira-nodoas","url_meta":{"origin":5828,"position":2},"title":"Multi Action 500ML &#8211; Tira-N\u00f3doas","date":"Fevereiro 23, 2022","format":false,"excerpt":"Tira-n\u00f3doas e agente de pr\u00e9-tratamento de n\u00f3doas para a remo\u00e7\u00e3o de manchas de cor dif\u00edcil tal como maquilhagem, tinta ou batom.","rel":"","context":"Similar post","img":{"alt_text":"","src":"https:\/\/i0.wp.com\/mundo.seashell.pt\/wp-content\/uploads\/2022\/02\/multi_action.jpg?resize=350%2C200&ssl=1","width":350,"height":200},"classes":[]},{"id":5824,"url":"https:\/\/mundo.seashell.pt\/?product=deg-action-500ml-tira-nodoas","url_meta":{"origin":5828,"position":3},"title":"Deg Action 500ML &#8211; Tira-N\u00f3doas","date":"Fevereiro 23, 2022","format":false,"excerpt":"Tira-n\u00f3doas e agente de pr\u00e9-tratamento de tecidos para a remo\u00e7\u00e3o de n\u00f3doas de gordura.","rel":"","context":"Similar post","img":{"alt_text":"","src":"https:\/\/i0.wp.com\/mundo.seashell.pt\/wp-content\/uploads\/2022\/02\/deg_action.jpg?resize=350%2C200&ssl=1","width":350,"height":200},"classes":[]},{"id":6311,"url":"https:\/\/mundo.seashell.pt\/?product=neoblanc-gentil-lixivia-delicada","url_meta":{"origin":5828,"position":4},"title":"Neoblanc Gentil Lix\u00edvia Delicada 1L","date":"Fevereiro 23, 2022","format":false,"excerpt":"Neoblanc Gentil \u00e9 uma lix\u00edvia delicada, segura sobre todas as cores e tecidos, sint\u00e9ticos ou delicados, como l\u00e3 e seda. Adicionada em cada lavagem, tira-n\u00f3doas, higieniza e elimina os cheiros. Tipo de produto: Lix\u00edvia DelicadaBenef\u00edcios: - Remo\u00e7\u00e3o de manchas de toda a roupa;- Elimina\u00e7\u00e3o do mau cheiro;- ...","rel":"","context":"Similar post","img":{"alt_text":"","src":"https:\/\/i0.wp.com\/mundo.seashell.pt\/wp-content\/uploads\/2022\/02\/NEOBLANC_GENTIL_1L_8001480020740.png?resize=350%2C200&ssl=1","width":350,"height":200},"classes":[]},{"id":6629,"url":"https:\/\/mundo.seashell.pt\/?product=iberia-tira-nodoas-015l","url_meta":{"origin":5828,"position":5},"title":"Ib\u00e9ria Tira N\u00f3doas 150ml","date":"Fevereiro 23, 2022","format":false,"excerpt":"Descri\u00e7\u00e3o: N\u00f3doas acidentais com necessidade de pr\u00e9-tratamento? Ib\u00e9ria tira n\u00f3doas acidentais \u00e9 um produto que elimina as n\u00f3doas dif\u00edceis \u00e0 primeira. \u00c9 muito f\u00e1cil de usar, basta aplicar na roupa atrav\u00e9s do seu aplicador exclusivo. N\u00f3doas resistentes com necessidade de pr\u00e9-tratamento? Ib\u00e9ria tira n\u00f3doas di\u00e1rias \u00e9 um produto qu...","rel":"","context":"Similar post","img":{"alt_text":"","src":"https:\/\/i0.wp.com\/mundo.seashell.pt\/wp-content\/uploads\/2022\/02\/IBE_RIA_REVOLUTION_TIRA_NO_DOAS_ACIDENTAIS_150ml_8411660210036.png?resize=350%2C200&ssl=1","width":350,"height":200},"classes":[]}],"_links":{"self":[{"href":"https:\/\/mundo.seashell.pt\/index.php?rest_route=\/wp\/v2\/product\/5828","targetHints":{"allow":["GET"]}}],"collection":[{"href":"https:\/\/mundo.seashell.pt\/index.php?rest_route=\/wp\/v2\/product"}],"about":[{"href":"https:\/\/mundo.seashell.pt\/index.php?rest_route=\/wp\/v2\/types\/product"}],"wp:featuredmedia":[{"embeddable":true,"href":"https:\/\/mundo.seashell.pt\/index.php?rest_route=\/wp\/v2\/media\/5829"}],"wp:attachment":[{"href":"https:\/\/mundo.seashell.pt\/index.php?rest_route=%2Fwp%2Fv2%2Fmedia&parent=5828"}],"wp:term":[{"taxonomy":"product_cat","embeddable":true,"href":"https:\/\/mundo.seashell.pt\/index.php?rest_route=%2Fwp%2Fv2%2Fproduct_cat&post=5828"},{"taxonomy":"product_tag","embeddable":true,"href":"https:\/\/mundo.seashell.pt\/index.php?rest_route=%2Fwp%2Fv2%2Fproduct_tag&post=5828"}],"curies":[{"name":"wp","href":"https:\/\/api.w.org\/{rel}","templated":true}]}}