{"id":5820,"date":"2022-02-23T11:40:00","date_gmt":"2022-02-23T11:40:00","guid":{"rendered":"https:\/\/mundo.seashell.pt\/?post_type=product&#038;p=5820"},"modified":"2022-02-23T11:40:16","modified_gmt":"2022-02-23T11:40:16","slug":"stain-active-5kg-lavandaria-automaticamanual","status":"publish","type":"product","link":"https:\/\/mundo.seashell.pt\/?product=stain-active-5kg-lavandaria-automaticamanual","title":{"rendered":"Aditivo Tira-N\u00f3doas Stain Active &#8211; Lavandaria Autom\u00e1tica\/Manual"},"content":{"rendered":"<h2>ADITIVO TIRA-N\u00d3DOAS PARA LAVAGEM MANUAL E AUTOM\u00c1TICA DE TECIDOS BRANCOS OU DE COR<\/h2>\n<ul>\n<li>Ac\u00e7\u00e3o branqueadora de qualidade superior<\/li>\n<li>Eficaz j\u00e1 a partir de 20\u00b0<\/li>\n<li>Neutralizador de odores<\/li>\n<\/ul>\n<h4>Descri\u00e7\u00e3o<\/h4>\n<p>Stain Active \u00e9 uma solu\u00e7\u00e3o aquosa que cont\u00e9m cristais com \u00e1cido 6-ftalimido-peroxi-hexanoico em suspens\u00e3o estabilizada, com um branqueamento e a\u00e7\u00e3o neutralizante do mau cheiro de qualidade superior.<\/p>\n<h4>Dilui\u00e7\u00e3o<\/h4>\n<p>Doses (ml\/kg de roupas)<br \/>Pouca sujeira: 2ml\/kg \u2013 Sujeira normal: 3ml\/kg &#8211; Muita sujeira: 3,2ml\/kg.<br \/>Dosear em fun\u00e7\u00e3o do ciclo de lavado, da dureza da \u00e1gua e do tipo de sujidade. A dose e a temperatura aconselhadas consentem poupar e reduzir ao m\u00ednimo o impacto ambiental e o consumo de \u00e1gua e de energia. Para mais informa\u00e7\u00f5es contactar os t\u00e9cnicos da Sutter Professional.<\/p>\n<h4>Como usar<\/h4>\n<p>Pode ser acrescentado \u00e0 lavagem principal e\/ou no primeiro enxague durante o qual as caracter\u00edsticas do pH promovem os melhores resultados.<br \/>Formato 5kg: Deite o produto no apropriado tanque da m\u00e1quina de lavar roupa ou em tanque de molho dos tecidos para a lavagem \u00e0 m\u00e3o.<br \/>Formato 20kg: Deve ser utilizado com outros produtos da linha Oxipur e com sistemas autom\u00e1ticos de dosagem Sutter Tech.<\/p>\n","protected":false},"excerpt":{"rendered":"<p>AditivoTira-N\u00f3doas Para Lavagem Manual e Autom\u00e1tica de Tecidos Brancos ou de Cor com um branqueamento e a\u00e7\u00e3o neutralizante do mau cheiro de qualidade superior.<\/p>\n","protected":false},"featured_media":5821,"template":"","meta":{"spay_email":""},"product_cat":[15],"product_tag":[],"class_list":{"0":"post-5820","1":"product","2":"type-product","3":"status-publish","4":"has-post-thumbnail","6":"product_cat-sem-categoria","8":"first","9":"instock","10":"taxable","11":"shipping-taxable","12":"purchasable","13":"product-type-simple"},"acf":[],"jetpack-related-posts":[{"id":5812,"url":"https:\/\/mundo.seashell.pt\/?product=white-3-10lt-lavandaria-automatica","url_meta":{"origin":5820,"position":0},"title":"Aditivo Tira N\u00f3doas White 3 10Lt &#8211; Lavandaria Autom\u00e1tica","date":"Fevereiro 23, 2022","format":false,"excerpt":"Aditivo tira-n\u00f3doas para lavagem autom\u00e1tica de tecidos brancos ou de cor","rel":"","context":"Similar post","img":{"alt_text":"","src":"https:\/\/i0.wp.com\/mundo.seashell.pt\/wp-content\/uploads\/2022\/02\/white_3.jpg?resize=350%2C200&ssl=1","width":350,"height":200},"classes":[]},{"id":5784,"url":"https:\/\/mundo.seashell.pt\/?product=enzy-extra-5-kg-lavandaria-automaticamanual","url_meta":{"origin":5820,"position":1},"title":"Detergente Enzy Extra &#8211; Lavandaria Autom\u00e1tica\/Manual","date":"Fevereiro 23, 2022","format":false,"excerpt":"Detergente completo enzim\u00e1tico para lavagem manual e autom\u00e1tica de tecidos","rel":"","context":"Similar post","img":{"alt_text":"","src":"https:\/\/i0.wp.com\/mundo.seashell.pt\/wp-content\/uploads\/2022\/02\/enzy_extra.jpg?resize=350%2C200&ssl=1","width":350,"height":200},"classes":[]},{"id":5814,"url":"https:\/\/mundo.seashell.pt\/?product=alka-power-24-kg-lavandaria-automatica","url_meta":{"origin":5820,"position":2},"title":"Aditivo Alcalino Alka Power 24Kg &#8211; Lavandaria Autom\u00e1tica","date":"Fevereiro 23, 2022","format":false,"excerpt":"Aditivo alcalino secuestrante para lavagem autom\u00e1tica de roupa","rel":"","context":"Similar post","img":{"alt_text":"","src":"https:\/\/i0.wp.com\/mundo.seashell.pt\/wp-content\/uploads\/2022\/02\/alka_power_5.jpg?resize=350%2C200&ssl=1","width":350,"height":200},"classes":[]},{"id":5786,"url":"https:\/\/mundo.seashell.pt\/?product=alka-extra-22-kg-lavandaria-automatica","url_meta":{"origin":5820,"position":3},"title":"Detergente Aditivo Alka Extra 22 Kg &#8211; Lavandaria Autom\u00e1tica","date":"Fevereiro 23, 2022","format":false,"excerpt":"Detergente aditivo refor\u00e7ador para a lavagem autom\u00e1tica dos tecidos.","rel":"","context":"Similar post","img":{"alt_text":"","src":"https:\/\/i0.wp.com\/mundo.seashell.pt\/wp-content\/uploads\/2022\/02\/alka_extra_4.jpg?resize=350%2C200&ssl=1","width":350,"height":200},"classes":[]},{"id":5780,"url":"https:\/\/mundo.seashell.pt\/?product=boost-2-10lt-lavandaria-automatica","url_meta":{"origin":5820,"position":4},"title":"Detergente Boost 2 10Lt &#8211; Lavandaria Autom\u00e1tica","date":"Fevereiro 23, 2022","format":false,"excerpt":"Detergente refor\u00e7ador para lavagem autom\u00e1tica de tecidos","rel":"","context":"Similar post","img":{"alt_text":"","src":"https:\/\/i0.wp.com\/mundo.seashell.pt\/wp-content\/uploads\/2022\/02\/boost_2.jpg?resize=350%2C200&ssl=1","width":350,"height":200},"classes":[]},{"id":5782,"url":"https:\/\/mundo.seashell.pt\/?product=clean-active-20-kg-lavandaria-automaticamanual","url_meta":{"origin":5820,"position":5},"title":"Detergente Clean Active &#8211; Lavandaria Autom\u00e1tica\/Manual","date":"Fevereiro 23, 2022","format":false,"excerpt":"Detergente perfumado para lavagem manual e autom\u00e1tica da roupa com efeito poderoso de lavagem para todos os tipos de sujidade e de tecido.","rel":"","context":"Similar post","img":{"alt_text":"","src":"https:\/\/i0.wp.com\/mundo.seashell.pt\/wp-content\/uploads\/2022\/02\/clean_active.jpg?resize=350%2C200&ssl=1","width":350,"height":200},"classes":[]}],"_links":{"self":[{"href":"https:\/\/mundo.seashell.pt\/index.php?rest_route=\/wp\/v2\/product\/5820","targetHints":{"allow":["GET"]}}],"collection":[{"href":"https:\/\/mundo.seashell.pt\/index.php?rest_route=\/wp\/v2\/product"}],"about":[{"href":"https:\/\/mundo.seashell.pt\/index.php?rest_route=\/wp\/v2\/types\/product"}],"wp:featuredmedia":[{"embeddable":true,"href":"https:\/\/mundo.seashell.pt\/index.php?rest_route=\/wp\/v2\/media\/5821"}],"wp:attachment":[{"href":"https:\/\/mundo.seashell.pt\/index.php?rest_route=%2Fwp%2Fv2%2Fmedia&parent=5820"}],"wp:term":[{"taxonomy":"product_cat","embeddable":true,"href":"https:\/\/mundo.seashell.pt\/index.php?rest_route=%2Fwp%2Fv2%2Fproduct_cat&post=5820"},{"taxonomy":"product_tag","embeddable":true,"href":"https:\/\/mundo.seashell.pt\/index.php?rest_route=%2Fwp%2Fv2%2Fproduct_tag&post=5820"}],"curies":[{"name":"wp","href":"https:\/\/api.w.org\/{rel}","templated":true}]}}