{"id":5818,"date":"2022-02-23T11:39:56","date_gmt":"2022-02-23T11:39:56","guid":{"rendered":"https:\/\/mundo.seashell.pt\/?post_type=product&#038;p=5818"},"modified":"2022-02-23T11:40:00","modified_gmt":"2022-02-23T11:40:00","slug":"oxy-active-22kg-lavandaria-automatica","status":"publish","type":"product","link":"https:\/\/mundo.seashell.pt\/?product=oxy-active-22kg-lavandaria-automatica","title":{"rendered":"Aditivo Oxy Active 22Kg &#8211; Lavandaria Autom\u00e1tica"},"content":{"rendered":"<h2>Aditivo \u00e0 base de oxig\u00eanio activo<\/h2>\n<ul>\n<li>Adequado tamb\u00e9m para ambiente agroalimentar<\/li>\n<li>F\u00f3rmula altamente concentrada e estabilizada<\/li>\n<li>Otimizado para uso com produtos do sistema Oxipur<\/li>\n<\/ul>\n<h4><\/h4>\n<h4>Descri\u00e7\u00e3o<\/h4>\n<p>Aditivo \u00e0 base de oxig\u00e9nio activo para todos os tecidos. Deve ser utilizado tamb\u00e9m com temperatura acima de 60 \u00b0C. Activo com qualquer grau de dureza da \u00e1gua.<\/p>\n<h4><\/h4>\n<h4>Dilui\u00e7\u00e3o<\/h4>\n<p>Dosear em fun\u00e7\u00e3o do ciclo de lavado, da dureza da \u00e1gua e do tipo de sujidade.<br \/>Para uso agroalimentar: 3%.<br \/>Contatar os t\u00e9cnicos da Sutter Professional.<\/p>\n<h4><\/h4>\n<h4>Como usar<\/h4>\n<p>Deve ser utilizado com outros produtos da linha Oxipur e com sistemas autom\u00e1ticos de dosagem Sutter Tech.<\/p>\n","protected":false},"excerpt":{"rendered":"<p>Aditivo \u00e0 base de oxig\u00eanio activo para todos os tecidos<\/p>\n","protected":false},"featured_media":5819,"template":"","meta":{"spay_email":""},"product_cat":[15],"product_tag":[],"class_list":{"0":"post-5818","1":"product","2":"type-product","3":"status-publish","4":"has-post-thumbnail","6":"product_cat-sem-categoria","8":"first","9":"instock","10":"taxable","11":"shipping-taxable","12":"purchasable","13":"product-type-simple"},"acf":[],"jetpack-related-posts":[{"id":5814,"url":"https:\/\/mundo.seashell.pt\/?product=alka-power-24-kg-lavandaria-automatica","url_meta":{"origin":5818,"position":0},"title":"Aditivo Alcalino Alka Power 24Kg &#8211; Lavandaria Autom\u00e1tica","date":"Fevereiro 23, 2022","format":false,"excerpt":"Aditivo alcalino secuestrante para lavagem autom\u00e1tica de roupa","rel":"","context":"Similar post","img":{"alt_text":"","src":"https:\/\/i0.wp.com\/mundo.seashell.pt\/wp-content\/uploads\/2022\/02\/alka_power_5.jpg?resize=350%2C200&ssl=1","width":350,"height":200},"classes":[]},{"id":5760,"url":"https:\/\/mundo.seashell.pt\/?product=chlor-active-24kg-lavandaria-automatica","url_meta":{"origin":5818,"position":1},"title":"Branqueador Chlor Active 24Kg &#8211; Lavandaria Autom\u00e1tica","date":"Fevereiro 23, 2022","format":false,"excerpt":"Branqueador \u00e0 base de cloro activo para lavagem autom\u00e1tica de roupa, para todos os tecidos brancos ou resistentes ao cloro","rel":"","context":"Similar post","img":{"alt_text":"","src":"https:\/\/i0.wp.com\/mundo.seashell.pt\/wp-content\/uploads\/2022\/02\/chlor_active.jpg?resize=350%2C200&ssl=1","width":350,"height":200},"classes":[]},{"id":5820,"url":"https:\/\/mundo.seashell.pt\/?product=stain-active-5kg-lavandaria-automaticamanual","url_meta":{"origin":5818,"position":2},"title":"Aditivo Tira-N\u00f3doas Stain Active &#8211; Lavandaria Autom\u00e1tica\/Manual","date":"Fevereiro 23, 2022","format":false,"excerpt":"AditivoTira-N\u00f3doas Para Lavagem Manual e Autom\u00e1tica de Tecidos Brancos ou de Cor com um branqueamento e a\u00e7\u00e3o neutralizante do mau cheiro de qualidade superior.","rel":"","context":"Similar post","img":{"alt_text":"","src":"https:\/\/i0.wp.com\/mundo.seashell.pt\/wp-content\/uploads\/2022\/02\/stain_active.jpg?resize=350%2C200&ssl=1","width":350,"height":200},"classes":[]},{"id":5762,"url":"https:\/\/mundo.seashell.pt\/?product=per-active-22kg-lavandaria-automatica","url_meta":{"origin":5818,"position":3},"title":"Branqueador Per Active 22Kg &#8211; Lavandaria Autom\u00e1tica","date":"Fevereiro 23, 2022","format":false,"excerpt":"Branqueador a base de \u00e1cido perac\u00e9tico, formulado para trabalhar em m\u00e9dia ou baixa temperatura e com efeito higienizante.","rel":"","context":"Similar post","img":{"alt_text":"","src":"https:\/\/i0.wp.com\/mundo.seashell.pt\/wp-content\/uploads\/2022\/02\/peractive.jpg?resize=350%2C200&ssl=1","width":350,"height":200},"classes":[]},{"id":5782,"url":"https:\/\/mundo.seashell.pt\/?product=clean-active-20-kg-lavandaria-automaticamanual","url_meta":{"origin":5818,"position":4},"title":"Detergente Clean Active &#8211; Lavandaria Autom\u00e1tica\/Manual","date":"Fevereiro 23, 2022","format":false,"excerpt":"Detergente perfumado para lavagem manual e autom\u00e1tica da roupa com efeito poderoso de lavagem para todos os tipos de sujidade e de tecido.","rel":"","context":"Similar post","img":{"alt_text":"","src":"https:\/\/i0.wp.com\/mundo.seashell.pt\/wp-content\/uploads\/2022\/02\/clean_active.jpg?resize=350%2C200&ssl=1","width":350,"height":200},"classes":[]},{"id":5786,"url":"https:\/\/mundo.seashell.pt\/?product=alka-extra-22-kg-lavandaria-automatica","url_meta":{"origin":5818,"position":5},"title":"Detergente Aditivo Alka Extra 22 Kg &#8211; Lavandaria Autom\u00e1tica","date":"Fevereiro 23, 2022","format":false,"excerpt":"Detergente aditivo refor\u00e7ador para a lavagem autom\u00e1tica dos tecidos.","rel":"","context":"Similar post","img":{"alt_text":"","src":"https:\/\/i0.wp.com\/mundo.seashell.pt\/wp-content\/uploads\/2022\/02\/alka_extra_4.jpg?resize=350%2C200&ssl=1","width":350,"height":200},"classes":[]}],"_links":{"self":[{"href":"https:\/\/mundo.seashell.pt\/index.php?rest_route=\/wp\/v2\/product\/5818","targetHints":{"allow":["GET"]}}],"collection":[{"href":"https:\/\/mundo.seashell.pt\/index.php?rest_route=\/wp\/v2\/product"}],"about":[{"href":"https:\/\/mundo.seashell.pt\/index.php?rest_route=\/wp\/v2\/types\/product"}],"wp:featuredmedia":[{"embeddable":true,"href":"https:\/\/mundo.seashell.pt\/index.php?rest_route=\/wp\/v2\/media\/5819"}],"wp:attachment":[{"href":"https:\/\/mundo.seashell.pt\/index.php?rest_route=%2Fwp%2Fv2%2Fmedia&parent=5818"}],"wp:term":[{"taxonomy":"product_cat","embeddable":true,"href":"https:\/\/mundo.seashell.pt\/index.php?rest_route=%2Fwp%2Fv2%2Fproduct_cat&post=5818"},{"taxonomy":"product_tag","embeddable":true,"href":"https:\/\/mundo.seashell.pt\/index.php?rest_route=%2Fwp%2Fv2%2Fproduct_tag&post=5818"}],"curies":[{"name":"wp","href":"https:\/\/api.w.org\/{rel}","templated":true}]}}