{"id":5812,"date":"2022-02-23T11:39:47","date_gmt":"2022-02-23T11:39:47","guid":{"rendered":"https:\/\/mundo.seashell.pt\/?post_type=product&#038;p=5812"},"modified":"2022-02-23T11:39:49","modified_gmt":"2022-02-23T11:39:49","slug":"white-3-10lt-lavandaria-automatica","status":"publish","type":"product","link":"https:\/\/mundo.seashell.pt\/?product=white-3-10lt-lavandaria-automatica","title":{"rendered":"Aditivo Tira N\u00f3doas White 3 10Lt &#8211; Lavandaria Autom\u00e1tica"},"content":{"rendered":"<h2>Aditivo tira-n\u00f3doas para lavagem autom\u00e1tica de tecidos brancos ou de cor<\/h2>\n<ul>\n<li>Seguro, conveniente e sustent\u00e1vel<\/li>\n<li>Eficaz j\u00e1 a partir de 20\u00b0<\/li>\n<li>Ac\u00e7\u00e3o branqueadora e neutralizador de odores<\/li>\n<\/ul>\n<h4><\/h4>\n<h4>Descri\u00e7\u00e3o<\/h4>\n<p>White 3 \u00e8 uma solu\u00e7\u00e3o aquosa que cont\u00e9m cristais com \u00e1cido 6-ftalimido-peroxi-hexanoico em suspens\u00e3o estabilizada, com um branqueamento e a\u00e7\u00e3o neutralizante do mau cheiro de qualidade superior.<\/p>\n<p>Certificado Ecolabel: IT\/039\/004.<\/p>\n<h4><\/h4>\n<h4>Dilui\u00e7\u00e3o<\/h4>\n<p>Doses (ml\/kg de roupas):<\/p>\n<ul>\n<li>Pouca sujeira: 2 ml\/kg.<\/li>\n<li>Sujeira normal: 3 ml\/kg.<\/li>\n<li>Muita sujeira: 3,2 ml\/kg.<\/li>\n<\/ul>\n<p>USAR \u00daNICAMENTE DILU\u00cdDO!<br \/>Dosear em fun\u00e7\u00e3o do ciclo de lavagem, da dureza da \u00e1gua e do tipo de sujidade. A dose e a temperatura aconselhadas consentem poupar e reduzir ao m\u00ednimo o impacto ambiental e o consumo de \u00e1gua e de energia.<br \/>Produto dosado do sistema de dosagem. Para mais informa\u00e7\u00f5es contactar os t\u00e9cnicos da Sutter Professional.<\/p>\n<h4><\/h4>\n<h4>Como usar<\/h4>\n<p>Pode ser acrescentado \u00e0 lavagem principal e\/ou no primeiro enxague durante o qual as caracter\u00edsticas do pH promovem os melhores resultados.<br \/>Deve ser utilizado com outros produtos da linha Pick a Box e com sistemas autom\u00e1ticos de dosagem Sutter Tech.<\/p>\n","protected":false},"excerpt":{"rendered":"<p>Aditivo tira-n\u00f3doas para lavagem autom\u00e1tica de tecidos brancos ou de cor<\/p>\n","protected":false},"featured_media":5813,"template":"","meta":{"spay_email":""},"product_cat":[15],"product_tag":[],"class_list":{"0":"post-5812","1":"product","2":"type-product","3":"status-publish","4":"has-post-thumbnail","6":"product_cat-sem-categoria","8":"first","9":"instock","10":"taxable","11":"shipping-taxable","12":"purchasable","13":"product-type-simple"},"acf":[],"jetpack-related-posts":[{"id":5820,"url":"https:\/\/mundo.seashell.pt\/?product=stain-active-5kg-lavandaria-automaticamanual","url_meta":{"origin":5812,"position":0},"title":"Aditivo Tira-N\u00f3doas Stain Active &#8211; Lavandaria Autom\u00e1tica\/Manual","date":"Fevereiro 23, 2022","format":false,"excerpt":"AditivoTira-N\u00f3doas Para Lavagem Manual e Autom\u00e1tica de Tecidos Brancos ou de Cor com um branqueamento e a\u00e7\u00e3o neutralizante do mau cheiro de qualidade superior.","rel":"","context":"Similar post","img":{"alt_text":"","src":"https:\/\/i0.wp.com\/mundo.seashell.pt\/wp-content\/uploads\/2022\/02\/stain_active.jpg?resize=350%2C200&ssl=1","width":350,"height":200},"classes":[]},{"id":5814,"url":"https:\/\/mundo.seashell.pt\/?product=alka-power-24-kg-lavandaria-automatica","url_meta":{"origin":5812,"position":1},"title":"Aditivo Alcalino Alka Power 24Kg &#8211; Lavandaria Autom\u00e1tica","date":"Fevereiro 23, 2022","format":false,"excerpt":"Aditivo alcalino secuestrante para lavagem autom\u00e1tica de roupa","rel":"","context":"Similar post","img":{"alt_text":"","src":"https:\/\/i0.wp.com\/mundo.seashell.pt\/wp-content\/uploads\/2022\/02\/alka_power_5.jpg?resize=350%2C200&ssl=1","width":350,"height":200},"classes":[]},{"id":5780,"url":"https:\/\/mundo.seashell.pt\/?product=boost-2-10lt-lavandaria-automatica","url_meta":{"origin":5812,"position":2},"title":"Detergente Boost 2 10Lt &#8211; Lavandaria Autom\u00e1tica","date":"Fevereiro 23, 2022","format":false,"excerpt":"Detergente refor\u00e7ador para lavagem autom\u00e1tica de tecidos","rel":"","context":"Similar post","img":{"alt_text":"","src":"https:\/\/i0.wp.com\/mundo.seashell.pt\/wp-content\/uploads\/2022\/02\/boost_2.jpg?resize=350%2C200&ssl=1","width":350,"height":200},"classes":[]},{"id":5786,"url":"https:\/\/mundo.seashell.pt\/?product=alka-extra-22-kg-lavandaria-automatica","url_meta":{"origin":5812,"position":3},"title":"Detergente Aditivo Alka Extra 22 Kg &#8211; Lavandaria Autom\u00e1tica","date":"Fevereiro 23, 2022","format":false,"excerpt":"Detergente aditivo refor\u00e7ador para a lavagem autom\u00e1tica dos tecidos.","rel":"","context":"Similar post","img":{"alt_text":"","src":"https:\/\/i0.wp.com\/mundo.seashell.pt\/wp-content\/uploads\/2022\/02\/alka_extra_4.jpg?resize=350%2C200&ssl=1","width":350,"height":200},"classes":[]},{"id":5778,"url":"https:\/\/mundo.seashell.pt\/?product=enzy-1-10lt-lavandaria-automatica","url_meta":{"origin":5812,"position":4},"title":"Detergente enzim\u00e1tico Enzy 1 10Lt","date":"Fevereiro 23, 2022","format":false,"excerpt":"Detergente enzim\u00e1tico completo concentrado, agradavelmente perfumado e de elevado desempenho","rel":"","context":"Similar post","img":{"alt_text":"","src":"https:\/\/i0.wp.com\/mundo.seashell.pt\/wp-content\/uploads\/2022\/02\/enzy_1.jpg?resize=350%2C200&ssl=1","width":350,"height":200},"classes":[]},{"id":5784,"url":"https:\/\/mundo.seashell.pt\/?product=enzy-extra-5-kg-lavandaria-automaticamanual","url_meta":{"origin":5812,"position":5},"title":"Detergente Enzy Extra &#8211; Lavandaria Autom\u00e1tica\/Manual","date":"Fevereiro 23, 2022","format":false,"excerpt":"Detergente completo enzim\u00e1tico para lavagem manual e autom\u00e1tica de tecidos","rel":"","context":"Similar post","img":{"alt_text":"","src":"https:\/\/i0.wp.com\/mundo.seashell.pt\/wp-content\/uploads\/2022\/02\/enzy_extra.jpg?resize=350%2C200&ssl=1","width":350,"height":200},"classes":[]}],"_links":{"self":[{"href":"https:\/\/mundo.seashell.pt\/index.php?rest_route=\/wp\/v2\/product\/5812","targetHints":{"allow":["GET"]}}],"collection":[{"href":"https:\/\/mundo.seashell.pt\/index.php?rest_route=\/wp\/v2\/product"}],"about":[{"href":"https:\/\/mundo.seashell.pt\/index.php?rest_route=\/wp\/v2\/types\/product"}],"wp:featuredmedia":[{"embeddable":true,"href":"https:\/\/mundo.seashell.pt\/index.php?rest_route=\/wp\/v2\/media\/5813"}],"wp:attachment":[{"href":"https:\/\/mundo.seashell.pt\/index.php?rest_route=%2Fwp%2Fv2%2Fmedia&parent=5812"}],"wp:term":[{"taxonomy":"product_cat","embeddable":true,"href":"https:\/\/mundo.seashell.pt\/index.php?rest_route=%2Fwp%2Fv2%2Fproduct_cat&post=5812"},{"taxonomy":"product_tag","embeddable":true,"href":"https:\/\/mundo.seashell.pt\/index.php?rest_route=%2Fwp%2Fv2%2Fproduct_tag&post=5812"}],"curies":[{"name":"wp","href":"https:\/\/api.w.org\/{rel}","templated":true}]}}