{"id":5810,"date":"2022-02-23T11:39:44","date_gmt":"2022-02-23T11:39:44","guid":{"rendered":"https:\/\/mundo.seashell.pt\/?post_type=product&#038;p=5810"},"modified":"2022-02-23T11:39:46","modified_gmt":"2022-02-23T11:39:46","slug":"fun-perfumador-roupa-fragancy-750ml","status":"publish","type":"product","link":"https:\/\/mundo.seashell.pt\/?product=fun-perfumador-roupa-fragancy-750ml","title":{"rendered":"Fun Perfumador Roupa Fragancy 750Ml &#8211; Lavandaria Manual"},"content":{"rendered":"<p>Perfumador para a roupa<\/p>\n<p><strong><br \/><\/strong><\/p>\n<p><strong>PROPRIEDADES<\/strong><\/p>\n<p>O Fun Perfumador pode ser utilizado como um complemento ao&nbsp;amaciador, refor\u00e7ando o seu desempenho, ou como substituto ao&nbsp;amaciador em todo o tipo de roupa.<\/p>\n<p>Deixa na roupa um perfume intenso e de longa dura\u00e7\u00e3o.<\/p>\n<p><strong><br \/><\/strong><\/p>\n<p><strong>CONDI\u00c7\u00d5ES DE UTILIZA\u00c7\u00c3O<\/strong><\/p>\n<p>Para uma m\u00e1quina de 4-5kg, utilizar de 10 a 20 ml do produto.<\/p>\n<p>Para uma m\u00e1quina de 6-8kg, utilizar 15 a 30 ml do produto.<\/p>\n<p>Colocar o Fun Perfumador na gaveta predestinada ao amaciador.<\/p>\n<p><strong><br \/><\/strong><\/p>\n<p><strong>CARACTERISTICAS FISICO QU\u00cdMICAS<\/strong><\/p>\n<p>Aspeto: Produto L\u00edquido<\/p>\n<p>Cor: branco<\/p>\n<p>pH 7<\/p>\n<p>Biodegrad\u00e1vel, conforme regulamento (CE) No 648\/2004 Anexo II e III<\/p>\n","protected":false},"excerpt":{"rendered":"<p>O Fun Perfumador pode ser utilizado como um complemento ao amaciador, refor\u00e7ando o seu desempenho.<\/p>\n","protected":false},"featured_media":5811,"template":"","meta":{"spay_email":""},"product_cat":[15],"product_tag":[],"class_list":{"0":"post-5810","1":"product","2":"type-product","3":"status-publish","4":"has-post-thumbnail","6":"product_cat-sem-categoria","8":"first","9":"instock","10":"taxable","11":"shipping-taxable","12":"purchasable","13":"product-type-simple"},"acf":[],"jetpack-related-posts":[{"id":5740,"url":"https:\/\/mundo.seashell.pt\/?product=soft-power-caps-eco-20kg","url_meta":{"origin":5810,"position":0},"title":"Amaciador Soft Power Caps Eco 20Kg","date":"Fevereiro 23, 2022","format":false,"excerpt":"Amaciador concentrado altamente perfumado para lavagem da roupa. Tecnologia patenteada com perfume microencapsulado.","rel":"","context":"Similar post","img":{"alt_text":"","src":"https:\/\/i0.wp.com\/mundo.seashell.pt\/wp-content\/uploads\/2022\/02\/soft_power_caps_eco.jpg?resize=350%2C200&ssl=1","width":350,"height":200},"classes":[]},{"id":5736,"url":"https:\/\/mundo.seashell.pt\/?product=soft-4-10lt-lavandaria-automaticamanual","url_meta":{"origin":5810,"position":1},"title":"Amaciador Soft 4 10Lt &#8211; Lavandaria Autom\u00e1tica\/Manual","date":"Fevereiro 23, 2022","format":false,"excerpt":"Amaciador concentrado altamente perfumado para lavagem da roupa","rel":"","context":"Similar post","img":{"alt_text":"","src":"https:\/\/i0.wp.com\/mundo.seashell.pt\/wp-content\/uploads\/2022\/02\/soft_4.jpg?resize=350%2C200&ssl=1","width":350,"height":200},"classes":[]},{"id":5730,"url":"https:\/\/mundo.seashell.pt\/?product=stark-power-5l-lavandaria-automaticamanual","url_meta":{"origin":5810,"position":2},"title":"Amaciador Stark Power &#8211; Lavandaria Autom\u00e1tica\/Manual","date":"Fevereiro 23, 2022","format":false,"excerpt":"Amaciador super perfumado com microc\u00e1psulas para a roupa.","rel":"","context":"Similar post","img":{"alt_text":"","src":"https:\/\/i0.wp.com\/mundo.seashell.pt\/wp-content\/uploads\/2022\/02\/stark_power.jpg?resize=350%2C200&ssl=1","width":350,"height":200},"classes":[]},{"id":5732,"url":"https:\/\/mundo.seashell.pt\/?product=fun-soft-talco-e-flor-de-algodao-2l","url_meta":{"origin":5810,"position":3},"title":"Amaciador Fun Soft 2L &#8211; 80 Doses","date":"Fevereiro 23, 2022","format":false,"excerpt":"Amaciador para a roupa","rel":"","context":"Similar post","img":{"alt_text":"","src":"https:\/\/i0.wp.com\/mundo.seashell.pt\/wp-content\/uploads\/2022\/02\/fun_amaciador_80_doses.jpg?resize=350%2C200&ssl=1","width":350,"height":200},"classes":[]},{"id":5738,"url":"https:\/\/mundo.seashell.pt\/?product=soft-power-caps-5kg-lavandaria-automaticamanual","url_meta":{"origin":5810,"position":4},"title":"Amaciador Soft Power Caps &#8211; Lavandaria Autom\u00e1tica\/Manual","date":"Fevereiro 23, 2022","format":false,"excerpt":"Amaciador concentrado altamente perfumado para lavagem da roupa tecnologia patenteada com microc\u00e1psulas","rel":"","context":"Similar post","img":{"alt_text":"","src":"https:\/\/i0.wp.com\/mundo.seashell.pt\/wp-content\/uploads\/2022\/02\/soft_power_caps.jpg?resize=350%2C200&ssl=1","width":350,"height":200},"classes":[]},{"id":6597,"url":"https:\/\/mundo.seashell.pt\/?product=lenor-amaciador-de-roupa-37-doses","url_meta":{"origin":5810,"position":5},"title":"Lenor Amaciador de Roupa 37 Doses","date":"Fevereiro 23, 2022","format":false,"excerpt":"Com Lenor, transforme as suas tarefas di\u00e1rias em experi\u00eancias sensoriais. Com a sua exuberante combina\u00e7\u00e3o de um misterioso cocktail de bergamota e um buquet arejado da delicada fr\u00e9sia e jasmim radiante, a sua sofisticada ess\u00eancia multi-sensorial foi inspirada pelas \u00faltimas tend\u00eancias. Al\u00e9m disso, este amaciador para roupa foi desenvolvido par...","rel":"","context":"Similar post","img":{"alt_text":"","src":"https:\/\/i0.wp.com\/mundo.seashell.pt\/wp-content\/uploads\/2022\/02\/LENOR_AMACIADOR_AMETISTA_37D_8006540002957.png?resize=350%2C200&ssl=1","width":350,"height":200},"classes":[]}],"_links":{"self":[{"href":"https:\/\/mundo.seashell.pt\/index.php?rest_route=\/wp\/v2\/product\/5810","targetHints":{"allow":["GET"]}}],"collection":[{"href":"https:\/\/mundo.seashell.pt\/index.php?rest_route=\/wp\/v2\/product"}],"about":[{"href":"https:\/\/mundo.seashell.pt\/index.php?rest_route=\/wp\/v2\/types\/product"}],"wp:featuredmedia":[{"embeddable":true,"href":"https:\/\/mundo.seashell.pt\/index.php?rest_route=\/wp\/v2\/media\/5811"}],"wp:attachment":[{"href":"https:\/\/mundo.seashell.pt\/index.php?rest_route=%2Fwp%2Fv2%2Fmedia&parent=5810"}],"wp:term":[{"taxonomy":"product_cat","embeddable":true,"href":"https:\/\/mundo.seashell.pt\/index.php?rest_route=%2Fwp%2Fv2%2Fproduct_cat&post=5810"},{"taxonomy":"product_tag","embeddable":true,"href":"https:\/\/mundo.seashell.pt\/index.php?rest_route=%2Fwp%2Fv2%2Fproduct_tag&post=5810"}],"curies":[{"name":"wp","href":"https:\/\/api.w.org\/{rel}","templated":true}]}}