{"id":5808,"date":"2022-02-23T11:39:41","date_gmt":"2022-02-23T11:39:41","guid":{"rendered":"https:\/\/mundo.seashell.pt\/?post_type=product&#038;p=5808"},"modified":"2022-02-23T11:39:44","modified_gmt":"2022-02-23T11:39:44","slug":"stark-pluvion-f1e-5l","status":"publish","type":"product","link":"https:\/\/mundo.seashell.pt\/?product=stark-pluvion-f1e-5l","title":{"rendered":"Stark Pluvion F1E 5L &#8211; Lavandaria Autom\u00e1tica\/Manual"},"content":{"rendered":"<p><strong>APLICA\u00c7\u00c3O<\/strong><\/p>\n<p>Acabamento imperme\u00e1vel para fibras sint\u00e9ticas, celuloses, CO, WO<\/p>\n<p><strong>PROPRIEDADES<\/strong><\/p>\n<p>&#8211; O Stark Pluvion F1E \u00e9 um produto l\u00edquido de car\u00e1cter cati\u00f3nico que&nbsp;produz efeito impermeabilizante excelente. N\u00e3o danifica a permeabilidade do ar nas pe\u00e7as tratadas e d\u00e1 um toque macio.<\/p>\n<p><strong>CONDI\u00c7\u00d5ES DE UTILIZA\u00c7\u00c3O<\/strong><\/p>\n<p>A fim de obter os melhores efeitos impermeabilizantes as pe\u00e7as a tratar&nbsp;t\u00eam que ser completamente lavadas e enxaguadas e t\u00eam que estar livres&nbsp;de todos os res\u00edduos como lubrificantes, agentes molhantes, auxiliares de&nbsp;tingimento, detergentes e amaciadores. Para o pr\u00e9 tratamento somente&nbsp;devem ser usados os tensioativos ani\u00f3nicos, que s\u00e3o comparativamente&nbsp;mais f\u00e1ceis de ser removidos.&nbsp;Stark Pluvion F1E deve ser adicionado diretamente na \u00e1gua fria.<\/p>\n<p>Se for usada \u00e1gua macia na prepara\u00e7\u00e3o do banho, o efeito&nbsp;impermeabilizante a ser conseguido \u00e9 mais elevado do que com \u00e1gua&nbsp;dura.<\/p>\n<p>Antes da adi\u00e7\u00e3o de Stark Pluvion F1E, a \u00e1gua macia deve ser ajustada a&nbsp;pH 4-5 com 0,5-1,0 ml\/l \u00e1cido ac\u00e9tico. O pH \u00f3timo do&nbsp;banho&nbsp;impermeabilizante \u00e9 pH 4 -5.<\/p>\n<p>Por imers\u00e3o: 40-100 g\/L -PLUVION F1 E (frio)<br \/>M\u00e9todo da exaust\u00e3o: 10 g\/L PLUVION F1 E 30 min, 40 \u00b0C<\/p>\n<p>Com temperaturas de secagem de 110\u00b0C o efeito impermeabilizante \u00e9&nbsp;suficiente. A tens\u00e3o da \u00e1gua na lona pode ser melhorada por&nbsp;temperaturas de secagem mais elevadas (3 minutos a 160\u00b0C) ou&nbsp;ajustando para resultar uma melhor forma\u00e7\u00e3o da pel\u00edcula.<\/p>\n<p>Para remo\u00e7\u00e3o: Lavagem com detergente n\u00e3o i\u00f3nico a 40\/80\u00baC durante<br \/>20-30 minutos.<strong><\/p>\n<p>CARACTERISTICAS FISICO QU\u00cdMICAS<\/strong><br \/>L\u00edquido branco, pH 4.5;&nbsp;<br \/>Car\u00e1cter cati\u00f3nico.<br \/>Biodegrad\u00e1vel, conforme regulamento (CE) No 648\/2004 Anexo II e III<\/p>\n","protected":false},"excerpt":{"rendered":"<p>O Stark Pluvion F1E \u00e9 um produto l\u00edquido de car\u00e1cter cati\u00f3nico que produz efeito impermeabilizante excelente. N\u00e3o danifica a permeabilidade  do ar nas pe\u00e7as tratadas e d\u00e1 um toque macio.<\/p>\n","protected":false},"featured_media":5809,"template":"","meta":{"spay_email":""},"product_cat":[15],"product_tag":[],"class_list":{"0":"post-5808","1":"product","2":"type-product","3":"status-publish","4":"has-post-thumbnail","6":"product_cat-sem-categoria","8":"first","9":"instock","10":"taxable","11":"shipping-taxable","12":"purchasable","13":"product-type-simple"},"acf":[],"jetpack-related-posts":[{"id":5872,"url":"https:\/\/mundo.seashell.pt\/?product=stark-maq-d-200-6kg-loica-automatica","url_meta":{"origin":5808,"position":0},"title":"Stark Maq D-200 &#8211; Loi\u00e7a Autom\u00e1tica","date":"Fevereiro 23, 2022","format":false,"excerpt":"Detergente l\u00edquido para lavagem autom\u00e1tica de loi\u00e7a \u2013 \u00e1guas duras","rel":"","context":"Similar post","img":{"alt_text":"","src":"https:\/\/i0.wp.com\/mundo.seashell.pt\/wp-content\/uploads\/2022\/02\/STARK_MAQ_D100-scaled.jpg?resize=350%2C200&ssl=1","width":350,"height":200},"classes":[]},{"id":5744,"url":"https:\/\/mundo.seashell.pt\/?product=stark-soprosan-10kg-lavandaria-manual","url_meta":{"origin":5808,"position":1},"title":"Stark Soprosan 10Kg &#8211; Lavandaria Manual","date":"Fevereiro 23, 2022","format":false,"excerpt":"Branqueador para a roupa \u2013 base cloro","rel":"","context":"Similar post","img":{"alt_text":"","src":"https:\/\/i0.wp.com\/mundo.seashell.pt\/wp-content\/uploads\/2022\/02\/STARK_SOPROSAN_PhotoRoom_20210402_103632.jpg?resize=350%2C200&ssl=1","width":350,"height":200},"classes":[]},{"id":6032,"url":"https:\/\/mundo.seashell.pt\/?product=stark-intense-5l","url_meta":{"origin":5808,"position":2},"title":"Multiusos Stark Intense 5L","date":"Fevereiro 23, 2022","format":false,"excerpt":"Multiusos concentrado super perfumado","rel":"","context":"Similar post","img":{"alt_text":"","src":"https:\/\/i0.wp.com\/mundo.seashell.pt\/wp-content\/uploads\/2022\/02\/Stark_Intense_PhotoRoom_20210402_103209.jpg?resize=350%2C200&ssl=1","width":350,"height":200},"classes":[]},{"id":5796,"url":"https:\/\/mundo.seashell.pt\/?product=stark-aditiv-plus-20kg-lavandaria-automatica","url_meta":{"origin":5808,"position":3},"title":"Stark Aditiv Plus 20Kg &#8211; Lavandaria Autom\u00e1tica","date":"Fevereiro 23, 2022","format":false,"excerpt":"Aditivo alcalino para n\u00f3doas dif\u00edceis.","rel":"","context":"Similar post","img":{"alt_text":"","src":"https:\/\/i0.wp.com\/mundo.seashell.pt\/wp-content\/uploads\/2022\/02\/Stark_Aditiv_Plus_PhotoRoom_20210402_103000.jpg?resize=350%2C200&ssl=1","width":350,"height":200},"classes":[]},{"id":5750,"url":"https:\/\/mundo.seashell.pt\/?product=stark-oxiblanc-10kg-lavandaria-manual","url_meta":{"origin":5808,"position":4},"title":"Branqueador Stark Oxiblanc 10Kg &#8211; Lavandaria Manual","date":"Fevereiro 23, 2022","format":false,"excerpt":"Branqueador em p\u00f3 para lavagem de roupa.","rel":"","context":"Similar post","img":{"alt_text":"","src":"https:\/\/i0.wp.com\/mundo.seashell.pt\/wp-content\/uploads\/2022\/02\/STARK_OXIBLANC_PhotoRoom_20210402_103319.jpg?resize=350%2C200&ssl=1","width":350,"height":200},"classes":[]},{"id":5802,"url":"https:\/\/mundo.seashell.pt\/?product=stark-d36-5l","url_meta":{"origin":5808,"position":5},"title":"Dispersante Stark D36 5L","date":"Fevereiro 23, 2022","format":false,"excerpt":"Dispersante reparador de tingidos. Permite eliminar o tingido ocorrido na lavagem, devolvendo aos tecidos as cores originais.","rel":"","context":"Similar post","img":{"alt_text":"","src":"https:\/\/i0.wp.com\/mundo.seashell.pt\/wp-content\/uploads\/2022\/02\/STARK_D36_PhotoRoom_20210402_103523.jpg?resize=350%2C200&ssl=1","width":350,"height":200},"classes":[]}],"_links":{"self":[{"href":"https:\/\/mundo.seashell.pt\/index.php?rest_route=\/wp\/v2\/product\/5808","targetHints":{"allow":["GET"]}}],"collection":[{"href":"https:\/\/mundo.seashell.pt\/index.php?rest_route=\/wp\/v2\/product"}],"about":[{"href":"https:\/\/mundo.seashell.pt\/index.php?rest_route=\/wp\/v2\/types\/product"}],"wp:featuredmedia":[{"embeddable":true,"href":"https:\/\/mundo.seashell.pt\/index.php?rest_route=\/wp\/v2\/media\/5809"}],"wp:attachment":[{"href":"https:\/\/mundo.seashell.pt\/index.php?rest_route=%2Fwp%2Fv2%2Fmedia&parent=5808"}],"wp:term":[{"taxonomy":"product_cat","embeddable":true,"href":"https:\/\/mundo.seashell.pt\/index.php?rest_route=%2Fwp%2Fv2%2Fproduct_cat&post=5808"},{"taxonomy":"product_tag","embeddable":true,"href":"https:\/\/mundo.seashell.pt\/index.php?rest_route=%2Fwp%2Fv2%2Fproduct_tag&post=5808"}],"curies":[{"name":"wp","href":"https:\/\/api.w.org\/{rel}","templated":true}]}}