{"id":5806,"date":"2022-02-23T11:39:39","date_gmt":"2022-02-23T11:39:39","guid":{"rendered":"https:\/\/mundo.seashell.pt\/?post_type=product&#038;p=5806"},"modified":"2022-02-23T11:39:41","modified_gmt":"2022-02-23T11:39:41","slug":"solim-tapex-5l","status":"publish","type":"product","link":"https:\/\/mundo.seashell.pt\/?product=solim-tapex-5l","title":{"rendered":"Solim Tapex 5L"},"content":{"rendered":"<p>Limpeza de alcatifas e estofos<\/p>\n<p><strong><br \/><\/strong><\/p>\n<p><strong>PROPRIEDADES<\/strong><\/p>\n<p>\u00c9 uma combina\u00e7\u00e3o l\u00edquida de tensioactivos com espuma controlada, o&nbsp;que facilita a lavagem. &nbsp; &nbsp; &nbsp; &nbsp; &nbsp; &nbsp; &nbsp;&nbsp;<\/p>\n<p>Devido \u00e0 sua composi\u00e7\u00e3o qu\u00edmica confere \u00e0s alcatifas, carpetes e&nbsp;estofos um toque macio e aveludado. &nbsp;O produto n\u00e3o cont\u00e9m solventes, mas sim componentes que provocam&nbsp;uma secagem r\u00e1pida.<\/p>\n<p><strong><br \/><\/strong><\/p>\n<p><strong>CONDI\u00c7\u00d5ES DE UTILIZA\u00c7\u00c3O<\/strong><\/p>\n<p>Remo\u00e7\u00e3o de n\u00f3doas: &nbsp; &nbsp; &nbsp; &nbsp; &nbsp; &nbsp; &nbsp; &nbsp; &nbsp; &nbsp; &nbsp; &nbsp; &nbsp; &nbsp; &nbsp; &nbsp; &nbsp; &nbsp; &nbsp; &nbsp; &nbsp; &nbsp; &nbsp; &nbsp; &nbsp; &nbsp; &nbsp; &nbsp; &nbsp; &nbsp; &nbsp; &nbsp; &nbsp; &nbsp; &nbsp; &nbsp; &nbsp; &nbsp; &nbsp; &nbsp; &nbsp; &nbsp; &nbsp; &nbsp; &nbsp; &nbsp; &nbsp; &nbsp; &nbsp; &nbsp; &nbsp; &nbsp; &nbsp; &nbsp; &nbsp; &nbsp; &nbsp; &nbsp; &nbsp; &nbsp; &nbsp; &nbsp; &nbsp; &nbsp; &nbsp; &nbsp; &nbsp; &nbsp; &nbsp; &nbsp;&nbsp;<\/p>\n<p>Para elimina\u00e7\u00e3o de n\u00f3doas pontuais aplique o produto diretamente na&nbsp;n\u00f3doa antes da lavagem.<\/p>\n<p><strong><br \/><\/strong><\/p>\n<p><strong>Lavagem manual:<\/strong><strong><\/strong><\/p>\n<p>Aspirar a alcatifa e remover as n\u00f3doas mais dif\u00edceis.&nbsp;<\/p>\n<p>Dosear o produto a&nbsp;uma concentra\u00e7\u00e3o de 5 a 10% (50 a 100 g por cada litro).&nbsp;<\/p>\n<p>Aplicar o&nbsp;produto com o aux\u00edlio de uma escova. &nbsp; &nbsp; &nbsp; &nbsp; &nbsp; &nbsp; &nbsp; &nbsp; &nbsp; &nbsp; &nbsp; &nbsp; &nbsp; &nbsp; &nbsp; &nbsp; &nbsp; &nbsp; &nbsp; &nbsp; &nbsp; &nbsp; &nbsp; &nbsp; &nbsp; &nbsp; &nbsp;<\/p>\n<p>Deixar actuar cerca de 10&nbsp;minutos. Enxaguar com \u00e1gua. Deixar secar e escovar no final.<\/p>\n<p><strong><br \/><\/strong><\/p>\n<p><strong>Lavagem autom\u00e1tica:<\/strong><\/p>\n<p>Aspirar a alcatifa e remover as n\u00f3doas mais dif\u00edceis.<\/p>\n<p>Pr\u00e9-molhar a \u00e1rea e aplicar o produto doseando-o a uma concentra\u00e7\u00e3o&nbsp;de cerca de 2% ( 20 g por cada litro).&nbsp;<\/p>\n<p>Deixar actuar cerca de 10 minutos&nbsp;e utilizar um equipamento de injec\u00e7\u00e3o extrac\u00e7\u00e3o.&nbsp;<\/p>\n<p>No caso de a alcatifa&nbsp;estar muito suja, fazer dosear o produto a cerca de 2% (20g por cada&nbsp;litro).&nbsp;<\/p>\n<p>Deixar secar e escovar a alcatifa no final.<\/p>\n<p><strong><br \/><\/strong><\/p>\n<p><strong>CARACTERISTICAS FISICO QU\u00cdMICAS<\/strong><br \/>Aspecto: Produto L\u00edquido<br \/>Cor: Azul<br \/>pH 8<br \/>Perfumado<br \/>Biodegrad\u00e1vel, conforme regulamento (CE) No 648\/2004 Anexo II e III<\/p>\n","protected":false},"excerpt":{"rendered":"<p>Limpeza de alcatifas e estofos, uma combina\u00e7\u00e3o l\u00edquida de tensioactivos com espuma controlada, o  que facilita a lavagem.<\/p>\n","protected":false},"featured_media":5807,"template":"","meta":{"spay_email":""},"product_cat":[15],"product_tag":[],"class_list":{"0":"post-5806","1":"product","2":"type-product","3":"status-publish","4":"has-post-thumbnail","6":"product_cat-sem-categoria","8":"first","9":"instock","10":"taxable","11":"shipping-taxable","12":"purchasable","13":"product-type-simple"},"acf":[],"jetpack-related-posts":[{"id":7224,"url":"https:\/\/mundo.seashell.pt\/?product=supergel-pasta-de-limpeza-1kg","url_meta":{"origin":5806,"position":0},"title":"Supergel Pasta de Limpeza 1Kg","date":"Fevereiro 23, 2022","format":false,"excerpt":"Dissolve e retira toda a sujidade proveniente de \u00f3leos minerais, vegetais e animais, alcatr\u00e3o, nafta, borracha, tintas de impress\u00e3o, alguns tipos de esferogr\u00e1ficas e verniz. Retira n\u00f3doas dos estofos e alcatifas.Tipo de produto: Limpeza Interior Tamanho: 1L Utiliza\u00e7\u00e3o: Estofos e text\u00e9is","rel":"","context":"Similar post","img":{"alt_text":"","src":"https:\/\/i0.wp.com\/mundo.seashell.pt\/wp-content\/uploads\/2022\/02\/2101064-frente.jpeg?resize=350%2C200&ssl=1","width":350,"height":200},"classes":[]},{"id":7222,"url":"https:\/\/mundo.seashell.pt\/?product=supergel-pasta-de-limpeza-100gr","url_meta":{"origin":5806,"position":1},"title":"Supergel Pasta de Limpeza 100gr","date":"Fevereiro 23, 2022","format":false,"excerpt":"Supergel Pasta de Limpeza 100gr Dissolve e retira toda a sujidade proveniente de \u00f3leos minerais, vegetais e animais, alcatr\u00e3o, nafta, borracha, tintas de impress\u00e3o, alguns tipos de esferogr\u00e1ficas e verniz. Retira n\u00f3doas dos estofos e alcatifas.Tipo de produto: Limpeza Interior Tamanho: 100g","rel":"","context":"Similar post","img":{"alt_text":"","src":"https:\/\/i0.wp.com\/mundo.seashell.pt\/wp-content\/uploads\/2022\/02\/2101066-frente.jpeg?resize=350%2C200&ssl=1","width":350,"height":200},"classes":[]},{"id":6026,"url":"https:\/\/mundo.seashell.pt\/?product=dry-mok-5kg","url_meta":{"origin":5806,"position":2},"title":"Shampoo Neutro Dry Mok 5Kg","date":"Fevereiro 23, 2022","format":false,"excerpt":"Detergente neutro espec\u00edfico para a limpeza a seco de alcatifas e tapetes.","rel":"","context":"Similar post","img":{"alt_text":"","src":"https:\/\/i0.wp.com\/mundo.seashell.pt\/wp-content\/uploads\/2022\/02\/dry_mok.jpg?resize=350%2C200&ssl=1","width":350,"height":200},"classes":[]},{"id":6024,"url":"https:\/\/mundo.seashell.pt\/?product=ini-mok-5kg","url_meta":{"origin":5806,"position":3},"title":"Detergente Ini Mok 5Kg","date":"Fevereiro 23, 2022","format":false,"excerpt":"Detergente sem espuma para a limpeza de tapetes, alcatifas e revestimentos t\u00eaxteis para ser usado com m\u00e1quina de injec\u00e7\u00e3o-extrac\u00e7\u00e3o.","rel":"","context":"Similar post","img":{"alt_text":"","src":"https:\/\/i0.wp.com\/mundo.seashell.pt\/wp-content\/uploads\/2022\/02\/ini-mok.jpg?resize=350%2C200&ssl=1","width":350,"height":200},"classes":[]},{"id":6469,"url":"https:\/\/mundo.seashell.pt\/?product=vanish-animais-de-estimacao-06l","url_meta":{"origin":5806,"position":4},"title":"Vanish Animais de Estima\u00e7\u00e3o 600ml","date":"Fevereiro 23, 2022","format":false,"excerpt":"Vanish Pet Expert espuma de limpeza foi desenvolvido para remover sujidade e pelos de tapetes, carpetes e estofos. Al\u00e9m disso, tem um efeito refrescante e amaciador.Benef\u00edcios: - Elimina a sujidade provocada pelos animais de estima\u00e7\u00e3o \u00e0 1\u00aa utiliza\u00e7\u00e3o;- Remove 3x mais pelos e 5x mais lama e sujidade do que\u2026","rel":"","context":"Similar post","img":{"alt_text":"","src":"https:\/\/i0.wp.com\/mundo.seashell.pt\/wp-content\/uploads\/2022\/02\/Vanish_Pet_Expert_Espuma_x6_5410036301258.png?resize=350%2C200&ssl=1","width":350,"height":200},"classes":[]},{"id":5742,"url":"https:\/\/mundo.seashell.pt\/?product=soft-plus-5kg-lavandaria-automaticamanual","url_meta":{"origin":5806,"position":5},"title":"Amaciador Soft Plus &#8211; Lavandaria Autom\u00e1tica\/Manual","date":"Fevereiro 23, 2022","format":false,"excerpt":"Amaciador l\u00edquido para a lavagem de roupa","rel":"","context":"Similar post","img":{"alt_text":"","src":"https:\/\/i0.wp.com\/mundo.seashell.pt\/wp-content\/uploads\/2022\/02\/soft_plus.jpg?resize=350%2C200&ssl=1","width":350,"height":200},"classes":[]}],"_links":{"self":[{"href":"https:\/\/mundo.seashell.pt\/index.php?rest_route=\/wp\/v2\/product\/5806","targetHints":{"allow":["GET"]}}],"collection":[{"href":"https:\/\/mundo.seashell.pt\/index.php?rest_route=\/wp\/v2\/product"}],"about":[{"href":"https:\/\/mundo.seashell.pt\/index.php?rest_route=\/wp\/v2\/types\/product"}],"wp:featuredmedia":[{"embeddable":true,"href":"https:\/\/mundo.seashell.pt\/index.php?rest_route=\/wp\/v2\/media\/5807"}],"wp:attachment":[{"href":"https:\/\/mundo.seashell.pt\/index.php?rest_route=%2Fwp%2Fv2%2Fmedia&parent=5806"}],"wp:term":[{"taxonomy":"product_cat","embeddable":true,"href":"https:\/\/mundo.seashell.pt\/index.php?rest_route=%2Fwp%2Fv2%2Fproduct_cat&post=5806"},{"taxonomy":"product_tag","embeddable":true,"href":"https:\/\/mundo.seashell.pt\/index.php?rest_route=%2Fwp%2Fv2%2Fproduct_tag&post=5806"}],"curies":[{"name":"wp","href":"https:\/\/api.w.org\/{rel}","templated":true}]}}