{"id":5804,"date":"2022-02-23T11:39:28","date_gmt":"2022-02-23T11:39:28","guid":{"rendered":"https:\/\/mundo.seashell.pt\/?post_type=product&#038;p=5804"},"modified":"2022-02-23T11:39:35","modified_gmt":"2022-02-23T11:39:35","slug":"stark-engomafacil-5l","status":"publish","type":"product","link":"https:\/\/mundo.seashell.pt\/?product=stark-engomafacil-5l","title":{"rendered":"Stark Engomaf\u00e1cil 5L &#8211; Lavandaria Autom\u00e1tica\/Manual"},"content":{"rendered":"<p><strong>APLICA\u00c7\u00c3O<\/strong><\/p>\n<p>Facilitador de engomagem<\/p>\n<p><strong><br \/><\/strong><\/p>\n<p><strong>PROPRIEDADES<\/strong><\/p>\n<p>O STARK ENGOMAFACIL \u00e9 um aditivo l\u00edquido a ser aplicado por&nbsp;pulveriza\u00e7\u00e3o na engomagem.<\/p>\n<p>Melhora e facilita a engomagem deixando um toque macio e&nbsp;perfumado nas pe\u00e7as engomadas, n\u00e3o provocando manchas na&nbsp;roupa.<\/p>\n<p>N\u00e3o provoca irrita\u00e7\u00e3o na pele aquando de utiliza\u00e7\u00e3o da roupa.<\/p>\n<p><strong><br \/><\/strong><\/p>\n<p><strong>CONDI\u00c7\u00d5ES DE UTILIZA\u00c7\u00c3O<\/strong><\/p>\n<p>Pulverizar o STARK ENGOMAFACIL sobre a roupa, e engomar&nbsp;normalmente.<\/p>\n<p><strong><br \/><\/strong><\/p>\n<p><strong>CARACTERISTICAS FISICO QU\u00cdMICAS<\/strong><br \/>Produto l\u00edquido, incolor e perfumado.<\/p>\n","protected":false},"excerpt":{"rendered":"<p>O STARK ENGOMAFACIL \u00e9 um aditivo l\u00edquido a ser aplicado por pulveriza\u00e7\u00e3o na engomagem. <\/p>\n","protected":false},"featured_media":5805,"template":"","meta":{"spay_email":""},"product_cat":[15],"product_tag":[],"class_list":{"0":"post-5804","1":"product","2":"type-product","3":"status-publish","4":"has-post-thumbnail","6":"product_cat-sem-categoria","8":"first","9":"instock","10":"taxable","11":"shipping-taxable","12":"purchasable","13":"product-type-simple"},"acf":[],"jetpack-related-posts":[{"id":5800,"url":"https:\/\/mundo.seashell.pt\/?product=stark-goma-tex-5l-lavandaria-manual","url_meta":{"origin":5804,"position":0},"title":"Facilitador de Engomagem Stark Goma Tex 5L","date":"Fevereiro 23, 2022","format":false,"excerpt":"Facilitador da engomagem da roupa.","rel":"","context":"Similar post","img":{"alt_text":"","src":"https:\/\/i0.wp.com\/mundo.seashell.pt\/wp-content\/uploads\/2022\/02\/Stark_Tex_Gum_PhotoRoom_20210402_103317.jpg?resize=350%2C200&ssl=1","width":350,"height":200},"classes":[]},{"id":5768,"url":"https:\/\/mundo.seashell.pt\/?product=stark-det-blue-20l-lavandaria-automaticamanual","url_meta":{"origin":5804,"position":1},"title":"Stark Det Blue 20L &#8211; Lavandaria Autom\u00e1tica\/Manual","date":"Fevereiro 23, 2022","format":false,"excerpt":"Detergente l\u00edquido para a lavagem autom\u00e1tica\/manual de roupa","rel":"","context":"Similar post","img":{"alt_text":"","src":"https:\/\/i0.wp.com\/mundo.seashell.pt\/wp-content\/uploads\/2022\/02\/Stark_Det_Blue_PhotoRoom_20210402_103144.jpg?resize=350%2C200&ssl=1","width":350,"height":200},"classes":[]},{"id":5766,"url":"https:\/\/mundo.seashell.pt\/?product=stark-det-blue-5l-lavandaria-automaticamanual","url_meta":{"origin":5804,"position":2},"title":"Detergente Stark Det 5L &#8211; Lavandaria Autom\u00e1tica\/Manual","date":"Fevereiro 23, 2022","format":false,"excerpt":"Detergente l\u00edquido para a lavagem autom\u00e1tica de roupa","rel":"","context":"Similar post","img":{"alt_text":"","src":"https:\/\/i0.wp.com\/mundo.seashell.pt\/wp-content\/uploads\/2022\/02\/stark_det_5l.jpg?resize=350%2C200&ssl=1","width":350,"height":200},"classes":[]},{"id":6075,"url":"https:\/\/mundo.seashell.pt\/?product=stark-wc-2l","url_meta":{"origin":5804,"position":3},"title":"Detergente Stark WC 2L","date":"Fevereiro 23, 2022","format":false,"excerpt":"Detergente concentrado \u00e1cido para WC com forte poder aromatizante","rel":"","context":"Similar post","img":{"alt_text":"","src":"https:\/\/i0.wp.com\/mundo.seashell.pt\/wp-content\/uploads\/2022\/02\/goods_02_436158_2.jpg?resize=350%2C200&ssl=1","width":350,"height":200},"classes":[]},{"id":6066,"url":"https:\/\/mundo.seashell.pt\/?product=stark-vm-2l","url_meta":{"origin":5804,"position":4},"title":"Multiusos Stark VM 2L","date":"Fevereiro 23, 2022","format":false,"excerpt":"Detergente neutro ultraconcentrado indicado para a limpeza r\u00e1pida, por spray, de todo o tipo de superf\u00edcies lav\u00e1veis.","rel":"","context":"Similar post","img":{"alt_text":"","src":"","width":0,"height":0},"classes":[]},{"id":5726,"url":"https:\/\/mundo.seashell.pt\/?product=stark-inox-500ml","url_meta":{"origin":5804,"position":5},"title":"Abrilhantador Stark Inox 500Ml","date":"Fevereiro 23, 2022","format":false,"excerpt":"O STARK\u00ae INOX \u00e9 um produto especialmente formulado para polir superf\u00edcies em a\u00e7o inoxid\u00e1vel. A sua f\u00f3rmula permite uma limpeza profunda, protegendo e abrilhantando as superf\u00edcies.","rel":"","context":"Similar post","img":{"alt_text":"","src":"https:\/\/i0.wp.com\/mundo.seashell.pt\/wp-content\/uploads\/2022\/02\/STARK_INOX_2_PhotoRoom_20210402_103625.jpg?resize=350%2C200&ssl=1","width":350,"height":200},"classes":[]}],"_links":{"self":[{"href":"https:\/\/mundo.seashell.pt\/index.php?rest_route=\/wp\/v2\/product\/5804","targetHints":{"allow":["GET"]}}],"collection":[{"href":"https:\/\/mundo.seashell.pt\/index.php?rest_route=\/wp\/v2\/product"}],"about":[{"href":"https:\/\/mundo.seashell.pt\/index.php?rest_route=\/wp\/v2\/types\/product"}],"wp:featuredmedia":[{"embeddable":true,"href":"https:\/\/mundo.seashell.pt\/index.php?rest_route=\/wp\/v2\/media\/5805"}],"wp:attachment":[{"href":"https:\/\/mundo.seashell.pt\/index.php?rest_route=%2Fwp%2Fv2%2Fmedia&parent=5804"}],"wp:term":[{"taxonomy":"product_cat","embeddable":true,"href":"https:\/\/mundo.seashell.pt\/index.php?rest_route=%2Fwp%2Fv2%2Fproduct_cat&post=5804"},{"taxonomy":"product_tag","embeddable":true,"href":"https:\/\/mundo.seashell.pt\/index.php?rest_route=%2Fwp%2Fv2%2Fproduct_tag&post=5804"}],"curies":[{"name":"wp","href":"https:\/\/api.w.org\/{rel}","templated":true}]}}