{"id":5800,"date":"2022-02-23T11:39:18","date_gmt":"2022-02-23T11:39:18","guid":{"rendered":"https:\/\/mundo.seashell.pt\/?post_type=product&#038;p=5800"},"modified":"2022-02-23T11:39:24","modified_gmt":"2022-02-23T11:39:24","slug":"stark-goma-tex-5l-lavandaria-manual","status":"publish","type":"product","link":"https:\/\/mundo.seashell.pt\/?product=stark-goma-tex-5l-lavandaria-manual","title":{"rendered":"Facilitador de Engomagem Stark Goma Tex 5L"},"content":{"rendered":"<p>Facilitador da engomagem da roupa<\/p>\n<p><strong><br \/><\/strong><\/p>\n<p><strong>PROPRIEDADES<\/strong><\/p>\n<p>Melhora e facilita a engomagem deixando um toque macio nas pe\u00e7as&nbsp;engomadas.<\/p>\n<p>O STARK GOMA TEX \u00e9 ideal para o acabamento e engomagem de&nbsp;todo o tipo de roupa.<\/p>\n<p>Este produto \u00e9 compat\u00edvel com todos os auxiliares usados no&nbsp;acabamento dos tecidos.<\/p>\n<p>N\u00e3o provoca irrita\u00e7\u00e3o na pele aquando de utiliza\u00e7\u00e3o da roupa.<\/p>\n<p><strong><br \/><\/strong><\/p>\n<p><strong>CONDI\u00c7\u00d5ES DE UTILIZA\u00c7\u00c3O<\/strong><\/p>\n<p>Pulverizar o STARK GOMA TEX sobre a roupa, a uma concentra\u00e7\u00e3o&nbsp;compreendida entre 20 e 120 g\/L, em fun\u00e7\u00e3o do toque pretendido, e<\/p>\n<p>engomar normalmente.<\/p>\n<p><strong><br \/><\/strong><\/p>\n<p><strong>CARACTERISTICAS FISICO QU\u00cdMICAS<\/strong><br \/>Aspecto: Produto L\u00edquido<br \/>Cor: branco<br \/>pH 5.0\u00b11.0<br \/>Biodegrad\u00e1vel, conforme regulamento (CE) No 648\/2004 Anexo II e III<\/p>\n","protected":false},"excerpt":{"rendered":"<p>Facilitador da engomagem da roupa.<\/p>\n","protected":false},"featured_media":5801,"template":"","meta":{"spay_email":""},"product_cat":[15],"product_tag":[],"class_list":{"0":"post-5800","1":"product","2":"type-product","3":"status-publish","4":"has-post-thumbnail","6":"product_cat-sem-categoria","8":"first","9":"instock","10":"taxable","11":"shipping-taxable","12":"purchasable","13":"product-type-simple"},"acf":[],"jetpack-related-posts":[{"id":5804,"url":"https:\/\/mundo.seashell.pt\/?product=stark-engomafacil-5l","url_meta":{"origin":5800,"position":0},"title":"Stark Engomaf\u00e1cil 5L &#8211; Lavandaria Autom\u00e1tica\/Manual","date":"Fevereiro 23, 2022","format":false,"excerpt":"O STARK ENGOMAFACIL \u00e9 um aditivo l\u00edquido a ser aplicado por pulveriza\u00e7\u00e3o na engomagem.","rel":"","context":"Similar post","img":{"alt_text":"","src":"https:\/\/i0.wp.com\/mundo.seashell.pt\/wp-content\/uploads\/2022\/02\/SOLIM_ENGOMAFACIL_PhotoRoom_20210402_103348.jpg?resize=350%2C200&ssl=1","width":350,"height":200},"classes":[]},{"id":6712,"url":"https:\/\/mundo.seashell.pt\/?product=comfort-vaporese-azul-1l","url_meta":{"origin":5800,"position":1},"title":"Comfort Vaporese Azul 1L","date":"Fevereiro 23, 2022","format":false,"excerpt":"Comfort Vaporesse azul ajuda o ferro de engomar a deslizar sem esfor\u00e7o sobre os vincos da sua roupa. Para al\u00e9m disso, traz uma fragr\u00e2ncia fresca fant\u00e1stica para o seu engomar, que dura o dia todo. Desfrute da fragr\u00e2ncia fresca e duradoura e livre-se dos vincos mais facilmente, garantindo um cuidado\u2026","rel":"","context":"Similar post","img":{"alt_text":"","src":"https:\/\/i0.wp.com\/mundo.seashell.pt\/wp-content\/uploads\/2022\/02\/COMFORT_VAPORESSE_AZUL_-_1L_5000186802585.png?resize=350%2C200&ssl=1","width":350,"height":200},"classes":[]},{"id":5730,"url":"https:\/\/mundo.seashell.pt\/?product=stark-power-5l-lavandaria-automaticamanual","url_meta":{"origin":5800,"position":2},"title":"Amaciador Stark Power &#8211; Lavandaria Autom\u00e1tica\/Manual","date":"Fevereiro 23, 2022","format":false,"excerpt":"Amaciador super perfumado com microc\u00e1psulas para a roupa.","rel":"","context":"Similar post","img":{"alt_text":"","src":"https:\/\/i0.wp.com\/mundo.seashell.pt\/wp-content\/uploads\/2022\/02\/stark_power.jpg?resize=350%2C200&ssl=1","width":350,"height":200},"classes":[]},{"id":6599,"url":"https:\/\/mundo.seashell.pt\/?product=vernel-amaciador-de-roupa-57-doses","url_meta":{"origin":5800,"position":3},"title":"Vernel Amaciador de Roupa 57 doses","date":"Fevereiro 23, 2022","format":false,"excerpt":"A gama de Vernel oferece amaciadores concentrados enriquecidos com refinados \u00f3leos relaxantes e aromas sedutores que proporcionam uma sensa\u00e7\u00e3o de bem-estar. Para al\u00e9m de deixar a roupa incrivelmente suave, a f\u00f3rmula de Frangipani Fascinante cont\u00e9m uma fragr\u00e2ncia \u00fanica que deixa a sua roupa perfumada at\u00e9 200 dias. Estimule os seus\u2026","rel":"","context":"Similar post","img":{"alt_text":"","src":"https:\/\/i0.wp.com\/mundo.seashell.pt\/wp-content\/uploads\/2022\/02\/VERNEL_AT_VIOLETA_57_1L31_8UD_57D_8410436283113.png?resize=350%2C200&ssl=1","width":350,"height":200},"classes":[]},{"id":5754,"url":"https:\/\/mundo.seashell.pt\/?product=stark-oxyplus-20kg-lavandaria-automatica","url_meta":{"origin":5800,"position":4},"title":"Branqueador Stark Oxyplus 20Kg &#8211; Lavandaria Autom\u00e1tica","date":"Fevereiro 23, 2022","format":false,"excerpt":"Branqueador oxigenado para roupa de cor","rel":"","context":"Similar post","img":{"alt_text":"","src":"https:\/\/i0.wp.com\/mundo.seashell.pt\/wp-content\/uploads\/2022\/02\/STARK_OXYPLUS.jpg?resize=350%2C200&ssl=1","width":350,"height":200},"classes":[]},{"id":6597,"url":"https:\/\/mundo.seashell.pt\/?product=lenor-amaciador-de-roupa-37-doses","url_meta":{"origin":5800,"position":5},"title":"Lenor Amaciador de Roupa 37 Doses","date":"Fevereiro 23, 2022","format":false,"excerpt":"Com Lenor, transforme as suas tarefas di\u00e1rias em experi\u00eancias sensoriais. Com a sua exuberante combina\u00e7\u00e3o de um misterioso cocktail de bergamota e um buquet arejado da delicada fr\u00e9sia e jasmim radiante, a sua sofisticada ess\u00eancia multi-sensorial foi inspirada pelas \u00faltimas tend\u00eancias. Al\u00e9m disso, este amaciador para roupa foi desenvolvido par...","rel":"","context":"Similar post","img":{"alt_text":"","src":"https:\/\/i0.wp.com\/mundo.seashell.pt\/wp-content\/uploads\/2022\/02\/LENOR_AMACIADOR_AMETISTA_37D_8006540002957.png?resize=350%2C200&ssl=1","width":350,"height":200},"classes":[]}],"_links":{"self":[{"href":"https:\/\/mundo.seashell.pt\/index.php?rest_route=\/wp\/v2\/product\/5800","targetHints":{"allow":["GET"]}}],"collection":[{"href":"https:\/\/mundo.seashell.pt\/index.php?rest_route=\/wp\/v2\/product"}],"about":[{"href":"https:\/\/mundo.seashell.pt\/index.php?rest_route=\/wp\/v2\/types\/product"}],"wp:featuredmedia":[{"embeddable":true,"href":"https:\/\/mundo.seashell.pt\/index.php?rest_route=\/wp\/v2\/media\/5801"}],"wp:attachment":[{"href":"https:\/\/mundo.seashell.pt\/index.php?rest_route=%2Fwp%2Fv2%2Fmedia&parent=5800"}],"wp:term":[{"taxonomy":"product_cat","embeddable":true,"href":"https:\/\/mundo.seashell.pt\/index.php?rest_route=%2Fwp%2Fv2%2Fproduct_cat&post=5800"},{"taxonomy":"product_tag","embeddable":true,"href":"https:\/\/mundo.seashell.pt\/index.php?rest_route=%2Fwp%2Fv2%2Fproduct_tag&post=5800"}],"curies":[{"name":"wp","href":"https:\/\/api.w.org\/{rel}","templated":true}]}}