{"id":5798,"date":"2022-02-23T11:39:16","date_gmt":"2022-02-23T11:39:16","guid":{"rendered":"https:\/\/mundo.seashell.pt\/?post_type=product&#038;p=5798"},"modified":"2022-02-23T11:39:18","modified_gmt":"2022-02-23T11:39:18","slug":"stark-tira-nodoas-10kg","status":"publish","type":"product","link":"https:\/\/mundo.seashell.pt\/?product=stark-tira-nodoas-10kg","title":{"rendered":"Stark Tira N\u00f3doas 10Kg"},"content":{"rendered":"<p><strong>APLICA\u00c7\u00c3O<\/strong><\/p>\n<p>Massa tira n\u00f3doas<\/p>\n<p><strong><br \/><\/strong><\/p>\n<p><strong>PROPRIEDADES<\/strong><\/p>\n<p>O STARK MASSA TIRA N\u00d3DOAS \u00e9 um produto especialmente indicado&nbsp;para a remo\u00e7\u00e3o de sujidades e n\u00f3doas dif\u00edceis em t\u00eaxteis antes da lavagem em m\u00e1quinas autom\u00e1ticas.<\/p>\n<p>Permite a remo\u00e7\u00e3o de \u00f3leos, gorduras, alcatr\u00e3o, nafta, tintas de \u00f3leo,&nbsp;impress\u00e3o, esferogr\u00e1ficas, etc.<\/p>\n<p><strong><br \/><\/strong><\/p>\n<p><strong>CONDI\u00c7\u00d5ES DE UTILIZA\u00c7\u00c3O<\/strong><\/p>\n<p>Colocar sobre a n\u00f3doa uma pequena por\u00e7\u00e3o de STARK MASSA TIRA&nbsp;N\u00d3DOAS e esfregar bem. Deixar atuar durante um ou dois minutos e&nbsp;colocar a pe\u00e7a na m\u00e1quina para proceder \u00e0 lavagem normal.<\/p>\n<p><strong><br \/><\/strong><\/p>\n<p><strong>CARACTERISTICAS FISICO QU\u00cdMICAS<\/strong><\/p>\n<p>Aspeto: massa<\/p>\n<p>Cor: incolor<\/p>\n<p>Perfumado<\/p>\n<p>Biodegrad\u00e1vel, conforme regulamento (CE) No 648\/2004 Anexo II e III<\/p>\n","protected":false},"excerpt":{"rendered":"<p>O STARK MASSA TIRA N\u00d3DOAS \u00e9 um produto especialmente indicado para a remo\u00e7\u00e3o de sujidades e n\u00f3doas dif\u00edceis em t\u00eaxteis antes da \ufefflavagem em m\u00e1quinas autom\u00e1ticas.<\/p>\n","protected":false},"featured_media":5799,"template":"","meta":{"spay_email":""},"product_cat":[15],"product_tag":[],"class_list":{"0":"post-5798","1":"product","2":"type-product","3":"status-publish","4":"has-post-thumbnail","6":"product_cat-sem-categoria","8":"first","9":"instock","10":"taxable","11":"shipping-taxable","12":"purchasable","13":"product-type-simple"},"acf":[],"jetpack-related-posts":[{"id":5796,"url":"https:\/\/mundo.seashell.pt\/?product=stark-aditiv-plus-20kg-lavandaria-automatica","url_meta":{"origin":5798,"position":0},"title":"Stark Aditiv Plus 20Kg &#8211; Lavandaria Autom\u00e1tica","date":"Fevereiro 23, 2022","format":false,"excerpt":"Aditivo alcalino para n\u00f3doas dif\u00edceis.","rel":"","context":"Similar post","img":{"alt_text":"","src":"https:\/\/i0.wp.com\/mundo.seashell.pt\/wp-content\/uploads\/2022\/02\/Stark_Aditiv_Plus_PhotoRoom_20210402_103000.jpg?resize=350%2C200&ssl=1","width":350,"height":200},"classes":[]},{"id":5824,"url":"https:\/\/mundo.seashell.pt\/?product=deg-action-500ml-tira-nodoas","url_meta":{"origin":5798,"position":1},"title":"Deg Action 500ML &#8211; Tira-N\u00f3doas","date":"Fevereiro 23, 2022","format":false,"excerpt":"Tira-n\u00f3doas e agente de pr\u00e9-tratamento de tecidos para a remo\u00e7\u00e3o de n\u00f3doas de gordura.","rel":"","context":"Similar post","img":{"alt_text":"","src":"https:\/\/i0.wp.com\/mundo.seashell.pt\/wp-content\/uploads\/2022\/02\/deg_action.jpg?resize=350%2C200&ssl=1","width":350,"height":200},"classes":[]},{"id":5750,"url":"https:\/\/mundo.seashell.pt\/?product=stark-oxiblanc-10kg-lavandaria-manual","url_meta":{"origin":5798,"position":2},"title":"Branqueador Stark Oxiblanc 10Kg &#8211; Lavandaria Manual","date":"Fevereiro 23, 2022","format":false,"excerpt":"Branqueador em p\u00f3 para lavagem de roupa.","rel":"","context":"Similar post","img":{"alt_text":"","src":"https:\/\/i0.wp.com\/mundo.seashell.pt\/wp-content\/uploads\/2022\/02\/STARK_OXIBLANC_PhotoRoom_20210402_103319.jpg?resize=350%2C200&ssl=1","width":350,"height":200},"classes":[]},{"id":6627,"url":"https:\/\/mundo.seashell.pt\/?product=skip-tira-nodoas-05l","url_meta":{"origin":5798,"position":3},"title":"Skip Tira N\u00f3doas 500ml","date":"Fevereiro 23, 2022","format":false,"excerpt":"Skip spray tira-n\u00f3doas com oxig\u00e9nio bioativo remove cuidadosamente e sem esfor\u00e7o as n\u00f3doas mais dif\u00edceis, podendo ser utilizado em roupas brancas e de cor. Tipo de produto: Tira N\u00f3doasBenef\u00edcios: - Remo\u00e7\u00e3o de n\u00f3doas, sem esfregar, diretamente na m\u00e1quina;- Cuidado da roupa, nos tecidos e nas...","rel":"","context":"Similar post","img":{"alt_text":"","src":"https:\/\/i0.wp.com\/mundo.seashell.pt\/wp-content\/uploads\/2022\/02\/SKIP_TIRA_NO_DOAS_SPRAY_500ml_8710847944420.png?resize=350%2C200&ssl=1","width":350,"height":200},"classes":[]},{"id":5826,"url":"https:\/\/mundo.seashell.pt\/?product=multi-action-500ml-tira-nodoas","url_meta":{"origin":5798,"position":4},"title":"Multi Action 500ML &#8211; Tira-N\u00f3doas","date":"Fevereiro 23, 2022","format":false,"excerpt":"Tira-n\u00f3doas e agente de pr\u00e9-tratamento de n\u00f3doas para a remo\u00e7\u00e3o de manchas de cor dif\u00edcil tal como maquilhagem, tinta ou batom.","rel":"","context":"Similar post","img":{"alt_text":"","src":"https:\/\/i0.wp.com\/mundo.seashell.pt\/wp-content\/uploads\/2022\/02\/multi_action.jpg?resize=350%2C200&ssl=1","width":350,"height":200},"classes":[]},{"id":5828,"url":"https:\/\/mundo.seashell.pt\/?product=rust-action-500ml-tira-nodoas","url_meta":{"origin":5798,"position":5},"title":"Rust Action 500ML &#8211; Tira-N\u00f3doas","date":"Fevereiro 23, 2022","format":false,"excerpt":"Tira-n\u00f3doas e agente de pr\u00e9-tratamento de tecidos para a remo\u00e7\u00e3o de manchas de ferrugem","rel":"","context":"Similar post","img":{"alt_text":"","src":"https:\/\/i0.wp.com\/mundo.seashell.pt\/wp-content\/uploads\/2022\/02\/rust_action.jpg?resize=350%2C200&ssl=1","width":350,"height":200},"classes":[]}],"_links":{"self":[{"href":"https:\/\/mundo.seashell.pt\/index.php?rest_route=\/wp\/v2\/product\/5798","targetHints":{"allow":["GET"]}}],"collection":[{"href":"https:\/\/mundo.seashell.pt\/index.php?rest_route=\/wp\/v2\/product"}],"about":[{"href":"https:\/\/mundo.seashell.pt\/index.php?rest_route=\/wp\/v2\/types\/product"}],"wp:featuredmedia":[{"embeddable":true,"href":"https:\/\/mundo.seashell.pt\/index.php?rest_route=\/wp\/v2\/media\/5799"}],"wp:attachment":[{"href":"https:\/\/mundo.seashell.pt\/index.php?rest_route=%2Fwp%2Fv2%2Fmedia&parent=5798"}],"wp:term":[{"taxonomy":"product_cat","embeddable":true,"href":"https:\/\/mundo.seashell.pt\/index.php?rest_route=%2Fwp%2Fv2%2Fproduct_cat&post=5798"},{"taxonomy":"product_tag","embeddable":true,"href":"https:\/\/mundo.seashell.pt\/index.php?rest_route=%2Fwp%2Fv2%2Fproduct_tag&post=5798"}],"curies":[{"name":"wp","href":"https:\/\/api.w.org\/{rel}","templated":true}]}}