{"id":5796,"date":"2022-02-23T11:39:13","date_gmt":"2022-02-23T11:39:13","guid":{"rendered":"https:\/\/mundo.seashell.pt\/?post_type=product&#038;p=5796"},"modified":"2022-02-23T11:39:16","modified_gmt":"2022-02-23T11:39:16","slug":"stark-aditiv-plus-20kg-lavandaria-automatica","status":"publish","type":"product","link":"https:\/\/mundo.seashell.pt\/?product=stark-aditiv-plus-20kg-lavandaria-automatica","title":{"rendered":"Stark Aditiv Plus 20Kg &#8211; Lavandaria Autom\u00e1tica"},"content":{"rendered":"<p><strong>APLICA\u00c7\u00c3O<\/strong><\/p>\n<p>Aditivo alcalino para n\u00f3doas dif\u00edceis<\/p>\n<p><strong><br \/><\/strong><\/p>\n<p><strong>PROPRIEDADES<\/strong><\/p>\n<p>Stark Aditiv Plus \u00e9 um aditivo, baseado numa mistura de alcalinos e&nbsp;agentes sequestrantes de dureza da \u00e1gua que asseguram excelentes resultados de lavagem.&nbsp;Este produto deve ser utilizado em conjunto com o detergente. Quando&nbsp;combinado com o detergente aumenta a performance da lavagem,&nbsp;nomeadamente na remo\u00e7\u00e3o de n\u00f3doas de gordura ou outras sujidades&nbsp;biol\u00f3gicas.<\/p>\n<p>A concentra\u00e7\u00e3o de agentes sequestrantes previne a forma\u00e7\u00e3o de&nbsp;dep\u00f3sitos de sais nos tecidos.<\/p>\n<p>Pode ser utilizado em qualquer tipo de tecidos \u00e0 exce\u00e7\u00e3o de l\u00e3s e&nbsp;cerdas.<\/p>\n<p><strong><br \/><\/strong><\/p>\n<p><strong>CONDI\u00c7\u00d5ES DE UTILIZA\u00c7\u00c3O<\/strong><\/p>\n<p>O Stark Aditiv Plus deve ser utilizado com sistemas de doseamento&nbsp;autom\u00e1tico devidamente ajustados aos processos de lavagem.<br \/>Concentra\u00e7\u00e3o recomendada: de 4 a 15 ml\/kg de roupa, dependendo do&nbsp;n\u00edvel de sujidade e dureza da \u00e1gua.<\/p>\n<p>Temperatura de lavagem: 30 a 95\u00baC.<\/p>\n<p><strong><br \/><\/strong><\/p>\n<p><strong>CARACTERISTICAS FISICO QU\u00cdMICAS<\/strong><br \/>Aspecto: Produto L\u00edquido<br \/>Cor: incolor<br \/>pH alcalino<br \/>Biodegrad\u00e1vel, conforme regulamento (CE) No 648\/2004 Anexo II e III<\/p>\n","protected":false},"excerpt":{"rendered":"<p>Aditivo alcalino para n\u00f3doas dif\u00edceis.<\/p>\n","protected":false},"featured_media":5797,"template":"","meta":{"spay_email":""},"product_cat":[15],"product_tag":[],"class_list":{"0":"post-5796","1":"product","2":"type-product","3":"status-publish","4":"has-post-thumbnail","6":"product_cat-sem-categoria","8":"first","9":"instock","10":"taxable","11":"shipping-taxable","12":"purchasable","13":"product-type-simple"},"acf":[],"jetpack-related-posts":[{"id":5814,"url":"https:\/\/mundo.seashell.pt\/?product=alka-power-24-kg-lavandaria-automatica","url_meta":{"origin":5796,"position":0},"title":"Aditivo Alcalino Alka Power 24Kg &#8211; Lavandaria Autom\u00e1tica","date":"Fevereiro 23, 2022","format":false,"excerpt":"Aditivo alcalino secuestrante para lavagem autom\u00e1tica de roupa","rel":"","context":"Similar post","img":{"alt_text":"","src":"https:\/\/i0.wp.com\/mundo.seashell.pt\/wp-content\/uploads\/2022\/02\/alka_power_5.jpg?resize=350%2C200&ssl=1","width":350,"height":200},"classes":[]},{"id":5786,"url":"https:\/\/mundo.seashell.pt\/?product=alka-extra-22-kg-lavandaria-automatica","url_meta":{"origin":5796,"position":1},"title":"Detergente Aditivo Alka Extra 22 Kg &#8211; Lavandaria Autom\u00e1tica","date":"Fevereiro 23, 2022","format":false,"excerpt":"Detergente aditivo refor\u00e7ador para a lavagem autom\u00e1tica dos tecidos.","rel":"","context":"Similar post","img":{"alt_text":"","src":"https:\/\/i0.wp.com\/mundo.seashell.pt\/wp-content\/uploads\/2022\/02\/alka_extra_4.jpg?resize=350%2C200&ssl=1","width":350,"height":200},"classes":[]},{"id":5780,"url":"https:\/\/mundo.seashell.pt\/?product=boost-2-10lt-lavandaria-automatica","url_meta":{"origin":5796,"position":2},"title":"Detergente Boost 2 10Lt &#8211; Lavandaria Autom\u00e1tica","date":"Fevereiro 23, 2022","format":false,"excerpt":"Detergente refor\u00e7ador para lavagem autom\u00e1tica de tecidos","rel":"","context":"Similar post","img":{"alt_text":"","src":"https:\/\/i0.wp.com\/mundo.seashell.pt\/wp-content\/uploads\/2022\/02\/boost_2.jpg?resize=350%2C200&ssl=1","width":350,"height":200},"classes":[]},{"id":5790,"url":"https:\/\/mundo.seashell.pt\/?product=alka-plus-24-kg-lavandaria-automatica","url_meta":{"origin":5796,"position":3},"title":"Detergente Alcalino Alka Plus 24 Kg &#8211; Lavandaria Autom\u00e1tica","date":"Fevereiro 23, 2022","format":false,"excerpt":"Detergente alcalino para lavagem autom\u00e1tica de roupa. Para lavagem com crit\u00e9rios ambientais e para um grau de sujidade padr\u00e3o.","rel":"","context":"Similar post","img":{"alt_text":"","src":"https:\/\/i0.wp.com\/mundo.seashell.pt\/wp-content\/uploads\/2022\/02\/PhotoRoom_20210325_092134.jpg?resize=350%2C200&ssl=1","width":350,"height":200},"classes":[]},{"id":5876,"url":"https:\/\/mundo.seashell.pt\/?product=det-10lt-loica-automatica","url_meta":{"origin":5796,"position":4},"title":"Detergente Det 1 &#8211; 10Lt &#8211; Loi\u00e7a Autom\u00e1tica","date":"Fevereiro 23, 2022","format":false,"excerpt":"Detergente alcalino em concentra\u00e7\u00e3o elevada exclusivamente concebido para a lavagem autom\u00e1tica da lou\u00e7a.","rel":"","context":"Similar post","img":{"alt_text":"","src":"https:\/\/i0.wp.com\/mundo.seashell.pt\/wp-content\/uploads\/2022\/02\/det_1.jpg?resize=350%2C200&ssl=1","width":350,"height":200},"classes":[]},{"id":5750,"url":"https:\/\/mundo.seashell.pt\/?product=stark-oxiblanc-10kg-lavandaria-manual","url_meta":{"origin":5796,"position":5},"title":"Branqueador Stark Oxiblanc 10Kg &#8211; Lavandaria Manual","date":"Fevereiro 23, 2022","format":false,"excerpt":"Branqueador em p\u00f3 para lavagem de roupa.","rel":"","context":"Similar post","img":{"alt_text":"","src":"https:\/\/i0.wp.com\/mundo.seashell.pt\/wp-content\/uploads\/2022\/02\/STARK_OXIBLANC_PhotoRoom_20210402_103319.jpg?resize=350%2C200&ssl=1","width":350,"height":200},"classes":[]}],"_links":{"self":[{"href":"https:\/\/mundo.seashell.pt\/index.php?rest_route=\/wp\/v2\/product\/5796","targetHints":{"allow":["GET"]}}],"collection":[{"href":"https:\/\/mundo.seashell.pt\/index.php?rest_route=\/wp\/v2\/product"}],"about":[{"href":"https:\/\/mundo.seashell.pt\/index.php?rest_route=\/wp\/v2\/types\/product"}],"wp:featuredmedia":[{"embeddable":true,"href":"https:\/\/mundo.seashell.pt\/index.php?rest_route=\/wp\/v2\/media\/5797"}],"wp:attachment":[{"href":"https:\/\/mundo.seashell.pt\/index.php?rest_route=%2Fwp%2Fv2%2Fmedia&parent=5796"}],"wp:term":[{"taxonomy":"product_cat","embeddable":true,"href":"https:\/\/mundo.seashell.pt\/index.php?rest_route=%2Fwp%2Fv2%2Fproduct_cat&post=5796"},{"taxonomy":"product_tag","embeddable":true,"href":"https:\/\/mundo.seashell.pt\/index.php?rest_route=%2Fwp%2Fv2%2Fproduct_tag&post=5796"}],"curies":[{"name":"wp","href":"https:\/\/api.w.org\/{rel}","templated":true}]}}