{"id":5794,"date":"2022-02-23T11:39:08","date_gmt":"2022-02-23T11:39:08","guid":{"rendered":"https:\/\/mundo.seashell.pt\/?post_type=product&#038;p=5794"},"modified":"2022-02-23T11:39:12","modified_gmt":"2022-02-23T11:39:12","slug":"oxipur-powder-15kg-lavandaria-manual","status":"publish","type":"product","link":"https:\/\/mundo.seashell.pt\/?product=oxipur-powder-15kg-lavandaria-manual","title":{"rendered":"Detergente em P\u00f3 Oxipur Powder"},"content":{"rendered":"<h2>Detergente para m\u00e1quinas de lavar<\/h2>\n<ul>\n<li>P\u00f3 completo atomizado<\/li>\n<li>\u00d3timos resultados em roupa branca e de cor<\/li>\n<li>SEM FOSFATOS<\/li>\n<\/ul>\n<h4><\/h4>\n<h4>Descri\u00e7\u00e3o<\/h4>\n<p>Alto poder de limpeza. \u00d3ptimos resultados em roupa branca e de cor. Ideal para hot\u00e9is, restaurantes, comunidades. SEM FOSFATOS<\/p>\n<h4><\/h4>\n<h4>Dilui\u00e7\u00e3o<\/h4>\n<p>Dose aconselhada por Kg de roupa:<br \/>\u00c1guas brandas (0\u00b0-15\u00b0fH):10 gms (pouco suja), 13 gms (sujidade normal), 20 gms (muito suja);<br \/>\u00c1guas m\u00e9dias (16\u00b0-25\u00b0fH): 13 gms (pouco suja), 16 gms (sujidade normal), 24 gms (muito suja);<br \/>\u00c1guas duras (&gt;25\u00b0fH): 16 gms (pouco suja), 22 gms (sujidade normal), 30 gms (muito suja).<\/p>\n<h4><\/h4>\n<h4>Como usar<\/h4>\n<p>Deite o produto no recipiente adequado da m\u00e1quina de lavar consoante o nivel de sujidade e a dureza da \u00e1gua.<\/p>\n","protected":false},"excerpt":{"rendered":"<p>Alto poder de limpeza. \u00d3ptimos resultados em roupa branca e de cor<\/p>\n","protected":false},"featured_media":5795,"template":"","meta":{"spay_email":""},"product_cat":[15],"product_tag":[],"class_list":{"0":"post-5794","1":"product","2":"type-product","3":"status-publish","4":"has-post-thumbnail","6":"product_cat-sem-categoria","8":"first","9":"instock","10":"taxable","11":"shipping-taxable","12":"purchasable","13":"product-type-simple"},"acf":[],"jetpack-related-posts":[{"id":6653,"url":"https:\/\/mundo.seashell.pt\/?product=lysol-higiene-450gr","url_meta":{"origin":5794,"position":0},"title":"Lysol Higiene 450Gr","date":"Fevereiro 23, 2022","format":false,"excerpt":"Remover as n\u00f3doas pode parecer um verdadeiro desafio, mas com Lysol higi\u00e9nico tira-n\u00f3doas em p\u00f3 vai perceber que \u00e9 simples manter a roupa limpa, sem precisar de esfregar. Garanta uma higiene e frescura prolongada da sua roupa. A marca Lysol existe h\u00e1 mais de 100 anos e \u00e9 uma marca\u2026","rel":"","context":"Similar post","img":{"alt_text":"","src":"https:\/\/i0.wp.com\/mundo.seashell.pt\/wp-content\/uploads\/2022\/02\/Lysol_Higie_nico_Tira_No_doas_Roupa_Po__450G_x6_5601217134462.png?resize=350%2C200&ssl=1","width":350,"height":200},"classes":[]},{"id":6710,"url":"https:\/\/mundo.seashell.pt\/?product=xau-limpa-maquinas-025l","url_meta":{"origin":5794,"position":1},"title":"Xau Limpa M\u00e1quinas 250ml","date":"Fevereiro 23, 2022","format":false,"excerpt":"Se a sua m\u00e1quina da roupa tem a gaveta suja, maus odores e borracha suja, utilize Xau limpa m\u00e1quinas. Este produto cont\u00e9m uma f\u00f3rmula \u00fanica que limpa e remove os res\u00edduos de sujidade e detergente do interior da m\u00e1quina da roupa. Mant\u00e9m o interior da sua m\u00e1quina limpa, garantindo um\u2026","rel":"","context":"Similar post","img":{"alt_text":"","src":"https:\/\/i0.wp.com\/mundo.seashell.pt\/wp-content\/uploads\/2022\/02\/Xau_Limpa_Ma_quinas_250mlx12_8410104033026.png?resize=350%2C200&ssl=1","width":350,"height":200},"classes":[]},{"id":5752,"url":"https:\/\/mundo.seashell.pt\/?product=solim-oxiclean-10kg","url_meta":{"origin":5794,"position":2},"title":"Solim Oxiclean 10Kg","date":"Fevereiro 23, 2022","format":false,"excerpt":"N\u00f3doas dif\u00edceis: Fazer uma solu\u00e7\u00e3o com: 1 litro de \u00e1gua e 15g de SOLIM OXICLEAN.","rel":"","context":"Similar post","img":{"alt_text":"","src":"https:\/\/i0.wp.com\/mundo.seashell.pt\/wp-content\/uploads\/2022\/02\/Oxiclean.jpg?resize=350%2C200&ssl=1","width":350,"height":200},"classes":[]},{"id":5750,"url":"https:\/\/mundo.seashell.pt\/?product=stark-oxiblanc-10kg-lavandaria-manual","url_meta":{"origin":5794,"position":3},"title":"Branqueador Stark Oxiblanc 10Kg &#8211; Lavandaria Manual","date":"Fevereiro 23, 2022","format":false,"excerpt":"Branqueador em p\u00f3 para lavagem de roupa.","rel":"","context":"Similar post","img":{"alt_text":"","src":"https:\/\/i0.wp.com\/mundo.seashell.pt\/wp-content\/uploads\/2022\/02\/STARK_OXIBLANC_PhotoRoom_20210402_103319.jpg?resize=350%2C200&ssl=1","width":350,"height":200},"classes":[]},{"id":5784,"url":"https:\/\/mundo.seashell.pt\/?product=enzy-extra-5-kg-lavandaria-automaticamanual","url_meta":{"origin":5794,"position":4},"title":"Detergente Enzy Extra &#8211; Lavandaria Autom\u00e1tica\/Manual","date":"Fevereiro 23, 2022","format":false,"excerpt":"Detergente completo enzim\u00e1tico para lavagem manual e autom\u00e1tica de tecidos","rel":"","context":"Similar post","img":{"alt_text":"","src":"https:\/\/i0.wp.com\/mundo.seashell.pt\/wp-content\/uploads\/2022\/02\/enzy_extra.jpg?resize=350%2C200&ssl=1","width":350,"height":200},"classes":[]},{"id":5822,"url":"https:\/\/mundo.seashell.pt\/?product=oxipur-stainbuster-1-kg-lavandaria-manual","url_meta":{"origin":5794,"position":5},"title":"Aditivo Oxipur Stainbuster 1 Kg &#8211; Lavandaria Manual","date":"Fevereiro 23, 2022","format":false,"excerpt":"Tira-n\u00f3doas em p\u00f3 para lavar roupa. Remove as n\u00f3doas mais dif\u00edceis gra\u00e7as \u00e0 sua formula\u00e7\u00e3o de a\u00e7\u00e3o combinada com oxig\u00e9nio ativo, enzimas, tensoativos","rel":"","context":"Similar post","img":{"alt_text":"","src":"https:\/\/i0.wp.com\/mundo.seashell.pt\/wp-content\/uploads\/2022\/02\/oxipur_stainbuster_1.jpg?resize=350%2C200&ssl=1","width":350,"height":200},"classes":[]}],"_links":{"self":[{"href":"https:\/\/mundo.seashell.pt\/index.php?rest_route=\/wp\/v2\/product\/5794","targetHints":{"allow":["GET"]}}],"collection":[{"href":"https:\/\/mundo.seashell.pt\/index.php?rest_route=\/wp\/v2\/product"}],"about":[{"href":"https:\/\/mundo.seashell.pt\/index.php?rest_route=\/wp\/v2\/types\/product"}],"wp:featuredmedia":[{"embeddable":true,"href":"https:\/\/mundo.seashell.pt\/index.php?rest_route=\/wp\/v2\/media\/5795"}],"wp:attachment":[{"href":"https:\/\/mundo.seashell.pt\/index.php?rest_route=%2Fwp%2Fv2%2Fmedia&parent=5794"}],"wp:term":[{"taxonomy":"product_cat","embeddable":true,"href":"https:\/\/mundo.seashell.pt\/index.php?rest_route=%2Fwp%2Fv2%2Fproduct_cat&post=5794"},{"taxonomy":"product_tag","embeddable":true,"href":"https:\/\/mundo.seashell.pt\/index.php?rest_route=%2Fwp%2Fv2%2Fproduct_tag&post=5794"}],"curies":[{"name":"wp","href":"https:\/\/api.w.org\/{rel}","templated":true}]}}