{"id":5792,"date":"2022-02-23T11:39:05","date_gmt":"2022-02-23T11:39:05","guid":{"rendered":"https:\/\/mundo.seashell.pt\/?post_type=product&#038;p=5792"},"modified":"2022-02-23T11:39:08","modified_gmt":"2022-02-23T11:39:08","slug":"deliwool-5kg-lavandaria-manual","status":"publish","type":"product","link":"https:\/\/mundo.seashell.pt\/?product=deliwool-5kg-lavandaria-manual","title":{"rendered":"Detergente Deliwool 5kg"},"content":{"rendered":"<h2>Detergente l\u00edquido para l\u00e3 e tecidos delicados<\/h2>\n<ul>\n<li>Lavagem \u00e0 m\u00e3o ou em m\u00e1quina de lavar<\/li>\n<li>Adequado para tecidos delicados<\/li>\n<li>Preserva a suavidade e elasticidade do tecido<\/li>\n<\/ul>\n<h4><\/h4>\n<h4>Descri\u00e7\u00e3o<\/h4>\n<p>Detergente l\u00edquido para lavagem de tecidos delicados ou l\u00e3, \u00e0 m\u00e3o e \u00e0 m\u00e1quina. Activo mesmo com baixas temperaturas. N\u00e3o altera as cores. Deixa um delicado perfume de limpeza.<\/p>\n<h4><\/h4>\n<h4>Dilui\u00e7\u00e3o<\/h4>\n<p>20-30 g por kg de roupa.<\/p>\n<h4><\/h4>\n<h4>Como usar<\/h4>\n<p>Deite o produto no recipiente adequado da m\u00e1quina de lavar ou no tanque da roupa para a lavagem \u00e0 m\u00e3o<\/p>\n","protected":false},"excerpt":{"rendered":"<p>Detergente l\u00edquido para lavagem de tecidos delicados ou l\u00e3, \u00e0 m\u00e3o e \u00e0 m\u00e1quina<\/p>\n","protected":false},"featured_media":5793,"template":"","meta":{"spay_email":""},"product_cat":[15],"product_tag":[],"class_list":{"0":"post-5792","1":"product","2":"type-product","3":"status-publish","4":"has-post-thumbnail","6":"product_cat-sem-categoria","8":"first","9":"instock","10":"taxable","11":"shipping-taxable","12":"purchasable","13":"product-type-simple"},"acf":[],"jetpack-related-posts":[{"id":6539,"url":"https:\/\/mundo.seashell.pt\/?product=woolite-det-liquido-para-maquina-de-lavaer-ruopa","url_meta":{"origin":5792,"position":0},"title":"Woolite Detergente L\u00edquido 56 Doses","date":"Fevereiro 23, 2022","format":false,"excerpt":"Woolite prote\u00e7\u00e3o l\u00e3s e sedas \u00e9 um detergente l\u00edquido para a m\u00e1quina de lavar roupa. \u00c9 o \u00fanico detergente do mercado com queratina que mant\u00e9m a sua roupa delicada como nova durante mais tempo e limpa e protege sem danificar os tecidos. Woolite sport \u00e9 um detergente l\u00edquido especialmente desenvolvido\u2026","rel":"","context":"Similar post","img":{"alt_text":"","src":"https:\/\/i0.wp.com\/mundo.seashell.pt\/wp-content\/uploads\/2022\/02\/Woolite_P._Brancos_56Dx6_5601217134264.png?resize=350%2C200&ssl=1","width":350,"height":200},"classes":[]},{"id":7172,"url":"https:\/\/mundo.seashell.pt\/?product=woolite-roupa-delicada-25-doses","url_meta":{"origin":5792,"position":1},"title":"Woolite Roupa Delicada 25 Doses","date":"Fevereiro 23, 2022","format":false,"excerpt":"Woolite prote\u00e7\u00e3o l\u00e3s e sedas \u00e9 um detergente l\u00edquido para a m\u00e1quina de lavar roupa. \u00c9 o \u00fanico detergente do mercado com queratina que mant\u00e9m a sua roupa delicada como nova durante mais tempo e limpa e protege sem danificar os tecidos. Benef\u00edcios: - F\u00f3rmula com queratina;- Para roupa de\u2026","rel":"","context":"Similar post","img":{"alt_text":"","src":"https:\/\/i0.wp.com\/mundo.seashell.pt\/wp-content\/uploads\/2022\/02\/6623586-frente.jpeg?resize=350%2C200&ssl=1","width":350,"height":200},"classes":[]},{"id":6645,"url":"https:\/\/mundo.seashell.pt\/?product=vanish-cores-3l","url_meta":{"origin":5792,"position":2},"title":"Vanish Cores 3L","date":"Fevereiro 23, 2022","format":false,"excerpt":"Vanish l\u00edquido delicada \u00e9 uma alternativa \u00e0 lix\u00edvia tradicional. \u00c9 um tira-n\u00f3doas sem cloro, seguro para todas as cores e tecidos, mesmo os de cor e os mais delicados. Vanish \u00e9 o tira-n\u00f3doas n\u00ba #1 em Portugal. Tipo de produto: Lix\u00edvia DelicadaBenef\u00edcios: - Adequado para roupa branca e de cor;-\u2026","rel":"","context":"Similar post","img":{"alt_text":"","src":"https:\/\/i0.wp.com\/mundo.seashell.pt\/wp-content\/uploads\/2022\/02\/Vanish_Delicada_Pink_3L_x6_8410104252304.png?resize=350%2C200&ssl=1","width":350,"height":200},"classes":[]},{"id":7170,"url":"https:\/\/mundo.seashell.pt\/?product=norit-detergente-liquido-peles-sensiveis-40-doses","url_meta":{"origin":5792,"position":3},"title":"Norit Detergente L\u00edquido Peles Sens\u00edveis 40 doses","date":"Fevereiro 23, 2022","format":false,"excerpt":"Norit Detergente L\u00edquido Peles Sens\u00edveis 40 dosesBenef\u00edcios: - Mant\u00e9m o brilho;- Evita a deforma\u00e7\u00e3o;- Conserva a elasticidade dos tecidos. Conselhos de utiliza\u00e7\u00e3o: Indicado para lavar roupa \u00e0 m\u00e3o ou na m\u00e1quina. Separe as roupas de beb\u00e9 do resto da fam\u00edlia. Respeite sempre as recomenda\u00e7\u00f5es de lavagem ind...","rel":"","context":"Similar post","img":{"alt_text":"","src":"https:\/\/i0.wp.com\/mundo.seashell.pt\/wp-content\/uploads\/2022\/02\/transferir__24_.jpeg?resize=350%2C200&ssl=1","width":350,"height":200},"classes":[]},{"id":6311,"url":"https:\/\/mundo.seashell.pt\/?product=neoblanc-gentil-lixivia-delicada","url_meta":{"origin":5792,"position":4},"title":"Neoblanc Gentil Lix\u00edvia Delicada 1L","date":"Fevereiro 23, 2022","format":false,"excerpt":"Neoblanc Gentil \u00e9 uma lix\u00edvia delicada, segura sobre todas as cores e tecidos, sint\u00e9ticos ou delicados, como l\u00e3 e seda. Adicionada em cada lavagem, tira-n\u00f3doas, higieniza e elimina os cheiros. Tipo de produto: Lix\u00edvia DelicadaBenef\u00edcios: - Remo\u00e7\u00e3o de manchas de toda a roupa;- Elimina\u00e7\u00e3o do mau cheiro;- ...","rel":"","context":"Similar post","img":{"alt_text":"","src":"https:\/\/i0.wp.com\/mundo.seashell.pt\/wp-content\/uploads\/2022\/02\/NEOBLANC_GENTIL_1L_8001480020740.png?resize=350%2C200&ssl=1","width":350,"height":200},"classes":[]},{"id":5742,"url":"https:\/\/mundo.seashell.pt\/?product=soft-plus-5kg-lavandaria-automaticamanual","url_meta":{"origin":5792,"position":5},"title":"Amaciador Soft Plus &#8211; Lavandaria Autom\u00e1tica\/Manual","date":"Fevereiro 23, 2022","format":false,"excerpt":"Amaciador l\u00edquido para a lavagem de roupa","rel":"","context":"Similar post","img":{"alt_text":"","src":"https:\/\/i0.wp.com\/mundo.seashell.pt\/wp-content\/uploads\/2022\/02\/soft_plus.jpg?resize=350%2C200&ssl=1","width":350,"height":200},"classes":[]}],"_links":{"self":[{"href":"https:\/\/mundo.seashell.pt\/index.php?rest_route=\/wp\/v2\/product\/5792","targetHints":{"allow":["GET"]}}],"collection":[{"href":"https:\/\/mundo.seashell.pt\/index.php?rest_route=\/wp\/v2\/product"}],"about":[{"href":"https:\/\/mundo.seashell.pt\/index.php?rest_route=\/wp\/v2\/types\/product"}],"wp:featuredmedia":[{"embeddable":true,"href":"https:\/\/mundo.seashell.pt\/index.php?rest_route=\/wp\/v2\/media\/5793"}],"wp:attachment":[{"href":"https:\/\/mundo.seashell.pt\/index.php?rest_route=%2Fwp%2Fv2%2Fmedia&parent=5792"}],"wp:term":[{"taxonomy":"product_cat","embeddable":true,"href":"https:\/\/mundo.seashell.pt\/index.php?rest_route=%2Fwp%2Fv2%2Fproduct_cat&post=5792"},{"taxonomy":"product_tag","embeddable":true,"href":"https:\/\/mundo.seashell.pt\/index.php?rest_route=%2Fwp%2Fv2%2Fproduct_tag&post=5792"}],"curies":[{"name":"wp","href":"https:\/\/api.w.org\/{rel}","templated":true}]}}