{"id":5788,"date":"2022-02-23T11:38:56","date_gmt":"2022-02-23T11:38:56","guid":{"rendered":"https:\/\/mundo.seashell.pt\/?post_type=product&#038;p=5788"},"modified":"2022-02-23T11:38:58","modified_gmt":"2022-02-23T11:38:58","slug":"degre-plus-20-kg-lavandaria-automatica","status":"publish","type":"product","link":"https:\/\/mundo.seashell.pt\/?product=degre-plus-20-kg-lavandaria-automatica","title":{"rendered":"Desengordurante Degre Plus 20 Kg &#8211; Lavandaria Autom\u00e1tica"},"content":{"rendered":"<h2>Detergente com grande efeito desengordurante para lavagem autom\u00e1tica da roupa<\/h2>\n<ul>\n<li>Eficaz contra as manchas mais persistentes, particularmente em n\u00f3doas de gordura<\/li>\n<li>F\u00f3rmula enriquecida com sistema de tensioactivos selecionados<\/li>\n<li>Otimizado para uso com produtos do sistema Oxipur<\/li>\n<\/ul>\n<h4><\/h4>\n<h4>Descri\u00e7\u00e3o<\/h4>\n<p>Detergente l\u00edquido desengordurante para lavagem autom\u00e1tica de tecidos muito sujos, provenientes de ambientes como cozinhas, restaurantes, oficinas ou franjas de lavagem de pavimentos.<\/p>\n<h4><\/h4>\n<h4>Dilui\u00e7\u00e3o<\/h4>\n<p>Dosear em fun\u00e7\u00e3o do ciclo de lavado, da dureza da \u00e1gua e do tipo de sujidade. Contatar os t\u00e9cnicos da Sutter Professional.<\/p>\n<h4><\/h4>\n<h4>Como usar<\/h4>\n<p>Deve ser utilizado com outros produtos da linha Oxipur e com sistemas autom\u00e1ticos de dosagem Sutter Tech.<\/p>\n","protected":false},"excerpt":{"rendered":"<p>Detergente l\u00edquido desengordurante para lavagem autom\u00e1tica de tecidos muito sujos, provenientes de ambientes como cozinhas, restaurantes, oficinas ou franjas de lavagem de pavimentos<\/p>\n","protected":false},"featured_media":5789,"template":"","meta":{"spay_email":""},"product_cat":[15],"product_tag":[],"class_list":{"0":"post-5788","1":"product","2":"type-product","3":"status-publish","4":"has-post-thumbnail","6":"product_cat-sem-categoria","8":"first","9":"instock","10":"taxable","11":"shipping-taxable","12":"purchasable","13":"product-type-simple"},"acf":[],"jetpack-related-posts":[{"id":5784,"url":"https:\/\/mundo.seashell.pt\/?product=enzy-extra-5-kg-lavandaria-automaticamanual","url_meta":{"origin":5788,"position":0},"title":"Detergente Enzy Extra &#8211; Lavandaria Autom\u00e1tica\/Manual","date":"Fevereiro 23, 2022","format":false,"excerpt":"Detergente completo enzim\u00e1tico para lavagem manual e autom\u00e1tica de tecidos","rel":"","context":"Similar post","img":{"alt_text":"","src":"https:\/\/i0.wp.com\/mundo.seashell.pt\/wp-content\/uploads\/2022\/02\/enzy_extra.jpg?resize=350%2C200&ssl=1","width":350,"height":200},"classes":[]},{"id":5782,"url":"https:\/\/mundo.seashell.pt\/?product=clean-active-20-kg-lavandaria-automaticamanual","url_meta":{"origin":5788,"position":1},"title":"Detergente Clean Active &#8211; Lavandaria Autom\u00e1tica\/Manual","date":"Fevereiro 23, 2022","format":false,"excerpt":"Detergente perfumado para lavagem manual e autom\u00e1tica da roupa com efeito poderoso de lavagem para todos os tipos de sujidade e de tecido.","rel":"","context":"Similar post","img":{"alt_text":"","src":"https:\/\/i0.wp.com\/mundo.seashell.pt\/wp-content\/uploads\/2022\/02\/clean_active.jpg?resize=350%2C200&ssl=1","width":350,"height":200},"classes":[]},{"id":5790,"url":"https:\/\/mundo.seashell.pt\/?product=alka-plus-24-kg-lavandaria-automatica","url_meta":{"origin":5788,"position":2},"title":"Detergente Alcalino Alka Plus 24 Kg &#8211; Lavandaria Autom\u00e1tica","date":"Fevereiro 23, 2022","format":false,"excerpt":"Detergente alcalino para lavagem autom\u00e1tica de roupa. Para lavagem com crit\u00e9rios ambientais e para um grau de sujidade padr\u00e3o.","rel":"","context":"Similar post","img":{"alt_text":"","src":"https:\/\/i0.wp.com\/mundo.seashell.pt\/wp-content\/uploads\/2022\/02\/PhotoRoom_20210325_092134.jpg?resize=350%2C200&ssl=1","width":350,"height":200},"classes":[]},{"id":5786,"url":"https:\/\/mundo.seashell.pt\/?product=alka-extra-22-kg-lavandaria-automatica","url_meta":{"origin":5788,"position":3},"title":"Detergente Aditivo Alka Extra 22 Kg &#8211; Lavandaria Autom\u00e1tica","date":"Fevereiro 23, 2022","format":false,"excerpt":"Detergente aditivo refor\u00e7ador para a lavagem autom\u00e1tica dos tecidos.","rel":"","context":"Similar post","img":{"alt_text":"","src":"https:\/\/i0.wp.com\/mundo.seashell.pt\/wp-content\/uploads\/2022\/02\/alka_extra_4.jpg?resize=350%2C200&ssl=1","width":350,"height":200},"classes":[]},{"id":5876,"url":"https:\/\/mundo.seashell.pt\/?product=det-10lt-loica-automatica","url_meta":{"origin":5788,"position":4},"title":"Detergente Det 1 &#8211; 10Lt &#8211; Loi\u00e7a Autom\u00e1tica","date":"Fevereiro 23, 2022","format":false,"excerpt":"Detergente alcalino em concentra\u00e7\u00e3o elevada exclusivamente concebido para a lavagem autom\u00e1tica da lou\u00e7a.","rel":"","context":"Similar post","img":{"alt_text":"","src":"https:\/\/i0.wp.com\/mundo.seashell.pt\/wp-content\/uploads\/2022\/02\/det_1.jpg?resize=350%2C200&ssl=1","width":350,"height":200},"classes":[]},{"id":5882,"url":"https:\/\/mundo.seashell.pt\/?product=universal-plus-6kg-loica-automatica","url_meta":{"origin":5788,"position":5},"title":"Detergente Universal Plus &#8211; Loi\u00e7a Autom\u00e1tica","date":"Fevereiro 23, 2022","format":false,"excerpt":"Detergente alcalino em concentra\u00e7\u00e3o elevada exclusivamente concebido para a lavagem autom\u00e1tica da lou\u00e7a. Todos os tipos de \u00e1gua.","rel":"","context":"Similar post","img":{"alt_text":"","src":"https:\/\/i0.wp.com\/mundo.seashell.pt\/wp-content\/uploads\/2022\/02\/universal_plus.jpg?resize=350%2C200&ssl=1","width":350,"height":200},"classes":[]}],"_links":{"self":[{"href":"https:\/\/mundo.seashell.pt\/index.php?rest_route=\/wp\/v2\/product\/5788","targetHints":{"allow":["GET"]}}],"collection":[{"href":"https:\/\/mundo.seashell.pt\/index.php?rest_route=\/wp\/v2\/product"}],"about":[{"href":"https:\/\/mundo.seashell.pt\/index.php?rest_route=\/wp\/v2\/types\/product"}],"wp:featuredmedia":[{"embeddable":true,"href":"https:\/\/mundo.seashell.pt\/index.php?rest_route=\/wp\/v2\/media\/5789"}],"wp:attachment":[{"href":"https:\/\/mundo.seashell.pt\/index.php?rest_route=%2Fwp%2Fv2%2Fmedia&parent=5788"}],"wp:term":[{"taxonomy":"product_cat","embeddable":true,"href":"https:\/\/mundo.seashell.pt\/index.php?rest_route=%2Fwp%2Fv2%2Fproduct_cat&post=5788"},{"taxonomy":"product_tag","embeddable":true,"href":"https:\/\/mundo.seashell.pt\/index.php?rest_route=%2Fwp%2Fv2%2Fproduct_tag&post=5788"}],"curies":[{"name":"wp","href":"https:\/\/api.w.org\/{rel}","templated":true}]}}