{"id":5784,"date":"2022-02-23T11:38:45","date_gmt":"2022-02-23T11:38:45","guid":{"rendered":"https:\/\/mundo.seashell.pt\/?post_type=product&#038;p=5784"},"modified":"2022-02-23T11:38:48","modified_gmt":"2022-02-23T11:38:48","slug":"enzy-extra-5-kg-lavandaria-automaticamanual","status":"publish","type":"product","link":"https:\/\/mundo.seashell.pt\/?product=enzy-extra-5-kg-lavandaria-automaticamanual","title":{"rendered":"Detergente Enzy Extra &#8211; Lavandaria Autom\u00e1tica\/Manual"},"content":{"rendered":"<h2>Detergente completo enzim\u00e1tico para lavagem manual e autom\u00e1tica de tecidos<\/h2>\n<ul>\n<li>Produto enzim\u00e1tico de alto rendimento que respeita a roupa<\/li>\n<li>Alto poder sequestrante e desengordurante<\/li>\n<li>Eficaz particularmente a baixas temperaturas<\/li>\n<\/ul>\n<h4><\/h4>\n<h4>Descri\u00e7\u00e3o<\/h4>\n<p>Detergente enzim\u00e1tico concentrado completo, agradavelmente perfumado e de elevado desempenho, recomendado para todos os tipos de tecidos. Gra\u00e7as \u00e0 sua a\u00e7\u00e3o enzim\u00e1tica, \u00e9 particularmente indicado em estruturas onde existe sujidade de origem org\u00e2nica (por exemplo, sangue, fezes, etc.). Sem fosfatos.<\/p>\n<p><strong>Certificado <a target=\"_blank\" href=\"https:\/\/www.sutterprofessional.it\/pt\/sutterpedia#ecolabel\" rel=\"noopener\">Ecolabel<\/a><\/strong>: IT\/039\/004.<\/p>\n<p>O produto ENZY EXTRA, usado em combina\u00e7\u00e3o com ALKA POWER e PER ACTIVE, \u00e9 <strong>certificado VAH<\/strong>. Para obter mais informa\u00e7\u00f5es, consulte o Anexo VAH.<\/p>\n<h4><\/h4>\n<h4>Dilui\u00e7\u00e3o<\/h4>\n<p>Doses (ml\/kg de roupas)<br \/>\u00c1guas macias (0-15\u00b0 F): Pouca sujeira: 4ml\/kg \u2013 Sujeira normal: 6ml\/kg &#8211; Muita sujeira: 8ml\/kg.<br \/>\u00c1guas m\u00e9dias (15-25\u00b0 F): Pouca sujeira: 5ml\/kg \u2013 Sujeira normal: 7ml\/kg &#8211; Muita sujeira: 9ml\/kg.<br \/>\u00c1guas duras (&gt; 25\u00b0 F): Pouca sujeira: 6ml\/kg \u2013 Sujeira normal: 8ml\/kg &#8211; Muita sujeira: 10ml\/kg.<\/p>\n<p>Dosear em fun\u00e7\u00e3o do ciclo de lavado, da dureza da \u00e1gua e do tipo de sujidade. A dose e a temperatura aconselhadas consentem poupar e reduzir ao m\u00ednimo o impacto ambiental e o consumo de \u00e1gua e de energia. Para mais informa\u00e7\u00f5es contactar os t\u00e9cnicos da Sutter Professional.<\/p>\n<h4><\/h4>\n<h4>Como usar<\/h4>\n<p>Formato 5kg: Deite o produto no apropriado tanque da m\u00e1quina de lavar roupa ou em tanque de molho dos tecidos para a lavagem \u00e0 m\u00e3o.<br \/>Formato 22kg: Deve ser utilizado com outros produtos da linha Oxipur e com sistemas autom\u00e1ticos de dosagem Sutter Tech.<\/p>\n","protected":false},"excerpt":{"rendered":"<p>Detergente completo enzim\u00e1tico para lavagem manual e autom\u00e1tica de tecidos<\/p>\n","protected":false},"featured_media":5785,"template":"","meta":{"spay_email":""},"product_cat":[15],"product_tag":[],"class_list":{"0":"post-5784","1":"product","2":"type-product","3":"status-publish","4":"has-post-thumbnail","6":"product_cat-sem-categoria","8":"first","9":"instock","10":"taxable","11":"shipping-taxable","12":"purchasable","13":"product-type-simple"},"acf":[],"jetpack-related-posts":[{"id":5778,"url":"https:\/\/mundo.seashell.pt\/?product=enzy-1-10lt-lavandaria-automatica","url_meta":{"origin":5784,"position":0},"title":"Detergente enzim\u00e1tico Enzy 1 10Lt","date":"Fevereiro 23, 2022","format":false,"excerpt":"Detergente enzim\u00e1tico completo concentrado, agradavelmente perfumado e de elevado desempenho","rel":"","context":"Similar post","img":{"alt_text":"","src":"https:\/\/i0.wp.com\/mundo.seashell.pt\/wp-content\/uploads\/2022\/02\/enzy_1.jpg?resize=350%2C200&ssl=1","width":350,"height":200},"classes":[]},{"id":5776,"url":"https:\/\/mundo.seashell.pt\/?product=fun-detergente-power-enzymes-3l","url_meta":{"origin":5784,"position":1},"title":"Fun Detergente Power Enzymes 3L","date":"Fevereiro 23, 2022","format":false,"excerpt":"Detergente l\u00edquido enzim\u00e1tico para a lavagem autom\u00e1tica de roupa.","rel":"","context":"Similar post","img":{"alt_text":"","src":"https:\/\/i0.wp.com\/mundo.seashell.pt\/wp-content\/uploads\/2022\/02\/Fun_Power_Enzymes_Higiene_PhotoRoom_20210402_102933.jpg?resize=350%2C200&ssl=1","width":350,"height":200},"classes":[]},{"id":5786,"url":"https:\/\/mundo.seashell.pt\/?product=alka-extra-22-kg-lavandaria-automatica","url_meta":{"origin":5784,"position":2},"title":"Detergente Aditivo Alka Extra 22 Kg &#8211; Lavandaria Autom\u00e1tica","date":"Fevereiro 23, 2022","format":false,"excerpt":"Detergente aditivo refor\u00e7ador para a lavagem autom\u00e1tica dos tecidos.","rel":"","context":"Similar post","img":{"alt_text":"","src":"https:\/\/i0.wp.com\/mundo.seashell.pt\/wp-content\/uploads\/2022\/02\/alka_extra_4.jpg?resize=350%2C200&ssl=1","width":350,"height":200},"classes":[]},{"id":5780,"url":"https:\/\/mundo.seashell.pt\/?product=boost-2-10lt-lavandaria-automatica","url_meta":{"origin":5784,"position":3},"title":"Detergente Boost 2 10Lt &#8211; Lavandaria Autom\u00e1tica","date":"Fevereiro 23, 2022","format":false,"excerpt":"Detergente refor\u00e7ador para lavagem autom\u00e1tica de tecidos","rel":"","context":"Similar post","img":{"alt_text":"","src":"https:\/\/i0.wp.com\/mundo.seashell.pt\/wp-content\/uploads\/2022\/02\/boost_2.jpg?resize=350%2C200&ssl=1","width":350,"height":200},"classes":[]},{"id":5820,"url":"https:\/\/mundo.seashell.pt\/?product=stain-active-5kg-lavandaria-automaticamanual","url_meta":{"origin":5784,"position":4},"title":"Aditivo Tira-N\u00f3doas Stain Active &#8211; Lavandaria Autom\u00e1tica\/Manual","date":"Fevereiro 23, 2022","format":false,"excerpt":"AditivoTira-N\u00f3doas Para Lavagem Manual e Autom\u00e1tica de Tecidos Brancos ou de Cor com um branqueamento e a\u00e7\u00e3o neutralizante do mau cheiro de qualidade superior.","rel":"","context":"Similar post","img":{"alt_text":"","src":"https:\/\/i0.wp.com\/mundo.seashell.pt\/wp-content\/uploads\/2022\/02\/stain_active.jpg?resize=350%2C200&ssl=1","width":350,"height":200},"classes":[]},{"id":5782,"url":"https:\/\/mundo.seashell.pt\/?product=clean-active-20-kg-lavandaria-automaticamanual","url_meta":{"origin":5784,"position":5},"title":"Detergente Clean Active &#8211; Lavandaria Autom\u00e1tica\/Manual","date":"Fevereiro 23, 2022","format":false,"excerpt":"Detergente perfumado para lavagem manual e autom\u00e1tica da roupa com efeito poderoso de lavagem para todos os tipos de sujidade e de tecido.","rel":"","context":"Similar post","img":{"alt_text":"","src":"https:\/\/i0.wp.com\/mundo.seashell.pt\/wp-content\/uploads\/2022\/02\/clean_active.jpg?resize=350%2C200&ssl=1","width":350,"height":200},"classes":[]}],"_links":{"self":[{"href":"https:\/\/mundo.seashell.pt\/index.php?rest_route=\/wp\/v2\/product\/5784","targetHints":{"allow":["GET"]}}],"collection":[{"href":"https:\/\/mundo.seashell.pt\/index.php?rest_route=\/wp\/v2\/product"}],"about":[{"href":"https:\/\/mundo.seashell.pt\/index.php?rest_route=\/wp\/v2\/types\/product"}],"wp:featuredmedia":[{"embeddable":true,"href":"https:\/\/mundo.seashell.pt\/index.php?rest_route=\/wp\/v2\/media\/5785"}],"wp:attachment":[{"href":"https:\/\/mundo.seashell.pt\/index.php?rest_route=%2Fwp%2Fv2%2Fmedia&parent=5784"}],"wp:term":[{"taxonomy":"product_cat","embeddable":true,"href":"https:\/\/mundo.seashell.pt\/index.php?rest_route=%2Fwp%2Fv2%2Fproduct_cat&post=5784"},{"taxonomy":"product_tag","embeddable":true,"href":"https:\/\/mundo.seashell.pt\/index.php?rest_route=%2Fwp%2Fv2%2Fproduct_tag&post=5784"}],"curies":[{"name":"wp","href":"https:\/\/api.w.org\/{rel}","templated":true}]}}