{"id":5780,"date":"2022-02-23T11:38:40","date_gmt":"2022-02-23T11:38:40","guid":{"rendered":"https:\/\/mundo.seashell.pt\/?post_type=product&#038;p=5780"},"modified":"2022-02-23T11:38:43","modified_gmt":"2022-02-23T11:38:43","slug":"boost-2-10lt-lavandaria-automatica","status":"publish","type":"product","link":"https:\/\/mundo.seashell.pt\/?product=boost-2-10lt-lavandaria-automatica","title":{"rendered":"Detergente Boost 2 10Lt &#8211; Lavandaria Autom\u00e1tica"},"content":{"rendered":"<h2>Detergente refor\u00e7ador para lavagem autom\u00e1tica de tecidos<\/h2>\n<ul>\n<li>Seguro, conveniente e sustent\u00e1vel<\/li>\n<li>Aumenta o poder de lavagem do detergente<\/li>\n<li>Excelentes resultados mesmo na presen\u00e7a de \u00e1gua dura<\/li>\n<\/ul>\n<h4><\/h4>\n<h4>Descri\u00e7\u00e3o<\/h4>\n<p>Detergente aditivo refor\u00e7ador para a lavagem autom\u00e1tica dos tecidos. Alto poder sequestrante para neutralizar problemas de dureza da \u00e1gua. Aumenta o poder de lavagem do detergente durante a fase de lavagem. Ajuda a prevenir a forma\u00e7\u00e3o de manchas amarelas (por exemplo, protetor solar).<\/p>\n<p>Certificado Ecolabel: IT\/039\/004.<\/p>\n<h4><\/h4>\n<h4>Dilui\u00e7\u00e3o<\/h4>\n<p>USAR \u00daNICAMENTE DILU\u00cdDO!<br \/>Dosear em fun\u00e7\u00e3o do ciclo de lavagem, da dureza da \u00e1gua e do tipo de sujidade. A dose e a temperatura aconselhadas consentem poupar e reduzir ao m\u00ednimo o impacto ambiental e o consumo de \u00e1gua e de energia.<br \/>Produto dosado do sistema de dosagem. Para mais informa\u00e7\u00f5es contactar os t\u00e9cnicos da Sutter Professional.<\/p>\n<p><strong>Especifica\u00e7\u00f5es<\/strong><\/p>\n<p>Doses (ml\/kg de roupas):<\/p>\n<table>\n<tbody>\n<tr>\n<td><strong>Dureza da \u00e1gua<\/strong><\/td>\n<td><strong>Pouca sujeira<\/strong><\/td>\n<td><strong>Sujeira normal<\/strong><\/td>\n<td><strong>Muita sujeira<\/strong><\/td>\n<\/tr>\n<tr>\n<td>\u00c1guas macias (0-15\u00b0 F)<\/td>\n<td>0 ml\/kg<\/td>\n<td>1 ml\/kg<\/td>\n<td>2 ml\/kg<\/td>\n<\/tr>\n<tr>\n<td>\u00c1guas m\u00e9dias (15-25\u00b0 F)<\/td>\n<td>2 ml\/kg<\/td>\n<td>3 ml\/kg<\/td>\n<td>4 ml\/kg<\/td>\n<\/tr>\n<tr>\n<td>\u00c1guas duras (&gt; 25\u00b0 F)<\/td>\n<td>4 ml\/kg<\/td>\n<td>5 ml\/kg<\/td>\n<td>6 ml\/kg<\/td>\n<\/tr>\n<\/tbody>\n<\/table>\n<h4>Como usar<\/h4>\n<p>Deve ser utilizado com outros produtos da linha Pick a Box e com sistemas autom\u00e1ticos de dosagem Sutter Tech.<br \/>Recomendamos sempre combinar BOOST 2 com um detergente para lavagem de tecidos.<\/p>\n","protected":false},"excerpt":{"rendered":"<p>Detergente refor\u00e7ador para lavagem autom\u00e1tica de tecidos<\/p>\n","protected":false},"featured_media":5781,"template":"","meta":{"spay_email":""},"product_cat":[15],"product_tag":[],"class_list":{"0":"post-5780","1":"product","2":"type-product","3":"status-publish","4":"has-post-thumbnail","6":"product_cat-sem-categoria","8":"first","9":"instock","10":"taxable","11":"shipping-taxable","12":"purchasable","13":"product-type-simple"},"acf":[],"jetpack-related-posts":[{"id":5786,"url":"https:\/\/mundo.seashell.pt\/?product=alka-extra-22-kg-lavandaria-automatica","url_meta":{"origin":5780,"position":0},"title":"Detergente Aditivo Alka Extra 22 Kg &#8211; Lavandaria Autom\u00e1tica","date":"Fevereiro 23, 2022","format":false,"excerpt":"Detergente aditivo refor\u00e7ador para a lavagem autom\u00e1tica dos tecidos.","rel":"","context":"Similar post","img":{"alt_text":"","src":"https:\/\/i0.wp.com\/mundo.seashell.pt\/wp-content\/uploads\/2022\/02\/alka_extra_4.jpg?resize=350%2C200&ssl=1","width":350,"height":200},"classes":[]},{"id":5778,"url":"https:\/\/mundo.seashell.pt\/?product=enzy-1-10lt-lavandaria-automatica","url_meta":{"origin":5780,"position":1},"title":"Detergente enzim\u00e1tico Enzy 1 10Lt","date":"Fevereiro 23, 2022","format":false,"excerpt":"Detergente enzim\u00e1tico completo concentrado, agradavelmente perfumado e de elevado desempenho","rel":"","context":"Similar post","img":{"alt_text":"","src":"https:\/\/i0.wp.com\/mundo.seashell.pt\/wp-content\/uploads\/2022\/02\/enzy_1.jpg?resize=350%2C200&ssl=1","width":350,"height":200},"classes":[]},{"id":5788,"url":"https:\/\/mundo.seashell.pt\/?product=degre-plus-20-kg-lavandaria-automatica","url_meta":{"origin":5780,"position":2},"title":"Desengordurante Degre Plus 20 Kg &#8211; Lavandaria Autom\u00e1tica","date":"Fevereiro 23, 2022","format":false,"excerpt":"Detergente l\u00edquido desengordurante para lavagem autom\u00e1tica de tecidos muito sujos, provenientes de ambientes como cozinhas, restaurantes, oficinas ou franjas de lavagem de pavimentos","rel":"","context":"Similar post","img":{"alt_text":"","src":"https:\/\/i0.wp.com\/mundo.seashell.pt\/wp-content\/uploads\/2022\/02\/degre_plus.jpg?resize=350%2C200&ssl=1","width":350,"height":200},"classes":[]},{"id":5784,"url":"https:\/\/mundo.seashell.pt\/?product=enzy-extra-5-kg-lavandaria-automaticamanual","url_meta":{"origin":5780,"position":3},"title":"Detergente Enzy Extra &#8211; Lavandaria Autom\u00e1tica\/Manual","date":"Fevereiro 23, 2022","format":false,"excerpt":"Detergente completo enzim\u00e1tico para lavagem manual e autom\u00e1tica de tecidos","rel":"","context":"Similar post","img":{"alt_text":"","src":"https:\/\/i0.wp.com\/mundo.seashell.pt\/wp-content\/uploads\/2022\/02\/enzy_extra.jpg?resize=350%2C200&ssl=1","width":350,"height":200},"classes":[]},{"id":5782,"url":"https:\/\/mundo.seashell.pt\/?product=clean-active-20-kg-lavandaria-automaticamanual","url_meta":{"origin":5780,"position":4},"title":"Detergente Clean Active &#8211; Lavandaria Autom\u00e1tica\/Manual","date":"Fevereiro 23, 2022","format":false,"excerpt":"Detergente perfumado para lavagem manual e autom\u00e1tica da roupa com efeito poderoso de lavagem para todos os tipos de sujidade e de tecido.","rel":"","context":"Similar post","img":{"alt_text":"","src":"https:\/\/i0.wp.com\/mundo.seashell.pt\/wp-content\/uploads\/2022\/02\/clean_active.jpg?resize=350%2C200&ssl=1","width":350,"height":200},"classes":[]},{"id":5790,"url":"https:\/\/mundo.seashell.pt\/?product=alka-plus-24-kg-lavandaria-automatica","url_meta":{"origin":5780,"position":5},"title":"Detergente Alcalino Alka Plus 24 Kg &#8211; Lavandaria Autom\u00e1tica","date":"Fevereiro 23, 2022","format":false,"excerpt":"Detergente alcalino para lavagem autom\u00e1tica de roupa. Para lavagem com crit\u00e9rios ambientais e para um grau de sujidade padr\u00e3o.","rel":"","context":"Similar post","img":{"alt_text":"","src":"https:\/\/i0.wp.com\/mundo.seashell.pt\/wp-content\/uploads\/2022\/02\/PhotoRoom_20210325_092134.jpg?resize=350%2C200&ssl=1","width":350,"height":200},"classes":[]}],"_links":{"self":[{"href":"https:\/\/mundo.seashell.pt\/index.php?rest_route=\/wp\/v2\/product\/5780","targetHints":{"allow":["GET"]}}],"collection":[{"href":"https:\/\/mundo.seashell.pt\/index.php?rest_route=\/wp\/v2\/product"}],"about":[{"href":"https:\/\/mundo.seashell.pt\/index.php?rest_route=\/wp\/v2\/types\/product"}],"wp:featuredmedia":[{"embeddable":true,"href":"https:\/\/mundo.seashell.pt\/index.php?rest_route=\/wp\/v2\/media\/5781"}],"wp:attachment":[{"href":"https:\/\/mundo.seashell.pt\/index.php?rest_route=%2Fwp%2Fv2%2Fmedia&parent=5780"}],"wp:term":[{"taxonomy":"product_cat","embeddable":true,"href":"https:\/\/mundo.seashell.pt\/index.php?rest_route=%2Fwp%2Fv2%2Fproduct_cat&post=5780"},{"taxonomy":"product_tag","embeddable":true,"href":"https:\/\/mundo.seashell.pt\/index.php?rest_route=%2Fwp%2Fv2%2Fproduct_tag&post=5780"}],"curies":[{"name":"wp","href":"https:\/\/api.w.org\/{rel}","templated":true}]}}