{"id":5772,"date":"2022-02-23T11:38:16","date_gmt":"2022-02-23T11:38:16","guid":{"rendered":"https:\/\/mundo.seashell.pt\/?post_type=product&#038;p=5772"},"modified":"2022-02-23T11:38:18","modified_gmt":"2022-02-23T11:38:18","slug":"fun-detergente-lavagem-roupa-3l","status":"publish","type":"product","link":"https:\/\/mundo.seashell.pt\/?product=fun-detergente-lavagem-roupa-3l","title":{"rendered":"Fun Detergente Concentrado L\u00edquido 3L"},"content":{"rendered":"<p>Detergente li\u0301quido para a lavagem manual e automa\u0301tica de roupa com 3 variantes \u00e0 sua escolha:<\/p>\n<ul>\n<li><strong>Fun Detergente Marinho<\/strong><\/li>\n<li><strong>Fun Detergente Talco e Rosas<\/strong><\/li>\n<li><strong>Fun Detergente Cl\u00e1ssico<\/strong><\/li>\n<\/ul>\n<p><strong><br \/><\/strong><strong>Deixa na roupa um perfume agrada\u0301vel.<br \/><\/strong><\/p>\n<p><strong><br \/><\/strong><\/p>\n<p><strong>PROPRIEDADES&nbsp;<\/strong><\/p>\n<p>Li\u0301quido indicado para a lavagem de<br \/>\nqualquer tipo de roupa.<br \/>\nE\u0301 um produto para a lavagem principal u\u0301nica podendo, no entanto, ser<br \/>\ncombinado com agentes de branqueamento como o <a href=\"\/fun-oxiactivo-1kg\" target=\"_blank\" rel=\"noopener\"><strong>F<\/strong><strong>UN <\/strong><strong>O<\/strong><\/a><strong><a href=\"fun-oxiactivo-1kg\" target=\"_blank\" rel=\"noopener\">XIACTIVO<\/a> <\/strong>ou o<br \/>\n<a href=\"\/fun-clorosan-1kg\" target=\"_blank\" rel=\"noopener\"><strong>F<\/strong><strong>UN <\/strong><strong>C<\/strong><\/a><strong><a href=\"\/fun-clorosan-1kg\" target=\"_blank\" rel=\"noopener\">LOROSAN<\/a><\/strong>.&nbsp;<br \/><strong><br \/><\/strong><strong><br \/><\/strong><\/p>\n<p><strong>CONDIC\u0327O\u0303ES DE UTILIZAC\u0327A\u0303O<br \/>\n<\/strong><\/p>\n<p>Devera\u0303o ser respeitadas as instruc\u0327o\u0303es do fabricante da ma\u0301quina.\n<\/p>\n<p><strong><br \/><\/strong><\/p>\n<p><strong>Para lavagem a\u0300 ma\u0301quina:<\/strong><br \/>\nUsar uma concentrac\u0327a\u0303o de 5 a 15 g de produto por<br \/>\nKg de roupa seca.<\/p>\n","protected":false},"excerpt":{"rendered":"<p>Detergente li\u0301quido para a lavagem manual e automa\u0301tica de roupa com 3 variantes \u00e0 sua escolha.<\/p>\n","protected":false},"featured_media":5773,"template":"","meta":{"spay_email":""},"product_cat":[15],"product_tag":[],"class_list":{"0":"post-5772","1":"product","2":"type-product","3":"status-publish","4":"has-post-thumbnail","6":"product_cat-sem-categoria","8":"first","9":"instock","10":"taxable","11":"shipping-taxable","12":"purchasable","13":"product-type-simple"},"acf":[],"jetpack-related-posts":[{"id":5774,"url":"https:\/\/mundo.seashell.pt\/?product=fun-detergente-sabao-marselha-5l","url_meta":{"origin":5772,"position":0},"title":"Fun Detergente Sab\u00e3o Marselha 5L &#8211; Lavandaria Autom\u00e1tica","date":"Fevereiro 23, 2022","format":false,"excerpt":"Detergente l\u00edquido para a lavagem autom\u00e1tica de roupa","rel":"","context":"Similar post","img":{"alt_text":"","src":"https:\/\/i0.wp.com\/mundo.seashell.pt\/wp-content\/uploads\/2022\/02\/Fun_Detergente_Saba_o_Marselha_PhotoRoom_20210402_103419.jpg?resize=350%2C200&ssl=1","width":350,"height":200},"classes":[]},{"id":5770,"url":"https:\/\/mundo.seashell.pt\/?product=fun-detergente-talco-16l","url_meta":{"origin":5772,"position":1},"title":"Fun Detergente 1.6L","date":"Fevereiro 23, 2022","format":false,"excerpt":"Detergente l\u00edquido para a lavagem autom\u00e1tica de roupa","rel":"","context":"Similar post","img":{"alt_text":"","src":"https:\/\/i0.wp.com\/mundo.seashell.pt\/wp-content\/uploads\/2022\/02\/fun_detergente_30_doses.jpg?resize=350%2C200&ssl=1","width":350,"height":200},"classes":[]},{"id":5776,"url":"https:\/\/mundo.seashell.pt\/?product=fun-detergente-power-enzymes-3l","url_meta":{"origin":5772,"position":2},"title":"Fun Detergente Power Enzymes 3L","date":"Fevereiro 23, 2022","format":false,"excerpt":"Detergente l\u00edquido enzim\u00e1tico para a lavagem autom\u00e1tica de roupa.","rel":"","context":"Similar post","img":{"alt_text":"","src":"https:\/\/i0.wp.com\/mundo.seashell.pt\/wp-content\/uploads\/2022\/02\/Fun_Power_Enzymes_Higiene_PhotoRoom_20210402_102933.jpg?resize=350%2C200&ssl=1","width":350,"height":200},"classes":[]},{"id":5766,"url":"https:\/\/mundo.seashell.pt\/?product=stark-det-blue-5l-lavandaria-automaticamanual","url_meta":{"origin":5772,"position":3},"title":"Detergente Stark Det 5L &#8211; Lavandaria Autom\u00e1tica\/Manual","date":"Fevereiro 23, 2022","format":false,"excerpt":"Detergente l\u00edquido para a lavagem autom\u00e1tica de roupa","rel":"","context":"Similar post","img":{"alt_text":"","src":"https:\/\/i0.wp.com\/mundo.seashell.pt\/wp-content\/uploads\/2022\/02\/stark_det_5l.jpg?resize=350%2C200&ssl=1","width":350,"height":200},"classes":[]},{"id":5768,"url":"https:\/\/mundo.seashell.pt\/?product=stark-det-blue-20l-lavandaria-automaticamanual","url_meta":{"origin":5772,"position":4},"title":"Stark Det Blue 20L &#8211; Lavandaria Autom\u00e1tica\/Manual","date":"Fevereiro 23, 2022","format":false,"excerpt":"Detergente l\u00edquido para a lavagem autom\u00e1tica\/manual de roupa","rel":"","context":"Similar post","img":{"alt_text":"","src":"https:\/\/i0.wp.com\/mundo.seashell.pt\/wp-content\/uploads\/2022\/02\/Stark_Det_Blue_PhotoRoom_20210402_103144.jpg?resize=350%2C200&ssl=1","width":350,"height":200},"classes":[]},{"id":5792,"url":"https:\/\/mundo.seashell.pt\/?product=deliwool-5kg-lavandaria-manual","url_meta":{"origin":5772,"position":5},"title":"Detergente Deliwool 5kg","date":"Fevereiro 23, 2022","format":false,"excerpt":"Detergente l\u00edquido para lavagem de tecidos delicados ou l\u00e3, \u00e0 m\u00e3o e \u00e0 m\u00e1quina","rel":"","context":"Similar post","img":{"alt_text":"","src":"https:\/\/i0.wp.com\/mundo.seashell.pt\/wp-content\/uploads\/2022\/02\/deliwool.jpg?resize=350%2C200&ssl=1","width":350,"height":200},"classes":[]}],"_links":{"self":[{"href":"https:\/\/mundo.seashell.pt\/index.php?rest_route=\/wp\/v2\/product\/5772","targetHints":{"allow":["GET"]}}],"collection":[{"href":"https:\/\/mundo.seashell.pt\/index.php?rest_route=\/wp\/v2\/product"}],"about":[{"href":"https:\/\/mundo.seashell.pt\/index.php?rest_route=\/wp\/v2\/types\/product"}],"wp:featuredmedia":[{"embeddable":true,"href":"https:\/\/mundo.seashell.pt\/index.php?rest_route=\/wp\/v2\/media\/5773"}],"wp:attachment":[{"href":"https:\/\/mundo.seashell.pt\/index.php?rest_route=%2Fwp%2Fv2%2Fmedia&parent=5772"}],"wp:term":[{"taxonomy":"product_cat","embeddable":true,"href":"https:\/\/mundo.seashell.pt\/index.php?rest_route=%2Fwp%2Fv2%2Fproduct_cat&post=5772"},{"taxonomy":"product_tag","embeddable":true,"href":"https:\/\/mundo.seashell.pt\/index.php?rest_route=%2Fwp%2Fv2%2Fproduct_tag&post=5772"}],"curies":[{"name":"wp","href":"https:\/\/api.w.org\/{rel}","templated":true}]}}