{"id":5770,"date":"2022-02-23T11:38:14","date_gmt":"2022-02-23T11:38:14","guid":{"rendered":"https:\/\/mundo.seashell.pt\/?post_type=product&#038;p=5770"},"modified":"2022-02-23T11:38:16","modified_gmt":"2022-02-23T11:38:16","slug":"fun-detergente-talco-16l","status":"publish","type":"product","link":"https:\/\/mundo.seashell.pt\/?product=fun-detergente-talco-16l","title":{"rendered":"Fun Detergente 1.6L"},"content":{"rendered":"<p><strong>APLICA\u00c7\u00c3O<\/strong><\/p>\n<p>Detergente l\u00edquido para a lavagem autom\u00e1tica de roupa<\/p>\n<p><strong><br \/><\/strong><\/p>\n<p><strong>PROPRIEDADES<\/strong><\/p>\n<p>O FUN DETERGENTE&nbsp; \u00e9 um l\u00edquido indicado para a lavagem de&nbsp;qualquer tipo de roupa.<\/p>\n<p>\u00c9 um produto para a lavagem principal \u00fanica podendo, no entanto, ser&nbsp;combinado com agentes de branqueamento como o FUN OXIACTIVO ou o FUN CLOROSAN, oferecendo assim um sistema completo para a correta.<\/p>\n<p>Higieniza\u00e7\u00e3o da roupa.<\/p>\n<p>Deixa na roupa um perfume agrad\u00e1vel.<\/p>\n<p><strong><br \/><\/strong><\/p>\n<p><strong>CONDI\u00c7\u00d5ES DE UTILIZA\u00c7\u00c3O<\/strong><\/p>\n<p>Dever\u00e3o ser respeitadas as instru\u00e7\u00f5es do fabricante da m\u00e1quina.<\/p>\n<p>Para lavagem \u00e0 m\u00e1quina:<\/p>\n<p>Usar uma concentra\u00e7\u00e3o de 5 a 15 g de FUN DETERGENTE por Kg de&nbsp;roupa seca.<\/p>\n<p><strong><br \/><\/strong><\/p>\n<p><strong>CARACTERISTICAS FISICO QU\u00cdMICAS<\/strong><\/p>\n<p>Aspecto: Produto L\u00edquido<\/p>\n<p>pH 8<\/p>\n<p>Biodegrad\u00e1vel, conforme regulamento (CE) No 648\/2004 Anexo II e III<\/p>\n","protected":false},"excerpt":{"rendered":"<p>Detergente l\u00edquido para a lavagem autom\u00e1tica de roupa<\/p>\n","protected":false},"featured_media":5771,"template":"","meta":{"spay_email":""},"product_cat":[15],"product_tag":[],"class_list":{"0":"post-5770","1":"product","2":"type-product","3":"status-publish","4":"has-post-thumbnail","6":"product_cat-sem-categoria","8":"first","9":"instock","10":"taxable","11":"shipping-taxable","12":"purchasable","13":"product-type-simple"},"acf":[],"jetpack-related-posts":[{"id":5772,"url":"https:\/\/mundo.seashell.pt\/?product=fun-detergente-lavagem-roupa-3l","url_meta":{"origin":5770,"position":0},"title":"Fun Detergente Concentrado L\u00edquido 3L","date":"Fevereiro 23, 2022","format":false,"excerpt":"Detergente li\u0301quido para a lavagem manual e automa\u0301tica de roupa com 3 variantes \u00e0 sua escolha.","rel":"","context":"Similar post","img":{"alt_text":"","src":"https:\/\/i0.wp.com\/mundo.seashell.pt\/wp-content\/uploads\/2022\/02\/fun_detergente_3l_50_doses.jpg?resize=350%2C200&ssl=1","width":350,"height":200},"classes":[]},{"id":5776,"url":"https:\/\/mundo.seashell.pt\/?product=fun-detergente-power-enzymes-3l","url_meta":{"origin":5770,"position":1},"title":"Fun Detergente Power Enzymes 3L","date":"Fevereiro 23, 2022","format":false,"excerpt":"Detergente l\u00edquido enzim\u00e1tico para a lavagem autom\u00e1tica de roupa.","rel":"","context":"Similar post","img":{"alt_text":"","src":"https:\/\/i0.wp.com\/mundo.seashell.pt\/wp-content\/uploads\/2022\/02\/Fun_Power_Enzymes_Higiene_PhotoRoom_20210402_102933.jpg?resize=350%2C200&ssl=1","width":350,"height":200},"classes":[]},{"id":5774,"url":"https:\/\/mundo.seashell.pt\/?product=fun-detergente-sabao-marselha-5l","url_meta":{"origin":5770,"position":2},"title":"Fun Detergente Sab\u00e3o Marselha 5L &#8211; Lavandaria Autom\u00e1tica","date":"Fevereiro 23, 2022","format":false,"excerpt":"Detergente l\u00edquido para a lavagem autom\u00e1tica de roupa","rel":"","context":"Similar post","img":{"alt_text":"","src":"https:\/\/i0.wp.com\/mundo.seashell.pt\/wp-content\/uploads\/2022\/02\/Fun_Detergente_Saba_o_Marselha_PhotoRoom_20210402_103419.jpg?resize=350%2C200&ssl=1","width":350,"height":200},"classes":[]},{"id":5766,"url":"https:\/\/mundo.seashell.pt\/?product=stark-det-blue-5l-lavandaria-automaticamanual","url_meta":{"origin":5770,"position":3},"title":"Detergente Stark Det 5L &#8211; Lavandaria Autom\u00e1tica\/Manual","date":"Fevereiro 23, 2022","format":false,"excerpt":"Detergente l\u00edquido para a lavagem autom\u00e1tica de roupa","rel":"","context":"Similar post","img":{"alt_text":"","src":"https:\/\/i0.wp.com\/mundo.seashell.pt\/wp-content\/uploads\/2022\/02\/stark_det_5l.jpg?resize=350%2C200&ssl=1","width":350,"height":200},"classes":[]},{"id":5768,"url":"https:\/\/mundo.seashell.pt\/?product=stark-det-blue-20l-lavandaria-automaticamanual","url_meta":{"origin":5770,"position":4},"title":"Stark Det Blue 20L &#8211; Lavandaria Autom\u00e1tica\/Manual","date":"Fevereiro 23, 2022","format":false,"excerpt":"Detergente l\u00edquido para a lavagem autom\u00e1tica\/manual de roupa","rel":"","context":"Similar post","img":{"alt_text":"","src":"https:\/\/i0.wp.com\/mundo.seashell.pt\/wp-content\/uploads\/2022\/02\/Stark_Det_Blue_PhotoRoom_20210402_103144.jpg?resize=350%2C200&ssl=1","width":350,"height":200},"classes":[]},{"id":6539,"url":"https:\/\/mundo.seashell.pt\/?product=woolite-det-liquido-para-maquina-de-lavaer-ruopa","url_meta":{"origin":5770,"position":5},"title":"Woolite Detergente L\u00edquido 56 Doses","date":"Fevereiro 23, 2022","format":false,"excerpt":"Woolite prote\u00e7\u00e3o l\u00e3s e sedas \u00e9 um detergente l\u00edquido para a m\u00e1quina de lavar roupa. \u00c9 o \u00fanico detergente do mercado com queratina que mant\u00e9m a sua roupa delicada como nova durante mais tempo e limpa e protege sem danificar os tecidos. Woolite sport \u00e9 um detergente l\u00edquido especialmente desenvolvido\u2026","rel":"","context":"Similar post","img":{"alt_text":"","src":"https:\/\/i0.wp.com\/mundo.seashell.pt\/wp-content\/uploads\/2022\/02\/Woolite_P._Brancos_56Dx6_5601217134264.png?resize=350%2C200&ssl=1","width":350,"height":200},"classes":[]}],"_links":{"self":[{"href":"https:\/\/mundo.seashell.pt\/index.php?rest_route=\/wp\/v2\/product\/5770","targetHints":{"allow":["GET"]}}],"collection":[{"href":"https:\/\/mundo.seashell.pt\/index.php?rest_route=\/wp\/v2\/product"}],"about":[{"href":"https:\/\/mundo.seashell.pt\/index.php?rest_route=\/wp\/v2\/types\/product"}],"wp:featuredmedia":[{"embeddable":true,"href":"https:\/\/mundo.seashell.pt\/index.php?rest_route=\/wp\/v2\/media\/5771"}],"wp:attachment":[{"href":"https:\/\/mundo.seashell.pt\/index.php?rest_route=%2Fwp%2Fv2%2Fmedia&parent=5770"}],"wp:term":[{"taxonomy":"product_cat","embeddable":true,"href":"https:\/\/mundo.seashell.pt\/index.php?rest_route=%2Fwp%2Fv2%2Fproduct_cat&post=5770"},{"taxonomy":"product_tag","embeddable":true,"href":"https:\/\/mundo.seashell.pt\/index.php?rest_route=%2Fwp%2Fv2%2Fproduct_tag&post=5770"}],"curies":[{"name":"wp","href":"https:\/\/api.w.org\/{rel}","templated":true}]}}