{"id":5764,"date":"2022-02-23T11:37:55","date_gmt":"2022-02-23T11:37:55","guid":{"rendered":"https:\/\/mundo.seashell.pt\/?post_type=product&#038;p=5764"},"modified":"2022-02-23T11:37:57","modified_gmt":"2022-02-23T11:37:57","slug":"solim-maquina-at-10-kg-lavandaria-manual","status":"publish","type":"product","link":"https:\/\/mundo.seashell.pt\/?product=solim-maquina-at-10-kg-lavandaria-manual","title":{"rendered":"Detergente em P\u00f3 Solim M\u00e1quina AT &#8211; Lavandaria Manual"},"content":{"rendered":"<p><strong>APLICA\u00c7\u00c3O<\/strong><\/p>\n<p>Detergente econ\u00f3mico atomizado para lavagem de roupa<\/p>\n<p><strong><br \/><\/strong><\/p>\n<p><strong>PROPRIEDADES<\/strong><\/p>\n<p>O Solim M\u00e1quina AT \u00e9 um produto em p\u00f3 perfumado de cor branca.<\/p>\n<p>Possui excelentes propriedades tensioativas, sais alcalinos e agentes&nbsp;anti-redeposi\u00e7\u00e3o. \u00c9 um detergente que possui compostos que permitem<\/p>\n<p>uma espuma controlada e agentes para branqueamento da roupa.<\/p>\n<p>Possui complexantes de dureza da \u00e1gua e emulsionantes de gorduras.<\/p>\n<p><strong><br \/><\/strong><\/p>\n<p><strong>CONDI\u00c7\u00d5ES DE UTILIZA\u00c7\u00c3O<\/strong><\/p>\n<p>Respeitar as instru\u00e7\u00f5es do fabricante da m\u00e1quina.<\/p>\n<p>Usar uma concentra\u00e7\u00e3o de 10 a 15 g de Solim M\u00e1quina AT por kilo de&nbsp;roupa seca.<\/p>\n<p>Aconselhamos a utiliza\u00e7\u00e3o de amaciador.<\/p>\n<p><strong><br \/><\/strong><\/p>\n<p><strong>CARACTERISTICAS FISICO QU\u00cdMICAS<\/strong><\/p>\n<p>\u00c9 composto por tensioactivos ani\u00f3nicos e n\u00e3o i\u00f3nicos de superf\u00edcie,&nbsp;complexantes de dureza da \u00e1gua e cargas inertes.<\/p>\n<p>Tem um pH entre 10.5 e 11, que o toma pouco agressivo para a roupa.<\/p><\/p>\n","protected":false},"excerpt":{"rendered":"<p>Detergente econ\u00f3mico atomizado para lavagem de roupa<\/p>\n","protected":false},"featured_media":5765,"template":"","meta":{"spay_email":""},"product_cat":[15],"product_tag":[],"class_list":{"0":"post-5764","1":"product","2":"type-product","3":"status-publish","4":"has-post-thumbnail","6":"product_cat-sem-categoria","8":"first","9":"instock","10":"taxable","11":"shipping-taxable","12":"purchasable","13":"product-type-simple"},"acf":[],"jetpack-related-posts":[{"id":5746,"url":"https:\/\/mundo.seashell.pt\/?product=solim-clorosan-10kg-lavandaria-manual","url_meta":{"origin":5764,"position":0},"title":"Branqueador Solim Clorosan 10Kg &#8211; Lavandaria Manual","date":"Fevereiro 23, 2022","format":false,"excerpt":"Branqueador e higienizante para a roupa \u2013 base cloro","rel":"","context":"Similar post","img":{"alt_text":"","src":"https:\/\/i0.wp.com\/mundo.seashell.pt\/wp-content\/uploads\/2022\/02\/SOLIM_CLOROSAN_PhotoRoom_20210402_103014.jpg?resize=350%2C200&ssl=1","width":350,"height":200},"classes":[]},{"id":5752,"url":"https:\/\/mundo.seashell.pt\/?product=solim-oxiclean-10kg","url_meta":{"origin":5764,"position":1},"title":"Solim Oxiclean 10Kg","date":"Fevereiro 23, 2022","format":false,"excerpt":"N\u00f3doas dif\u00edceis: Fazer uma solu\u00e7\u00e3o com: 1 litro de \u00e1gua e 15g de SOLIM OXICLEAN.","rel":"","context":"Similar post","img":{"alt_text":"","src":"https:\/\/i0.wp.com\/mundo.seashell.pt\/wp-content\/uploads\/2022\/02\/Oxiclean.jpg?resize=350%2C200&ssl=1","width":350,"height":200},"classes":[]},{"id":5870,"url":"https:\/\/mundo.seashell.pt\/?product=solim-hw-55kg-loica-automatica","url_meta":{"origin":5764,"position":2},"title":"Solim HW &#8211; Loi\u00e7a Autom\u00e1tica","date":"Fevereiro 23, 2022","format":false,"excerpt":"Detergente l\u00edquido para lavagem autom\u00e1tica de loi\u00e7a \u2013 \u00e1guas duras","rel":"","context":"Similar post","img":{"alt_text":"","src":"https:\/\/i0.wp.com\/mundo.seashell.pt\/wp-content\/uploads\/2022\/02\/Solim_HW_25kg_PhotoRoom_20210402_103536.jpg?resize=350%2C200&ssl=1","width":350,"height":200},"classes":[]},{"id":5794,"url":"https:\/\/mundo.seashell.pt\/?product=oxipur-powder-15kg-lavandaria-manual","url_meta":{"origin":5764,"position":3},"title":"Detergente em P\u00f3 Oxipur Powder","date":"Fevereiro 23, 2022","format":false,"excerpt":"Alto poder de limpeza. \u00d3ptimos resultados em roupa branca e de cor","rel":"","context":"Similar post","img":{"alt_text":"","src":"https:\/\/i0.wp.com\/mundo.seashell.pt\/wp-content\/uploads\/2022\/02\/oxipur_powder.jpg?resize=350%2C200&ssl=1","width":350,"height":200},"classes":[]},{"id":5866,"url":"https:\/\/mundo.seashell.pt\/?product=solim-10la-55kg-loica-automatica","url_meta":{"origin":5764,"position":4},"title":"Solim 10LA 5.5Kg &#8211; Loi\u00e7a Autom\u00e1tica","date":"Fevereiro 23, 2022","format":false,"excerpt":"Detergente l\u00edquido para lavagem autom\u00e1tica de loi\u00e7a.","rel":"","context":"Similar post","img":{"alt_text":"","src":"https:\/\/i0.wp.com\/mundo.seashell.pt\/wp-content\/uploads\/2022\/02\/Solim_10LA_PhotoRoom_20210402_103540.jpg?resize=350%2C200&ssl=1","width":350,"height":200},"classes":[]},{"id":5768,"url":"https:\/\/mundo.seashell.pt\/?product=stark-det-blue-20l-lavandaria-automaticamanual","url_meta":{"origin":5764,"position":5},"title":"Stark Det Blue 20L &#8211; Lavandaria Autom\u00e1tica\/Manual","date":"Fevereiro 23, 2022","format":false,"excerpt":"Detergente l\u00edquido para a lavagem autom\u00e1tica\/manual de roupa","rel":"","context":"Similar post","img":{"alt_text":"","src":"https:\/\/i0.wp.com\/mundo.seashell.pt\/wp-content\/uploads\/2022\/02\/Stark_Det_Blue_PhotoRoom_20210402_103144.jpg?resize=350%2C200&ssl=1","width":350,"height":200},"classes":[]}],"_links":{"self":[{"href":"https:\/\/mundo.seashell.pt\/index.php?rest_route=\/wp\/v2\/product\/5764","targetHints":{"allow":["GET"]}}],"collection":[{"href":"https:\/\/mundo.seashell.pt\/index.php?rest_route=\/wp\/v2\/product"}],"about":[{"href":"https:\/\/mundo.seashell.pt\/index.php?rest_route=\/wp\/v2\/types\/product"}],"wp:featuredmedia":[{"embeddable":true,"href":"https:\/\/mundo.seashell.pt\/index.php?rest_route=\/wp\/v2\/media\/5765"}],"wp:attachment":[{"href":"https:\/\/mundo.seashell.pt\/index.php?rest_route=%2Fwp%2Fv2%2Fmedia&parent=5764"}],"wp:term":[{"taxonomy":"product_cat","embeddable":true,"href":"https:\/\/mundo.seashell.pt\/index.php?rest_route=%2Fwp%2Fv2%2Fproduct_cat&post=5764"},{"taxonomy":"product_tag","embeddable":true,"href":"https:\/\/mundo.seashell.pt\/index.php?rest_route=%2Fwp%2Fv2%2Fproduct_tag&post=5764"}],"curies":[{"name":"wp","href":"https:\/\/api.w.org\/{rel}","templated":true}]}}