{"id":5762,"date":"2022-02-23T11:37:53","date_gmt":"2022-02-23T11:37:53","guid":{"rendered":"https:\/\/mundo.seashell.pt\/?post_type=product&#038;p=5762"},"modified":"2022-02-23T11:37:55","modified_gmt":"2022-02-23T11:37:55","slug":"per-active-22kg-lavandaria-automatica","status":"publish","type":"product","link":"https:\/\/mundo.seashell.pt\/?product=per-active-22kg-lavandaria-automatica","title":{"rendered":"Branqueador Per Active 22Kg &#8211; Lavandaria Autom\u00e1tica"},"content":{"rendered":"<h2>Branqueador a base de acido perac\u00e9tico, para lavagem autom\u00e1tica da roupa<\/h2>\n<ul>\n<li>Branqueador com acido perac\u00e9tico<\/li>\n<li>Em conformidade com as <a target=\"_blank\" href=\"https:\/\/www.sutterprofessional.it\/pt\/sutterpedia#rule\" rel=\"noopener\">normas<\/a> EN: 1276, 1650, 13697, 13727, 13624, 14348, 14476<\/li>\n<li>Otimizado para uso com produtos do sistema Oxipur<\/li>\n<\/ul>\n<h4><\/h4>\n<h4>Descri\u00e7\u00e3o<\/h4>\n<p>Branqueador a base de \u00e1cido perac\u00e9tico, formulado para trabalhar em m\u00e9dia ou baixa temperatura e com efeito higienizante. Recomendado para todos os tipos de roupas e dureza da \u00e1gua. SEM FOSFATOS OU PERBORATOS.<\/p>\n<p>Em conformidade com as <strong><a target=\"_blank\" href=\"https:\/\/www.sutterprofessional.it\/pt\/sutterpedia#rule\" rel=\"noopener\">normas<\/a> EN<\/strong>: 1276, 1650, 13697, 13727, 13624, 14348, 14476.<\/p>\n<p>O produto PER ACTIVE, usado em combina\u00e7\u00e3o com ENZY EXTRA e ALKA POWER, \u00e9  <strong>certificado VAH<\/strong>. Para obter mais informa\u00e7\u00f5es, consulte o Anexo VAH.<\/p>\n<h4><\/h4>\n<h4>Dilui\u00e7\u00e3o<\/h4>\n<p>Dosear em fun\u00e7\u00e3o do ciclo de lavado , da dureza da \u00e1gua e do tipo de sujidade. Contatar os t\u00e9cnicos da Sutter Professional.<\/p>\n<h4><\/h4>\n<h4>Como usar<\/h4>\n<p>Deve ser utilizado com outros produtos da linha Oxipur e com sistemas autom\u00e1ticos de dosagem Sutter Tech.<\/p>\n","protected":false},"excerpt":{"rendered":"<p>Branqueador a base de \u00e1cido perac\u00e9tico, formulado para trabalhar em m\u00e9dia ou baixa temperatura e com efeito higienizante.<\/p>\n","protected":false},"featured_media":5763,"template":"","meta":{"spay_email":""},"product_cat":[15],"product_tag":[],"class_list":{"0":"post-5762","1":"product","2":"type-product","3":"status-publish","4":"has-post-thumbnail","6":"product_cat-sem-categoria","8":"first","9":"instock","10":"taxable","11":"shipping-taxable","12":"purchasable","13":"product-type-simple"},"acf":[],"jetpack-related-posts":[{"id":5760,"url":"https:\/\/mundo.seashell.pt\/?product=chlor-active-24kg-lavandaria-automatica","url_meta":{"origin":5762,"position":0},"title":"Branqueador Chlor Active 24Kg &#8211; Lavandaria Autom\u00e1tica","date":"Fevereiro 23, 2022","format":false,"excerpt":"Branqueador \u00e0 base de cloro activo para lavagem autom\u00e1tica de roupa, para todos os tecidos brancos ou resistentes ao cloro","rel":"","context":"Similar post","img":{"alt_text":"","src":"https:\/\/i0.wp.com\/mundo.seashell.pt\/wp-content\/uploads\/2022\/02\/chlor_active.jpg?resize=350%2C200&ssl=1","width":350,"height":200},"classes":[]},{"id":5692,"url":"https:\/\/mundo.seashell.pt\/?product=per-citric-foam-22kg","url_meta":{"origin":5762,"position":1},"title":"Higienizante Desengordurante &#8211; Per Citric Foam 22Kg","date":"Fevereiro 23, 2022","format":false,"excerpt":"Espuma \u00e1cida com base em per\u00f3xido de hidrog\u00e9nio com alto poder de ader\u00eancia para uso em ambiente alimentar (conforme HACCP).","rel":"","context":"Similar post","img":{"alt_text":"","src":"https:\/\/i0.wp.com\/mundo.seashell.pt\/wp-content\/uploads\/2022\/02\/per_citric_foam.jpg?resize=350%2C200&ssl=1","width":350,"height":200},"classes":[]},{"id":6056,"url":"https:\/\/mundo.seashell.pt\/?product=lactic-500ml","url_meta":{"origin":5762,"position":2},"title":"Desinfetante Lactic 500Ml","date":"Fevereiro 23, 2022","format":false,"excerpt":"Desinfetante multiusos pronto para usar para todas as superf\u00edcies duras lav\u00e1veis: pavimentos, mobili\u00e1rio, bancadas de trabalho, instala\u00e7\u00f5es sanit\u00e1rias e caixotes do lixo","rel":"","context":"Similar post","img":{"alt_text":"","src":"https:\/\/i0.wp.com\/mundo.seashell.pt\/wp-content\/uploads\/2022\/02\/lactic.jpg?resize=350%2C200&ssl=1","width":350,"height":200},"classes":[]},{"id":5820,"url":"https:\/\/mundo.seashell.pt\/?product=stain-active-5kg-lavandaria-automaticamanual","url_meta":{"origin":5762,"position":3},"title":"Aditivo Tira-N\u00f3doas Stain Active &#8211; Lavandaria Autom\u00e1tica\/Manual","date":"Fevereiro 23, 2022","format":false,"excerpt":"AditivoTira-N\u00f3doas Para Lavagem Manual e Autom\u00e1tica de Tecidos Brancos ou de Cor com um branqueamento e a\u00e7\u00e3o neutralizante do mau cheiro de qualidade superior.","rel":"","context":"Similar post","img":{"alt_text":"","src":"https:\/\/i0.wp.com\/mundo.seashell.pt\/wp-content\/uploads\/2022\/02\/stain_active.jpg?resize=350%2C200&ssl=1","width":350,"height":200},"classes":[]},{"id":5748,"url":"https:\/\/mundo.seashell.pt\/?product=stark-hypoplus-20kg-lavandaria-automatica","url_meta":{"origin":5762,"position":4},"title":"Branqueador Stark HypoPlus 20Kg &#8211; Lavandaria Autom\u00e1tica","date":"Fevereiro 23, 2022","format":false,"excerpt":"O Stark HypoPlus \u00e9 um branqueador com um forte poder de limpeza","rel":"","context":"Similar post","img":{"alt_text":"","src":"https:\/\/i0.wp.com\/mundo.seashell.pt\/wp-content\/uploads\/2022\/02\/STARK_HYPO_PLUS_PhotoRoom_20210402_103138.jpg?resize=350%2C200&ssl=1","width":350,"height":200},"classes":[]},{"id":5812,"url":"https:\/\/mundo.seashell.pt\/?product=white-3-10lt-lavandaria-automatica","url_meta":{"origin":5762,"position":5},"title":"Aditivo Tira N\u00f3doas White 3 10Lt &#8211; Lavandaria Autom\u00e1tica","date":"Fevereiro 23, 2022","format":false,"excerpt":"Aditivo tira-n\u00f3doas para lavagem autom\u00e1tica de tecidos brancos ou de cor","rel":"","context":"Similar post","img":{"alt_text":"","src":"https:\/\/i0.wp.com\/mundo.seashell.pt\/wp-content\/uploads\/2022\/02\/white_3.jpg?resize=350%2C200&ssl=1","width":350,"height":200},"classes":[]}],"_links":{"self":[{"href":"https:\/\/mundo.seashell.pt\/index.php?rest_route=\/wp\/v2\/product\/5762","targetHints":{"allow":["GET"]}}],"collection":[{"href":"https:\/\/mundo.seashell.pt\/index.php?rest_route=\/wp\/v2\/product"}],"about":[{"href":"https:\/\/mundo.seashell.pt\/index.php?rest_route=\/wp\/v2\/types\/product"}],"wp:featuredmedia":[{"embeddable":true,"href":"https:\/\/mundo.seashell.pt\/index.php?rest_route=\/wp\/v2\/media\/5763"}],"wp:attachment":[{"href":"https:\/\/mundo.seashell.pt\/index.php?rest_route=%2Fwp%2Fv2%2Fmedia&parent=5762"}],"wp:term":[{"taxonomy":"product_cat","embeddable":true,"href":"https:\/\/mundo.seashell.pt\/index.php?rest_route=%2Fwp%2Fv2%2Fproduct_cat&post=5762"},{"taxonomy":"product_tag","embeddable":true,"href":"https:\/\/mundo.seashell.pt\/index.php?rest_route=%2Fwp%2Fv2%2Fproduct_tag&post=5762"}],"curies":[{"name":"wp","href":"https:\/\/api.w.org\/{rel}","templated":true}]}}