{"id":5758,"date":"2022-02-23T11:37:49","date_gmt":"2022-02-23T11:37:49","guid":{"rendered":"https:\/\/mundo.seashell.pt\/?post_type=product&#038;p=5758"},"modified":"2022-02-23T11:37:51","modified_gmt":"2022-02-23T11:37:51","slug":"fun-oxiactivo-1kg","status":"publish","type":"product","link":"https:\/\/mundo.seashell.pt\/?product=fun-oxiactivo-1kg","title":{"rendered":"Fun Oxiactivo 1Kg"},"content":{"rendered":"<p>Aditivo tira no\u0301doas para todo o tipo de roupa <strong>Fun Oxiactivo.<\/strong><\/p>\n<p><strong><br \/><\/strong><\/p>\n<p><strong>PROPRIEDADES<br \/>\n<\/strong><\/p>\n<p>O Fun Oxiactivo<strong>&nbsp;<\/strong>e\u0301 um aditivo em po\u0301 para remoc\u0327a\u0303o de no\u0301doas em todo o<br \/>\ntipo de roupa. Devido a\u0300 sua composic\u0327a\u0303o remove facilmente quase todo o<br \/>\ntipo de no\u0301doas ou odores impregnados na roupa, nomeadamente<br \/>\nsangue, vinho, bolores, etc.\n<\/p>\n<p><strong><br \/><\/strong><\/p>\n<p><strong>CONDIC\u0327O\u0303ES DE UTILIZAC\u0327A\u0303O<br \/>\n<\/strong><\/p>\n<p>Como liberta oxige\u0301nio activo quando misturado em a\u0301gua faz com que o<br \/>\ndetergente seja mais eficaz.&nbsp;<\/p>\n<ul>\n<li>Juntar a\u0300 dose habitual do detergente 30g de<br \/>\n<strong><\/strong>Fun Oxiactivo<strong><\/strong>.<br \/>\n<strong><br \/><\/strong><\/li>\n<\/ul>\n<p><strong>No\u0301doas Difi\u0301ceis:&nbsp;<\/strong><\/p>\n<ul>\n<li>Fazer uma soluc\u0327a\u0303o com 250 mL de a\u0301gua e 60 g de <strong><\/strong>Fun Oxiactivo.<strong><\/strong><\/li>\n<li><strong><\/strong>Aplicar directamente sobre a no\u0301doa e deixar actuar 20<br \/>\nminutos.&nbsp;<\/li>\n<li>Lavar como habitualmente.<\/li>\n<\/ul>\n<p><strong><br \/><\/strong><\/p>\n<p><strong>CARACTERISTICAS FISICO QUI\u0301MICAS<br \/>\n<\/strong><\/p>\n<p>Aspecto: Produto em po\u0301&nbsp;<\/p>\n<p>Cor: branco<\/p>\n","protected":false},"excerpt":{"rendered":"<p>O Fun Oxiactivo e\u0301 um aditivo em po\u0301 para remoc\u0327a\u0303o de no\u0301doas em todo o tipo de roupa. <\/p>\n","protected":false},"featured_media":5759,"template":"","meta":{"spay_email":""},"product_cat":[15],"product_tag":[],"class_list":{"0":"post-5758","1":"product","2":"type-product","3":"status-publish","4":"has-post-thumbnail","6":"product_cat-sem-categoria","8":"first","9":"instock","10":"taxable","11":"shipping-taxable","12":"purchasable","13":"product-type-simple"},"acf":[],"jetpack-related-posts":[{"id":5756,"url":"https:\/\/mundo.seashell.pt\/?product=fun-clorosan-1kg","url_meta":{"origin":5758,"position":0},"title":"Fun Clorosan 1Kg","date":"Fevereiro 23, 2022","format":false,"excerpt":"O Fun Clorosan e\u0301 um aditivo em po\u0301 para remoc\u0327a\u0303o de no\u0301doas em roupa branca. Na\u0303o danifica os tecidos a tratar nem a ma\u0301quina. Na\u0303o pode ser utilizado em roupa colorida.","rel":"","context":"Similar post","img":{"alt_text":"","src":"https:\/\/i0.wp.com\/mundo.seashell.pt\/wp-content\/uploads\/2022\/02\/Fun_Clorosan_PhotoRoom_20210402_103435.jpg?resize=350%2C200&ssl=1","width":350,"height":200},"classes":[]},{"id":5752,"url":"https:\/\/mundo.seashell.pt\/?product=solim-oxiclean-10kg","url_meta":{"origin":5758,"position":1},"title":"Solim Oxiclean 10Kg","date":"Fevereiro 23, 2022","format":false,"excerpt":"N\u00f3doas dif\u00edceis: Fazer uma solu\u00e7\u00e3o com: 1 litro de \u00e1gua e 15g de SOLIM OXICLEAN.","rel":"","context":"Similar post","img":{"alt_text":"","src":"https:\/\/i0.wp.com\/mundo.seashell.pt\/wp-content\/uploads\/2022\/02\/Oxiclean.jpg?resize=350%2C200&ssl=1","width":350,"height":200},"classes":[]},{"id":5750,"url":"https:\/\/mundo.seashell.pt\/?product=stark-oxiblanc-10kg-lavandaria-manual","url_meta":{"origin":5758,"position":2},"title":"Branqueador Stark Oxiblanc 10Kg &#8211; Lavandaria Manual","date":"Fevereiro 23, 2022","format":false,"excerpt":"Branqueador em p\u00f3 para lavagem de roupa.","rel":"","context":"Similar post","img":{"alt_text":"","src":"https:\/\/i0.wp.com\/mundo.seashell.pt\/wp-content\/uploads\/2022\/02\/STARK_OXIBLANC_PhotoRoom_20210402_103319.jpg?resize=350%2C200&ssl=1","width":350,"height":200},"classes":[]},{"id":6647,"url":"https:\/\/mundo.seashell.pt\/?product=skip-oxigenio-bioativo-3l","url_meta":{"origin":5758,"position":3},"title":"Skip Oxig\u00eanio Bioativo 3L","date":"Fevereiro 23, 2022","format":false,"excerpt":"Skip aditivo l\u00edquido com oxig\u00e9nio bioativo remove cuidadosamente e sem esfor\u00e7o as n\u00f3doas mais dif\u00edceis, podendo ser utilizado em roupas brancas e de cor. Tipo de produto: Lix\u00edvia DelicadaBenef\u00edcios: - Remo\u00e7\u00e3o de n\u00f3doas, sem esfregar, diretamente na m\u00e1quina;- Cuidado da roupa, nos tecidos e nas cores;- O...","rel":"","context":"Similar post","img":{"alt_text":"","src":"https:\/\/i0.wp.com\/mundo.seashell.pt\/wp-content\/uploads\/2022\/02\/SKIP_ADITIVO_LIQUIDO_3L_8710847944413.png?resize=350%2C200&ssl=1","width":350,"height":200},"classes":[]},{"id":6657,"url":"https:\/\/mundo.seashell.pt\/?product=vanish-oxi-action-em-po-420gr","url_meta":{"origin":5758,"position":4},"title":"Vanish Oxi Action em P\u00f3 420Gr","date":"Fevereiro 23, 2022","format":false,"excerpt":"Depois de lavar a roupa, continua com maus odores e n\u00f3doas? Vanish oxi action p\u00f3 elimina odores \u00e9 um tira-n\u00f3doas poderoso sem lix\u00edvia que, para al\u00e9m de remover todo o tipo de n\u00f3doas, cont\u00e9m uma tecnologia de neutraliza\u00e7\u00e3o de odores. Pode ser utilizado em pr\u00e9-tratamento, de molho ou diretamente na\u2026","rel":"","context":"Similar post","img":{"alt_text":"","src":"https:\/\/i0.wp.com\/mundo.seashell.pt\/wp-content\/uploads\/2022\/02\/Vanish_Oxi_Action_Po__White_420G_4_P_x6_5601217134332.png?resize=350%2C200&ssl=1","width":350,"height":200},"classes":[]},{"id":6649,"url":"https:\/\/mundo.seashell.pt\/?product=sanytol-tira-nodoas-em-po-450gr","url_meta":{"origin":5758,"position":5},"title":"Sanytol Tira N\u00f3doas em P\u00f3 450gr","date":"Fevereiro 23, 2022","format":false,"excerpt":"Tira-N\u00f3doas Desinfetante em p\u00f3 que destr\u00f3i 99,9% dos micr\u00f3bios e que elimina eficazmente as manchas mais persistentes mesmo a baixas temperaturas. A sua f\u00f3rmula \u00fanica \u00e0 base de enzimas e oxig\u00e9nio ativo penetra no cora\u00e7\u00e3o das fibras t\u00eaxteis para remover as n\u00f3doas, eliminar o tom amarelado e reavivar o branco\u2026","rel":"","context":"Similar post","img":{"alt_text":"","src":"https:\/\/i0.wp.com\/mundo.seashell.pt\/wp-content\/uploads\/2022\/02\/SANYTOL_TIRA_NO_DOAS_BRANQUEADOR_450g_3045206382601.png?resize=350%2C200&ssl=1","width":350,"height":200},"classes":[]}],"_links":{"self":[{"href":"https:\/\/mundo.seashell.pt\/index.php?rest_route=\/wp\/v2\/product\/5758","targetHints":{"allow":["GET"]}}],"collection":[{"href":"https:\/\/mundo.seashell.pt\/index.php?rest_route=\/wp\/v2\/product"}],"about":[{"href":"https:\/\/mundo.seashell.pt\/index.php?rest_route=\/wp\/v2\/types\/product"}],"wp:featuredmedia":[{"embeddable":true,"href":"https:\/\/mundo.seashell.pt\/index.php?rest_route=\/wp\/v2\/media\/5759"}],"wp:attachment":[{"href":"https:\/\/mundo.seashell.pt\/index.php?rest_route=%2Fwp%2Fv2%2Fmedia&parent=5758"}],"wp:term":[{"taxonomy":"product_cat","embeddable":true,"href":"https:\/\/mundo.seashell.pt\/index.php?rest_route=%2Fwp%2Fv2%2Fproduct_cat&post=5758"},{"taxonomy":"product_tag","embeddable":true,"href":"https:\/\/mundo.seashell.pt\/index.php?rest_route=%2Fwp%2Fv2%2Fproduct_tag&post=5758"}],"curies":[{"name":"wp","href":"https:\/\/api.w.org\/{rel}","templated":true}]}}