{"id":5756,"date":"2022-02-23T11:37:47","date_gmt":"2022-02-23T11:37:47","guid":{"rendered":"https:\/\/mundo.seashell.pt\/?post_type=product&#038;p=5756"},"modified":"2022-02-23T11:37:49","modified_gmt":"2022-02-23T11:37:49","slug":"fun-clorosan-1kg","status":"publish","type":"product","link":"https:\/\/mundo.seashell.pt\/?product=fun-clorosan-1kg","title":{"rendered":"Fun Clorosan 1Kg"},"content":{"rendered":"<p>Aditivo tira no\u0301doas para roupa branca <strong>Fun Clorosan<\/strong>.<\/p>\n<p><strong><br \/><\/strong><\/p>\n<p><strong>PROPRIEDADES<br \/>\n<\/strong><\/p>\n<p>O&nbsp;Fun Clorosan&nbsp;e\u0301 um aditivo em po\u0301 para remoc\u0327a\u0303o de no\u0301doas em<br \/>\nroupa branca. Na\u0303o danifica os tecidos a tratar nem a ma\u0301quina. Na\u0303o pode<br \/>\nser utilizado em roupa colorida.\n<\/p>\n<p><strong><br \/><\/strong><\/p>\n<p><strong>CONDIC\u0327O\u0303ES DE UTILIZAC\u0327A\u0303O<br \/>\n<\/strong><\/p>\n<ul>\n<li>Deve ser utilizado cerca de 10% da quantidade de detergente.&nbsp;<\/li>\n<li>Lavar a<br \/>\numa temperatura de 40-60\u00baC se o tecido permitir.<br \/>\n<strong><br \/><\/strong><\/li>\n<\/ul>\n<p><strong>No\u0301doas Difi\u0301ceis:&nbsp;<\/strong><\/p>\n<ul>\n<li>Fazer uma soluc\u0327a\u0303o com 250 mL de a\u0301gua e 60 g de Fun Clorosan.<strong>&nbsp;<\/strong><\/li>\n<li><strong><\/strong>Aplicar diretamente sobre a no\u0301doa.&nbsp;<\/li>\n<li>Lavar como<br \/>\nhabitualmente.&nbsp;<\/li>\n<\/ul>\n<p>Para melhores resultados deve fazer a lavagem entre os<br \/>\n40 e os 60\u00baC.\n<\/p>\n<p><strong><br \/><\/strong><\/p>\n<p><strong>CARACTERISTICAS FISICO QUI\u0301MICAS<br \/>\n<\/strong><\/p>\n<p>Aspecto: Produto em po\u0301<br \/>\nCor: branco<br \/>\nBiodegrada\u0301vel, conforme regulamento (CE) No 648\/2004 Anexo II e III<\/p>\n","protected":false},"excerpt":{"rendered":"<p>O Fun Clorosan e\u0301 um aditivo em po\u0301 para remoc\u0327a\u0303o de no\u0301doas em roupa branca. Na\u0303o danifica os tecidos a tratar nem a ma\u0301quina. Na\u0303o pode ser utilizado em roupa colorida.<\/p>\n","protected":false},"featured_media":5757,"template":"","meta":{"spay_email":""},"product_cat":[15],"product_tag":[],"class_list":{"0":"post-5756","1":"product","2":"type-product","3":"status-publish","4":"has-post-thumbnail","6":"product_cat-sem-categoria","8":"first","9":"instock","10":"taxable","11":"shipping-taxable","12":"purchasable","13":"product-type-simple"},"acf":[],"jetpack-related-posts":[{"id":5744,"url":"https:\/\/mundo.seashell.pt\/?product=stark-soprosan-10kg-lavandaria-manual","url_meta":{"origin":5756,"position":0},"title":"Stark Soprosan 10Kg &#8211; Lavandaria Manual","date":"Fevereiro 23, 2022","format":false,"excerpt":"Branqueador para a roupa \u2013 base cloro","rel":"","context":"Similar post","img":{"alt_text":"","src":"https:\/\/i0.wp.com\/mundo.seashell.pt\/wp-content\/uploads\/2022\/02\/STARK_SOPROSAN_PhotoRoom_20210402_103632.jpg?resize=350%2C200&ssl=1","width":350,"height":200},"classes":[]},{"id":5746,"url":"https:\/\/mundo.seashell.pt\/?product=solim-clorosan-10kg-lavandaria-manual","url_meta":{"origin":5756,"position":1},"title":"Branqueador Solim Clorosan 10Kg &#8211; Lavandaria Manual","date":"Fevereiro 23, 2022","format":false,"excerpt":"Branqueador e higienizante para a roupa \u2013 base cloro","rel":"","context":"Similar post","img":{"alt_text":"","src":"https:\/\/i0.wp.com\/mundo.seashell.pt\/wp-content\/uploads\/2022\/02\/SOLIM_CLOROSAN_PhotoRoom_20210402_103014.jpg?resize=350%2C200&ssl=1","width":350,"height":200},"classes":[]},{"id":5758,"url":"https:\/\/mundo.seashell.pt\/?product=fun-oxiactivo-1kg","url_meta":{"origin":5756,"position":2},"title":"Fun Oxiactivo 1Kg","date":"Fevereiro 23, 2022","format":false,"excerpt":"O Fun Oxiactivo e\u0301 um aditivo em po\u0301 para remoc\u0327a\u0303o de no\u0301doas em todo o tipo de roupa.","rel":"","context":"Similar post","img":{"alt_text":"","src":"https:\/\/i0.wp.com\/mundo.seashell.pt\/wp-content\/uploads\/2022\/02\/Fun_Oxiactivo_PhotoRoom_20210402_103021.jpg?resize=350%2C200&ssl=1","width":350,"height":200},"classes":[]},{"id":6659,"url":"https:\/\/mundo.seashell.pt\/?product=vanish-tira-nodoas-em-po-branqueador-600gr","url_meta":{"origin":5756,"position":3},"title":"Vanish Tira N\u00f3doas em P\u00f3 Branqueador 600Gr","date":"Fevereiro 23, 2022","format":false,"excerpt":"Frustrado com n\u00f3doas que parecem n\u00e3o sair e brancos que tendem a tornar-se cinzentos com o tempo? Vanish oxi action em p\u00f3 para roupas brancas tem uma nova f\u00f3rmula que, para al\u00e9m de remover n\u00f3doas dif\u00edceis \u00e0 primeira, garante brancos mais brancos, mesmo ap\u00f3s 50 lavagens. Vanish oxi action em\u2026","rel":"","context":"Similar post","img":{"alt_text":"","src":"https:\/\/i0.wp.com\/mundo.seashell.pt\/wp-content\/uploads\/2022\/02\/VANISH_REGULAR_PO_WHITE_14X600g_8410104884758.png?resize=350%2C200&ssl=1","width":350,"height":200},"classes":[]},{"id":6661,"url":"https:\/\/mundo.seashell.pt\/?product=vanish-tora-nodoas-em-po-600gr","url_meta":{"origin":5756,"position":4},"title":"Vanish Tora N\u00f3doas em P\u00f3 600Gr","date":"Fevereiro 23, 2022","format":false,"excerpt":"Frustrado com n\u00f3doas que parecem n\u00e3o sair e brancos que tendem a tornar-se cinzentos com o tempo? Vanish oxi action em p\u00f3 para roupas brancas tem uma nova f\u00f3rmula que, para al\u00e9m de remover n\u00f3doas dif\u00edceis \u00e0 primeira, garante brancos mais brancos, mesmo ap\u00f3s 50 lavagens. Vanish oxi action em\u2026","rel":"","context":"Similar post","img":{"alt_text":"","src":"","width":0,"height":0},"classes":[]},{"id":6657,"url":"https:\/\/mundo.seashell.pt\/?product=vanish-oxi-action-em-po-420gr","url_meta":{"origin":5756,"position":5},"title":"Vanish Oxi Action em P\u00f3 420Gr","date":"Fevereiro 23, 2022","format":false,"excerpt":"Depois de lavar a roupa, continua com maus odores e n\u00f3doas? Vanish oxi action p\u00f3 elimina odores \u00e9 um tira-n\u00f3doas poderoso sem lix\u00edvia que, para al\u00e9m de remover todo o tipo de n\u00f3doas, cont\u00e9m uma tecnologia de neutraliza\u00e7\u00e3o de odores. Pode ser utilizado em pr\u00e9-tratamento, de molho ou diretamente na\u2026","rel":"","context":"Similar post","img":{"alt_text":"","src":"https:\/\/i0.wp.com\/mundo.seashell.pt\/wp-content\/uploads\/2022\/02\/Vanish_Oxi_Action_Po__White_420G_4_P_x6_5601217134332.png?resize=350%2C200&ssl=1","width":350,"height":200},"classes":[]}],"_links":{"self":[{"href":"https:\/\/mundo.seashell.pt\/index.php?rest_route=\/wp\/v2\/product\/5756","targetHints":{"allow":["GET"]}}],"collection":[{"href":"https:\/\/mundo.seashell.pt\/index.php?rest_route=\/wp\/v2\/product"}],"about":[{"href":"https:\/\/mundo.seashell.pt\/index.php?rest_route=\/wp\/v2\/types\/product"}],"wp:featuredmedia":[{"embeddable":true,"href":"https:\/\/mundo.seashell.pt\/index.php?rest_route=\/wp\/v2\/media\/5757"}],"wp:attachment":[{"href":"https:\/\/mundo.seashell.pt\/index.php?rest_route=%2Fwp%2Fv2%2Fmedia&parent=5756"}],"wp:term":[{"taxonomy":"product_cat","embeddable":true,"href":"https:\/\/mundo.seashell.pt\/index.php?rest_route=%2Fwp%2Fv2%2Fproduct_cat&post=5756"},{"taxonomy":"product_tag","embeddable":true,"href":"https:\/\/mundo.seashell.pt\/index.php?rest_route=%2Fwp%2Fv2%2Fproduct_tag&post=5756"}],"curies":[{"name":"wp","href":"https:\/\/api.w.org\/{rel}","templated":true}]}}