{"id":5754,"date":"2022-02-23T11:37:45","date_gmt":"2022-02-23T11:37:45","guid":{"rendered":"https:\/\/mundo.seashell.pt\/?post_type=product&#038;p=5754"},"modified":"2022-02-23T11:37:47","modified_gmt":"2022-02-23T11:37:47","slug":"stark-oxyplus-20kg-lavandaria-automatica","status":"publish","type":"product","link":"https:\/\/mundo.seashell.pt\/?product=stark-oxyplus-20kg-lavandaria-automatica","title":{"rendered":"Branqueador Stark Oxyplus 20Kg &#8211; Lavandaria Autom\u00e1tica"},"content":{"rendered":"<p><strong>APLICA\u00c7\u00c3O<\/strong><\/p>\n<p>Branqueador oxigenado para roupa de cor<strong><\/strong><\/p>\n<p><strong><br \/><\/strong><\/p>\n<p><strong>PROPRIEDADES<\/strong><\/p>\n<p>O Stark OxyPlus \u00e9 um branqueador l\u00edquido incolor, \u00e0 base de per\u00f3xido&nbsp;de hidrog\u00e9nio.<\/p>\n<p>Devido \u00e0 sua composi\u00e7\u00e3o branqueia as roupas brancas e aviva as cores&nbsp;nos tecidos coloridos.<\/p>\n<p>Pode ser facilmente doseado, proporcionando uma \u00f3tima solu\u00e7\u00e3o em&nbsp;todo o tipo de tecidos, mesmo coloridos. Para uma boa performance de<\/p>\n<p>branqueamento e custo, a temperatura e o pH da solu\u00e7\u00e3o de lavagem&nbsp;devem ser de 40\u00baC e 9.2-9.5 (pH no doseamento) respetivamente.<\/p>\n<p>Quando aplicado de acordo com as indica\u00e7\u00f5es, o produto prolonga a&nbsp;vida \u00fatil dos tecidos, preservando as cores dos mesmos. \u00c0 exce\u00e7\u00e3o de<\/p>\n<p>l\u00e3 e nylon, o Stark OxyPlus pode ser utilizado em qualquer tipo de&nbsp;tecidos.<\/p>\n<p><strong><br \/><\/strong><\/p>\n<p><strong>CONDI\u00c7\u00d5ES DE UTILIZA\u00c7\u00c3O<\/strong><br \/>O Stark OxyPlus possui uma dupla fun\u00e7\u00e3o de branqueamento e&nbsp;neutraliza\u00e7\u00e3o, garantindo uma correta higieniza\u00e7\u00e3o da roupa mesmo a&nbsp;baixas temperaturas.<br \/>Concentra\u00e7\u00e3o recomendada: de 5 a 15 ml\/kg de roupa, dependendo do&nbsp;n\u00edvel de sujidade da roupa.<br \/>Temperatura de lavagem: 40 a 70\u00baC.<\/p>\n<p><strong><br \/><\/strong><\/p>\n<p><strong>CARACTERISTICAS FISICO QU\u00cdMICAS<\/strong><br \/>Aspecto: Produto L\u00edquido<br \/>Cor: incolor<br \/>Biodegrad\u00e1vel, conforme regulamento (CE) No 648\/2004 Anexo II e III<\/p>\n","protected":false},"excerpt":{"rendered":"<p>Branqueador oxigenado para roupa de cor<\/p>\n","protected":false},"featured_media":5755,"template":"","meta":{"spay_email":""},"product_cat":[15],"product_tag":[],"class_list":{"0":"post-5754","1":"product","2":"type-product","3":"status-publish","4":"has-post-thumbnail","6":"product_cat-sem-categoria","8":"first","9":"instock","10":"taxable","11":"shipping-taxable","12":"purchasable","13":"product-type-simple"},"acf":[],"jetpack-related-posts":[{"id":5744,"url":"https:\/\/mundo.seashell.pt\/?product=stark-soprosan-10kg-lavandaria-manual","url_meta":{"origin":5754,"position":0},"title":"Stark Soprosan 10Kg &#8211; Lavandaria Manual","date":"Fevereiro 23, 2022","format":false,"excerpt":"Branqueador para a roupa \u2013 base cloro","rel":"","context":"Similar post","img":{"alt_text":"","src":"https:\/\/i0.wp.com\/mundo.seashell.pt\/wp-content\/uploads\/2022\/02\/STARK_SOPROSAN_PhotoRoom_20210402_103632.jpg?resize=350%2C200&ssl=1","width":350,"height":200},"classes":[]},{"id":5748,"url":"https:\/\/mundo.seashell.pt\/?product=stark-hypoplus-20kg-lavandaria-automatica","url_meta":{"origin":5754,"position":1},"title":"Branqueador Stark HypoPlus 20Kg &#8211; Lavandaria Autom\u00e1tica","date":"Fevereiro 23, 2022","format":false,"excerpt":"O Stark HypoPlus \u00e9 um branqueador com um forte poder de limpeza","rel":"","context":"Similar post","img":{"alt_text":"","src":"https:\/\/i0.wp.com\/mundo.seashell.pt\/wp-content\/uploads\/2022\/02\/STARK_HYPO_PLUS_PhotoRoom_20210402_103138.jpg?resize=350%2C200&ssl=1","width":350,"height":200},"classes":[]},{"id":5750,"url":"https:\/\/mundo.seashell.pt\/?product=stark-oxiblanc-10kg-lavandaria-manual","url_meta":{"origin":5754,"position":2},"title":"Branqueador Stark Oxiblanc 10Kg &#8211; Lavandaria Manual","date":"Fevereiro 23, 2022","format":false,"excerpt":"Branqueador em p\u00f3 para lavagem de roupa.","rel":"","context":"Similar post","img":{"alt_text":"","src":"https:\/\/i0.wp.com\/mundo.seashell.pt\/wp-content\/uploads\/2022\/02\/STARK_OXIBLANC_PhotoRoom_20210402_103319.jpg?resize=350%2C200&ssl=1","width":350,"height":200},"classes":[]},{"id":6002,"url":"https:\/\/mundo.seashell.pt\/?product=tabs-chlorine-500gr","url_meta":{"origin":5754,"position":3},"title":"Pastilhas Tabs Chlorine 500gr","date":"Fevereiro 23, 2022","format":false,"excerpt":"Pastilhas efervescentes com a\u00e7\u00e3o higienizante\/branqueadora \u00e0 base de dicloroisocianurato, para cada tipo de sanitiza\u00e7\u00e3o e em qualquer superf\u00edcie","rel":"","context":"Similar post","img":{"alt_text":"","src":"https:\/\/i0.wp.com\/mundo.seashell.pt\/wp-content\/uploads\/2022\/02\/tabs_chlorine_1.jpg?resize=350%2C200&ssl=1","width":350,"height":200},"classes":[]},{"id":5820,"url":"https:\/\/mundo.seashell.pt\/?product=stain-active-5kg-lavandaria-automaticamanual","url_meta":{"origin":5754,"position":4},"title":"Aditivo Tira-N\u00f3doas Stain Active &#8211; Lavandaria Autom\u00e1tica\/Manual","date":"Fevereiro 23, 2022","format":false,"excerpt":"AditivoTira-N\u00f3doas Para Lavagem Manual e Autom\u00e1tica de Tecidos Brancos ou de Cor com um branqueamento e a\u00e7\u00e3o neutralizante do mau cheiro de qualidade superior.","rel":"","context":"Similar post","img":{"alt_text":"","src":"https:\/\/i0.wp.com\/mundo.seashell.pt\/wp-content\/uploads\/2022\/02\/stain_active.jpg?resize=350%2C200&ssl=1","width":350,"height":200},"classes":[]},{"id":5768,"url":"https:\/\/mundo.seashell.pt\/?product=stark-det-blue-20l-lavandaria-automaticamanual","url_meta":{"origin":5754,"position":5},"title":"Stark Det Blue 20L &#8211; Lavandaria Autom\u00e1tica\/Manual","date":"Fevereiro 23, 2022","format":false,"excerpt":"Detergente l\u00edquido para a lavagem autom\u00e1tica\/manual de roupa","rel":"","context":"Similar post","img":{"alt_text":"","src":"https:\/\/i0.wp.com\/mundo.seashell.pt\/wp-content\/uploads\/2022\/02\/Stark_Det_Blue_PhotoRoom_20210402_103144.jpg?resize=350%2C200&ssl=1","width":350,"height":200},"classes":[]}],"_links":{"self":[{"href":"https:\/\/mundo.seashell.pt\/index.php?rest_route=\/wp\/v2\/product\/5754","targetHints":{"allow":["GET"]}}],"collection":[{"href":"https:\/\/mundo.seashell.pt\/index.php?rest_route=\/wp\/v2\/product"}],"about":[{"href":"https:\/\/mundo.seashell.pt\/index.php?rest_route=\/wp\/v2\/types\/product"}],"wp:featuredmedia":[{"embeddable":true,"href":"https:\/\/mundo.seashell.pt\/index.php?rest_route=\/wp\/v2\/media\/5755"}],"wp:attachment":[{"href":"https:\/\/mundo.seashell.pt\/index.php?rest_route=%2Fwp%2Fv2%2Fmedia&parent=5754"}],"wp:term":[{"taxonomy":"product_cat","embeddable":true,"href":"https:\/\/mundo.seashell.pt\/index.php?rest_route=%2Fwp%2Fv2%2Fproduct_cat&post=5754"},{"taxonomy":"product_tag","embeddable":true,"href":"https:\/\/mundo.seashell.pt\/index.php?rest_route=%2Fwp%2Fv2%2Fproduct_tag&post=5754"}],"curies":[{"name":"wp","href":"https:\/\/api.w.org\/{rel}","templated":true}]}}