{"id":5752,"date":"2022-02-23T11:37:43","date_gmt":"2022-02-23T11:37:43","guid":{"rendered":"https:\/\/mundo.seashell.pt\/?post_type=product&#038;p=5752"},"modified":"2022-02-23T11:37:45","modified_gmt":"2022-02-23T11:37:45","slug":"solim-oxiclean-10kg","status":"publish","type":"product","link":"https:\/\/mundo.seashell.pt\/?product=solim-oxiclean-10kg","title":{"rendered":"Solim Oxiclean 10Kg"},"content":{"rendered":"<p>Detergente em p\u00f3 para lavagem de roupa<\/p>\n<p><strong><br \/><\/strong><\/p>\n<p><strong>PROPRIEDADES<\/strong><\/p>\n<p>O SOLIM OXICLEAN \u00e9 um produto em p\u00f3, branco e inodoro. \u00c8 uma fonte est\u00e1vel de oxig\u00e9nio ativo. Em solu\u00e7\u00e3o aquosa liberta rapidamente oxig\u00e9nio ativo. Devido \u00e0 sua composi\u00e7\u00e3o remove facilmente quase todo o tipo de n\u00f3doas ou de odores impregnados na roupa.<\/p>\n<p>Pode ser utilizado na sua forma original ou dilu\u00eddo.<\/p>\n<p><strong><br \/><\/strong><\/p>\n<p><strong>C<\/strong><strong>ONDI\u00c7\u00d5ES DE UTILIZA\u00c7\u00c3O<\/strong><\/p>\n<p>Como aditivo ao detergente: Como liberta oxig\u00e9nio ativo quando misturado em \u00e1gua faz com que o detergente seja mais eficaz.<\/p>\n<p>Deve juntar \u00e0 dose habitual do detergente 30g do SOLIM OXICLEAN.<\/p>\n<p><strong>N\u00f3doas dif\u00edceis: <\/strong>Fazer uma solu\u00e7\u00e3o com: 1 litro de \u00e1gua e 15g de SOLIM OXICLEAN.&nbsp;Aplicar diretamente sobre a n\u00f3doa,&nbsp;lavar como&nbsp;habitualmente.&nbsp;<\/p>\n<p>Para melhores resultados deve fazer a lavagem entre os&nbsp;40 e 60\u00baC.<\/p>\n<p>Limpeza de n\u00f3doas em sof\u00e1s, alcatifas, carpetes e tapetes:<\/p>\n<p>&#8211; Absorver a sujidade em excesso com um pano limpo<\/p>\n<p>&#8211; Utilize a mesma solu\u00e7\u00e3o para \u201cn\u00f3doas dif\u00edceis\u201d e embeba a zona da&nbsp;n\u00f3doa deixe atuar entre 5 a 20 minutos.<\/p>\n<p>&#8211; Enxaguar com esponja embebida em \u00e1gua limpa<\/p>\n<p>&#8211; Deixar secar ou passar o aspirador.<\/p>\n<p><strong><br \/><\/strong><\/p>\n<p><strong>CARACTERISTICAS FISICO QU\u00cdMICAS<\/strong><\/p>\n<p>\u00c9 um produto em p\u00f3 de cor branca. Tem um pH entre 10.5 e 11, que o toma&nbsp;pouco agressivo para a roupa.<\/p>\n","protected":false},"excerpt":{"rendered":"<p>N\u00f3doas dif\u00edceis: Fazer uma solu\u00e7\u00e3o com: 1 litro de \u00e1gua e 15g de  SOLIM OXICLEAN.<\/p>\n","protected":false},"featured_media":5753,"template":"","meta":{"spay_email":""},"product_cat":[15],"product_tag":[],"class_list":{"0":"post-5752","1":"product","2":"type-product","3":"status-publish","4":"has-post-thumbnail","6":"product_cat-sem-categoria","8":"first","9":"instock","10":"taxable","11":"shipping-taxable","12":"purchasable","13":"product-type-simple"},"acf":[],"jetpack-related-posts":[{"id":5750,"url":"https:\/\/mundo.seashell.pt\/?product=stark-oxiblanc-10kg-lavandaria-manual","url_meta":{"origin":5752,"position":0},"title":"Branqueador Stark Oxiblanc 10Kg &#8211; Lavandaria Manual","date":"Fevereiro 23, 2022","format":false,"excerpt":"Branqueador em p\u00f3 para lavagem de roupa.","rel":"","context":"Similar post","img":{"alt_text":"","src":"https:\/\/i0.wp.com\/mundo.seashell.pt\/wp-content\/uploads\/2022\/02\/STARK_OXIBLANC_PhotoRoom_20210402_103319.jpg?resize=350%2C200&ssl=1","width":350,"height":200},"classes":[]},{"id":5746,"url":"https:\/\/mundo.seashell.pt\/?product=solim-clorosan-10kg-lavandaria-manual","url_meta":{"origin":5752,"position":1},"title":"Branqueador Solim Clorosan 10Kg &#8211; Lavandaria Manual","date":"Fevereiro 23, 2022","format":false,"excerpt":"Branqueador e higienizante para a roupa \u2013 base cloro","rel":"","context":"Similar post","img":{"alt_text":"","src":"https:\/\/i0.wp.com\/mundo.seashell.pt\/wp-content\/uploads\/2022\/02\/SOLIM_CLOROSAN_PhotoRoom_20210402_103014.jpg?resize=350%2C200&ssl=1","width":350,"height":200},"classes":[]},{"id":5758,"url":"https:\/\/mundo.seashell.pt\/?product=fun-oxiactivo-1kg","url_meta":{"origin":5752,"position":2},"title":"Fun Oxiactivo 1Kg","date":"Fevereiro 23, 2022","format":false,"excerpt":"O Fun Oxiactivo e\u0301 um aditivo em po\u0301 para remoc\u0327a\u0303o de no\u0301doas em todo o tipo de roupa.","rel":"","context":"Similar post","img":{"alt_text":"","src":"https:\/\/i0.wp.com\/mundo.seashell.pt\/wp-content\/uploads\/2022\/02\/Fun_Oxiactivo_PhotoRoom_20210402_103021.jpg?resize=350%2C200&ssl=1","width":350,"height":200},"classes":[]},{"id":6649,"url":"https:\/\/mundo.seashell.pt\/?product=sanytol-tira-nodoas-em-po-450gr","url_meta":{"origin":5752,"position":3},"title":"Sanytol Tira N\u00f3doas em P\u00f3 450gr","date":"Fevereiro 23, 2022","format":false,"excerpt":"Tira-N\u00f3doas Desinfetante em p\u00f3 que destr\u00f3i 99,9% dos micr\u00f3bios e que elimina eficazmente as manchas mais persistentes mesmo a baixas temperaturas. A sua f\u00f3rmula \u00fanica \u00e0 base de enzimas e oxig\u00e9nio ativo penetra no cora\u00e7\u00e3o das fibras t\u00eaxteis para remover as n\u00f3doas, eliminar o tom amarelado e reavivar o branco\u2026","rel":"","context":"Similar post","img":{"alt_text":"","src":"https:\/\/i0.wp.com\/mundo.seashell.pt\/wp-content\/uploads\/2022\/02\/SANYTOL_TIRA_NO_DOAS_BRANQUEADOR_450g_3045206382601.png?resize=350%2C200&ssl=1","width":350,"height":200},"classes":[]},{"id":5822,"url":"https:\/\/mundo.seashell.pt\/?product=oxipur-stainbuster-1-kg-lavandaria-manual","url_meta":{"origin":5752,"position":4},"title":"Aditivo Oxipur Stainbuster 1 Kg &#8211; Lavandaria Manual","date":"Fevereiro 23, 2022","format":false,"excerpt":"Tira-n\u00f3doas em p\u00f3 para lavar roupa. Remove as n\u00f3doas mais dif\u00edceis gra\u00e7as \u00e0 sua formula\u00e7\u00e3o de a\u00e7\u00e3o combinada com oxig\u00e9nio ativo, enzimas, tensoativos","rel":"","context":"Similar post","img":{"alt_text":"","src":"https:\/\/i0.wp.com\/mundo.seashell.pt\/wp-content\/uploads\/2022\/02\/oxipur_stainbuster_1.jpg?resize=350%2C200&ssl=1","width":350,"height":200},"classes":[]},{"id":5744,"url":"https:\/\/mundo.seashell.pt\/?product=stark-soprosan-10kg-lavandaria-manual","url_meta":{"origin":5752,"position":5},"title":"Stark Soprosan 10Kg &#8211; Lavandaria Manual","date":"Fevereiro 23, 2022","format":false,"excerpt":"Branqueador para a roupa \u2013 base cloro","rel":"","context":"Similar post","img":{"alt_text":"","src":"https:\/\/i0.wp.com\/mundo.seashell.pt\/wp-content\/uploads\/2022\/02\/STARK_SOPROSAN_PhotoRoom_20210402_103632.jpg?resize=350%2C200&ssl=1","width":350,"height":200},"classes":[]}],"_links":{"self":[{"href":"https:\/\/mundo.seashell.pt\/index.php?rest_route=\/wp\/v2\/product\/5752","targetHints":{"allow":["GET"]}}],"collection":[{"href":"https:\/\/mundo.seashell.pt\/index.php?rest_route=\/wp\/v2\/product"}],"about":[{"href":"https:\/\/mundo.seashell.pt\/index.php?rest_route=\/wp\/v2\/types\/product"}],"wp:featuredmedia":[{"embeddable":true,"href":"https:\/\/mundo.seashell.pt\/index.php?rest_route=\/wp\/v2\/media\/5753"}],"wp:attachment":[{"href":"https:\/\/mundo.seashell.pt\/index.php?rest_route=%2Fwp%2Fv2%2Fmedia&parent=5752"}],"wp:term":[{"taxonomy":"product_cat","embeddable":true,"href":"https:\/\/mundo.seashell.pt\/index.php?rest_route=%2Fwp%2Fv2%2Fproduct_cat&post=5752"},{"taxonomy":"product_tag","embeddable":true,"href":"https:\/\/mundo.seashell.pt\/index.php?rest_route=%2Fwp%2Fv2%2Fproduct_tag&post=5752"}],"curies":[{"name":"wp","href":"https:\/\/api.w.org\/{rel}","templated":true}]}}