{"id":5748,"date":"2022-02-23T11:37:38","date_gmt":"2022-02-23T11:37:38","guid":{"rendered":"https:\/\/mundo.seashell.pt\/?post_type=product&#038;p=5748"},"modified":"2022-02-23T11:37:41","modified_gmt":"2022-02-23T11:37:41","slug":"stark-hypoplus-20kg-lavandaria-automatica","status":"publish","type":"product","link":"https:\/\/mundo.seashell.pt\/?product=stark-hypoplus-20kg-lavandaria-automatica","title":{"rendered":"Branqueador Stark HypoPlus 20Kg &#8211; Lavandaria Autom\u00e1tica"},"content":{"rendered":"<p><strong>APLICA\u00c7\u00c3O<\/strong><\/p>\n<p>Branqueador clorado para a roupa<\/p>\n<p><strong>PROPRIEDADES<\/strong><\/p>\n<p>O Stark HypoPlus \u00e9 um branqueador com um forte poder de limpeza e&nbsp;com 12% de cloro ativo. \u00c9 um removedor especialmente formulado para<\/p>\n<p>utiliza\u00e7\u00e3o em lavandarias comerciais, hospitalares e outras. Pode ser&nbsp;utilizado em tecidos brancos e em tecidos de cor resistentes a cloro.<\/p>\n<p>Deve ser tido em aten\u00e7\u00e3o que este branqueador n\u00e3o deve ser utilizado&nbsp;em tecidos com n\u00f3doas de clorohexidina.<\/p>\n<p><strong>CONDI\u00c7\u00d5ES DE UTILIZA\u00c7\u00c3O<\/strong><\/p>\n<p>Devido \u00e0 sua alta concentra\u00e7\u00e3o de cloro, recomendamos o uso de luvas e \u00f3culos de prote\u00e7\u00e3o.<\/p>\n<p>Concentra\u00e7\u00e3o recomendada: de 5 a 12 ml\/kg de roupa seca.<\/p>\n<p>Temperatura de lavagem: 20 a 40\u00baC. Para garantir um menor desgaste dos tecidos, manter a temperatura compreendida entre 20 e 40\u00baC.<\/p>\n<p><strong>EVITAR A INALA\u00c7\u00c3O DO PRODUTO DURANTE A APLICA\u00c7\u00c3O.<\/strong><\/p>\n<p>CARACTERISTICAS FISICO QU\u00cdMICAS<br \/>Aspeto: Produto L\u00edquido<br \/>Cor: levemente amarelado<br \/>pH 13\u00b11.0<br \/>Biodegrad\u00e1vel, conforme regulamento (CE) No 648\/2004 Anexo II e III<\/p>\n","protected":false},"excerpt":{"rendered":"<p>O Stark HypoPlus \u00e9 um branqueador com um forte poder de limpeza<\/p>\n","protected":false},"featured_media":5749,"template":"","meta":{"spay_email":""},"product_cat":[15],"product_tag":[],"class_list":{"0":"post-5748","1":"product","2":"type-product","3":"status-publish","4":"has-post-thumbnail","6":"product_cat-sem-categoria","8":"first","9":"instock","10":"taxable","11":"shipping-taxable","12":"purchasable","13":"product-type-simple"},"acf":[],"jetpack-related-posts":[{"id":5744,"url":"https:\/\/mundo.seashell.pt\/?product=stark-soprosan-10kg-lavandaria-manual","url_meta":{"origin":5748,"position":0},"title":"Stark Soprosan 10Kg &#8211; Lavandaria Manual","date":"Fevereiro 23, 2022","format":false,"excerpt":"Branqueador para a roupa \u2013 base cloro","rel":"","context":"Similar post","img":{"alt_text":"","src":"https:\/\/i0.wp.com\/mundo.seashell.pt\/wp-content\/uploads\/2022\/02\/STARK_SOPROSAN_PhotoRoom_20210402_103632.jpg?resize=350%2C200&ssl=1","width":350,"height":200},"classes":[]},{"id":5760,"url":"https:\/\/mundo.seashell.pt\/?product=chlor-active-24kg-lavandaria-automatica","url_meta":{"origin":5748,"position":1},"title":"Branqueador Chlor Active 24Kg &#8211; Lavandaria Autom\u00e1tica","date":"Fevereiro 23, 2022","format":false,"excerpt":"Branqueador \u00e0 base de cloro activo para lavagem autom\u00e1tica de roupa, para todos os tecidos brancos ou resistentes ao cloro","rel":"","context":"Similar post","img":{"alt_text":"","src":"https:\/\/i0.wp.com\/mundo.seashell.pt\/wp-content\/uploads\/2022\/02\/chlor_active.jpg?resize=350%2C200&ssl=1","width":350,"height":200},"classes":[]},{"id":5746,"url":"https:\/\/mundo.seashell.pt\/?product=solim-clorosan-10kg-lavandaria-manual","url_meta":{"origin":5748,"position":2},"title":"Branqueador Solim Clorosan 10Kg &#8211; Lavandaria Manual","date":"Fevereiro 23, 2022","format":false,"excerpt":"Branqueador e higienizante para a roupa \u2013 base cloro","rel":"","context":"Similar post","img":{"alt_text":"","src":"https:\/\/i0.wp.com\/mundo.seashell.pt\/wp-content\/uploads\/2022\/02\/SOLIM_CLOROSAN_PhotoRoom_20210402_103014.jpg?resize=350%2C200&ssl=1","width":350,"height":200},"classes":[]},{"id":5754,"url":"https:\/\/mundo.seashell.pt\/?product=stark-oxyplus-20kg-lavandaria-automatica","url_meta":{"origin":5748,"position":3},"title":"Branqueador Stark Oxyplus 20Kg &#8211; Lavandaria Autom\u00e1tica","date":"Fevereiro 23, 2022","format":false,"excerpt":"Branqueador oxigenado para roupa de cor","rel":"","context":"Similar post","img":{"alt_text":"","src":"https:\/\/i0.wp.com\/mundo.seashell.pt\/wp-content\/uploads\/2022\/02\/STARK_OXYPLUS.jpg?resize=350%2C200&ssl=1","width":350,"height":200},"classes":[]},{"id":6002,"url":"https:\/\/mundo.seashell.pt\/?product=tabs-chlorine-500gr","url_meta":{"origin":5748,"position":4},"title":"Pastilhas Tabs Chlorine 500gr","date":"Fevereiro 23, 2022","format":false,"excerpt":"Pastilhas efervescentes com a\u00e7\u00e3o higienizante\/branqueadora \u00e0 base de dicloroisocianurato, para cada tipo de sanitiza\u00e7\u00e3o e em qualquer superf\u00edcie","rel":"","context":"Similar post","img":{"alt_text":"","src":"https:\/\/i0.wp.com\/mundo.seashell.pt\/wp-content\/uploads\/2022\/02\/tabs_chlorine_1.jpg?resize=350%2C200&ssl=1","width":350,"height":200},"classes":[]},{"id":5750,"url":"https:\/\/mundo.seashell.pt\/?product=stark-oxiblanc-10kg-lavandaria-manual","url_meta":{"origin":5748,"position":5},"title":"Branqueador Stark Oxiblanc 10Kg &#8211; Lavandaria Manual","date":"Fevereiro 23, 2022","format":false,"excerpt":"Branqueador em p\u00f3 para lavagem de roupa.","rel":"","context":"Similar post","img":{"alt_text":"","src":"https:\/\/i0.wp.com\/mundo.seashell.pt\/wp-content\/uploads\/2022\/02\/STARK_OXIBLANC_PhotoRoom_20210402_103319.jpg?resize=350%2C200&ssl=1","width":350,"height":200},"classes":[]}],"_links":{"self":[{"href":"https:\/\/mundo.seashell.pt\/index.php?rest_route=\/wp\/v2\/product\/5748","targetHints":{"allow":["GET"]}}],"collection":[{"href":"https:\/\/mundo.seashell.pt\/index.php?rest_route=\/wp\/v2\/product"}],"about":[{"href":"https:\/\/mundo.seashell.pt\/index.php?rest_route=\/wp\/v2\/types\/product"}],"wp:featuredmedia":[{"embeddable":true,"href":"https:\/\/mundo.seashell.pt\/index.php?rest_route=\/wp\/v2\/media\/5749"}],"wp:attachment":[{"href":"https:\/\/mundo.seashell.pt\/index.php?rest_route=%2Fwp%2Fv2%2Fmedia&parent=5748"}],"wp:term":[{"taxonomy":"product_cat","embeddable":true,"href":"https:\/\/mundo.seashell.pt\/index.php?rest_route=%2Fwp%2Fv2%2Fproduct_cat&post=5748"},{"taxonomy":"product_tag","embeddable":true,"href":"https:\/\/mundo.seashell.pt\/index.php?rest_route=%2Fwp%2Fv2%2Fproduct_tag&post=5748"}],"curies":[{"name":"wp","href":"https:\/\/api.w.org\/{rel}","templated":true}]}}