{"id":5744,"date":"2022-02-23T11:37:22","date_gmt":"2022-02-23T11:37:22","guid":{"rendered":"https:\/\/mundo.seashell.pt\/?post_type=product&#038;p=5744"},"modified":"2022-02-23T11:37:24","modified_gmt":"2022-02-23T11:37:24","slug":"stark-soprosan-10kg-lavandaria-manual","status":"publish","type":"product","link":"https:\/\/mundo.seashell.pt\/?product=stark-soprosan-10kg-lavandaria-manual","title":{"rendered":"Stark Soprosan 10Kg &#8211; Lavandaria Manual"},"content":{"rendered":"<p>Branqueador para a roupa \u2013 base cloro<\/p>\n<p><strong><br \/><\/strong><\/p>\n<p><strong>PROPRIEDADES<\/strong><\/p>\n<p>Produto em p\u00f3, granulado com cheiro a cloro.<\/p>\n<p>\u00c9 formulado com cloro org\u00e2nico, para n\u00e3o danificar os tecidos a tratar,&nbsp;assim como as m\u00e1quinas.<\/p>\n<p>Tem um \u00f3timo comportamento mesmo em \u00e1guas duras.<\/p>\n<p><strong><br \/><\/strong><\/p>\n<p><strong>CONDI\u00c7\u00d5ES DE UTILIZA\u00c7\u00c3O<\/strong><\/p>\n<p>Como aditivo ao detergente: Deve ser utilizado cerca de 10% da&nbsp;quantidade de detergente.<\/p>\n<p>A temperatura de lavagem n\u00e3o deve ultrapassar os 85\u00baC.<\/p>\n<p>N\u00f3doas dif\u00edceis: Fazer uma solu\u00e7\u00e3o com 1\/4 litro de \u00e1gua e 60g de Stark&nbsp;SOPROSAN. Aplicar diretamente sobre a n\u00f3doa.&nbsp;<\/p>\n<p>Lavar como&nbsp;habitualmente. Para melhores resultados deve fazer a lavagem entre os&nbsp;40 e 60\u00baC.<\/p>\n<p><strong><br \/><\/strong><\/p>\n<p><strong>CARACTERISTICAS FISICO QU\u00cdMICAS<\/strong><\/p>\n<p>\u00c9 um produto em p\u00f3 de cor branca. Tem um pH entre 10.5 e 11, que o toma pouco agressivo para a roupa.<\/p>\n","protected":false},"excerpt":{"rendered":"<p>Branqueador para a roupa \u2013 base cloro<\/p>\n","protected":false},"featured_media":5745,"template":"","meta":{"spay_email":""},"product_cat":[15],"product_tag":[],"class_list":{"0":"post-5744","1":"product","2":"type-product","3":"status-publish","4":"has-post-thumbnail","6":"product_cat-sem-categoria","8":"first","9":"instock","10":"taxable","11":"shipping-taxable","12":"purchasable","13":"product-type-simple"},"acf":[],"jetpack-related-posts":[{"id":5746,"url":"https:\/\/mundo.seashell.pt\/?product=solim-clorosan-10kg-lavandaria-manual","url_meta":{"origin":5744,"position":0},"title":"Branqueador Solim Clorosan 10Kg &#8211; Lavandaria Manual","date":"Fevereiro 23, 2022","format":false,"excerpt":"Branqueador e higienizante para a roupa \u2013 base cloro","rel":"","context":"Similar post","img":{"alt_text":"","src":"https:\/\/i0.wp.com\/mundo.seashell.pt\/wp-content\/uploads\/2022\/02\/SOLIM_CLOROSAN_PhotoRoom_20210402_103014.jpg?resize=350%2C200&ssl=1","width":350,"height":200},"classes":[]},{"id":5748,"url":"https:\/\/mundo.seashell.pt\/?product=stark-hypoplus-20kg-lavandaria-automatica","url_meta":{"origin":5744,"position":1},"title":"Branqueador Stark HypoPlus 20Kg &#8211; Lavandaria Autom\u00e1tica","date":"Fevereiro 23, 2022","format":false,"excerpt":"O Stark HypoPlus \u00e9 um branqueador com um forte poder de limpeza","rel":"","context":"Similar post","img":{"alt_text":"","src":"https:\/\/i0.wp.com\/mundo.seashell.pt\/wp-content\/uploads\/2022\/02\/STARK_HYPO_PLUS_PhotoRoom_20210402_103138.jpg?resize=350%2C200&ssl=1","width":350,"height":200},"classes":[]},{"id":5750,"url":"https:\/\/mundo.seashell.pt\/?product=stark-oxiblanc-10kg-lavandaria-manual","url_meta":{"origin":5744,"position":2},"title":"Branqueador Stark Oxiblanc 10Kg &#8211; Lavandaria Manual","date":"Fevereiro 23, 2022","format":false,"excerpt":"Branqueador em p\u00f3 para lavagem de roupa.","rel":"","context":"Similar post","img":{"alt_text":"","src":"https:\/\/i0.wp.com\/mundo.seashell.pt\/wp-content\/uploads\/2022\/02\/STARK_OXIBLANC_PhotoRoom_20210402_103319.jpg?resize=350%2C200&ssl=1","width":350,"height":200},"classes":[]},{"id":5760,"url":"https:\/\/mundo.seashell.pt\/?product=chlor-active-24kg-lavandaria-automatica","url_meta":{"origin":5744,"position":3},"title":"Branqueador Chlor Active 24Kg &#8211; Lavandaria Autom\u00e1tica","date":"Fevereiro 23, 2022","format":false,"excerpt":"Branqueador \u00e0 base de cloro activo para lavagem autom\u00e1tica de roupa, para todos os tecidos brancos ou resistentes ao cloro","rel":"","context":"Similar post","img":{"alt_text":"","src":"https:\/\/i0.wp.com\/mundo.seashell.pt\/wp-content\/uploads\/2022\/02\/chlor_active.jpg?resize=350%2C200&ssl=1","width":350,"height":200},"classes":[]},{"id":6649,"url":"https:\/\/mundo.seashell.pt\/?product=sanytol-tira-nodoas-em-po-450gr","url_meta":{"origin":5744,"position":4},"title":"Sanytol Tira N\u00f3doas em P\u00f3 450gr","date":"Fevereiro 23, 2022","format":false,"excerpt":"Tira-N\u00f3doas Desinfetante em p\u00f3 que destr\u00f3i 99,9% dos micr\u00f3bios e que elimina eficazmente as manchas mais persistentes mesmo a baixas temperaturas. A sua f\u00f3rmula \u00fanica \u00e0 base de enzimas e oxig\u00e9nio ativo penetra no cora\u00e7\u00e3o das fibras t\u00eaxteis para remover as n\u00f3doas, eliminar o tom amarelado e reavivar o branco\u2026","rel":"","context":"Similar post","img":{"alt_text":"","src":"https:\/\/i0.wp.com\/mundo.seashell.pt\/wp-content\/uploads\/2022\/02\/SANYTOL_TIRA_NO_DOAS_BRANQUEADOR_450g_3045206382601.png?resize=350%2C200&ssl=1","width":350,"height":200},"classes":[]},{"id":6645,"url":"https:\/\/mundo.seashell.pt\/?product=vanish-cores-3l","url_meta":{"origin":5744,"position":5},"title":"Vanish Cores 3L","date":"Fevereiro 23, 2022","format":false,"excerpt":"Vanish l\u00edquido delicada \u00e9 uma alternativa \u00e0 lix\u00edvia tradicional. \u00c9 um tira-n\u00f3doas sem cloro, seguro para todas as cores e tecidos, mesmo os de cor e os mais delicados. Vanish \u00e9 o tira-n\u00f3doas n\u00ba #1 em Portugal. Tipo de produto: Lix\u00edvia DelicadaBenef\u00edcios: - Adequado para roupa branca e de cor;-\u2026","rel":"","context":"Similar post","img":{"alt_text":"","src":"https:\/\/i0.wp.com\/mundo.seashell.pt\/wp-content\/uploads\/2022\/02\/Vanish_Delicada_Pink_3L_x6_8410104252304.png?resize=350%2C200&ssl=1","width":350,"height":200},"classes":[]}],"_links":{"self":[{"href":"https:\/\/mundo.seashell.pt\/index.php?rest_route=\/wp\/v2\/product\/5744","targetHints":{"allow":["GET"]}}],"collection":[{"href":"https:\/\/mundo.seashell.pt\/index.php?rest_route=\/wp\/v2\/product"}],"about":[{"href":"https:\/\/mundo.seashell.pt\/index.php?rest_route=\/wp\/v2\/types\/product"}],"wp:featuredmedia":[{"embeddable":true,"href":"https:\/\/mundo.seashell.pt\/index.php?rest_route=\/wp\/v2\/media\/5745"}],"wp:attachment":[{"href":"https:\/\/mundo.seashell.pt\/index.php?rest_route=%2Fwp%2Fv2%2Fmedia&parent=5744"}],"wp:term":[{"taxonomy":"product_cat","embeddable":true,"href":"https:\/\/mundo.seashell.pt\/index.php?rest_route=%2Fwp%2Fv2%2Fproduct_cat&post=5744"},{"taxonomy":"product_tag","embeddable":true,"href":"https:\/\/mundo.seashell.pt\/index.php?rest_route=%2Fwp%2Fv2%2Fproduct_tag&post=5744"}],"curies":[{"name":"wp","href":"https:\/\/api.w.org\/{rel}","templated":true}]}}