{"id":5740,"date":"2022-02-23T11:37:18","date_gmt":"2022-02-23T11:37:18","guid":{"rendered":"https:\/\/mundo.seashell.pt\/?post_type=product&#038;p=5740"},"modified":"2022-02-23T11:37:20","modified_gmt":"2022-02-23T11:37:20","slug":"soft-power-caps-eco-20kg","status":"publish","type":"product","link":"https:\/\/mundo.seashell.pt\/?product=soft-power-caps-eco-20kg","title":{"rendered":"Amaciador Soft Power Caps Eco 20Kg"},"content":{"rendered":"<h2>AMACIADOR CONCENTRADO COM PERFUME LONG LASTING PARA LAVAGEM MANUAL E AUTOM\u00c1TICA DA ROUPA<\/h2>\n<ul>\n<li>Testado dermatologicamente<\/li>\n<li>Altamente perfumado, tecnologia patenteada com microc\u00e1psulas: liberta\u00e7\u00e3o prolongada do perfume ao longo do tempo<\/li>\n<li>Otimizado para uso com produtos do sistema Oxipur<\/li>\n<\/ul>\n<h4><\/h4>\n<h4>Descri\u00e7\u00e3o<\/h4>\n<p>Amaciador concentrado altamente perfumado para lavagem da roupa. Adequado tamb\u00e9m para tecidos delicados.<br \/>Tecnologia patenteada com perfume microencapsulado. Dura\u00e7\u00e3o longa do perfume tamb\u00e9m ap\u00f3s a secagem e durante a passagem a ferro. <\/p>\n<h4><\/h4>\n<h4>Dilui\u00e7\u00e3o<\/h4>\n<p>Doses (ml\/kg de roupas):<br \/>\u00c1guas macias (0-15\u00b0 F): 3 ml\/kg.<br \/>\u00c1guas m\u00e9dias (15-25\u00b0 F): 4 ml\/kg.<br \/>\u00c1guas duras (&gt; 25\u00b0 F): 5 ml\/kg.<\/p>\n<p>Dosear em fun\u00e7\u00e3o do ciclo de lavado e da dureza da \u00e1gua. A dose e a temperatura aconselhadas consentem poupar e reduzir ao m\u00ednimo o impacto ambiental e o consumo de \u00e1gua e de energia. Para mais informa\u00e7\u00f5es contactar os t\u00e9cnicos da Sutter Professional.<\/p>\n<h4><\/h4>\n<h4>Como usar<\/h4>\n<p>Deve ser utilizado com outros produtos da linha Oxipur e com sistemas autom\u00e1ticos de dosagem Sutter Tech.<\/p>\n","protected":false},"excerpt":{"rendered":"<p>Amaciador concentrado altamente perfumado para lavagem da roupa. Tecnologia patenteada com perfume microencapsulado.<\/p>\n","protected":false},"featured_media":5741,"template":"","meta":{"spay_email":""},"product_cat":[15],"product_tag":[],"class_list":{"0":"post-5740","1":"product","2":"type-product","3":"status-publish","4":"has-post-thumbnail","6":"product_cat-sem-categoria","8":"first","9":"instock","10":"taxable","11":"shipping-taxable","12":"purchasable","13":"product-type-simple"},"acf":[],"jetpack-related-posts":[{"id":5736,"url":"https:\/\/mundo.seashell.pt\/?product=soft-4-10lt-lavandaria-automaticamanual","url_meta":{"origin":5740,"position":0},"title":"Amaciador Soft 4 10Lt &#8211; Lavandaria Autom\u00e1tica\/Manual","date":"Fevereiro 23, 2022","format":false,"excerpt":"Amaciador concentrado altamente perfumado para lavagem da roupa","rel":"","context":"Similar post","img":{"alt_text":"","src":"https:\/\/i0.wp.com\/mundo.seashell.pt\/wp-content\/uploads\/2022\/02\/soft_4.jpg?resize=350%2C200&ssl=1","width":350,"height":200},"classes":[]},{"id":5738,"url":"https:\/\/mundo.seashell.pt\/?product=soft-power-caps-5kg-lavandaria-automaticamanual","url_meta":{"origin":5740,"position":1},"title":"Amaciador Soft Power Caps &#8211; Lavandaria Autom\u00e1tica\/Manual","date":"Fevereiro 23, 2022","format":false,"excerpt":"Amaciador concentrado altamente perfumado para lavagem da roupa tecnologia patenteada com microc\u00e1psulas","rel":"","context":"Similar post","img":{"alt_text":"","src":"https:\/\/i0.wp.com\/mundo.seashell.pt\/wp-content\/uploads\/2022\/02\/soft_power_caps.jpg?resize=350%2C200&ssl=1","width":350,"height":200},"classes":[]},{"id":5778,"url":"https:\/\/mundo.seashell.pt\/?product=enzy-1-10lt-lavandaria-automatica","url_meta":{"origin":5740,"position":2},"title":"Detergente enzim\u00e1tico Enzy 1 10Lt","date":"Fevereiro 23, 2022","format":false,"excerpt":"Detergente enzim\u00e1tico completo concentrado, agradavelmente perfumado e de elevado desempenho","rel":"","context":"Similar post","img":{"alt_text":"","src":"https:\/\/i0.wp.com\/mundo.seashell.pt\/wp-content\/uploads\/2022\/02\/enzy_1.jpg?resize=350%2C200&ssl=1","width":350,"height":200},"classes":[]},{"id":5784,"url":"https:\/\/mundo.seashell.pt\/?product=enzy-extra-5-kg-lavandaria-automaticamanual","url_meta":{"origin":5740,"position":3},"title":"Detergente Enzy Extra &#8211; Lavandaria Autom\u00e1tica\/Manual","date":"Fevereiro 23, 2022","format":false,"excerpt":"Detergente completo enzim\u00e1tico para lavagem manual e autom\u00e1tica de tecidos","rel":"","context":"Similar post","img":{"alt_text":"","src":"https:\/\/i0.wp.com\/mundo.seashell.pt\/wp-content\/uploads\/2022\/02\/enzy_extra.jpg?resize=350%2C200&ssl=1","width":350,"height":200},"classes":[]},{"id":5810,"url":"https:\/\/mundo.seashell.pt\/?product=fun-perfumador-roupa-fragancy-750ml","url_meta":{"origin":5740,"position":4},"title":"Fun Perfumador Roupa Fragancy 750Ml &#8211; Lavandaria Manual","date":"Fevereiro 23, 2022","format":false,"excerpt":"O Fun Perfumador pode ser utilizado como um complemento ao amaciador, refor\u00e7ando o seu desempenho.","rel":"","context":"Similar post","img":{"alt_text":"","src":"https:\/\/i0.wp.com\/mundo.seashell.pt\/wp-content\/uploads\/2022\/02\/PERFUME_77_OK_PhotoRoom_20210402_103232.jpg?resize=350%2C200&ssl=1","width":350,"height":200},"classes":[]},{"id":6597,"url":"https:\/\/mundo.seashell.pt\/?product=lenor-amaciador-de-roupa-37-doses","url_meta":{"origin":5740,"position":5},"title":"Lenor Amaciador de Roupa 37 Doses","date":"Fevereiro 23, 2022","format":false,"excerpt":"Com Lenor, transforme as suas tarefas di\u00e1rias em experi\u00eancias sensoriais. Com a sua exuberante combina\u00e7\u00e3o de um misterioso cocktail de bergamota e um buquet arejado da delicada fr\u00e9sia e jasmim radiante, a sua sofisticada ess\u00eancia multi-sensorial foi inspirada pelas \u00faltimas tend\u00eancias. Al\u00e9m disso, este amaciador para roupa foi desenvolvido par...","rel":"","context":"Similar post","img":{"alt_text":"","src":"https:\/\/i0.wp.com\/mundo.seashell.pt\/wp-content\/uploads\/2022\/02\/LENOR_AMACIADOR_AMETISTA_37D_8006540002957.png?resize=350%2C200&ssl=1","width":350,"height":200},"classes":[]}],"_links":{"self":[{"href":"https:\/\/mundo.seashell.pt\/index.php?rest_route=\/wp\/v2\/product\/5740","targetHints":{"allow":["GET"]}}],"collection":[{"href":"https:\/\/mundo.seashell.pt\/index.php?rest_route=\/wp\/v2\/product"}],"about":[{"href":"https:\/\/mundo.seashell.pt\/index.php?rest_route=\/wp\/v2\/types\/product"}],"wp:featuredmedia":[{"embeddable":true,"href":"https:\/\/mundo.seashell.pt\/index.php?rest_route=\/wp\/v2\/media\/5741"}],"wp:attachment":[{"href":"https:\/\/mundo.seashell.pt\/index.php?rest_route=%2Fwp%2Fv2%2Fmedia&parent=5740"}],"wp:term":[{"taxonomy":"product_cat","embeddable":true,"href":"https:\/\/mundo.seashell.pt\/index.php?rest_route=%2Fwp%2Fv2%2Fproduct_cat&post=5740"},{"taxonomy":"product_tag","embeddable":true,"href":"https:\/\/mundo.seashell.pt\/index.php?rest_route=%2Fwp%2Fv2%2Fproduct_tag&post=5740"}],"curies":[{"name":"wp","href":"https:\/\/api.w.org\/{rel}","templated":true}]}}