{"id":5736,"date":"2022-02-23T11:37:14","date_gmt":"2022-02-23T11:37:14","guid":{"rendered":"https:\/\/mundo.seashell.pt\/?post_type=product&#038;p=5736"},"modified":"2022-02-23T11:37:15","modified_gmt":"2022-02-23T11:37:15","slug":"soft-4-10lt-lavandaria-automaticamanual","status":"publish","type":"product","link":"https:\/\/mundo.seashell.pt\/?product=soft-4-10lt-lavandaria-automaticamanual","title":{"rendered":"Amaciador Soft 4 10Lt &#8211; Lavandaria Autom\u00e1tica\/Manual"},"content":{"rendered":"<h2>Amaciador concentrado com perfume long lasting para lavagem autom\u00e1tica da roupa<\/h2>\n<ul>\n<li>Seguro, conveniente e sustent\u00e1vel<\/li>\n<li>Altamente perfumado, tecnologia patenteada com microc\u00e1psulas: liberta\u00e7\u00e3o prolongada do perfume ao longo do tempo<\/li>\n<li>Com volume controlado de espuma e adequado tamb\u00e9m para tecidos delicados<\/li>\n<\/ul>\n<h4><\/h4>\n<h4>Descri\u00e7\u00e3o<\/h4>\n<p>Amaciador concentrado altamente perfumado para lavagem da roupa. Adequado tamb\u00e9m para tecidos delicados. Tecnologia patenteada com perfume microencapsulado. Dura\u00e7\u00e3o longa do perfume tamb\u00e9m ap\u00f3s a secagem e durante a passagem a ferro.<\/p>\n<p>Certificado Ecolabel: IT\/039\/004.<\/p>\n<h4><\/h4>\n<h4>Dilui\u00e7\u00e3o<\/h4>\n<p>USAR \u00daNICAMENTE DILU\u00cdDO! <br \/>Dosear em fun\u00e7\u00e3o do ciclo de lavagem e da dureza da \u00e1gua. A dose e a temperatura aconselhadas consentem poupar e reduzir ao m\u00ednimo o impacto ambiental e o consumo de \u00e1gua e de energia.<br \/>Produto dosado do sistema de dosagem. Para mais informa\u00e7\u00f5es contactar os t\u00e9cnicos da Sutter Professional.<\/p>\n<p><strong>Especifica\u00e7\u00f5es<\/strong><\/p>\n<p>Doses (ml\/kg de roupas):<\/p>\n<table>\n<tbody>\n<tr>\n<td><strong>Dureza del agua<\/strong><\/td>\n<td><strong>Doses<\/strong><\/td>\n<\/tr>\n<tr>\n<td>\u00c1guas macias (0-15\u00b0 F)<\/td>\n<td>3 ml\/kg<\/td>\n<\/tr>\n<tr>\n<td>\u00c1guas m\u00e9dias (15-25\u00b0 F)<\/td>\n<td>4 ml\/kg<\/td>\n<\/tr>\n<tr>\n<td>\u00c1guas duras (&gt; 25\u00b0 F)<\/td>\n<td>5 ml\/kg<\/td>\n<\/tr>\n<\/tbody>\n<\/table>\n<h4>Como usar<\/h4>\n<p>Deve ser utilizado com outros produtos da linha Pick a Box e com sistemas autom\u00e1ticos de dosagem Sutter Tech.<\/p>\n","protected":false},"excerpt":{"rendered":"<p>Amaciador concentrado altamente perfumado para lavagem da roupa<\/p>\n","protected":false},"featured_media":5737,"template":"","meta":{"spay_email":""},"product_cat":[15],"product_tag":[],"class_list":{"0":"post-5736","1":"product","2":"type-product","3":"status-publish","4":"has-post-thumbnail","6":"product_cat-sem-categoria","8":"first","9":"instock","10":"taxable","11":"shipping-taxable","12":"purchasable","13":"product-type-simple"},"acf":[],"jetpack-related-posts":[{"id":5738,"url":"https:\/\/mundo.seashell.pt\/?product=soft-power-caps-5kg-lavandaria-automaticamanual","url_meta":{"origin":5736,"position":0},"title":"Amaciador Soft Power Caps &#8211; Lavandaria Autom\u00e1tica\/Manual","date":"Fevereiro 23, 2022","format":false,"excerpt":"Amaciador concentrado altamente perfumado para lavagem da roupa tecnologia patenteada com microc\u00e1psulas","rel":"","context":"Similar post","img":{"alt_text":"","src":"https:\/\/i0.wp.com\/mundo.seashell.pt\/wp-content\/uploads\/2022\/02\/soft_power_caps.jpg?resize=350%2C200&ssl=1","width":350,"height":200},"classes":[]},{"id":5740,"url":"https:\/\/mundo.seashell.pt\/?product=soft-power-caps-eco-20kg","url_meta":{"origin":5736,"position":1},"title":"Amaciador Soft Power Caps Eco 20Kg","date":"Fevereiro 23, 2022","format":false,"excerpt":"Amaciador concentrado altamente perfumado para lavagem da roupa. Tecnologia patenteada com perfume microencapsulado.","rel":"","context":"Similar post","img":{"alt_text":"","src":"https:\/\/i0.wp.com\/mundo.seashell.pt\/wp-content\/uploads\/2022\/02\/soft_power_caps_eco.jpg?resize=350%2C200&ssl=1","width":350,"height":200},"classes":[]},{"id":6597,"url":"https:\/\/mundo.seashell.pt\/?product=lenor-amaciador-de-roupa-37-doses","url_meta":{"origin":5736,"position":2},"title":"Lenor Amaciador de Roupa 37 Doses","date":"Fevereiro 23, 2022","format":false,"excerpt":"Com Lenor, transforme as suas tarefas di\u00e1rias em experi\u00eancias sensoriais. Com a sua exuberante combina\u00e7\u00e3o de um misterioso cocktail de bergamota e um buquet arejado da delicada fr\u00e9sia e jasmim radiante, a sua sofisticada ess\u00eancia multi-sensorial foi inspirada pelas \u00faltimas tend\u00eancias. Al\u00e9m disso, este amaciador para roupa foi desenvolvido par...","rel":"","context":"Similar post","img":{"alt_text":"","src":"https:\/\/i0.wp.com\/mundo.seashell.pt\/wp-content\/uploads\/2022\/02\/LENOR_AMACIADOR_AMETISTA_37D_8006540002957.png?resize=350%2C200&ssl=1","width":350,"height":200},"classes":[]},{"id":5742,"url":"https:\/\/mundo.seashell.pt\/?product=soft-plus-5kg-lavandaria-automaticamanual","url_meta":{"origin":5736,"position":3},"title":"Amaciador Soft Plus &#8211; Lavandaria Autom\u00e1tica\/Manual","date":"Fevereiro 23, 2022","format":false,"excerpt":"Amaciador l\u00edquido para a lavagem de roupa","rel":"","context":"Similar post","img":{"alt_text":"","src":"https:\/\/i0.wp.com\/mundo.seashell.pt\/wp-content\/uploads\/2022\/02\/soft_plus.jpg?resize=350%2C200&ssl=1","width":350,"height":200},"classes":[]},{"id":5782,"url":"https:\/\/mundo.seashell.pt\/?product=clean-active-20-kg-lavandaria-automaticamanual","url_meta":{"origin":5736,"position":4},"title":"Detergente Clean Active &#8211; Lavandaria Autom\u00e1tica\/Manual","date":"Fevereiro 23, 2022","format":false,"excerpt":"Detergente perfumado para lavagem manual e autom\u00e1tica da roupa com efeito poderoso de lavagem para todos os tipos de sujidade e de tecido.","rel":"","context":"Similar post","img":{"alt_text":"","src":"https:\/\/i0.wp.com\/mundo.seashell.pt\/wp-content\/uploads\/2022\/02\/clean_active.jpg?resize=350%2C200&ssl=1","width":350,"height":200},"classes":[]},{"id":5778,"url":"https:\/\/mundo.seashell.pt\/?product=enzy-1-10lt-lavandaria-automatica","url_meta":{"origin":5736,"position":5},"title":"Detergente enzim\u00e1tico Enzy 1 10Lt","date":"Fevereiro 23, 2022","format":false,"excerpt":"Detergente enzim\u00e1tico completo concentrado, agradavelmente perfumado e de elevado desempenho","rel":"","context":"Similar post","img":{"alt_text":"","src":"https:\/\/i0.wp.com\/mundo.seashell.pt\/wp-content\/uploads\/2022\/02\/enzy_1.jpg?resize=350%2C200&ssl=1","width":350,"height":200},"classes":[]}],"_links":{"self":[{"href":"https:\/\/mundo.seashell.pt\/index.php?rest_route=\/wp\/v2\/product\/5736","targetHints":{"allow":["GET"]}}],"collection":[{"href":"https:\/\/mundo.seashell.pt\/index.php?rest_route=\/wp\/v2\/product"}],"about":[{"href":"https:\/\/mundo.seashell.pt\/index.php?rest_route=\/wp\/v2\/types\/product"}],"wp:featuredmedia":[{"embeddable":true,"href":"https:\/\/mundo.seashell.pt\/index.php?rest_route=\/wp\/v2\/media\/5737"}],"wp:attachment":[{"href":"https:\/\/mundo.seashell.pt\/index.php?rest_route=%2Fwp%2Fv2%2Fmedia&parent=5736"}],"wp:term":[{"taxonomy":"product_cat","embeddable":true,"href":"https:\/\/mundo.seashell.pt\/index.php?rest_route=%2Fwp%2Fv2%2Fproduct_cat&post=5736"},{"taxonomy":"product_tag","embeddable":true,"href":"https:\/\/mundo.seashell.pt\/index.php?rest_route=%2Fwp%2Fv2%2Fproduct_tag&post=5736"}],"curies":[{"name":"wp","href":"https:\/\/api.w.org\/{rel}","templated":true}]}}