{"id":5728,"date":"2022-02-23T11:36:50","date_gmt":"2022-02-23T11:36:50","guid":{"rendered":"https:\/\/mundo.seashell.pt\/?post_type=product&#038;p=5728"},"modified":"2022-02-23T11:36:52","modified_gmt":"2022-02-23T11:36:52","slug":"solim-amaciador-talco-5l-lavandaria-automaticamanual","status":"publish","type":"product","link":"https:\/\/mundo.seashell.pt\/?product=solim-amaciador-talco-5l-lavandaria-automaticamanual","title":{"rendered":"Solim Amaciador &#8211; Lavandaria Autom\u00e1tica\/Manual"},"content":{"rendered":"<p>Amaciador para a roupa<\/p>\n<p><strong>PROPRIEDADES<\/strong><\/p>\n<p>Amaciador perfumado.<\/p>\n<p>Devido \u00e0 sua composi\u00e7\u00e3o qu\u00edmica (tensioativos cati\u00f3nicos) confere \u00e0&nbsp;roupa um toque macio e aveludado.<\/p>\n<p>Previne a liga\u00e7\u00e3o de fibras individuais e a cria\u00e7\u00e3o de eletricidade&nbsp;est\u00e1tica dos tecidos, evitando que retenham a sujidade.<\/p>\n<p>Deixa na roupa um cheiro agrad\u00e1vel.<\/p>\n<p><strong>CONDI\u00c7\u00d5ES DE UTILIZA\u00c7\u00c3O<\/strong><\/p>\n<p>Dever\u00e3o ser respeitadas as instru\u00e7\u00f5es do fabricante da m\u00e1quina.<\/p>\n<p>Usar uma concentra\u00e7\u00e3o de 1 a 5mL por Kg de roupa seca. Este&nbsp;produto n\u00e3o deve ser utilizado em tecidos de microfibras.<\/p>\n","protected":false},"excerpt":{"rendered":"<p>Solim Amaciador &#8211; Lavandaria Autom\u00e1tica \/ Manual<\/p>\n","protected":false},"featured_media":5729,"template":"","meta":{"spay_email":""},"product_cat":[15],"product_tag":[],"class_list":{"0":"post-5728","1":"product","2":"type-product","3":"status-publish","4":"has-post-thumbnail","6":"product_cat-sem-categoria","8":"first","9":"instock","10":"taxable","11":"shipping-taxable","12":"purchasable","13":"product-type-simple"},"acf":[],"jetpack-related-posts":[{"id":5730,"url":"https:\/\/mundo.seashell.pt\/?product=stark-power-5l-lavandaria-automaticamanual","url_meta":{"origin":5728,"position":0},"title":"Amaciador Stark Power &#8211; Lavandaria Autom\u00e1tica\/Manual","date":"Fevereiro 23, 2022","format":false,"excerpt":"Amaciador super perfumado com microc\u00e1psulas para a roupa.","rel":"","context":"Similar post","img":{"alt_text":"","src":"https:\/\/i0.wp.com\/mundo.seashell.pt\/wp-content\/uploads\/2022\/02\/stark_power.jpg?resize=350%2C200&ssl=1","width":350,"height":200},"classes":[]},{"id":5738,"url":"https:\/\/mundo.seashell.pt\/?product=soft-power-caps-5kg-lavandaria-automaticamanual","url_meta":{"origin":5728,"position":1},"title":"Amaciador Soft Power Caps &#8211; Lavandaria Autom\u00e1tica\/Manual","date":"Fevereiro 23, 2022","format":false,"excerpt":"Amaciador concentrado altamente perfumado para lavagem da roupa tecnologia patenteada com microc\u00e1psulas","rel":"","context":"Similar post","img":{"alt_text":"","src":"https:\/\/i0.wp.com\/mundo.seashell.pt\/wp-content\/uploads\/2022\/02\/soft_power_caps.jpg?resize=350%2C200&ssl=1","width":350,"height":200},"classes":[]},{"id":5734,"url":"https:\/\/mundo.seashell.pt\/?product=fun-supersoft-talco-5l","url_meta":{"origin":5728,"position":2},"title":"Amaciador Fun Supersoft 5L &#8211; Lavandaria Autom\u00e1tica\/Manual","date":"Fevereiro 23, 2022","format":false,"excerpt":"Amaciador para a roupa","rel":"","context":"Similar post","img":{"alt_text":"","src":"https:\/\/i0.wp.com\/mundo.seashell.pt\/wp-content\/uploads\/2022\/02\/Soft_TALCO_5L_PhotoRoom_20210402_103640.jpg?resize=350%2C200&ssl=1","width":350,"height":200},"classes":[]},{"id":5736,"url":"https:\/\/mundo.seashell.pt\/?product=soft-4-10lt-lavandaria-automaticamanual","url_meta":{"origin":5728,"position":3},"title":"Amaciador Soft 4 10Lt &#8211; Lavandaria Autom\u00e1tica\/Manual","date":"Fevereiro 23, 2022","format":false,"excerpt":"Amaciador concentrado altamente perfumado para lavagem da roupa","rel":"","context":"Similar post","img":{"alt_text":"","src":"https:\/\/i0.wp.com\/mundo.seashell.pt\/wp-content\/uploads\/2022\/02\/soft_4.jpg?resize=350%2C200&ssl=1","width":350,"height":200},"classes":[]},{"id":5742,"url":"https:\/\/mundo.seashell.pt\/?product=soft-plus-5kg-lavandaria-automaticamanual","url_meta":{"origin":5728,"position":4},"title":"Amaciador Soft Plus &#8211; Lavandaria Autom\u00e1tica\/Manual","date":"Fevereiro 23, 2022","format":false,"excerpt":"Amaciador l\u00edquido para a lavagem de roupa","rel":"","context":"Similar post","img":{"alt_text":"","src":"https:\/\/i0.wp.com\/mundo.seashell.pt\/wp-content\/uploads\/2022\/02\/soft_plus.jpg?resize=350%2C200&ssl=1","width":350,"height":200},"classes":[]},{"id":5764,"url":"https:\/\/mundo.seashell.pt\/?product=solim-maquina-at-10-kg-lavandaria-manual","url_meta":{"origin":5728,"position":5},"title":"Detergente em P\u00f3 Solim M\u00e1quina AT &#8211; Lavandaria Manual","date":"Fevereiro 23, 2022","format":false,"excerpt":"Detergente econ\u00f3mico atomizado para lavagem de roupa","rel":"","context":"Similar post","img":{"alt_text":"","src":"https:\/\/i0.wp.com\/mundo.seashell.pt\/wp-content\/uploads\/2022\/02\/SOLIM_MAQUINA_AT_PhotoRoom_20210402_103210.jpg?resize=350%2C200&ssl=1","width":350,"height":200},"classes":[]}],"_links":{"self":[{"href":"https:\/\/mundo.seashell.pt\/index.php?rest_route=\/wp\/v2\/product\/5728","targetHints":{"allow":["GET"]}}],"collection":[{"href":"https:\/\/mundo.seashell.pt\/index.php?rest_route=\/wp\/v2\/product"}],"about":[{"href":"https:\/\/mundo.seashell.pt\/index.php?rest_route=\/wp\/v2\/types\/product"}],"wp:featuredmedia":[{"embeddable":true,"href":"https:\/\/mundo.seashell.pt\/index.php?rest_route=\/wp\/v2\/media\/5729"}],"wp:attachment":[{"href":"https:\/\/mundo.seashell.pt\/index.php?rest_route=%2Fwp%2Fv2%2Fmedia&parent=5728"}],"wp:term":[{"taxonomy":"product_cat","embeddable":true,"href":"https:\/\/mundo.seashell.pt\/index.php?rest_route=%2Fwp%2Fv2%2Fproduct_cat&post=5728"},{"taxonomy":"product_tag","embeddable":true,"href":"https:\/\/mundo.seashell.pt\/index.php?rest_route=%2Fwp%2Fv2%2Fproduct_tag&post=5728"}],"curies":[{"name":"wp","href":"https:\/\/api.w.org\/{rel}","templated":true}]}}