{"id":5724,"date":"2022-02-23T11:36:46","date_gmt":"2022-02-23T11:36:46","guid":{"rendered":"https:\/\/mundo.seashell.pt\/?post_type=product&#038;p=5724"},"modified":"2022-02-23T11:36:48","modified_gmt":"2022-02-23T11:36:48","slug":"xtra-clor-500ml","status":"publish","type":"product","link":"https:\/\/mundo.seashell.pt\/?product=xtra-clor-500ml","title":{"rendered":"Higienizante Xtra-Clor 500Ml"},"content":{"rendered":"<h2>Detergente higienizante pronto para usar \u00e0 base de cloro<\/h2>\n<ul>\n<li>Com pulverizador de espuma<\/li>\n<li>Efeito higienizante e branqueador<\/li>\n<li>Perfume bals\u00e2mico<\/li>\n<\/ul>\n<h4><\/h4>\n<h4>Descri\u00e7\u00e3o<\/h4>\n<p>Dupla a\u00e7\u00e3o:<\/p>\n<p>1) Desengordura em profundidade e remove facilmente a sujidade de todas as superf\u00edcies&nbsp;<\/p>\n<p>2) Enriquecido com cloro, garante uma completa higiene.<\/p>\n<p>Em conformidade com as  <strong><a target=\"_blank\" href=\"https:\/\/www.sutterprofessional.it\/pt\/sutterpedia#rule\" rel=\"noopener\">normas<\/a> EN:<\/strong> 13697.<\/p>\n<h4><\/h4>\n<h4>Dilui\u00e7\u00e3o<\/h4>\n<p>Pronto para o uso.<\/p>\n<h4><\/h4>\n<h4>Como usar<\/h4>\n<p>Pulverize o produto na superf\u00edcie. Passe com um pano h\u00famido ou um pano esponja. Deixe atuar e depois enxag\u00fae.<\/p>\n","protected":false},"excerpt":{"rendered":"<p>Detergente higienizante pronto para usar \u00e0 base de cloro<\/p>\n","protected":false},"featured_media":5725,"template":"","meta":{"spay_email":""},"product_cat":[15],"product_tag":[],"class_list":{"0":"post-5724","1":"product","2":"type-product","3":"status-publish","4":"has-post-thumbnail","6":"product_cat-sem-categoria","8":"first","9":"instock","10":"taxable","11":"shipping-taxable","12":"purchasable","13":"product-type-simple"},"acf":[],"jetpack-related-posts":[{"id":6081,"url":"https:\/\/mundo.seashell.pt\/?product=clorogel-1lt","url_meta":{"origin":5724,"position":0},"title":"Detergente Higienizante Clorogel","date":"Fevereiro 23, 2022","format":false,"excerpt":"Detergente higienizante com cloro para uma eficaz limpeza de lavabos, bancadas de trabalho, sanit\u00e1rios, WC e revestimentos cer\u00e2micos e pavimentos n\u00e3o encerados.","rel":"","context":"Similar post","img":{"alt_text":"","src":"https:\/\/i0.wp.com\/mundo.seashell.pt\/wp-content\/uploads\/2022\/02\/clorogel.jpg?resize=350%2C200&ssl=1","width":350,"height":200},"classes":[]},{"id":6060,"url":"https:\/\/mundo.seashell.pt\/?product=solim-clorogel-5kg","url_meta":{"origin":5724,"position":1},"title":"Solim Clorogel 5Kg","date":"Fevereiro 23, 2022","format":false,"excerpt":"Detergente higienizante com cloro para uma eficaz limpeza de balne\u00e1rios, bancadas de trabalho, sanit\u00e1rios, WC e revestimentos cer\u00e2micos e pavimentos n\u00e3o encerados.","rel":"","context":"Similar post","img":{"alt_text":"","src":"https:\/\/i0.wp.com\/mundo.seashell.pt\/wp-content\/uploads\/2022\/02\/solim_clorogel_1.jpg?resize=350%2C200&ssl=1","width":350,"height":200},"classes":[]},{"id":5696,"url":"https:\/\/mundo.seashell.pt\/?product=chlordet-24kg","url_meta":{"origin":5724,"position":2},"title":"Desengordurante Higienizante Chlordet 24Kg","date":"Fevereiro 23, 2022","format":false,"excerpt":"Detergente desengordurante higienizante sem espuma com cloro ativo para lavagem manual, mec\u00e2nica o em CIP de todas as superf\u00edcies lav\u00e1veis.","rel":"","context":"Similar post","img":{"alt_text":"","src":"https:\/\/i0.wp.com\/mundo.seashell.pt\/wp-content\/uploads\/2022\/02\/chlordet.jpg?resize=350%2C200&ssl=1","width":350,"height":200},"classes":[]},{"id":5884,"url":"https:\/\/mundo.seashell.pt\/?product=clorine-detergent-5kg-loica-automatica","url_meta":{"origin":5724,"position":3},"title":"Detergente Chlorine Detergent &#8211; Loi\u00e7a Autom\u00e1tica","date":"Fevereiro 23, 2022","format":false,"excerpt":"Detergente alcalino em concentra\u00e7\u00e3o elevada exclusivamente concebido para a lavagem autom\u00e1tica da loi\u00e7a com cloro activo.","rel":"","context":"Similar post","img":{"alt_text":"","src":"https:\/\/i0.wp.com\/mundo.seashell.pt\/wp-content\/uploads\/2022\/02\/chlorine_detergent.jpg?resize=350%2C200&ssl=1","width":350,"height":200},"classes":[]},{"id":5888,"url":"https:\/\/mundo.seashell.pt\/?product=bar-hygiene-5kg-loica-automatica","url_meta":{"origin":5724,"position":4},"title":"Detergente Bar Hygiene &#8211; Loi\u00e7a Autom\u00e1tica","date":"Fevereiro 23, 2022","format":false,"excerpt":"Detergente alcalino com cloro activo, espec\u00edfico para a lavagem mec\u00e2nica da loi\u00e7a.","rel":"","context":"Similar post","img":{"alt_text":"","src":"https:\/\/i0.wp.com\/mundo.seashell.pt\/wp-content\/uploads\/2022\/02\/bar_hygiene.jpg?resize=350%2C200&ssl=1","width":350,"height":200},"classes":[]},{"id":5718,"url":"https:\/\/mundo.seashell.pt\/?product=xtra-oxy-500ml","url_meta":{"origin":5724,"position":5},"title":"Higienizante Xtra-Oxy 500Ml","date":"Fevereiro 23, 2022","format":false,"excerpt":"\ufeffDetergente Higienizante pronto para uso \u00e0 base de per\u00f3xido de Hidrog\u00eanio adequado para todas as superf\u00edcies lav\u00e1veis","rel":"","context":"Similar post","img":{"alt_text":"","src":"https:\/\/i0.wp.com\/mundo.seashell.pt\/wp-content\/uploads\/2022\/02\/xtra_oxy.jpg?resize=350%2C200&ssl=1","width":350,"height":200},"classes":[]}],"_links":{"self":[{"href":"https:\/\/mundo.seashell.pt\/index.php?rest_route=\/wp\/v2\/product\/5724","targetHints":{"allow":["GET"]}}],"collection":[{"href":"https:\/\/mundo.seashell.pt\/index.php?rest_route=\/wp\/v2\/product"}],"about":[{"href":"https:\/\/mundo.seashell.pt\/index.php?rest_route=\/wp\/v2\/types\/product"}],"wp:featuredmedia":[{"embeddable":true,"href":"https:\/\/mundo.seashell.pt\/index.php?rest_route=\/wp\/v2\/media\/5725"}],"wp:attachment":[{"href":"https:\/\/mundo.seashell.pt\/index.php?rest_route=%2Fwp%2Fv2%2Fmedia&parent=5724"}],"wp:term":[{"taxonomy":"product_cat","embeddable":true,"href":"https:\/\/mundo.seashell.pt\/index.php?rest_route=%2Fwp%2Fv2%2Fproduct_cat&post=5724"},{"taxonomy":"product_tag","embeddable":true,"href":"https:\/\/mundo.seashell.pt\/index.php?rest_route=%2Fwp%2Fv2%2Fproduct_tag&post=5724"}],"curies":[{"name":"wp","href":"https:\/\/api.w.org\/{rel}","templated":true}]}}