{"id":5722,"date":"2022-02-23T11:36:44","date_gmt":"2022-02-23T11:36:44","guid":{"rendered":"https:\/\/mundo.seashell.pt\/?post_type=product&#038;p=5722"},"modified":"2022-02-23T11:36:46","modified_gmt":"2022-02-23T11:36:46","slug":"xtra-alko-500ml","status":"publish","type":"product","link":"https:\/\/mundo.seashell.pt\/?product=xtra-alko-500ml","title":{"rendered":"Higienizante Xtra-Alko 500Ml"},"content":{"rendered":"<h2>Detergente higienizante hidroalc\u00f3olico pronto para o uso<\/h2>\n<ul>\n<li>Em conformidade com as <a target=\"_blank\" href=\"https:\/\/www.sutterprofessional.it\/pt\/sutterpedia#rule\" rel=\"noopener\">normas<\/a> EN: 1276, 1650, 13624,13697, 13727, 14476, 16777<\/li>\n<li>N\u00e3o requer enxaguamento e evapora rapidamente<\/li>\n<li>Com pulverizador&nbsp;<\/li>\n<\/ul>\n<h4><\/h4>\n<h4>Descri\u00e7\u00e3o<\/h4>\n<p>Detergente higienizante hidroalc\u00f3olico pronto para o uso, adequado para todas as superf\u00edcies lav\u00e1veis (paredes, bancadas, sanit\u00e1rios) e tamb\u00e9m adequados para uso no setor agroalimentar (HACCP). Tamb\u00e9m utiliz\u00e1vel para a higieniza\u00e7\u00e3o de tecidos\/m\u00e1scaras*. F\u00f3rmula desenvolvida com mol\u00e9cula anti-odor. Limpeza e higiene garantidas.<\/p>\n<p>Em conformidade com as  <strong><a target=\"_blank\" href=\"https:\/\/www.sutterprofessional.it\/pt\/sutterpedia#rule\" rel=\"noopener\">normas<\/a> EN<\/strong>: 1276, 1650, 13624,13697, 13727, 14476, 16777.<\/p>\n<table>\n<tbody>\n<tr>\n<td colspan=\"2\">PRINC\u00cdPIO ATIVO: <strong>\u00c1lcool et\u00edlico<\/strong><\/td>\n<\/tr>\n<tr>\n<td colspan=\"2\">F\u00f3rmula<\/td>\n<\/tr>\n<tr>\n<td>Conc.<\/td>\n<td>76%<\/td>\n<\/tr>\n<tr>\n<td>ppm<\/td>\n<td>760\u02d9000<\/td>\n<\/tr>\n<\/tbody>\n<\/table>\n<h4>Dilui\u00e7\u00e3o<\/h4>\n<p>Pronto para o uso.<\/p>\n<h4><\/h4>\n<h4>Como usar<\/h4>\n<\/p>\n<ul>\n<li>Uso em superf\u00edcies: pulverize o produto na superficie e passe com um pano at\u00e9 secar completamente. N\u00e3o h\u00e1 necessidade de enxaguar.<\/li>\n<\/ul>\n<ul>\n<li>Use em PCs, telefones, monitores e POS: pulverize uma pequena quantidade de produto em um pano e passe-o na superf\u00edcie at\u00e9 secar completamente.<\/li>\n<\/ul>\n<ul>\n<li>Uso em tecidos: antes de usar, verifique a compatibilidade em numa \u00e1rea oculta. Pulverize o produto a uma dist\u00e2ncia de pelo menos 50 cm. Preste aten\u00e7\u00e3o especial \u00e0 l\u00e3, seda, linho, poliamida, lycra, acr\u00edlico e tecidos estampados.<\/li>\n<\/ul>\n<ul>\n<li>Uso nas m\u00e1scaras: pulverize o produto a uma dist\u00e2ncia de pelo menos 50 cm. Ap\u00f3s a nebuliza\u00e7\u00e3o do produto, deixe a m\u00e1scara arejar pelo menos 30 minutos antes da reutiliza\u00e7\u00e3o.<\/li>\n<\/ul>\n<p>Para mais informa\u00e7\u00f5es contactar os t\u00e9cnicos da Sutter Professional.<\/p>\n","protected":false},"excerpt":{"rendered":"<p>Detergente higienizante hidroalc\u00f3olico pronto para o uso, adequado para todas as superf\u00edcies lav\u00e1veis<\/p>\n","protected":false},"featured_media":5723,"template":"","meta":{"spay_email":""},"product_cat":[15],"product_tag":[],"class_list":{"0":"post-5722","1":"product","2":"type-product","3":"status-publish","4":"has-post-thumbnail","6":"product_cat-sem-categoria","8":"first","9":"instock","10":"taxable","11":"shipping-taxable","12":"purchasable","13":"product-type-simple"},"acf":[],"jetpack-related-posts":[{"id":5762,"url":"https:\/\/mundo.seashell.pt\/?product=per-active-22kg-lavandaria-automatica","url_meta":{"origin":5722,"position":0},"title":"Branqueador Per Active 22Kg &#8211; Lavandaria Autom\u00e1tica","date":"Fevereiro 23, 2022","format":false,"excerpt":"Branqueador a base de \u00e1cido perac\u00e9tico, formulado para trabalhar em m\u00e9dia ou baixa temperatura e com efeito higienizante.","rel":"","context":"Similar post","img":{"alt_text":"","src":"https:\/\/i0.wp.com\/mundo.seashell.pt\/wp-content\/uploads\/2022\/02\/peractive.jpg?resize=350%2C200&ssl=1","width":350,"height":200},"classes":[]},{"id":5718,"url":"https:\/\/mundo.seashell.pt\/?product=xtra-oxy-500ml","url_meta":{"origin":5722,"position":1},"title":"Higienizante Xtra-Oxy 500Ml","date":"Fevereiro 23, 2022","format":false,"excerpt":"\ufeffDetergente Higienizante pronto para uso \u00e0 base de per\u00f3xido de Hidrog\u00eanio adequado para todas as superf\u00edcies lav\u00e1veis","rel":"","context":"Similar post","img":{"alt_text":"","src":"https:\/\/i0.wp.com\/mundo.seashell.pt\/wp-content\/uploads\/2022\/02\/xtra_oxy.jpg?resize=350%2C200&ssl=1","width":350,"height":200},"classes":[]},{"id":5714,"url":"https:\/\/mundo.seashell.pt\/?product=fun-higienizante-multiusos-750-ml","url_meta":{"origin":5722,"position":2},"title":"Fun Higienizante Multiusos 750 ML","date":"Fevereiro 23, 2022","format":false,"excerpt":"Detergente l\u00edquido adequado para a limpeza e higieniza\u00e7\u00e3o de todo o tipo de superf\u00edcies e equipamentos.","rel":"","context":"Similar post","img":{"alt_text":"","src":"https:\/\/i0.wp.com\/mundo.seashell.pt\/wp-content\/uploads\/2022\/02\/Fun_Higienizante_Multiusos_PhotoRoom_20210402_103034.jpg?resize=350%2C200&ssl=1","width":350,"height":200},"classes":[]},{"id":6081,"url":"https:\/\/mundo.seashell.pt\/?product=clorogel-1lt","url_meta":{"origin":5722,"position":3},"title":"Detergente Higienizante Clorogel","date":"Fevereiro 23, 2022","format":false,"excerpt":"Detergente higienizante com cloro para uma eficaz limpeza de lavabos, bancadas de trabalho, sanit\u00e1rios, WC e revestimentos cer\u00e2micos e pavimentos n\u00e3o encerados.","rel":"","context":"Similar post","img":{"alt_text":"","src":"https:\/\/i0.wp.com\/mundo.seashell.pt\/wp-content\/uploads\/2022\/02\/clorogel.jpg?resize=350%2C200&ssl=1","width":350,"height":200},"classes":[]},{"id":5994,"url":"https:\/\/mundo.seashell.pt\/?product=ondaklor-5kg","url_meta":{"origin":5722,"position":4},"title":"Detergente Ondaklor 5kg","date":"Fevereiro 23, 2022","format":false,"excerpt":"ONDAKLOR \u00e9 um biocida cloroxidante de ac\u00e7\u00e3o detergente para a limpeza e a desinfec\u00e7\u00e3o de pavimentos e superf\u00edcies lav\u00e1veis.","rel":"","context":"Similar post","img":{"alt_text":"","src":"https:\/\/i0.wp.com\/mundo.seashell.pt\/wp-content\/uploads\/2022\/02\/ondaklor.jpg?resize=350%2C200&ssl=1","width":350,"height":200},"classes":[]},{"id":5720,"url":"https:\/\/mundo.seashell.pt\/?product=cleanox-5kg","url_meta":{"origin":5722,"position":5},"title":"Higienizante Cleanox 5Kg","date":"Fevereiro 23, 2022","format":false,"excerpt":"Detergente higienizante concentrado \u00e0 base de per\u00f3xido de hidrog\u00eanio adequado para todas as superf\u00edcies lav\u00e1veis","rel":"","context":"Similar post","img":{"alt_text":"","src":"https:\/\/i0.wp.com\/mundo.seashell.pt\/wp-content\/uploads\/2022\/02\/cleanox.jpg?resize=350%2C200&ssl=1","width":350,"height":200},"classes":[]}],"_links":{"self":[{"href":"https:\/\/mundo.seashell.pt\/index.php?rest_route=\/wp\/v2\/product\/5722","targetHints":{"allow":["GET"]}}],"collection":[{"href":"https:\/\/mundo.seashell.pt\/index.php?rest_route=\/wp\/v2\/product"}],"about":[{"href":"https:\/\/mundo.seashell.pt\/index.php?rest_route=\/wp\/v2\/types\/product"}],"wp:featuredmedia":[{"embeddable":true,"href":"https:\/\/mundo.seashell.pt\/index.php?rest_route=\/wp\/v2\/media\/5723"}],"wp:attachment":[{"href":"https:\/\/mundo.seashell.pt\/index.php?rest_route=%2Fwp%2Fv2%2Fmedia&parent=5722"}],"wp:term":[{"taxonomy":"product_cat","embeddable":true,"href":"https:\/\/mundo.seashell.pt\/index.php?rest_route=%2Fwp%2Fv2%2Fproduct_cat&post=5722"},{"taxonomy":"product_tag","embeddable":true,"href":"https:\/\/mundo.seashell.pt\/index.php?rest_route=%2Fwp%2Fv2%2Fproduct_tag&post=5722"}],"curies":[{"name":"wp","href":"https:\/\/api.w.org\/{rel}","templated":true}]}}