{"id":5718,"date":"2022-02-23T11:36:26","date_gmt":"2022-02-23T11:36:26","guid":{"rendered":"https:\/\/mundo.seashell.pt\/?post_type=product&#038;p=5718"},"modified":"2022-02-23T11:36:28","modified_gmt":"2022-02-23T11:36:28","slug":"xtra-oxy-500ml","status":"publish","type":"product","link":"https:\/\/mundo.seashell.pt\/?product=xtra-oxy-500ml","title":{"rendered":"Higienizante Xtra-Oxy 500Ml"},"content":{"rendered":"<h2>Detergente Higienizante pronto para uso \u00e0 base de per\u00f3xido de Hidrog\u00eanio<br \/><\/h2>\n<ul>\n<li>Em conformidade com as <a target=\"_blank\" href=\"https:\/\/www.sutterprofessional.it\/pt\/sutterpedia#rule\" rel=\"noopener\">normas<\/a> EN: 1276, 13697<\/li>\n<li>Tamb\u00e9m adequado para as ind\u00fastrias de alimentos (HACCP)<\/li>\n<li>Com pulverizador&nbsp;<\/li>\n<\/ul>\n<h4><\/h4>\n<h4>Descri\u00e7\u00e3o<\/h4>\n<p>Detergente higienizante pronto para o uso \u00e0 base de per\u00f3xido de hidrog\u00eanio adequado para todas as superf\u00edcies lav\u00e1veis (paredes, bancadas, sanit\u00e1rios) e tamb\u00e9m adequados para uso no setor agroalimentar (HACCP). F\u00f3rmula desenvolvida com agentes <a target=\"_blank\" href=\"https:\/\/www.sutterprofessional.it\/pt\/sutterpedia#sequestrants\" rel=\"noopener\">sequestrantes<\/a> e surfactantes para garantir tamb\u00e9m um poder de limpeza. Limpeza e higiene garantidas.<\/p>\n<p>Em conformidade com as  <strong><a target=\"_blank\" href=\"https:\/\/www.sutterprofessional.it\/pt\/sutterpedia#rule\" rel=\"noopener\">normas<\/a> EN<\/strong>: 1276, 13697.<\/p>\n<table>\n<tbody>\n<tr>\n<td colspan=\"2\">PRINC\u00cdPIO ATIVO:&nbsp;<strong>Per\u00f3xido de hidrog\u00eanio<\/strong><\/td>\n<\/tr>\n<tr>\n<td colspan=\"2\">F\u00f3rmula<\/td>\n<\/tr>\n<tr>\n<td>Conc.<\/td>\n<td>1,8%<\/td>\n<\/tr>\n<tr>\n<td>ppm<\/td>\n<td>18\u02d9000<\/td>\n<\/tr>\n<\/tbody>\n<\/table>\n<h4>Dilui\u00e7\u00e3o<\/h4>\n<p>Pronto para o uso.<\/p>\n<h4><\/h4>\n<h4>Como usar<\/h4>\n<p>Pulverize o produto nas superf\u00edcies a serem limpas; deixe actuar por alguns minutos e depois enxague com um pano h\u00famido.<\/p>\n<p>Para mais informa\u00e7\u00f5es contactar os t\u00e9cnicos da Sutter Professional.<\/p>\n","protected":false},"excerpt":{"rendered":"<p>\ufeffDetergente Higienizante pronto para uso \u00e0 base de per\u00f3xido de Hidrog\u00eanio adequado para todas as superf\u00edcies lav\u00e1veis<\/p>\n","protected":false},"featured_media":5719,"template":"","meta":{"spay_email":""},"product_cat":[15],"product_tag":[],"class_list":{"0":"post-5718","1":"product","2":"type-product","3":"status-publish","4":"has-post-thumbnail","6":"product_cat-sem-categoria","8":"first","9":"instock","10":"taxable","11":"shipping-taxable","12":"purchasable","13":"product-type-simple"},"acf":[],"jetpack-related-posts":[{"id":5720,"url":"https:\/\/mundo.seashell.pt\/?product=cleanox-5kg","url_meta":{"origin":5718,"position":0},"title":"Higienizante Cleanox 5Kg","date":"Fevereiro 23, 2022","format":false,"excerpt":"Detergente higienizante concentrado \u00e0 base de per\u00f3xido de hidrog\u00eanio adequado para todas as superf\u00edcies lav\u00e1veis","rel":"","context":"Similar post","img":{"alt_text":"","src":"https:\/\/i0.wp.com\/mundo.seashell.pt\/wp-content\/uploads\/2022\/02\/cleanox.jpg?resize=350%2C200&ssl=1","width":350,"height":200},"classes":[]},{"id":5692,"url":"https:\/\/mundo.seashell.pt\/?product=per-citric-foam-22kg","url_meta":{"origin":5718,"position":1},"title":"Higienizante Desengordurante &#8211; Per Citric Foam 22Kg","date":"Fevereiro 23, 2022","format":false,"excerpt":"Espuma \u00e1cida com base em per\u00f3xido de hidrog\u00e9nio com alto poder de ader\u00eancia para uso em ambiente alimentar (conforme HACCP).","rel":"","context":"Similar post","img":{"alt_text":"","src":"https:\/\/i0.wp.com\/mundo.seashell.pt\/wp-content\/uploads\/2022\/02\/per_citric_foam.jpg?resize=350%2C200&ssl=1","width":350,"height":200},"classes":[]},{"id":5722,"url":"https:\/\/mundo.seashell.pt\/?product=xtra-alko-500ml","url_meta":{"origin":5718,"position":2},"title":"Higienizante Xtra-Alko 500Ml","date":"Fevereiro 23, 2022","format":false,"excerpt":"Detergente higienizante hidroalc\u00f3olico pronto para o uso, adequado para todas as superf\u00edcies lav\u00e1veis","rel":"","context":"Similar post","img":{"alt_text":"","src":"https:\/\/i0.wp.com\/mundo.seashell.pt\/wp-content\/uploads\/2022\/02\/xtra-alko.jpg?resize=350%2C200&ssl=1","width":350,"height":200},"classes":[]},{"id":5714,"url":"https:\/\/mundo.seashell.pt\/?product=fun-higienizante-multiusos-750-ml","url_meta":{"origin":5718,"position":3},"title":"Fun Higienizante Multiusos 750 ML","date":"Fevereiro 23, 2022","format":false,"excerpt":"Detergente l\u00edquido adequado para a limpeza e higieniza\u00e7\u00e3o de todo o tipo de superf\u00edcies e equipamentos.","rel":"","context":"Similar post","img":{"alt_text":"","src":"https:\/\/i0.wp.com\/mundo.seashell.pt\/wp-content\/uploads\/2022\/02\/Fun_Higienizante_Multiusos_PhotoRoom_20210402_103034.jpg?resize=350%2C200&ssl=1","width":350,"height":200},"classes":[]},{"id":5696,"url":"https:\/\/mundo.seashell.pt\/?product=chlordet-24kg","url_meta":{"origin":5718,"position":4},"title":"Desengordurante Higienizante Chlordet 24Kg","date":"Fevereiro 23, 2022","format":false,"excerpt":"Detergente desengordurante higienizante sem espuma com cloro ativo para lavagem manual, mec\u00e2nica o em CIP de todas as superf\u00edcies lav\u00e1veis.","rel":"","context":"Similar post","img":{"alt_text":"","src":"https:\/\/i0.wp.com\/mundo.seashell.pt\/wp-content\/uploads\/2022\/02\/chlordet.jpg?resize=350%2C200&ssl=1","width":350,"height":200},"classes":[]},{"id":5970,"url":"https:\/\/mundo.seashell.pt\/?product=cuatt-88-food-5kg","url_meta":{"origin":5718,"position":5},"title":"Detergente Desinfetante Cuat 88 Food 5Kg","date":"Fevereiro 23, 2022","format":false,"excerpt":"Desinfetante para superf\u00edcies lav\u00e1veis. Adequado para a limpeza e a desinfe\u00e7\u00e3o de superf\u00edcies que possam entrar em contacto com os alimentos.","rel":"","context":"Similar post","img":{"alt_text":"","src":"https:\/\/i0.wp.com\/mundo.seashell.pt\/wp-content\/uploads\/2022\/02\/cuat_88.jpg?resize=350%2C200&ssl=1","width":350,"height":200},"classes":[]}],"_links":{"self":[{"href":"https:\/\/mundo.seashell.pt\/index.php?rest_route=\/wp\/v2\/product\/5718","targetHints":{"allow":["GET"]}}],"collection":[{"href":"https:\/\/mundo.seashell.pt\/index.php?rest_route=\/wp\/v2\/product"}],"about":[{"href":"https:\/\/mundo.seashell.pt\/index.php?rest_route=\/wp\/v2\/types\/product"}],"wp:featuredmedia":[{"embeddable":true,"href":"https:\/\/mundo.seashell.pt\/index.php?rest_route=\/wp\/v2\/media\/5719"}],"wp:attachment":[{"href":"https:\/\/mundo.seashell.pt\/index.php?rest_route=%2Fwp%2Fv2%2Fmedia&parent=5718"}],"wp:term":[{"taxonomy":"product_cat","embeddable":true,"href":"https:\/\/mundo.seashell.pt\/index.php?rest_route=%2Fwp%2Fv2%2Fproduct_cat&post=5718"},{"taxonomy":"product_tag","embeddable":true,"href":"https:\/\/mundo.seashell.pt\/index.php?rest_route=%2Fwp%2Fv2%2Fproduct_tag&post=5718"}],"curies":[{"name":"wp","href":"https:\/\/api.w.org\/{rel}","templated":true}]}}