{"id":5716,"date":"2022-02-23T11:36:24","date_gmt":"2022-02-23T11:36:24","guid":{"rendered":"https:\/\/mundo.seashell.pt\/?post_type=product&#038;p=5716"},"modified":"2022-02-23T11:36:26","modified_gmt":"2022-02-23T11:36:26","slug":"onda-rtu-500ml","status":"publish","type":"product","link":"https:\/\/mundo.seashell.pt\/?product=onda-rtu-500ml","title":{"rendered":"Desinfectante Desodorizante Onda RTU 500Ml"},"content":{"rendered":"<h2>Detergente desinfectante desodorizante perfumado para superf\u00edcies.<\/h2>\n<ul>\n<li>Pronto para o uso<\/li>\n<li>Elimina at\u00e9 99,9% de bact\u00e9rias e fungos.<\/li>\n<li>Indicado para a limpeza e desinfe\u00e7\u00e3o di\u00e1ria de todas as superf\u00edcies lav\u00e1veis<\/li>\n<\/ul>\n<h4><\/h4>\n<h4>Descri\u00e7\u00e3o<\/h4>\n<p>Desinfectante detergente desodorizante perfumado indicado para limpar, desodorizar e desinfectar as superf\u00edcies, eliminando at\u00e9 99,9% das bact\u00e9rias e fungos. Em conformidade com as <a target=\"_blank\" href=\"https:\/\/www.sutterprofessional.it\/pt\/sutterpedia#rule\" rel=\"noopener\">normas<\/a> EN: 1276, 1650, 13697. COMPOSI\u00c7\u00c3O: Cada 100 g de produto cont\u00e9m: Alquil-dimetil-bencilam\u00f4nio Cloreto (Benzalkonium Chloride) 1,50g, tensioactivos, fosfatos, perfume, otros diluentes y \u00e1gua q.b. a 100g. COMPOSI\u00c7\u00c3O (Reg. 648\/2004\/EC): &lt; 5% fosfatos, tensoactivos n\u00e3o-i\u00f3nicos. Contem: Desinfectantes, Perfumes.<\/p>\n<h4><\/h4>\n<h4>Dilui\u00e7\u00e3o<\/h4>\n<p>Pronto para o uso.<\/p>\n<h4><\/h4>\n<h4>Como usar<\/h4>\n<p>Segurando o frasco na posi\u00e7\u00e3o vertical, pulverize o produto nas superf\u00edcies a serem limpas, a uma dist\u00e2ncia de cerca de 20 cm. Deixe actuar durante 15 minutos e, ent\u00e3o, enxag\u00fae com um pano h\u00famido. Para desinfectar as superf\u00edcies verticais, pulverize o produto para uma esponja e passe diretamente na superf\u00edcie desejada, deixe atuar durante 15 minutos e enxaguar.<\/p>\n","protected":false},"excerpt":{"rendered":"<p>Detergente desinfectante desodorizante perfumado para superf\u00edcies.<\/p>\n","protected":false},"featured_media":5717,"template":"","meta":{"spay_email":""},"product_cat":[15],"product_tag":[],"class_list":{"0":"post-5716","1":"product","2":"type-product","3":"status-publish","4":"has-post-thumbnail","6":"product_cat-sem-categoria","8":"first","9":"instock","10":"taxable","11":"shipping-taxable","12":"purchasable","13":"product-type-simple"},"acf":[],"jetpack-related-posts":[{"id":5990,"url":"https:\/\/mundo.seashell.pt\/?product=onda-sanify-1lt","url_meta":{"origin":5716,"position":0},"title":"Detergente Desinfetante Onda Sanify","date":"Fevereiro 23, 2022","format":false,"excerpt":"Detergente Desinfetante, desodorizante perfumado","rel":"","context":"Similar post","img":{"alt_text":"","src":"https:\/\/i0.wp.com\/mundo.seashell.pt\/wp-content\/uploads\/2022\/02\/onda.jpg?resize=350%2C200&ssl=1","width":350,"height":200},"classes":[]},{"id":5672,"url":"https:\/\/mundo.seashell.pt\/?product=multigienic-5kg","url_meta":{"origin":5716,"position":1},"title":"Desengordurante Desinfetante &#8211; Multigienic 5Kg","date":"Fevereiro 23, 2022","format":false,"excerpt":"Desengordurante desinfectante, remove todos os tipos de sujidade de todas as superf\u00edcies. Adequado para uso HACCP.","rel":"","context":"Similar post","img":{"alt_text":"","src":"https:\/\/i0.wp.com\/mundo.seashell.pt\/wp-content\/uploads\/2022\/02\/multigienic.jpg?resize=350%2C200&ssl=1","width":350,"height":200},"classes":[]},{"id":5694,"url":"https:\/\/mundo.seashell.pt\/?product=duo-quat-ha-5kg","url_meta":{"origin":5716,"position":2},"title":"Desinfetante Desengordurante Duo Quat HA 5Kg","date":"Fevereiro 23, 2022","format":false,"excerpt":"Detergente desinfetante de base am\u00f4nio quatern\u00e1rios de largo espectro de ac\u00e7\u00e3o.","rel":"","context":"Similar post","img":{"alt_text":"","src":"https:\/\/i0.wp.com\/mundo.seashell.pt\/wp-content\/uploads\/2022\/02\/agral_duo_quat_ha.jpg?resize=350%2C200&ssl=1","width":350,"height":200},"classes":[]},{"id":5996,"url":"https:\/\/mundo.seashell.pt\/?product=onda-lime-5kg","url_meta":{"origin":5716,"position":3},"title":"Detergente Higienizante Onda Lime 5kg","date":"Fevereiro 23, 2022","format":false,"excerpt":"Detergente higienizante com efeito desodorizante para todas as superf\u00edcies lav\u00e1veis e para a manuten\u00e7\u00e3o de todos os tipos de pavimento.","rel":"","context":"Similar post","img":{"alt_text":"","src":"https:\/\/i0.wp.com\/mundo.seashell.pt\/wp-content\/uploads\/2022\/02\/onda_lime.jpg?resize=350%2C200&ssl=1","width":350,"height":200},"classes":[]},{"id":5998,"url":"https:\/\/mundo.seashell.pt\/?product=onda-flor-5kg","url_meta":{"origin":5716,"position":4},"title":"Detergente Desinfetante Onda Flor 5kg","date":"Fevereiro 23, 2022","format":false,"excerpt":"Detergente desinfetante com efeito desodorizante para todas as superf\u00edcies lav\u00e1veis e para a manuten\u00e7\u00e3o de todos os tipos de pavimento.","rel":"","context":"Similar post","img":{"alt_text":"","src":"https:\/\/i0.wp.com\/mundo.seashell.pt\/wp-content\/uploads\/2022\/02\/onda_flor.jpg?resize=350%2C200&ssl=1","width":350,"height":200},"classes":[]},{"id":5626,"url":"https:\/\/mundo.seashell.pt\/?product=blowmy-hidroalcool-500ml","url_meta":{"origin":5716,"position":5},"title":"Desinfectante M\u00e3os &#8211; Blowmy Hidr\u00e1lcool 500Ml","date":"Fevereiro 23, 2022","format":false,"excerpt":"Solu\u00e7\u00e3o hidroalco\u00f3lica destinada \u00e0 higieniza\u00e7\u00e3o das m\u00e3os, sem necessidade de enxaguamento.","rel":"","context":"Similar post","img":{"alt_text":"","src":"https:\/\/i0.wp.com\/mundo.seashell.pt\/wp-content\/uploads\/2022\/02\/goods_02_436158_PhotoRoom_20210429_174216.jpg?resize=350%2C200&ssl=1","width":350,"height":200},"classes":[]}],"_links":{"self":[{"href":"https:\/\/mundo.seashell.pt\/index.php?rest_route=\/wp\/v2\/product\/5716","targetHints":{"allow":["GET"]}}],"collection":[{"href":"https:\/\/mundo.seashell.pt\/index.php?rest_route=\/wp\/v2\/product"}],"about":[{"href":"https:\/\/mundo.seashell.pt\/index.php?rest_route=\/wp\/v2\/types\/product"}],"wp:featuredmedia":[{"embeddable":true,"href":"https:\/\/mundo.seashell.pt\/index.php?rest_route=\/wp\/v2\/media\/5717"}],"wp:attachment":[{"href":"https:\/\/mundo.seashell.pt\/index.php?rest_route=%2Fwp%2Fv2%2Fmedia&parent=5716"}],"wp:term":[{"taxonomy":"product_cat","embeddable":true,"href":"https:\/\/mundo.seashell.pt\/index.php?rest_route=%2Fwp%2Fv2%2Fproduct_cat&post=5716"},{"taxonomy":"product_tag","embeddable":true,"href":"https:\/\/mundo.seashell.pt\/index.php?rest_route=%2Fwp%2Fv2%2Fproduct_tag&post=5716"}],"curies":[{"name":"wp","href":"https:\/\/api.w.org\/{rel}","templated":true}]}}