{"id":5712,"date":"2022-02-23T11:36:20","date_gmt":"2022-02-23T11:36:20","guid":{"rendered":"https:\/\/mundo.seashell.pt\/?post_type=product&#038;p=5712"},"modified":"2022-02-23T11:36:22","modified_gmt":"2022-02-23T11:36:22","slug":"spot-500ml","status":"publish","type":"product","link":"https:\/\/mundo.seashell.pt\/?product=spot-500ml","title":{"rendered":"Removedor de Manchas Spot 500Ml"},"content":{"rendered":"<h2>Detergente removedor de manchas<\/h2>\n<ul>\n<li>Elimina as manchas mais dif\u00edceis, como marcadores indel\u00e9veis, tinta, etc.<\/li>\n<li>Eficaz e r\u00e1pido na ac\u00e7\u00e3o de limpeza<\/li>\n<li>Limpa ao eliminar todos os tipos de sujidade de todas as superf\u00edcies lav\u00e1veis<\/li>\n<\/ul>\n<h4><\/h4>\n<h4>Descri\u00e7\u00e3o<\/h4>\n<p>Agente de limpeza r\u00e1pido de elevada efic\u00e1cia em manchas de tinta, marcadores e manchas de origem gordurosa. \u00d3timo para ambientes como escolas, lares e escrit\u00f3rios.<\/p>\n<h4><\/h4>\n<h4>Dilui\u00e7\u00e3o<\/h4>\n<p>Pronto para o uso.<\/p>\n<h4><\/h4>\n<h4>Como usar<\/h4>\n<p>Pulverize o produto sobre a superf\u00edcie que pretende limpar e passe um pano at\u00e9 secar completamente. Para pequenas superf\u00edcies e para a limpeza da sujidade di\u00e1ria, pulverize o produto no pano.<\/p>\n","protected":false},"excerpt":{"rendered":"<p>Agente de limpeza r\u00e1pido de elevada efic\u00e1cia em manchas de tinta, marcadores e manchas de origem gordurosa.<\/p>\n","protected":false},"featured_media":5713,"template":"","meta":{"spay_email":""},"product_cat":[15],"product_tag":[],"class_list":{"0":"post-5712","1":"product","2":"type-product","3":"status-publish","4":"has-post-thumbnail","6":"product_cat-sem-categoria","8":"first","9":"instock","10":"taxable","11":"shipping-taxable","12":"purchasable","13":"product-type-simple"},"acf":[],"jetpack-related-posts":[{"id":5704,"url":"https:\/\/mundo.seashell.pt\/?product=flash-500ml","url_meta":{"origin":5712,"position":0},"title":"Limpador Natural Superactivo Flash","date":"Fevereiro 23, 2022","format":false,"excerpt":"Produto de limpeza r\u00e1pido e altamente eficaz em manchas de tinta, canetas de feltro e n\u00f3doas de gordura vegetal ou mineral.","rel":"","context":"Similar post","img":{"alt_text":"","src":"https:\/\/i0.wp.com\/mundo.seashell.pt\/wp-content\/uploads\/2022\/02\/flash.jpg?resize=350%2C200&ssl=1","width":350,"height":200},"classes":[]},{"id":6433,"url":"https:\/\/mundo.seashell.pt\/?product=mistolin-tira-gorduras-desinfetante-05l","url_meta":{"origin":5712,"position":1},"title":"Mistolin Tira gorduras Desinfetante 500ml","date":"Fevereiro 23, 2022","format":false,"excerpt":"Mistolin \u00e9 uma marca portuguesa, pensada para simplificar e ajudar nas tarefas dif\u00edceis de limpeza da casa. A sua f\u00f3rmula \u00e9 \u00fanica e imbat\u00edvel na limpeza de gorduras e sujidades mais dif\u00edceis. Indicado para a limpeza de todo o tipo de pe\u00e7as e superf\u00edcies gordurosas, manchas dif\u00edceis, sujidades incrustadas e\u2026","rel":"","context":"Similar post","img":{"alt_text":"","src":"https:\/\/i0.wp.com\/mundo.seashell.pt\/wp-content\/uploads\/2022\/02\/MISTOLIN_Tira_Gorduras_Desinfetante_545ml__5600258596628.png?resize=350%2C200&ssl=1","width":350,"height":200},"classes":[]},{"id":6403,"url":"https:\/\/mundo.seashell.pt\/?product=mistolin-tira-gorduras-0545l","url_meta":{"origin":5712,"position":2},"title":"Mistolin tira Gorduras 545ml","date":"Fevereiro 23, 2022","format":false,"excerpt":"Mistolin \u00e9 uma marca portuguesa, pensada para simplificar e ajudar nas tarefas dif\u00edceis de limpeza da casa. A sua f\u00f3rmula \u00e9 \u00fanica e imbat\u00edvel na limpeza de gorduras e sujidades mais dif\u00edceis. Indicado para a limpeza de todo o tipo de pe\u00e7as e superf\u00edcies gordurosas, manchas dif\u00edceis, sujidades incrustadas e\u2026","rel":"","context":"Similar post","img":{"alt_text":"","src":"https:\/\/i0.wp.com\/mundo.seashell.pt\/wp-content\/uploads\/2022\/02\/MISTOLIN_Tira_Gorduras_Cla_ssico_545ml__5603124023273.png?resize=350%2C200&ssl=1","width":350,"height":200},"classes":[]},{"id":6071,"url":"https:\/\/mundo.seashell.pt\/?product=plural-plus-500ml","url_meta":{"origin":5712,"position":3},"title":"Detergente Multiusos Plural Plus","date":"Fevereiro 23, 2022","format":false,"excerpt":"Detergente muito eficaz para a limpeza de todas as superf\u00edcies lav\u00e1veis. Secagem r\u00e1pida e pronto a usar.","rel":"","context":"Similar post","img":{"alt_text":"","src":"https:\/\/i0.wp.com\/mundo.seashell.pt\/wp-content\/uploads\/2022\/02\/plural_plus.jpg?resize=350%2C200&ssl=1","width":350,"height":200},"classes":[]},{"id":6421,"url":"https:\/\/mundo.seashell.pt\/?product=cillit-bang-tira-gorduras-05l","url_meta":{"origin":5712,"position":4},"title":"Cillit Bang Tira Gorduras 500ml","date":"Fevereiro 23, 2022","format":false,"excerpt":"Cillit Bang spray limpeza tira gorduras tem uma f\u00f3rmula super eficaz, limpa sem precisar de esfregar. Elimina rapidamente as manchas de comida, sujidade e ainda a gordura mais resistente das superf\u00edcies comuns, dentro e fora de sua casa. Gra\u00e7as aos seus potentes tensoativos, a sua f\u00f3rmula \u00e9 3 vezes mais\u2026","rel":"","context":"Similar post","img":{"alt_text":"","src":"https:\/\/i0.wp.com\/mundo.seashell.pt\/wp-content\/uploads\/2022\/02\/CILLIT_BANG_Tira_Gorduras_500ML_x12__8_P__5601217132680.png?resize=350%2C200&ssl=1","width":350,"height":200},"classes":[]},{"id":6443,"url":"https:\/\/mundo.seashell.pt\/?product=cillit-bang-bolores-e-sujidade-05l","url_meta":{"origin":5712,"position":5},"title":"Cillit Bang Bolores e Sujidade 500ml","date":"Fevereiro 23, 2022","format":false,"excerpt":"A poderosa f\u00f3rmula de Cillit Bang spray limpeza bolor e sujidade elimina rapidamente as manchas de bolor e a sujidade mais incrustada sem necessidade de esfregar, sendo o seu aliado para as zonas com humidade e onde o bolor prevalece. Come\u00e7a a limpeza em 20 segundos e desinfeta em 15\u2026","rel":"","context":"Similar post","img":{"alt_text":"","src":"https:\/\/i0.wp.com\/mundo.seashell.pt\/wp-content\/uploads\/2022\/02\/CILLIT_BANG_Bolor___Suj_500ML_x12__8_P__5601217132659.png?resize=350%2C200&ssl=1","width":350,"height":200},"classes":[]}],"_links":{"self":[{"href":"https:\/\/mundo.seashell.pt\/index.php?rest_route=\/wp\/v2\/product\/5712","targetHints":{"allow":["GET"]}}],"collection":[{"href":"https:\/\/mundo.seashell.pt\/index.php?rest_route=\/wp\/v2\/product"}],"about":[{"href":"https:\/\/mundo.seashell.pt\/index.php?rest_route=\/wp\/v2\/types\/product"}],"wp:featuredmedia":[{"embeddable":true,"href":"https:\/\/mundo.seashell.pt\/index.php?rest_route=\/wp\/v2\/media\/5713"}],"wp:attachment":[{"href":"https:\/\/mundo.seashell.pt\/index.php?rest_route=%2Fwp%2Fv2%2Fmedia&parent=5712"}],"wp:term":[{"taxonomy":"product_cat","embeddable":true,"href":"https:\/\/mundo.seashell.pt\/index.php?rest_route=%2Fwp%2Fv2%2Fproduct_cat&post=5712"},{"taxonomy":"product_tag","embeddable":true,"href":"https:\/\/mundo.seashell.pt\/index.php?rest_route=%2Fwp%2Fv2%2Fproduct_tag&post=5712"}],"curies":[{"name":"wp","href":"https:\/\/api.w.org\/{rel}","templated":true}]}}