{"id":5710,"date":"2022-02-23T11:36:18","date_gmt":"2022-02-23T11:36:18","guid":{"rendered":"https:\/\/mundo.seashell.pt\/?post_type=product&#038;p=5710"},"modified":"2022-02-23T11:36:20","modified_gmt":"2022-02-23T11:36:20","slug":"mobili-fresh-500ml","status":"publish","type":"product","link":"https:\/\/mundo.seashell.pt\/?product=mobili-fresh-500ml","title":{"rendered":"Limpador para M\u00f3veis Mobili Fresh 500Ml"},"content":{"rendered":"<h2>Agente de limpeza anti-est\u00e1tico com efeito brilhante para m\u00f3veis<\/h2>\n<ul>\n<li>Com cera de abelhas<\/li>\n<li>Perfume agrad\u00e1vel<\/li>\n<li>Limpa, d\u00e1 brilho e protege os m\u00f3veis<\/li>\n<\/ul>\n<h4><\/h4>\n<h4>Descri\u00e7\u00e3o<\/h4>\n<p>Agente de limpeza abrilhantador, com cera de abelhas, espec\u00edfico para m\u00f3veis de madeira . Elimina as marcas e manchas numa \u00fanica passagem.<\/p>\n<h4><\/h4>\n<h4>Dilui\u00e7\u00e3o<\/h4>\n<p>Pronto para o uso.<\/p>\n<h4><\/h4>\n<h4>Como usar<\/h4>\n<p>Agite bem antes de usar. Pulverize sobre a superf\u00edcie a uma dist\u00e2ncia de 20 &#8211; 30 cm e passe com um pano macio. Para pequenas superf\u00edcies ou superf\u00edcies esculpidas, pulverize o produto diretamente no pano.<\/p>\n","protected":false},"excerpt":{"rendered":"<p>Agente de limpeza abrilhantador,com cera de abelhas, espec\u00edfico para m\u00f3veis de madeira<\/p>\n","protected":false},"featured_media":5711,"template":"","meta":{"spay_email":""},"product_cat":[15],"product_tag":[],"class_list":{"0":"post-5710","1":"product","2":"type-product","3":"status-publish","4":"has-post-thumbnail","6":"product_cat-sem-categoria","8":"first","9":"instock","10":"taxable","11":"shipping-taxable","12":"purchasable","13":"product-type-simple"},"acf":[],"jetpack-related-posts":[{"id":5704,"url":"https:\/\/mundo.seashell.pt\/?product=flash-500ml","url_meta":{"origin":5710,"position":0},"title":"Limpador Natural Superactivo Flash","date":"Fevereiro 23, 2022","format":false,"excerpt":"Produto de limpeza r\u00e1pido e altamente eficaz em manchas de tinta, canetas de feltro e n\u00f3doas de gordura vegetal ou mineral.","rel":"","context":"Similar post","img":{"alt_text":"","src":"https:\/\/i0.wp.com\/mundo.seashell.pt\/wp-content\/uploads\/2022\/02\/flash.jpg?resize=350%2C200&ssl=1","width":350,"height":200},"classes":[]},{"id":5726,"url":"https:\/\/mundo.seashell.pt\/?product=stark-inox-500ml","url_meta":{"origin":5710,"position":1},"title":"Abrilhantador Stark Inox 500Ml","date":"Fevereiro 23, 2022","format":false,"excerpt":"O STARK\u00ae INOX \u00e9 um produto especialmente formulado para polir superf\u00edcies em a\u00e7o inoxid\u00e1vel. A sua f\u00f3rmula permite uma limpeza profunda, protegendo e abrilhantando as superf\u00edcies.","rel":"","context":"Similar post","img":{"alt_text":"","src":"https:\/\/i0.wp.com\/mundo.seashell.pt\/wp-content\/uploads\/2022\/02\/STARK_INOX_2_PhotoRoom_20210402_103625.jpg?resize=350%2C200&ssl=1","width":350,"height":200},"classes":[]},{"id":5712,"url":"https:\/\/mundo.seashell.pt\/?product=spot-500ml","url_meta":{"origin":5710,"position":2},"title":"Removedor de Manchas Spot 500Ml","date":"Fevereiro 23, 2022","format":false,"excerpt":"Agente de limpeza r\u00e1pido de elevada efic\u00e1cia em manchas de tinta, marcadores e manchas de origem gordurosa.","rel":"","context":"Similar post","img":{"alt_text":"","src":"https:\/\/i0.wp.com\/mundo.seashell.pt\/wp-content\/uploads\/2022\/02\/spot.jpg?resize=350%2C200&ssl=1","width":350,"height":200},"classes":[]},{"id":7038,"url":"https:\/\/mundo.seashell.pt\/?product=cif-spray-madeiras-435ml","url_meta":{"origin":5710,"position":3},"title":"Cif Spray Madeiras 435ml","date":"Fevereiro 23, 2022","format":false,"excerpt":"Cif Spray perfect finish madeiras foi desenvolvido cientificamente para limpar, cuidar e proteger a 100% as suas superf\u00edcies de madeira! Tipo de produto: Cuidado dos M\u00f3veisBenef\u00edcios: - 100% limpa, cuida e protege;- Com agentes de limpeza especiais;- Com \u00f3leo de cedro. Conselhos de utiliza\u00e7\u00e3o:","rel":"","context":"Similar post","img":{"alt_text":"","src":"https:\/\/i0.wp.com\/mundo.seashell.pt\/wp-content\/uploads\/2022\/02\/CIF_SPRAY_MADEIRAS_435ml_8717163831502.jpeg?resize=350%2C200&ssl=1","width":350,"height":200},"classes":[]},{"id":5610,"url":"https:\/\/mundo.seashell.pt\/?product=solux-pns-5l","url_meta":{"origin":5710,"position":4},"title":"Abrilhantador de Pneus &#8211; Solux PNS 5L","date":"Fevereiro 23, 2022","format":false,"excerpt":"O Solux PNS \u00e9 um produto l\u00edquido de cor branca com \u00f3ptimas propriedades de limpeza e abrilhantamento de pl\u00e1sticos e madeira.","rel":"","context":"Similar post","img":{"alt_text":"","src":"https:\/\/i0.wp.com\/mundo.seashell.pt\/wp-content\/uploads\/2022\/02\/Solux_PNS_PhotoRoom_20210402_103244.jpg?resize=350%2C200&ssl=1","width":350,"height":200},"classes":[]},{"id":6409,"url":"https:\/\/mundo.seashell.pt\/?product=cif-ultra-desengordurante-05l","url_meta":{"origin":5710,"position":5},"title":"CIF Ultra Desengordurante 500ml","date":"Fevereiro 23, 2022","format":false,"excerpt":"ra\u00e7as \u00e0 sua f\u00f3rmula exclusiva multi active system, Cif ultra desengordurante, com agentes de limpeza, garante uma a\u00e7\u00e3o poderosa a desengordurar mesmo sobre as gorduras mais dif\u00edceis. Conta ainda com uma agrad\u00e1vel frag\u00e2ncia de sab\u00e3o de Marselha.Benef\u00edcios: - Ultra poderoso a remover a gordura;- Indicado para uso dentro e fo...","rel":"","context":"Similar post","img":{"alt_text":"","src":"https:\/\/i0.wp.com\/mundo.seashell.pt\/wp-content\/uploads\/2022\/02\/CIF_SPRAY_ULTRA_DESENGORDURANTE_-_500ml_8710908796128.png?resize=350%2C200&ssl=1","width":350,"height":200},"classes":[]}],"_links":{"self":[{"href":"https:\/\/mundo.seashell.pt\/index.php?rest_route=\/wp\/v2\/product\/5710","targetHints":{"allow":["GET"]}}],"collection":[{"href":"https:\/\/mundo.seashell.pt\/index.php?rest_route=\/wp\/v2\/product"}],"about":[{"href":"https:\/\/mundo.seashell.pt\/index.php?rest_route=\/wp\/v2\/types\/product"}],"wp:featuredmedia":[{"embeddable":true,"href":"https:\/\/mundo.seashell.pt\/index.php?rest_route=\/wp\/v2\/media\/5711"}],"wp:attachment":[{"href":"https:\/\/mundo.seashell.pt\/index.php?rest_route=%2Fwp%2Fv2%2Fmedia&parent=5710"}],"wp:term":[{"taxonomy":"product_cat","embeddable":true,"href":"https:\/\/mundo.seashell.pt\/index.php?rest_route=%2Fwp%2Fv2%2Fproduct_cat&post=5710"},{"taxonomy":"product_tag","embeddable":true,"href":"https:\/\/mundo.seashell.pt\/index.php?rest_route=%2Fwp%2Fv2%2Fproduct_tag&post=5710"}],"curies":[{"name":"wp","href":"https:\/\/api.w.org\/{rel}","templated":true}]}}