{"id":5708,"date":"2022-02-23T11:36:15","date_gmt":"2022-02-23T11:36:15","guid":{"rendered":"https:\/\/mundo.seashell.pt\/?post_type=product&#038;p=5708"},"modified":"2022-02-23T11:36:18","modified_gmt":"2022-02-23T11:36:18","slug":"spolvero-500ml","status":"publish","type":"product","link":"https:\/\/mundo.seashell.pt\/?product=spolvero-500ml","title":{"rendered":"Anti-Est\u00e1tico Multisuperf\u00edcies Spolvero 500ml"},"content":{"rendered":"<h2>Anti-est\u00e1tico multisuperf\u00edcies<\/h2>\n<ul>\n<li>Adequado para todas as superf\u00edcies<\/li>\n<li>Previne a reacumula\u00e7\u00e3o de p\u00f3<\/li>\n<li>Recolhe o p\u00f3 e elimina a carga electroest\u00e1tica<\/li>\n<\/ul>\n<h4><\/h4>\n<h4>Descri\u00e7\u00e3o<\/h4>\n<p>Spray espec\u00edfico para remover o p\u00f3 de todas as superf\u00edcies, como superf\u00edcies modernas, interiores de autom\u00f3veis, etc.<\/p>\n<h4><\/h4>\n<h4>Dilui\u00e7\u00e3o<\/h4>\n<p>Pronto para o uso<\/p>\n<h4><\/h4>\n<h4>Como usar<\/h4>\n<p>Agite antes do usar; pulverize no pano a uma dist\u00e2ncia de 20 &#8211; 30 cm e proceda \u00e0 limpeza passando o pano pela superf\u00edcie.<\/p>\n","protected":false},"excerpt":{"rendered":"<p>Spray espec\u00edfico para remover o p\u00f3 de todas as superf\u00edcies, como superf\u00edcies modernas, interiores de autom\u00f3veis, etc.<\/p>\n","protected":false},"featured_media":5709,"template":"","meta":{"spay_email":""},"product_cat":[15],"product_tag":[],"class_list":{"0":"post-5708","1":"product","2":"type-product","3":"status-publish","4":"has-post-thumbnail","6":"product_cat-sem-categoria","8":"first","9":"instock","10":"taxable","11":"shipping-taxable","12":"purchasable","13":"product-type-simple"},"acf":[],"jetpack-related-posts":[{"id":6014,"url":"https:\/\/mundo.seashell.pt\/?product=spolvero-mop-500ml","url_meta":{"origin":5708,"position":0},"title":"Anti &#8211; P\u00f3 Spolvero Mop 500ml","date":"Fevereiro 23, 2022","format":false,"excerpt":"Spray com elevada a\u00e7\u00e3o antiest\u00e1tica de longa dura\u00e7\u00e3o para limpar a seco o p\u00f3 de todos os tipos de pavimentos, exceto superf\u00edcies t\u00eaxteis.","rel":"","context":"Similar post","img":{"alt_text":"","src":"https:\/\/i0.wp.com\/mundo.seashell.pt\/wp-content\/uploads\/2022\/02\/spolvero_mop.jpg?resize=350%2C200&ssl=1","width":350,"height":200},"classes":[]},{"id":7086,"url":"https:\/\/mundo.seashell.pt\/?product=cillit-bang-multisuperficies-spray-lixivia-e-higiene-750ml","url_meta":{"origin":5708,"position":1},"title":"Cillit Bang Multisuperf\u00edcies Spray Lix\u00edvia e Higiene 750ml","date":"Fevereiro 23, 2022","format":false,"excerpt":"Cillit Bang, uma solu\u00e7\u00e3o eficaz para todo o tipo de sujidade!Descri\u00e7\u00e3o: Cillit Bang spray limpeza lix\u00edvia e higiene tem uma poderosa f\u00f3rmula que combina hipoclorito de s\u00f3dio com agentes de limpeza para obter resultados imbat\u00edveis. Higieniza todas as superf\u00edcies enquanto os agentes de limpeza removem as manchas mais incrust...","rel":"","context":"Similar post","img":{"alt_text":"","src":"https:\/\/i0.wp.com\/mundo.seashell.pt\/wp-content\/uploads\/2022\/02\/6984295-frente.jpeg?resize=350%2C200&ssl=1","width":350,"height":200},"classes":[]},{"id":6299,"url":"https:\/\/mundo.seashell.pt\/?product=ajax-lava-tudo-festa-das-flores-1l","url_meta":{"origin":5708,"position":2},"title":"Ajax Lava-Tudo Festa das Flores 1l","date":"Fevereiro 23, 2022","format":false,"excerpt":"Ajax ajuda na limpeza da casa. Deixa as suas superf\u00edcies limpas e brilhantes facilmente! Ajax lava tudo multisuperf\u00edcies para uso dom\u00e9stico, com uma nova f\u00f3rmula mais eficaz e a pensar no nosso planeta. Adicione agrad\u00e1veis aromas florais a todas as superf\u00edcies brilhantes com o lava tudo multisuperf\u00edcies Ajax festa de\u2026","rel":"","context":"Similar post","img":{"alt_text":"","src":"https:\/\/i0.wp.com\/mundo.seashell.pt\/wp-content\/uploads\/2022\/02\/Ajax_Festa_Flores_Floral_1_litro_8718951337688.png?resize=350%2C200&ssl=1","width":350,"height":200},"classes":[]},{"id":6293,"url":"https:\/\/mundo.seashell.pt\/?product=sonasol-brilhante-multisuperficies-11l","url_meta":{"origin":5708,"position":3},"title":"Sonasol Brilhante Multisuperficies 1,1l","date":"Fevereiro 23, 2022","format":false,"excerpt":"Consiga 100% mais brilho instant\u00e2neo desde a primeira passagem, com Sonasol. Sonasol brilhante universal \u00e9 o lava tudo ideal para a limpeza de todas as superf\u00edcies lav\u00e1veis, como azulejos ou m\u00e1rmores. Garante uma secagem ultra r\u00e1pida para uma limpeza brilhante numa s\u00f3 passagem. Gra\u00e7as \u00e0 sua f\u00f3rmula inovadora, proporciona uma\u2026","rel":"","context":"Similar post","img":{"alt_text":"","src":"https:\/\/i0.wp.com\/mundo.seashell.pt\/wp-content\/uploads\/2022\/02\/SONASOL_BRILHANTE_UNIVERSAL_1L10_8410436242295.png?resize=350%2C200&ssl=1","width":350,"height":200},"classes":[]},{"id":5710,"url":"https:\/\/mundo.seashell.pt\/?product=mobili-fresh-500ml","url_meta":{"origin":5708,"position":4},"title":"Limpador para M\u00f3veis Mobili Fresh 500Ml","date":"Fevereiro 23, 2022","format":false,"excerpt":"Agente de limpeza abrilhantador,com cera de abelhas, espec\u00edfico para m\u00f3veis de madeira","rel":"","context":"Similar post","img":{"alt_text":"","src":"https:\/\/i0.wp.com\/mundo.seashell.pt\/wp-content\/uploads\/2022\/02\/Mobili.jpg?resize=350%2C200&ssl=1","width":350,"height":200},"classes":[]},{"id":6413,"url":"https:\/\/mundo.seashell.pt\/?product=cif-spray-inox-043l","url_meta":{"origin":5708,"position":5},"title":"CIF Spray Inox 430ml","date":"Fevereiro 23, 2022","format":false,"excerpt":"Cif Perfect Finish inox foi desenvolvido cientificamente para remover manchas dif\u00edceis como dedadas, marcas de \u00e1gua e gordura. Garante 100% brilho sem manchas em superf\u00edcies de inox. Benef\u00edcios: - 100% de brilho sem manchas. Conselhos de utiliza\u00e7\u00e3o: Pressione o fecho de seguran\u00e7a enquanto gira o bocal do spray ...","rel":"","context":"Similar post","img":{"alt_text":"","src":"https:\/\/i0.wp.com\/mundo.seashell.pt\/wp-content\/uploads\/2022\/02\/CIF_SPRAY_INOX_-_435ml_8710447376324.png?resize=350%2C200&ssl=1","width":350,"height":200},"classes":[]}],"_links":{"self":[{"href":"https:\/\/mundo.seashell.pt\/index.php?rest_route=\/wp\/v2\/product\/5708","targetHints":{"allow":["GET"]}}],"collection":[{"href":"https:\/\/mundo.seashell.pt\/index.php?rest_route=\/wp\/v2\/product"}],"about":[{"href":"https:\/\/mundo.seashell.pt\/index.php?rest_route=\/wp\/v2\/types\/product"}],"wp:featuredmedia":[{"embeddable":true,"href":"https:\/\/mundo.seashell.pt\/index.php?rest_route=\/wp\/v2\/media\/5709"}],"wp:attachment":[{"href":"https:\/\/mundo.seashell.pt\/index.php?rest_route=%2Fwp%2Fv2%2Fmedia&parent=5708"}],"wp:term":[{"taxonomy":"product_cat","embeddable":true,"href":"https:\/\/mundo.seashell.pt\/index.php?rest_route=%2Fwp%2Fv2%2Fproduct_cat&post=5708"},{"taxonomy":"product_tag","embeddable":true,"href":"https:\/\/mundo.seashell.pt\/index.php?rest_route=%2Fwp%2Fv2%2Fproduct_tag&post=5708"}],"curies":[{"name":"wp","href":"https:\/\/api.w.org\/{rel}","templated":true}]}}