{"id":5706,"date":"2022-02-23T11:36:13","date_gmt":"2022-02-23T11:36:13","guid":{"rendered":"https:\/\/mundo.seashell.pt\/?post_type=product&#038;p=5706"},"modified":"2022-02-23T11:36:15","modified_gmt":"2022-02-23T11:36:15","slug":"tergi-inox-500ml","status":"publish","type":"product","link":"https:\/\/mundo.seashell.pt\/?product=tergi-inox-500ml","title":{"rendered":"Limpador para Superf\u00edcies Tergi Inox 500Ml"},"content":{"rendered":"<h2>Limpador para superf\u00edcies em a\u00e7o inoxid\u00e1vel<\/h2>\n<ul>\n<li>\u00d3timo efeito brilhante<\/li>\n<li>Adequado para ambiente alimentar (HACCP)<\/li>\n<\/ul>\n<h4><\/h4>\n<h4>Descri\u00e7\u00e3o<\/h4>\n<p>Ideal para uma r\u00e1pida limpeza de bancadas de distribui\u00e7\u00e3o de alimentos, frigor\u00edficos, m\u00e1quinas de lavar lou\u00e7a, lavabos, elevadores, m\u00e1quinas registadoras, etc., em a\u00e7o inoxid\u00e1vel acetinado ou polido. Tornas as superf\u00edcies l\u00edmpidas e brilhantes. N\u00e3o deixa.<\/p>\n<h4><\/h4>\n<h4>Dilui\u00e7\u00e3o<\/h4>\n<p>Pronto para o uso.<\/p>\n<h4><\/h4>\n<h4>Como usar<\/h4>\n<p>Pulverize a uma dist\u00e2ncia de 25 cm e esfregue. Em caso de sujidade dif\u00edcil, use previamente um desengordurante da gama Sutter. N\u00e3o \u00e9 necess\u00e1rio enxaguar.<\/p>\n","protected":false},"excerpt":{"rendered":"<p>Ideal para uma r\u00e1pida limpeza de bancadas de distribui\u00e7\u00e3o de alimentos, frigor\u00edficos, m\u00e1quinas de lavar lou\u00e7a, lavabos, elevadores, m\u00e1quinas registadoras, em a\u00e7o inoxid\u00e1vel acetinado ou polido.<\/p>\n","protected":false},"featured_media":5707,"template":"","meta":{"spay_email":""},"product_cat":[15],"product_tag":[],"class_list":{"0":"post-5706","1":"product","2":"type-product","3":"status-publish","4":"has-post-thumbnail","6":"product_cat-sem-categoria","8":"first","9":"instock","10":"taxable","11":"shipping-taxable","12":"purchasable","13":"product-type-simple"},"acf":[],"jetpack-related-posts":[{"id":5970,"url":"https:\/\/mundo.seashell.pt\/?product=cuatt-88-food-5kg","url_meta":{"origin":5706,"position":0},"title":"Detergente Desinfetante Cuat 88 Food 5Kg","date":"Fevereiro 23, 2022","format":false,"excerpt":"Desinfetante para superf\u00edcies lav\u00e1veis. Adequado para a limpeza e a desinfe\u00e7\u00e3o de superf\u00edcies que possam entrar em contacto com os alimentos.","rel":"","context":"Similar post","img":{"alt_text":"","src":"https:\/\/i0.wp.com\/mundo.seashell.pt\/wp-content\/uploads\/2022\/02\/cuat_88.jpg?resize=350%2C200&ssl=1","width":350,"height":200},"classes":[]},{"id":5726,"url":"https:\/\/mundo.seashell.pt\/?product=stark-inox-500ml","url_meta":{"origin":5706,"position":1},"title":"Abrilhantador Stark Inox 500Ml","date":"Fevereiro 23, 2022","format":false,"excerpt":"O STARK\u00ae INOX \u00e9 um produto especialmente formulado para polir superf\u00edcies em a\u00e7o inoxid\u00e1vel. A sua f\u00f3rmula permite uma limpeza profunda, protegendo e abrilhantando as superf\u00edcies.","rel":"","context":"Similar post","img":{"alt_text":"","src":"https:\/\/i0.wp.com\/mundo.seashell.pt\/wp-content\/uploads\/2022\/02\/STARK_INOX_2_PhotoRoom_20210402_103625.jpg?resize=350%2C200&ssl=1","width":350,"height":200},"classes":[]},{"id":6229,"url":"https:\/\/mundo.seashell.pt\/?product=esfregao-inox-vileda-10-unidades","url_meta":{"origin":5706,"position":2},"title":"Esfreg\u00e3o Inox &#8211; Vileda (10 unidades)","date":"Fevereiro 23, 2022","format":false,"excerpt":"Inox A espiral que limpa Esfreg\u00e3o muito resistente e dur\u00e1vel com alto desempenho de limpeza.Uso recomendado em todos os tipos de tarefas de limpeza hospitalar superintensiva e molhada em superf\u00edcies excepcionalmente sujas. 100% de a\u00e7o inoxid\u00e1vel \u00e9 ideal para lavagem intensiva e remo\u00e7\u00e3o de sujeira persistente. ...","rel":"","context":"Similar post","img":{"alt_text":"","src":"https:\/\/i0.wp.com\/mundo.seashell.pt\/wp-content\/uploads\/2022\/02\/02-scouring-07-inox-portrait_PhotoRoom_20210418_123604.jpg?resize=350%2C200&ssl=1","width":350,"height":200},"classes":[]},{"id":6251,"url":"https:\/\/mundo.seashell.pt\/?product=sanytol-multiusos-750ml-1","url_meta":{"origin":5706,"position":3},"title":"Sanytol Multiusos 750ml","date":"Fevereiro 23, 2022","format":false,"excerpt":"Limpador Desinfetante Multiusos \u2013 Eucalipto Mantenha a sua casa saud\u00e1vel com o Desinfetante Multiusos. Pr\u00e1tico e sem lix\u00edvia, limpa todas as superf\u00edcies da casa. Ideal para remover a sujidade do dia a dia e desinfetar tudo numa s\u00f3 passagem. CARACTER\u00cdSTICAS Elimina 99,9% de bact\u00e9rias, fungos, v\u00edru...","rel":"","context":"Similar post","img":{"alt_text":"","src":"https:\/\/i0.wp.com\/mundo.seashell.pt\/wp-content\/uploads\/2022\/02\/SANYTOL_DESINFETANTE_MULTIUSOS_750_ML_8411660670236.png?resize=350%2C200&ssl=1","width":350,"height":200},"classes":[]},{"id":6175,"url":"https:\/\/mundo.seashell.pt\/?product=pano-micronquick-5-panos","url_meta":{"origin":5706,"position":4},"title":"Pano MicronQuick (5 panos)","date":"Fevereiro 23, 2022","format":false,"excerpt":"MicronQuick Um rendimento de limpeza superior todos os dias Com o pano MicronQuick, que pode ser lavado na m\u00e1quina, pode economizar tempo na limpeza di\u00e1ria. O nosso pano MicronQuick est\u00e1 feito de microfibras patenteadas, alcan\u00e7ando um desempenho de limpeza superior mesmo em estruturas microsc\u00f3picas. ...","rel":"","context":"Similar post","img":{"alt_text":"","src":"https:\/\/i0.wp.com\/mundo.seashell.pt\/wp-content\/uploads\/2022\/02\/01-wiping-01-microfibre-cloths-12-micron-quick-micronquick-portrait-580x550_PhotoRoom_20210418_123240.jpg?resize=350%2C200&ssl=1","width":350,"height":200},"classes":[]},{"id":6249,"url":"https:\/\/mundo.seashell.pt\/?product=sanytol-multiusos-toranja-750ml","url_meta":{"origin":5706,"position":5},"title":"Sanytol Multiusos Toranja 750ml","date":"Fevereiro 23, 2022","format":false,"excerpt":"Limpador Desinfetante Multiusos \u2013 Eucalipto Mantenha a sua casa saud\u00e1vel com o Desinfetante Multiusos. Pr\u00e1tico e sem lix\u00edvia, limpa todas as superf\u00edcies da casa. Ideal para remover a sujidade do dia a dia e desinfetar tudo numa s\u00f3 passagem. CARACTER\u00cdSTICAS Elimina 99,9% de bact\u00e9rias, fungos, v\u00edru...","rel":"","context":"Similar post","img":{"alt_text":"","src":"https:\/\/i0.wp.com\/mundo.seashell.pt\/wp-content\/uploads\/2022\/02\/SANYTOL_DESINFETANTE_MULTIUSOS_TORANJA_750_ML_8411660000217.png?resize=350%2C200&ssl=1","width":350,"height":200},"classes":[]}],"_links":{"self":[{"href":"https:\/\/mundo.seashell.pt\/index.php?rest_route=\/wp\/v2\/product\/5706","targetHints":{"allow":["GET"]}}],"collection":[{"href":"https:\/\/mundo.seashell.pt\/index.php?rest_route=\/wp\/v2\/product"}],"about":[{"href":"https:\/\/mundo.seashell.pt\/index.php?rest_route=\/wp\/v2\/types\/product"}],"wp:featuredmedia":[{"embeddable":true,"href":"https:\/\/mundo.seashell.pt\/index.php?rest_route=\/wp\/v2\/media\/5707"}],"wp:attachment":[{"href":"https:\/\/mundo.seashell.pt\/index.php?rest_route=%2Fwp%2Fv2%2Fmedia&parent=5706"}],"wp:term":[{"taxonomy":"product_cat","embeddable":true,"href":"https:\/\/mundo.seashell.pt\/index.php?rest_route=%2Fwp%2Fv2%2Fproduct_cat&post=5706"},{"taxonomy":"product_tag","embeddable":true,"href":"https:\/\/mundo.seashell.pt\/index.php?rest_route=%2Fwp%2Fv2%2Fproduct_tag&post=5706"}],"curies":[{"name":"wp","href":"https:\/\/api.w.org\/{rel}","templated":true}]}}