{"id":5704,"date":"2022-02-23T11:36:11","date_gmt":"2022-02-23T11:36:11","guid":{"rendered":"https:\/\/mundo.seashell.pt\/?post_type=product&#038;p=5704"},"modified":"2022-02-23T11:36:13","modified_gmt":"2022-02-23T11:36:13","slug":"flash-500ml","status":"publish","type":"product","link":"https:\/\/mundo.seashell.pt\/?product=flash-500ml","title":{"rendered":"Limpador Natural Superactivo Flash"},"content":{"rendered":"<h2>Limpador natural* r\u00e1pido superactivo<\/h2>\n<ul>\n<li>Efic\u00e1cia vs l\u00edderes de mercado testada em laborat\u00f3rio certificado ISO 17025<\/li>\n<li>Produto com mat\u00e9rias-primas de origem vegetal e completamente biodegrad\u00e1vel*<\/li>\n<li>Limpeza r\u00e1pida e eficaz. Seca rapidamente<\/li>\n<\/ul>\n<h4><\/h4>\n<h4>Descri\u00e7\u00e3o<\/h4>\n<p>Produto de limpeza r\u00e1pido e altamente eficaz em manchas de tinta, canetas de feltro e n\u00f3doas de gordura vegetal ou mineral. Garante a limpeza imediata e completa das sujidades mais persistentes. Deixa as superf\u00edcies limpas e sem res\u00edduos. Elimina as manchas mais dif\u00edceis, como marcadores indel\u00e9veis, tinta, etc. de superf\u00edcies duras. Indicado para limpezas per\u00edodicas e profundas sem ter de enxaguar. Perfume floral, delicado e persistente, sem <a target=\"_blank\" href=\"https:\/\/www.sutterprofessional.it\/pt\/sutterpedia#allergen\" rel=\"noopener\">alerg\u00e9nios<\/a> (Reg. 648\/2004). Cont\u00e9m mat\u00e9rias-primas de origem vegetal (por ex. tensioativos, sab\u00e3o) derivadas do processamento de \u00f3leo de coco. Sem fosfatos. CAMPOS DE APLICA\u00c7\u00c2O: remo\u00e7\u00e3o de marcas de saltos em pavimentos n\u00e3o encerados, remo\u00e7\u00e3o de insetos dos vidros, remo\u00e7\u00e3o de d\u00edsticos e colas de vidros, pavimentos, superf\u00edcies lav\u00e1veis e alum\u00ednio n\u00e3o envernizado, remo\u00e7\u00e3o a seco de cera de pavimentos (\u00e0 exce\u00e7\u00e3o de borracha ou lin\u00f3leo).<\/p>\n<h4><\/h4>\n<h4>Dilui\u00e7\u00e3o<\/h4>\n<p>Pronto para o uso. Id\u00f3neo tamb\u00e9m na limpeza de superf\u00edcies interiores de embarca\u00e7\u00f5es, barcos e outros meios de transporte. O uso da dilui\u00e7\u00e3o aconselhada permite poupar e reduzir ao minimo o impacto ambiental. Este produto n\u00e3o se destina a utiliza\u00e7\u00e3o em larga escala.<\/p>\n<h4><\/h4>\n<h4>Como usar<\/h4>\n<p>Formato 500 ml: pulverize o produto sobre a superf\u00edcie que pretende limpar e passe com um pano at\u00e9 secar completamente.&nbsp;<\/p>\n<p>Formato 5 kg: deite o produto no pulverizador antes de usar. Pulverize o produto sobre a superf\u00edcie que pretende limpar e passe com um pano at\u00e9 secar completamente.&nbsp;<\/p>\n<p>Para pequenas superf\u00edcies e para a limpeza da sujidade di\u00e1ria, pulverize o produto no pano. Verificar a compatibilidade dos materiais em partes escondidas (tecido, couro etc..) antes de usar. Em superf\u00edcies envernizadas verificar que a cor n\u00e3o desbote. N\u00e3o usar em pl\u00e1stico ABS (ex. revestimentos especiais de telefones), teclados, ecr\u00e3s LCD. Em equipamentos el\u00e9tricos n\u00e3o borrifar o produto diretamente sobre os componentes. N\u00e3o usar em pavimentos e superf\u00edcies enceradas.<\/p>\n<h4><\/h4>\n<\/p>\n<p><\/p>\n","protected":false},"excerpt":{"rendered":"<p>Produto de limpeza r\u00e1pido e altamente eficaz em manchas de tinta, canetas de feltro e n\u00f3doas de gordura vegetal ou mineral.<\/p>\n","protected":false},"featured_media":5705,"template":"","meta":{"spay_email":""},"product_cat":[15],"product_tag":[],"class_list":{"0":"post-5704","1":"product","2":"type-product","3":"status-publish","4":"has-post-thumbnail","6":"product_cat-sem-categoria","8":"first","9":"instock","10":"taxable","11":"shipping-taxable","12":"purchasable","13":"product-type-simple"},"acf":[],"jetpack-related-posts":[{"id":5940,"url":"https:\/\/mundo.seashell.pt\/?product=emerald-5kg","url_meta":{"origin":5704,"position":0},"title":"Detergente Emerald 5Kg","date":"Fevereiro 23, 2022","format":false,"excerpt":"Detergente concentrado desengordurante natural para a limpeza de todas as superf\u00edcies duras.","rel":"","context":"Similar post","img":{"alt_text":"","src":"https:\/\/i0.wp.com\/mundo.seashell.pt\/wp-content\/uploads\/2022\/02\/emerald_zero.jpg?resize=350%2C200&ssl=1","width":350,"height":200},"classes":[]},{"id":5944,"url":"https:\/\/mundo.seashell.pt\/?product=flower-5kg","url_meta":{"origin":5704,"position":1},"title":"Detergente Flower 5Kg","date":"Fevereiro 23, 2022","format":false,"excerpt":"Detergente natural hidroalc\u00f3olico perfumado","rel":"","context":"Similar post","img":{"alt_text":"","src":"https:\/\/i0.wp.com\/mundo.seashell.pt\/wp-content\/uploads\/2022\/02\/flower.jpg?resize=350%2C200&ssl=1","width":350,"height":200},"classes":[]},{"id":5942,"url":"https:\/\/mundo.seashell.pt\/?product=emerald-easy-750ml","url_meta":{"origin":5704,"position":2},"title":"Detergente Super Concentrado Emerald Easy","date":"Fevereiro 23, 2022","format":false,"excerpt":"Detergente universal super concentrado de alto desempenho, para a limpeza de todas as superf\u00edcies duras.","rel":"","context":"Similar post","img":{"alt_text":"","src":"https:\/\/i0.wp.com\/mundo.seashell.pt\/wp-content\/uploads\/2022\/02\/emerald_easy.jpg?resize=350%2C200&ssl=1","width":350,"height":200},"classes":[]},{"id":6040,"url":"https:\/\/mundo.seashell.pt\/?product=pine-1lt","url_meta":{"origin":5704,"position":3},"title":"Detergente Natural Pine","date":"Fevereiro 23, 2022","format":false,"excerpt":"Detergente universal multiusos para a limpeza di\u00e1ria de superf\u00edcies duras","rel":"","context":"Similar post","img":{"alt_text":"","src":"https:\/\/i0.wp.com\/mundo.seashell.pt\/wp-content\/uploads\/2022\/02\/pine.jpg?resize=350%2C200&ssl=1","width":350,"height":200},"classes":[]},{"id":6044,"url":"https:\/\/mundo.seashell.pt\/?product=apple-1lt","url_meta":{"origin":5704,"position":4},"title":"Detergente Natural Apple","date":"Fevereiro 23, 2022","format":false,"excerpt":"Detergente universal multiusos para a limpeza di\u00e1ria de superf\u00edcies duras.","rel":"","context":"Similar post","img":{"alt_text":"","src":"https:\/\/i0.wp.com\/mundo.seashell.pt\/wp-content\/uploads\/2022\/02\/apple.jpg?resize=350%2C200&ssl=1","width":350,"height":200},"classes":[]},{"id":6046,"url":"https:\/\/mundo.seashell.pt\/?product=cologne-5kg","url_meta":{"origin":5704,"position":5},"title":"Detergente Natural Cologne 5Kg","date":"Fevereiro 23, 2022","format":false,"excerpt":"Detergente universal multiusos para a limpeza di\u00e1ria de superf\u00edcies duras","rel":"","context":"Similar post","img":{"alt_text":"","src":"https:\/\/i0.wp.com\/mundo.seashell.pt\/wp-content\/uploads\/2022\/02\/cologne.jpg?resize=350%2C200&ssl=1","width":350,"height":200},"classes":[]}],"_links":{"self":[{"href":"https:\/\/mundo.seashell.pt\/index.php?rest_route=\/wp\/v2\/product\/5704","targetHints":{"allow":["GET"]}}],"collection":[{"href":"https:\/\/mundo.seashell.pt\/index.php?rest_route=\/wp\/v2\/product"}],"about":[{"href":"https:\/\/mundo.seashell.pt\/index.php?rest_route=\/wp\/v2\/types\/product"}],"wp:featuredmedia":[{"embeddable":true,"href":"https:\/\/mundo.seashell.pt\/index.php?rest_route=\/wp\/v2\/media\/5705"}],"wp:attachment":[{"href":"https:\/\/mundo.seashell.pt\/index.php?rest_route=%2Fwp%2Fv2%2Fmedia&parent=5704"}],"wp:term":[{"taxonomy":"product_cat","embeddable":true,"href":"https:\/\/mundo.seashell.pt\/index.php?rest_route=%2Fwp%2Fv2%2Fproduct_cat&post=5704"},{"taxonomy":"product_tag","embeddable":true,"href":"https:\/\/mundo.seashell.pt\/index.php?rest_route=%2Fwp%2Fv2%2Fproduct_tag&post=5704"}],"curies":[{"name":"wp","href":"https:\/\/api.w.org\/{rel}","templated":true}]}}