{"id":5700,"date":"2022-02-23T11:35:55","date_gmt":"2022-02-23T11:35:55","guid":{"rendered":"https:\/\/mundo.seashell.pt\/?post_type=product&#038;p=5700"},"modified":"2022-02-23T11:35:56","modified_gmt":"2022-02-23T11:35:56","slug":"alkafoam-super-24kg","status":"publish","type":"product","link":"https:\/\/mundo.seashell.pt\/?product=alkafoam-super-24kg","title":{"rendered":"Desengordurante Alcalino Alkafoam Super 24Kg"},"content":{"rendered":"<h1>Espuma alcalina desengordurante<br \/><\/h1>\n<ul>\n<li>Adequado para uso di\u00e1rio ou peri\u00f3dico<\/li>\n<li>F\u00e1cil de enxaguar<\/li>\n<li>Para ind\u00fastria agroalimentar. Adequado ao uso HACCP<\/li>\n<\/ul>\n<h4><\/h4>\n<h4>Descri\u00e7\u00e3o<\/h4>\n<p>Detergente desengordurante alcalino para usar com gerador de espuma em ambiente alimentar (HACCP). Gra\u00e7as \u00e0 sua espuma com alto poder aderente \u00e9 recomendado para limpeza de paredes, bancadas de trabalho e pavimentos. Indicado para as ind\u00fastrias de alimento.<\/p>\n<h4><\/h4>\n<h4>Dilui\u00e7\u00e3o<\/h4>\n<p>1% &#8211; 3% (de 100 ml a 300 ml em 10 L de \u00e1gua).<\/p>\n<h4><\/h4>\n<h4>Como usar<\/h4>\n<p>Regular a press\u00e3o do gerador de espuma para obter a densidade adequada. Aplicar a espuma de forma homog\u00e9nea sobre a superf\u00edcie a limpar. Deixar actuar e enxaguar com \u00e1gua em baixa ou alta press\u00e3o. Evitar a utiliza\u00e7\u00e3o sobre alum\u00ednio.<\/p>\n","protected":false},"excerpt":{"rendered":"<p>Detergente desengordurante alcalino para usar com gerador de espuma em ambiente alimentar (HACCP).<\/p>\n","protected":false},"featured_media":5701,"template":"","meta":{"spay_email":""},"product_cat":[15],"product_tag":[],"class_list":{"0":"post-5700","1":"product","2":"type-product","3":"status-publish","4":"has-post-thumbnail","6":"product_cat-sem-categoria","8":"first","9":"instock","10":"taxable","11":"shipping-taxable","12":"purchasable","13":"product-type-simple"},"acf":[],"jetpack-related-posts":[{"id":5702,"url":"https:\/\/mundo.seashell.pt\/?product=alkanet-plus-24kg","url_meta":{"origin":5700,"position":0},"title":"Desengordurante Alcalino Alkanet Plus 24Kg","date":"Fevereiro 23, 2022","format":false,"excerpt":"Detergente desengordurante fortemente alcalino, pode ser usado em sistemas CIP.","rel":"","context":"Similar post","img":{"alt_text":"","src":"https:\/\/i0.wp.com\/mundo.seashell.pt\/wp-content\/uploads\/2022\/02\/alkanet_plus.jpg?resize=350%2C200&ssl=1","width":350,"height":200},"classes":[]},{"id":5696,"url":"https:\/\/mundo.seashell.pt\/?product=chlordet-24kg","url_meta":{"origin":5700,"position":1},"title":"Desengordurante Higienizante Chlordet 24Kg","date":"Fevereiro 23, 2022","format":false,"excerpt":"Detergente desengordurante higienizante sem espuma com cloro ativo para lavagem manual, mec\u00e2nica o em CIP de todas as superf\u00edcies lav\u00e1veis.","rel":"","context":"Similar post","img":{"alt_text":"","src":"https:\/\/i0.wp.com\/mundo.seashell.pt\/wp-content\/uploads\/2022\/02\/chlordet.jpg?resize=350%2C200&ssl=1","width":350,"height":200},"classes":[]},{"id":5698,"url":"https:\/\/mundo.seashell.pt\/?product=alkadet-24kg","url_meta":{"origin":5700,"position":2},"title":"Desengordurante Superativo Alkadet 24Kg","date":"Fevereiro 23, 2022","format":false,"excerpt":"Detergente altamente desengordurante para todos os tipos de res\u00edduo gorduroso na aus\u00eancia de corantes e fragr\u00e2ncias.","rel":"","context":"Similar post","img":{"alt_text":"","src":"https:\/\/i0.wp.com\/mundo.seashell.pt\/wp-content\/uploads\/2022\/02\/PhotoRoom_20210325_092132.jpg?resize=350%2C200&ssl=1","width":350,"height":200},"classes":[]},{"id":5680,"url":"https:\/\/mundo.seashell.pt\/?product=sf100-5kg","url_meta":{"origin":5700,"position":3},"title":"Desengordurante S.F. 100 5Kg","date":"Fevereiro 23, 2022","format":false,"excerpt":"Detergente altamente desengordurante isento de corantes e fragr\u00e2ncias para uso em ambiente alimentar (HACCP).","rel":"","context":"Similar post","img":{"alt_text":"","src":"https:\/\/i0.wp.com\/mundo.seashell.pt\/wp-content\/uploads\/2022\/02\/PhotoRoom_20210325_092140.jpg?resize=350%2C200&ssl=1","width":350,"height":200},"classes":[]},{"id":5682,"url":"https:\/\/mundo.seashell.pt\/?product=sf110-5kg","url_meta":{"origin":5700,"position":4},"title":"Desengordurante &#8211; S.F. 110 5Kg","date":"Fevereiro 23, 2022","format":false,"excerpt":"Detergente altamente desengordurante isento de corantes e fragr\u00e2ncias para uso em ambiente alimentar (HACCP).","rel":"","context":"Similar post","img":{"alt_text":"","src":"https:\/\/i0.wp.com\/mundo.seashell.pt\/wp-content\/uploads\/2022\/02\/s.f._110.jpg?resize=350%2C200&ssl=1","width":350,"height":200},"classes":[]},{"id":5690,"url":"https:\/\/mundo.seashell.pt\/?product=alkachlor-foam-ha-22kg","url_meta":{"origin":5700,"position":5},"title":"Desengordurante Alkachlor Foam Ha 22Kg","date":"Fevereiro 23, 2022","format":false,"excerpt":"Espuma de elevado poder desengordurante e higienizante de base cloro. Recomendado para limpeza em \u00e1reas de processo agro-alimentar.","rel":"","context":"Similar post","img":{"alt_text":"","src":"https:\/\/i0.wp.com\/mundo.seashell.pt\/wp-content\/uploads\/2022\/02\/PhotoRoom_20210325_092137.jpg?resize=350%2C200&ssl=1","width":350,"height":200},"classes":[]}],"_links":{"self":[{"href":"https:\/\/mundo.seashell.pt\/index.php?rest_route=\/wp\/v2\/product\/5700","targetHints":{"allow":["GET"]}}],"collection":[{"href":"https:\/\/mundo.seashell.pt\/index.php?rest_route=\/wp\/v2\/product"}],"about":[{"href":"https:\/\/mundo.seashell.pt\/index.php?rest_route=\/wp\/v2\/types\/product"}],"wp:featuredmedia":[{"embeddable":true,"href":"https:\/\/mundo.seashell.pt\/index.php?rest_route=\/wp\/v2\/media\/5701"}],"wp:attachment":[{"href":"https:\/\/mundo.seashell.pt\/index.php?rest_route=%2Fwp%2Fv2%2Fmedia&parent=5700"}],"wp:term":[{"taxonomy":"product_cat","embeddable":true,"href":"https:\/\/mundo.seashell.pt\/index.php?rest_route=%2Fwp%2Fv2%2Fproduct_cat&post=5700"},{"taxonomy":"product_tag","embeddable":true,"href":"https:\/\/mundo.seashell.pt\/index.php?rest_route=%2Fwp%2Fv2%2Fproduct_tag&post=5700"}],"curies":[{"name":"wp","href":"https:\/\/api.w.org\/{rel}","templated":true}]}}