{"id":5698,"date":"2022-02-23T11:35:53","date_gmt":"2022-02-23T11:35:53","guid":{"rendered":"https:\/\/mundo.seashell.pt\/?post_type=product&#038;p=5698"},"modified":"2022-02-23T11:35:54","modified_gmt":"2022-02-23T11:35:54","slug":"alkadet-24kg","status":"publish","type":"product","link":"https:\/\/mundo.seashell.pt\/?product=alkadet-24kg","title":{"rendered":"Desengordurante Superativo Alkadet 24Kg"},"content":{"rendered":"<h2>Desengordurante Superativo para todo o tipo de res\u00edduo org\u00e2nico<\/h2>\n<ul>\n<li>Ideal para a remo\u00e7\u00e3o de sujidade org\u00e2nica<\/li>\n<li>Utiliza\u00e7\u00e3o manual ou mec\u00e2nica<\/li>\n<li>Para ind\u00fastria agroalimentar. Adequado ao uso HACCP<\/li>\n<\/ul>\n<h4><\/h4>\n<h4>Descri\u00e7\u00e3o<\/h4>\n<p>Detergente altamente desengordurante para todos os tipos de res\u00edduo gorduroso na aus\u00eancia de corantes e fragr\u00e2ncias. Tamb\u00e9m adequado para uso em ambiente de alimentos (HACCP). Especificamente para as ind\u00fastrias de alimentos.<\/p>\n<h4><\/h4>\n<h4>Dilui\u00e7\u00e3o<\/h4>\n<p>MANUAL: 1% &#8211; 3% (a partir de 100 ml para 300 ml em 10 L de \u00e1gua); AUTOLAVADORA: 2% &#8211; 3% (a partir de 200 ml para 300 ml em 10 L de \u00e1gua); ALTA PRESS\u00c3O: 0,3% &#8211; 0,8% (a partir de 30 ml a 80 ml, em 10 L de \u00e1gua) IMERS\u00c3O: 3% (300 ml Em 10 L de \u00e1gua)<\/p>\n<h4><\/h4>\n<h4>Como usar<\/h4>\n<p>Diluir o produto e aplicar sobre a superf\u00edcie (Evitar a utiliza\u00e7\u00e3o sobre alum\u00ednio); deixar atuar e enxaguar ap\u00f3s esfregar. Indicado para uso MANUAL, em IMERS\u00c3O e ALTA PRESS\u00c3O ou em AUTOLAVADORA.<\/p>\n<h4><\/h4>\n<h4>Outras informa\u00e7\u00f5es<\/h4>\n<p>Alcalinidade (Hidr\u00f3xido de Pot\u00e1ssio): 16,8 \u00b1 2%.<\/p>\n","protected":false},"excerpt":{"rendered":"<p>Detergente altamente desengordurante para todos os tipos de res\u00edduo gorduroso na aus\u00eancia de corantes e fragr\u00e2ncias.<\/p>\n","protected":false},"featured_media":5699,"template":"","meta":{"spay_email":""},"product_cat":[15],"product_tag":[],"class_list":{"0":"post-5698","1":"product","2":"type-product","3":"status-publish","4":"has-post-thumbnail","6":"product_cat-sem-categoria","8":"first","9":"instock","10":"taxable","11":"shipping-taxable","12":"purchasable","13":"product-type-simple"},"acf":[],"jetpack-related-posts":[{"id":5684,"url":"https:\/\/mundo.seashell.pt\/?product=sf120-5kg","url_meta":{"origin":5698,"position":0},"title":"Desengordurante S.F. 120","date":"Fevereiro 23, 2022","format":false,"excerpt":"Detergente altamente desengordurante isento de corantes e fragr\u00e2ncias para uso em ambiente alimentar (HACCP).","rel":"","context":"Similar post","img":{"alt_text":"","src":"https:\/\/i0.wp.com\/mundo.seashell.pt\/wp-content\/uploads\/2022\/02\/Sf_120.jpg?resize=350%2C200&ssl=1","width":350,"height":200},"classes":[]},{"id":5696,"url":"https:\/\/mundo.seashell.pt\/?product=chlordet-24kg","url_meta":{"origin":5698,"position":1},"title":"Desengordurante Higienizante Chlordet 24Kg","date":"Fevereiro 23, 2022","format":false,"excerpt":"Detergente desengordurante higienizante sem espuma com cloro ativo para lavagem manual, mec\u00e2nica o em CIP de todas as superf\u00edcies lav\u00e1veis.","rel":"","context":"Similar post","img":{"alt_text":"","src":"https:\/\/i0.wp.com\/mundo.seashell.pt\/wp-content\/uploads\/2022\/02\/chlordet.jpg?resize=350%2C200&ssl=1","width":350,"height":200},"classes":[]},{"id":5700,"url":"https:\/\/mundo.seashell.pt\/?product=alkafoam-super-24kg","url_meta":{"origin":5698,"position":2},"title":"Desengordurante Alcalino Alkafoam Super 24Kg","date":"Fevereiro 23, 2022","format":false,"excerpt":"Detergente desengordurante alcalino para usar com gerador de espuma em ambiente alimentar (HACCP).","rel":"","context":"Similar post","img":{"alt_text":"","src":"https:\/\/i0.wp.com\/mundo.seashell.pt\/wp-content\/uploads\/2022\/02\/alkafoam_super.jpg?resize=350%2C200&ssl=1","width":350,"height":200},"classes":[]},{"id":5680,"url":"https:\/\/mundo.seashell.pt\/?product=sf100-5kg","url_meta":{"origin":5698,"position":3},"title":"Desengordurante S.F. 100 5Kg","date":"Fevereiro 23, 2022","format":false,"excerpt":"Detergente altamente desengordurante isento de corantes e fragr\u00e2ncias para uso em ambiente alimentar (HACCP).","rel":"","context":"Similar post","img":{"alt_text":"","src":"https:\/\/i0.wp.com\/mundo.seashell.pt\/wp-content\/uploads\/2022\/02\/PhotoRoom_20210325_092140.jpg?resize=350%2C200&ssl=1","width":350,"height":200},"classes":[]},{"id":5978,"url":"https:\/\/mundo.seashell.pt\/?product=acid-plus-24-kg","url_meta":{"origin":5698,"position":4},"title":"Detergente Acid Plus 24 Kg","date":"Fevereiro 23, 2022","format":false,"excerpt":"Detergente desincrustante \u00e1cido sem espuma para lavagem manual, mec\u00e2nica ou em CIP de todas as superf\u00edcies lav\u00e1veis","rel":"","context":"Similar post","img":{"alt_text":"","src":"https:\/\/i0.wp.com\/mundo.seashell.pt\/wp-content\/uploads\/2022\/02\/acidplus.jpg?resize=350%2C200&ssl=1","width":350,"height":200},"classes":[]},{"id":5682,"url":"https:\/\/mundo.seashell.pt\/?product=sf110-5kg","url_meta":{"origin":5698,"position":5},"title":"Desengordurante &#8211; S.F. 110 5Kg","date":"Fevereiro 23, 2022","format":false,"excerpt":"Detergente altamente desengordurante isento de corantes e fragr\u00e2ncias para uso em ambiente alimentar (HACCP).","rel":"","context":"Similar post","img":{"alt_text":"","src":"https:\/\/i0.wp.com\/mundo.seashell.pt\/wp-content\/uploads\/2022\/02\/s.f._110.jpg?resize=350%2C200&ssl=1","width":350,"height":200},"classes":[]}],"_links":{"self":[{"href":"https:\/\/mundo.seashell.pt\/index.php?rest_route=\/wp\/v2\/product\/5698","targetHints":{"allow":["GET"]}}],"collection":[{"href":"https:\/\/mundo.seashell.pt\/index.php?rest_route=\/wp\/v2\/product"}],"about":[{"href":"https:\/\/mundo.seashell.pt\/index.php?rest_route=\/wp\/v2\/types\/product"}],"wp:featuredmedia":[{"embeddable":true,"href":"https:\/\/mundo.seashell.pt\/index.php?rest_route=\/wp\/v2\/media\/5699"}],"wp:attachment":[{"href":"https:\/\/mundo.seashell.pt\/index.php?rest_route=%2Fwp%2Fv2%2Fmedia&parent=5698"}],"wp:term":[{"taxonomy":"product_cat","embeddable":true,"href":"https:\/\/mundo.seashell.pt\/index.php?rest_route=%2Fwp%2Fv2%2Fproduct_cat&post=5698"},{"taxonomy":"product_tag","embeddable":true,"href":"https:\/\/mundo.seashell.pt\/index.php?rest_route=%2Fwp%2Fv2%2Fproduct_tag&post=5698"}],"curies":[{"name":"wp","href":"https:\/\/api.w.org\/{rel}","templated":true}]}}