{"id":5696,"date":"2022-02-23T11:35:51","date_gmt":"2022-02-23T11:35:51","guid":{"rendered":"https:\/\/mundo.seashell.pt\/?post_type=product&#038;p=5696"},"modified":"2022-02-23T11:35:53","modified_gmt":"2022-02-23T11:35:53","slug":"chlordet-24kg","status":"publish","type":"product","link":"https:\/\/mundo.seashell.pt\/?product=chlordet-24kg","title":{"rendered":"Desengordurante Higienizante Chlordet 24Kg"},"content":{"rendered":"<h2>Detergente desengordurante higienizante \u00e0 base de cloro ativo<\/h2>\n<ul>\n<li>N\u00e3o produz espuma<\/li>\n<li>Com efeito branqueador e higienizante<\/li>\n<li>Para ind\u00fastria agroalimentar. Adequado ao uso HACCP<\/li>\n<\/ul>\n<h4><\/h4>\n<h4>Descri\u00e7\u00e3o<\/h4>\n<p>Detergente desengordurante higienizante sem espuma com cloro ativo para lavagem manual, mec\u00e2nica o em CIP de todas as superf\u00edcies lav\u00e1veis. \u00d3timo efeito branqueador para manchas org\u00e2nicas e de sangue. Ideal para m\u00e1quinas de engarrafamento. Adequado para as ind\u00fastrias de alimentos (HACCP).<\/p>\n<h4><\/h4>\n<h4>Dilui\u00e7\u00e3o<\/h4>\n<p>1% &#8211; 3% (de 100 ml a 300 ml em 10 L de \u00e1gua).<\/p>\n<h4><\/h4>\n<h4>Como usar<\/h4>\n<p>Diluir o produto para uso manual ou em sistema de baixa press\u00e3o. Aplicar a solu\u00e7\u00e3o sobre a superf\u00edcie; deixar atuar e ap\u00f3s esfregar em caso de gordura persistente enxaguar abundantemente. USO EM CIP: coloque o produto por meio de sistemas de distribui\u00e7\u00e3o dentro do sistema de recircula\u00e7\u00e3o e proceder \u00e0 limpeza.<\/p>\n","protected":false},"excerpt":{"rendered":"<p>Detergente desengordurante higienizante sem espuma com cloro ativo para lavagem manual, mec\u00e2nica o em CIP de todas as superf\u00edcies lav\u00e1veis.<\/p>\n","protected":false},"featured_media":5697,"template":"","meta":{"spay_email":""},"product_cat":[15],"product_tag":[],"class_list":{"0":"post-5696","1":"product","2":"type-product","3":"status-publish","4":"has-post-thumbnail","6":"product_cat-sem-categoria","8":"first","9":"instock","10":"taxable","11":"shipping-taxable","12":"purchasable","13":"product-type-simple"},"acf":[],"jetpack-related-posts":[{"id":5702,"url":"https:\/\/mundo.seashell.pt\/?product=alkanet-plus-24kg","url_meta":{"origin":5696,"position":0},"title":"Desengordurante Alcalino Alkanet Plus 24Kg","date":"Fevereiro 23, 2022","format":false,"excerpt":"Detergente desengordurante fortemente alcalino, pode ser usado em sistemas CIP.","rel":"","context":"Similar post","img":{"alt_text":"","src":"https:\/\/i0.wp.com\/mundo.seashell.pt\/wp-content\/uploads\/2022\/02\/alkanet_plus.jpg?resize=350%2C200&ssl=1","width":350,"height":200},"classes":[]},{"id":5692,"url":"https:\/\/mundo.seashell.pt\/?product=per-citric-foam-22kg","url_meta":{"origin":5696,"position":1},"title":"Higienizante Desengordurante &#8211; Per Citric Foam 22Kg","date":"Fevereiro 23, 2022","format":false,"excerpt":"Espuma \u00e1cida com base em per\u00f3xido de hidrog\u00e9nio com alto poder de ader\u00eancia para uso em ambiente alimentar (conforme HACCP).","rel":"","context":"Similar post","img":{"alt_text":"","src":"https:\/\/i0.wp.com\/mundo.seashell.pt\/wp-content\/uploads\/2022\/02\/per_citric_foam.jpg?resize=350%2C200&ssl=1","width":350,"height":200},"classes":[]},{"id":5978,"url":"https:\/\/mundo.seashell.pt\/?product=acid-plus-24-kg","url_meta":{"origin":5696,"position":2},"title":"Detergente Acid Plus 24 Kg","date":"Fevereiro 23, 2022","format":false,"excerpt":"Detergente desincrustante \u00e1cido sem espuma para lavagem manual, mec\u00e2nica ou em CIP de todas as superf\u00edcies lav\u00e1veis","rel":"","context":"Similar post","img":{"alt_text":"","src":"https:\/\/i0.wp.com\/mundo.seashell.pt\/wp-content\/uploads\/2022\/02\/acidplus.jpg?resize=350%2C200&ssl=1","width":350,"height":200},"classes":[]},{"id":5720,"url":"https:\/\/mundo.seashell.pt\/?product=cleanox-5kg","url_meta":{"origin":5696,"position":3},"title":"Higienizante Cleanox 5Kg","date":"Fevereiro 23, 2022","format":false,"excerpt":"Detergente higienizante concentrado \u00e0 base de per\u00f3xido de hidrog\u00eanio adequado para todas as superf\u00edcies lav\u00e1veis","rel":"","context":"Similar post","img":{"alt_text":"","src":"https:\/\/i0.wp.com\/mundo.seashell.pt\/wp-content\/uploads\/2022\/02\/cleanox.jpg?resize=350%2C200&ssl=1","width":350,"height":200},"classes":[]},{"id":6004,"url":"https:\/\/mundo.seashell.pt\/?product=agrasan-per-22kg","url_meta":{"origin":5696,"position":4},"title":"Desinfectante Agrasan Per 22Kg","date":"Fevereiro 23, 2022","format":false,"excerpt":"Detergente \u00e0 base de \u00e1cido perac\u00e9tico tamb\u00e9m adequado para a limpeza em sistemas CIP.","rel":"","context":"Similar post","img":{"alt_text":"","src":"https:\/\/i0.wp.com\/mundo.seashell.pt\/wp-content\/uploads\/2022\/02\/agrasan_per.jpg?resize=350%2C200&ssl=1","width":350,"height":200},"classes":[]},{"id":5690,"url":"https:\/\/mundo.seashell.pt\/?product=alkachlor-foam-ha-22kg","url_meta":{"origin":5696,"position":5},"title":"Desengordurante Alkachlor Foam Ha 22Kg","date":"Fevereiro 23, 2022","format":false,"excerpt":"Espuma de elevado poder desengordurante e higienizante de base cloro. Recomendado para limpeza em \u00e1reas de processo agro-alimentar.","rel":"","context":"Similar post","img":{"alt_text":"","src":"https:\/\/i0.wp.com\/mundo.seashell.pt\/wp-content\/uploads\/2022\/02\/PhotoRoom_20210325_092137.jpg?resize=350%2C200&ssl=1","width":350,"height":200},"classes":[]}],"_links":{"self":[{"href":"https:\/\/mundo.seashell.pt\/index.php?rest_route=\/wp\/v2\/product\/5696","targetHints":{"allow":["GET"]}}],"collection":[{"href":"https:\/\/mundo.seashell.pt\/index.php?rest_route=\/wp\/v2\/product"}],"about":[{"href":"https:\/\/mundo.seashell.pt\/index.php?rest_route=\/wp\/v2\/types\/product"}],"wp:featuredmedia":[{"embeddable":true,"href":"https:\/\/mundo.seashell.pt\/index.php?rest_route=\/wp\/v2\/media\/5697"}],"wp:attachment":[{"href":"https:\/\/mundo.seashell.pt\/index.php?rest_route=%2Fwp%2Fv2%2Fmedia&parent=5696"}],"wp:term":[{"taxonomy":"product_cat","embeddable":true,"href":"https:\/\/mundo.seashell.pt\/index.php?rest_route=%2Fwp%2Fv2%2Fproduct_cat&post=5696"},{"taxonomy":"product_tag","embeddable":true,"href":"https:\/\/mundo.seashell.pt\/index.php?rest_route=%2Fwp%2Fv2%2Fproduct_tag&post=5696"}],"curies":[{"name":"wp","href":"https:\/\/api.w.org\/{rel}","templated":true}]}}